{"id":43,"date":"2010-11-24T12:52:01","date_gmt":"2010-11-24T12:52:01","guid":{"rendered":"http:\/\/blog.espol.edu.ec\/chrmahur\/?page_id=43"},"modified":"2010-11-25T01:41:18","modified_gmt":"2010-11-25T01:41:18","slug":"quien-soy","status":"publish","type":"page","link":"https:\/\/blog.espol.edu.ec\/chrmahur\/quien-soy\/","title":{"rendered":"QUIEN SOY"},"content":{"rendered":"<p>Hablar sobre uno mismo es un tanto dif\u00edcil. Pero intentar\u00e9 contarte algo acerca de m\u00ed, qui\u00e9n soy, mis preferencias y gustos.<\/p>\n<p>Mi nombre es Christian\u00a0Marcelo Hurtado,\u00a0vivo en la ciudad de Balzar, Provincia del Guayas en Ecuador.<\/p>\n<p>En cuanto a lo profesional, soy Agr\u00f3nomo,\u00a0aunque a parte de la Agricultura tambi\u00e9n me agrada la parte de Industrial, ya que trabaje durante 5 a\u00f1os en temas de generadores de calor y refrigeraci\u00f3n. Actualmente estudio Ingenier\u00eda Agr\u00edcola y Biol\u00f3gica, en la Escuela Superior Polit\u00e9cnica del Litoral en Guayaquil, Ecuador.<\/p>\n<p>Me interese por la agricultura, ya que vivo en una ciudad puramente agricola. Me gusta averiguar el porque de las cosas, no simplemete saber el fin sino tambien la metodolog\u00eda empleada. Me encanta investigar.<\/p>\n<p style=\"text-align: left\">Comenece la carrera de Ingenier\u00eda Agropecuaria en la Escuela Superior Politecnica del Litoral en el a\u00f1o de 1998, pero por aquellas cosas de la vida me retire de la carrera.\u00a0Sin embargo gracias a la experiencia laboral que tuve, pude aprender muchas <!--more-->cosas, conocer muchos paises, como por ejemplo Espa\u00f1a, Italia, Belgica, Luxemburgo, Francia, etc.<\/p>\n<p>\u00a0<br \/>\n<a href=\"http:\/\/blog.espol.edu.ec\/chrmahur\/files\/2010\/11\/fSRBlp264029-021.jpg\"><img loading=\"lazy\" decoding=\"async\" src=\"http:\/\/blog.espol.edu.ec\/chrmahur\/files\/2010\/11\/fSRBlp264029-021.jpg\" alt=\"\" title=\"Bruselas\" width=\"480\" height=\"640\" class=\"aligncenter size-full wp-image-49\" srcset=\"https:\/\/blog.espol.edu.ec\/chrmahur\/files\/2010\/11\/fSRBlp264029-021.jpg 480w, https:\/\/blog.espol.edu.ec\/chrmahur\/files\/2010\/11\/fSRBlp264029-021-225x300.jpg 225w\" sizes=\"auto, (max-width: 480px) 100vw, 480px\" \/><\/a><\/p>\n<p>Una de las ciudades que m\u00e1s me gusto fue Brujas en Belgica, y como siempre lo he dicho, parece una ciudad salida de un cuento de hadas, las casas son muy bonitas, tiene muchos canales por toda la ciudad, unos edificios majestuosos, en fin es una ciudad preciosa.<\/p>\n<p>Entre los deportes uno de los que mas me gusta es el F\u00fatbol, y soy aficonado al F\u00fatbol Club Barcelona, al que por suerte he visto jugar en el mismo estadio Camp Nou.<\/p>\n<p><a href=\"http:\/\/blog.espol.edu.ec\/chrmahur\/files\/2010\/11\/DSC05344.jpg\"><img loading=\"lazy\" decoding=\"async\" src=\"http:\/\/blog.espol.edu.ec\/chrmahur\/files\/2010\/11\/DSC05344.jpg\" alt=\"\" title=\"Camp Nou\" width=\"600\" height=\"450\" class=\"aligncenter size-full wp-image-60\" srcset=\"https:\/\/blog.espol.edu.ec\/chrmahur\/files\/2010\/11\/DSC05344.jpg 600w, https:\/\/blog.espol.edu.ec\/chrmahur\/files\/2010\/11\/DSC05344-300x225.jpg 300w\" sizes=\"auto, (max-width: 600px) 100vw, 600px\" \/><\/a><\/p>\n<p>Tambi\u00e9n me gusta mucho los deportes motor, como lo son la F\u00f3rmula 1, World Rally Car, Moto GP, y todo lo que tenga que ver con el motor, sigo muy de cerca lo que hagan los pilotos espa\u00f1oles, sobre todo Dani Pedrosa, Fernando Alonso, Dani Sordo, etc. Y estar en un gran premio de Formula 1 es una sensaci\u00f3n muy agradable. <a href=\"http:\/\/blog.espol.edu.ec\/chrmahur\/files\/2010\/11\/W096tl371587-02.jpg\"><img loading=\"lazy\" decoding=\"async\" src=\"http:\/\/blog.espol.edu.ec\/chrmahur\/files\/2010\/11\/W096tl371587-02.jpg\" alt=\"\" title=\"Gran Premio de Montmelo\" width=\"650\" height=\"365\" class=\"aligncenter size-full wp-image-65\" srcset=\"https:\/\/blog.espol.edu.ec\/chrmahur\/files\/2010\/11\/W096tl371587-02.jpg 650w, https:\/\/blog.espol.edu.ec\/chrmahur\/files\/2010\/11\/W096tl371587-02-300x168.jpg 300w\" sizes=\"auto, (max-width: 650px) 100vw, 650px\" \/><\/a><\/p>\n<p>Entre mis programas de tv favoritos estan los Simpson y los documentales de History, Odisea, National Geographic, y todos\u00a0 los programas de cultura general.&lt;a <\/p>\n<p>No creo en el destino. No creo que nada est\u00e9 escrito. No creo que actuemos en funci\u00f3n de otras fuerzas ocultas que tienen que ver con los astros, la posici\u00f3n de la Luna, creo que cada uno se marca su propio destino.<\/p>\n<p>Y como manera de autoestimarme tengo una frase: &quot;No existe nada imposible, solo gente incapaz&quot;. Es por eso que siempre tiendo a ponerme retos cada vez m\u00e1s complicado dentro de lo que cabe, tanto en lo laboral como en lo personal.<\/p>\n<p>y espero que este blog les aporte algo de informaci\u00f3n y aclare alguna de sus dudas.<\/p>\n<p><!-- .entry-content --><!-- #post-## --><\/p>\n","protected":false},"excerpt":{"rendered":"<p>Hablar sobre uno mismo es un tanto dif\u00edcil. Pero intentar\u00e9 contarte algo acerca de m\u00ed, qui\u00e9n soy, mis preferencias y gustos. Mi nombre es Christian\u00a0Marcelo Hurtado,\u00a0vivo en la ciudad de Balzar, Provincia del Guayas en Ecuador. En cuanto a lo profesional, soy Agr\u00f3nomo,\u00a0aunque a parte de la Agricultura tambi\u00e9n me agrada la parte de Industrial, [&hellip;]<\/p>\n","protected":false},"author":5515,"featured_media":0,"parent":0,"menu_order":0,"comment_status":"open","ping_status":"open","template":"","meta":{"footnotes":""},"class_list":["post-43","page","type-page","status-publish","hentry"],"_links":{"self":[{"href":"https:\/\/blog.espol.edu.ec\/chrmahur\/wp-json\/wp\/v2\/pages\/43","targetHints":{"allow":["GET"]}}],"collection":[{"href":"https:\/\/blog.espol.edu.ec\/chrmahur\/wp-json\/wp\/v2\/pages"}],"about":[{"href":"https:\/\/blog.espol.edu.ec\/chrmahur\/wp-json\/wp\/v2\/types\/page"}],"author":[{"embeddable":true,"href":"https:\/\/blog.espol.edu.ec\/chrmahur\/wp-json\/wp\/v2\/users\/5515"}],"replies":[{"embeddable":true,"href":"https:\/\/blog.espol.edu.ec\/chrmahur\/wp-json\/wp\/v2\/comments?post=43"}],"version-history":[{"count":22,"href":"https:\/\/blog.espol.edu.ec\/chrmahur\/wp-json\/wp\/v2\/pages\/43\/revisions"}],"predecessor-version":[{"id":46,"href":"https:\/\/blog.espol.edu.ec\/chrmahur\/wp-json\/wp\/v2\/pages\/43\/revisions\/46"}],"wp:attachment":[{"href":"https:\/\/blog.espol.edu.ec\/chrmahur\/wp-json\/wp\/v2\/media?parent=43"}],"curies":[{"name":"wp","href":"https:\/\/api.w.org\/{rel}","templated":true}]}}