{"id":2,"date":"2013-06-12T01:03:23","date_gmt":"2013-06-12T01:03:23","guid":{"rendered":"http:\/\/blog.espol.edu.ec\/cinthya\/?page_id=2"},"modified":"2013-06-12T02:27:30","modified_gmt":"2013-06-12T02:27:30","slug":"pagina-ejemplo","status":"publish","type":"page","link":"https:\/\/blog.espol.edu.ec\/cinthya\/pagina-ejemplo\/","title":{"rendered":"--------------------- VERDE 70 -----------------------"},"content":{"rendered":"<p>La historia del grupo se remonta a 1997, cuando Dar\u00edo Castro\u00a0y David Arizaga\u00a0se conoc\u00edan del colegio Franc\u00e9s, cada uno ten\u00eda bandas diferentes, las cuales se desintegraron cuando salieron del colegio. Una vez que se graduaron, se unieron y empezaron a hacer musica, llamando a su grupo \"Alegre Depresi\u00f3n\".<\/p>\n<p>En diciembre de 1998\u00a0consiguen reunir dinero y graban un \u201cdemo\u201d con 7 temas propios, en un estudio peque\u00f1o, este demo se convierte en una herramienta fundamental para mostrar su m\u00fasica y les abre puertas para tocar en festivales de la ciudad. En este demo est\u00e1n canciones como: \"Un minuto\", \"Palabras\", \"Mi mundo\", \"Alegre depresi\u00f3n\", \"Una tarde\", \"Sin trabajo\" y \"Azul\".<\/p>\n<p>Sin embargo en la banda no ten\u00eda un bajista fijo, tampoco una segunda voz que redondee el sonido que ellos buscaban. As\u00ed rotan durante algunos meses bajistas, guitarristas y teclistas que no se logran acoplar a su estilo musical. Es entonces, cuando Carlos Alberto Grijalva, quien ocasionalmente tocaba la segunda guitarra les presenta a Diego Sa\u00e1, un m\u00fasico de piano cl\u00e1sico que por sus conocimientos musicales pod\u00eda tocar el bajo tambi\u00e9n. \u00c9l decide entrar a la banda y se incorporar\u00eda como bajista y tambi\u00e9n en los coros.<\/p>\n<p>&nbsp;<\/p>\n<h3>Alegre Depresi\u00f3n<\/h3>\n<div>\n<div><a href=\"http:\/\/commons.wikimedia.org\/wiki\/File:Alegre_depre.jpg\"><img loading=\"lazy\" decoding=\"async\" src=\"http:\/\/upload.wikimedia.org\/wikipedia\/commons\/thumb\/4\/49\/Alegre_depre.jpg\/270px-Alegre_depre.jpg\" alt=\"\" width=\"270\" height=\"203\" \/><\/a><\/p>\n<div>\n<div><a title=\"Aumentar\" href=\"http:\/\/es.wikipedia.org\/wiki\/Archivo:Alegre_depre.jpg\"><img loading=\"lazy\" decoding=\"async\" src=\"http:\/\/bits.wikimedia.org\/static-1.22wmf4\/skins\/common\/images\/magnify-clip.png\" alt=\"\" width=\"15\" height=\"11\" \/><\/a><\/div>\n<p>Verde 70 en su gira Alegre Depresi\u00f3n<\/p><\/div>\n<\/div>\n<\/div>\n<p>Una vez conformada la banda, los tres m\u00fasicos consideraron cambiarle el nombre, nadie tuvo una idea fija, simplemente jugaron con palabras y as\u00ed lleg\u00f3 \"Verde70\". En ese mismo a\u00f1o, ganan en un concurso de bandas, cuyo premio era abrir el\u00a0<a title=\"Concierto\" href=\"http:\/\/es.wikipedia.org\/wiki\/Concierto\">concierto<\/a>\u00a0del grupo colombiano\u00a0<a title=\"Los de Adentro (a\u00fan no redactado)\" href=\"http:\/\/es.wikipedia.org\/w\/index.php?title=Los_de_Adentro&amp;action=edit&amp;redlink=1\">Los de Adentro<\/a>. Ten\u00edan menos de un mes para prepararse, sin embargo, llegado el d\u00eda consiguen realizar una gran presentaci\u00f3n, en la cual salen muy ovacionados por el\u00a0<a title=\"Espectador\" href=\"http:\/\/es.wikipedia.org\/wiki\/Espectador\">p\u00fablico<\/a>, y que ser\u00eda el impulso de su carrera musical. Poco tiempo despu\u00e9s, conocen a Roberto Betancourt, que les propone grabar un disco y ser su patrocinador. Para ello, Roberto conforma la compa\u00f1\u00eda \"Sponsor Group\", que se dedicar\u00eda a promocionar y manejar la banda. Entre enero y febrero del\u00a0<a title=\"2000\" href=\"http:\/\/es.wikipedia.org\/wiki\/2000\">2000<\/a>\u00a0graban su primer disco Alegre Depresi\u00f3n para el cual solicitan la ayuda de m\u00fasicos experimentados como Cristian Valencia en la coproducci\u00f3n, Johny Ayala y Danilo Arroyo para arreglos de guitarras y percusi\u00f3n. El sonido de este primer disco es m\u00e1s de garage band, tiene menos de experimentaci\u00f3n pues el estilo estaba ya definido con influencias claras de punk mel\u00f3dico, reggae blanco, rock latino e inclusive una canci\u00f3n (Irremediablemente tarde) tiene una secuencia techno. El primer sencillo que lanzan, \"Me tienes, me puedes, dueles\" fue n\u00famero uno en las principales radios de la ciudad y el pa\u00eds, y se mantuvo durante cuatro meses, incluso fue elegido como canci\u00f3n del a\u00f1o en algunos medios. El disco agot\u00f3 los tres primeros tirajes. Los sencillos del disco fueron: \"Me tienes, me puedes, me dueles\", \"Irremediablemente tarde\", \"Palabras\", \"Muriendo por tu amor\" y \"No es tan f\u00e1cil\"; todos ellos fueron grandes \u00e9xitos radiales y les permitieron estar en boga todo el a\u00f1o<\/p>\n<p>Luego conocer\u00edan, al que luego ser\u00eda su nuevo integrante de la banda,\u00a0<a title=\"C\u00e9sar Galarza (a\u00fan no redactado)\" href=\"http:\/\/es.wikipedia.org\/w\/index.php?title=C%C3%A9sar_Galarza&amp;action=edit&amp;redlink=1\">C\u00e9sar Galarza<\/a>, con qui\u00e9n la tendencia musical del grupo sufrir\u00eda cambios, pues \u00e9l, siendo un m\u00fasico formalista, imprime un nuevo sonido a la banda, les da nuevas herramientas y conceptos musicales que incluir\u00edan en las composiciones del segundo disco.<\/p>\n<h3>Ruta Melancol\u00eda - Con Cierto Cuidado<\/h3>\n<div>\n<div><a href=\"http:\/\/commons.wikimedia.org\/wiki\/File:Verde70conciertocuidado.jpg\"><img loading=\"lazy\" decoding=\"async\" src=\"http:\/\/upload.wikimedia.org\/wikipedia\/commons\/thumb\/7\/7a\/Verde70conciertocuidado.jpg\/230px-Verde70conciertocuidado.jpg\" alt=\"\" width=\"230\" height=\"205\" \/><\/a><\/p>\n<div>\n<div><a title=\"Aumentar\" href=\"http:\/\/es.wikipedia.org\/wiki\/Archivo:Verde70conciertocuidado.jpg\"><img loading=\"lazy\" decoding=\"async\" src=\"http:\/\/bits.wikimedia.org\/static-1.22wmf4\/skins\/common\/images\/magnify-clip.png\" alt=\"\" width=\"15\" height=\"11\" \/><\/a><\/div>\n<p>Portada del disco en vivo \"concierto cuidado\"<\/p><\/div>\n<\/div>\n<\/div>\n<p>Para finales del\u00a0<a title=\"2001\" href=\"http:\/\/es.wikipedia.org\/wiki\/2001\">2001<\/a>, Dar\u00edo ya ten\u00eda compuestas las canciones del nuevo disco, las cuales se gestaron durante los viajes y las giras. En enero del\u00a0<a title=\"2002\" href=\"http:\/\/es.wikipedia.org\/wiki\/2002\">2002<\/a>\u00a0inician la preproducci\u00f3n del nuevo disco a cargo de C\u00e9sar. Empiezan a grabar los demos en un estudio de Quito, por otro lado, la disquera decidi\u00f3 invertir m\u00e1s presupuesto. Se ponen en contacto con el productor argentino Mario Brewer, quien estar\u00eda a cargo de su grabaci\u00f3n y mezcla. Un mes despu\u00e9s ya estaban en\u00a0<a title=\"Buenos Aires\" href=\"http:\/\/es.wikipedia.org\/wiki\/Buenos_Aires\">Buenos Aires<\/a>\u00a0con todo el staff para la grabaci\u00f3n de Ruta Melancol\u00eda (<a title=\"2003\" href=\"http:\/\/es.wikipedia.org\/wiki\/2003\">2003<\/a>), en el estudio Ion, un proceso durar\u00eda dos meses durante los cuales se radicaron en esa ciudad. Con el nuevo disco, a diferencia del anterior, se experiment\u00f3 m\u00e1s con g\u00e9neros y estilos, las canciones son m\u00e1s elaboradas estudiadas y tiene un mejor sonido, m\u00e1s internacional. Es un disco, en general, mejor dise\u00f1ado y m\u00e1s sobrio que el primero en cuanto a estructura musical.<\/p>\n<p>A su regreso, y despu\u00e9s de un mes de descanso, lanzaron en primer sencillo, \u201cEn la Inmensidad\u201d, repitiendo el de sus predecesores. Es n\u00famero uno en importantes emisoras de todo el pa\u00eds. Durante todo este tiempo contin\u00faan las giras y los viajes; abren conciertos internacionales como el de\u00a0<a title=\"Hombres G\" href=\"http:\/\/es.wikipedia.org\/wiki\/Hombres_G\">Los Hombres G<\/a>,\u00a0<a title=\"Juanes\" href=\"http:\/\/es.wikipedia.org\/wiki\/Juanes\">Juanes<\/a>,\u00a0<a title=\"David Bisbal\" href=\"http:\/\/es.wikipedia.org\/wiki\/David_Bisbal\">David Bisbal<\/a>,\u00a0<a title=\"Bacilos (banda)\" href=\"http:\/\/es.wikipedia.org\/wiki\/Bacilos_(banda)\">Bacilos<\/a>, y se van de gira con\u00a0<a title=\"Sin Bandera\" href=\"http:\/\/es.wikipedia.org\/wiki\/Sin_Bandera\">Sin Bandera<\/a>\u00a0y\u00a0<a title=\"Alejandro Lerner\" href=\"http:\/\/es.wikipedia.org\/wiki\/Alejandro_Lerner\">Alejandro Lerner<\/a>\u00a0en el\u00a0<a title=\"2004\" href=\"http:\/\/es.wikipedia.org\/wiki\/2004\">2004<\/a>. Gracias a su creciente popularidad son escogidos para la gira \u201cLatin Grammy\u2019s\u201d donde viajan y dan conciertos para el p\u00fablico latino en<a title=\"Miami\" href=\"http:\/\/es.wikipedia.org\/wiki\/Miami\">Miami<\/a>,\u00a0<a title=\"Houston\" href=\"http:\/\/es.wikipedia.org\/wiki\/Houston\">Houston<\/a>,\u00a0<a title=\"Nueva York\" href=\"http:\/\/es.wikipedia.org\/wiki\/Nueva_York\">Nueva York<\/a>,\u00a0<a title=\"Los \u00c1ngeles\" href=\"http:\/\/es.wikipedia.org\/wiki\/Los_%C3%81ngeles\">Los \u00c1ngeles<\/a>. Esta fue una gran oportunidad en la que pudieron presentar su m\u00fasica y representar a su pa\u00eds internacionalmente.<\/p>\n<p>El \u00faltimo disco de la banda fue \u201cCon Cierto Cuidado\u201d, disco que fue grabado en vivo y que contiene los \u00e9xitos de sus dos discos anteriores.<\/p>\n<h3>Retorno - gira \"Seguimos Verdes\"<\/h3>\n<div>\n<div><a href=\"http:\/\/commons.wikimedia.org\/wiki\/File:Retorno_verde_70.JPG\"><img loading=\"lazy\" decoding=\"async\" src=\"http:\/\/upload.wikimedia.org\/wikipedia\/commons\/thumb\/a\/a7\/Retorno_verde_70.JPG\/260px-Retorno_verde_70.JPG\" alt=\"\" width=\"260\" height=\"195\" \/><\/a><\/p>\n<div>\n<div><a title=\"Aumentar\" href=\"http:\/\/es.wikipedia.org\/wiki\/Archivo:Retorno_verde_70.JPG\"><img loading=\"lazy\" decoding=\"async\" src=\"http:\/\/bits.wikimedia.org\/static-1.22wmf4\/skins\/common\/images\/magnify-clip.png\" alt=\"\" width=\"15\" height=\"11\" \/><\/a><\/div>\n<p>Concierto retorno de Verde 70<\/p>\n<\/div>\n<\/div>\n<\/div>\n<p>Verde 70 confirma su regreso para finales del 2012. Recargados con toda la energ\u00eda y el Rock and Roll que siempre los caracteriz\u00f3, C\u00e9sar Galarza (Guitarrista- productor) y Dar\u00edo Castro (Compositor-vocalista) deciden retornar juntos nuevamente a los escenarios para reencontrarse con el p\u00fablico y presentarnos su m\u00e1s reciente propuesta musical. Basti\u00e1n Napolitano (Bater\u00eda) y Christian Dreyer (Bajo y Coros) son los nuevos talentos que ser\u00e1n presentados a finales de este a\u00f1o, como los flamantes miembros oficiales de la banda.<\/p>\n<p>PARODIA es el primer sencillo promocional del cuarto disco que VERDE 70 prepara para su regreso.<\/p>\n<p>&nbsp;<\/p>\n<ul>\n<li><em><strong>Alegre Depresi\u00f3n<\/strong><\/em>\u00a0(<a title=\"2000\" href=\"http:\/\/es.wikipedia.org\/wiki\/2000\">2000<\/a>)<\/li>\n<\/ul>\n<p><em>Lista de Canciones<\/em><\/p>\n<p>1. Un minuto<\/p>\n<p>2. Me tienes me puedes me dueles<\/p>\n<p>3. La verdad<\/p>\n<p>4. Alegre Depresion<\/p>\n<p>5.Muriendo por tu amor<\/p>\n<p>6. Palabras<\/p>\n<p>7. Azul<\/p>\n<p>8. No es tan facil<\/p>\n<p>9. Esta noche<\/p>\n<p>10. Irremediablemente tarde<\/p>\n<p>11. La lluvia<\/p>\n<ul>\n<li><em><strong>Ruta Melancol\u00eda<\/strong><\/em>\u00a0(<a title=\"2003\" href=\"http:\/\/es.wikipedia.org\/wiki\/2003\">2003<\/a>)<\/li>\n<\/ul>\n<p><em>Lista de Canciones<\/em><\/p>\n<p>1. No puedo estar sin ti<\/p>\n<p>2. Estoy bien<\/p>\n<p>3. Que distintos tu y yo<\/p>\n<p>4. En la inmensidad<\/p>\n<p>5. A mil kilometros<\/p>\n<p>6. Ayer\u2026tal vez<\/p>\n<p>7. Fuiste tu<\/p>\n<p>8. Como pez en la arena<\/p>\n<p>9. Cuando estoy contigo<\/p>\n<p>10. Un A\u00f1o despu\u00e9s<\/p>\n<p>11. Gente que viene y va<\/p>\n","protected":false},"excerpt":{"rendered":"<p>La historia del grupo se remonta a 1997, cuando Dar\u00edo Castro\u00a0y David Arizaga\u00a0se conoc\u00edan del colegio Franc\u00e9s, cada uno ten\u00eda bandas diferentes, las cuales se desintegraron cuando salieron del colegio. Una vez que se graduaron, se unieron y empezaron a hacer musica, llamando a su grupo \"Alegre Depresi\u00f3n\". En diciembre de 1998\u00a0consiguen reunir dinero y [&hellip;]<\/p>\n","protected":false},"author":8652,"featured_media":0,"parent":0,"menu_order":0,"comment_status":"open","ping_status":"open","template":"","meta":{"footnotes":""},"class_list":["post-2","page","type-page","status-publish","hentry"],"_links":{"self":[{"href":"https:\/\/blog.espol.edu.ec\/cinthya\/wp-json\/wp\/v2\/pages\/2","targetHints":{"allow":["GET"]}}],"collection":[{"href":"https:\/\/blog.espol.edu.ec\/cinthya\/wp-json\/wp\/v2\/pages"}],"about":[{"href":"https:\/\/blog.espol.edu.ec\/cinthya\/wp-json\/wp\/v2\/types\/page"}],"author":[{"embeddable":true,"href":"https:\/\/blog.espol.edu.ec\/cinthya\/wp-json\/wp\/v2\/users\/8652"}],"replies":[{"embeddable":true,"href":"https:\/\/blog.espol.edu.ec\/cinthya\/wp-json\/wp\/v2\/comments?post=2"}],"version-history":[{"count":5,"href":"https:\/\/blog.espol.edu.ec\/cinthya\/wp-json\/wp\/v2\/pages\/2\/revisions"}],"predecessor-version":[{"id":22,"href":"https:\/\/blog.espol.edu.ec\/cinthya\/wp-json\/wp\/v2\/pages\/2\/revisions\/22"}],"wp:attachment":[{"href":"https:\/\/blog.espol.edu.ec\/cinthya\/wp-json\/wp\/v2\/media?parent=2"}],"curies":[{"name":"wp","href":"https:\/\/api.w.org\/{rel}","templated":true}]}}