{"id":10,"date":"2020-10-07T20:50:03","date_gmt":"2020-10-07T18:50:03","guid":{"rendered":"http:\/\/blog.espol.edu.ec\/circuitoselectricos\/?page_id=10"},"modified":"2025-09-29T17:17:51","modified_gmt":"2025-09-29T15:17:51","slug":"planificacion","status":"publish","type":"page","link":"https:\/\/blog.espol.edu.ec\/circuitoselectricos\/planificacion\/","title":{"rendered":"Planificaci\u00f3n"},"content":{"rendered":"<div id=\"pl-10\"  class=\"panel-layout\" ><div id=\"pg-10-0\"  class=\"panel-grid panel-no-style\" ><div id=\"pgc-10-0-0\"  class=\"panel-grid-cell\" ><div id=\"panel-10-0-0-0\" class=\"so-panel widget widget_sow-accordion panel-first-child panel-last-child\" data-index=\"0\" ><div\n\t\t\t\n\t\t\tclass=\"so-widget-sow-accordion so-widget-sow-accordion-default-99be652ed941-10\"\n\t\t\t\n\t\t><div>\n\t<div class=\"sow-accordion\">\n\t\t\t<div class=\"sow-accordion-panel\n\t\t\t\t\"\n\t\t\tdata-anchor-id=\"politicas-del-curso\">\n\t\t\t\t<div class=\"sow-accordion-panel-header-container\" role=\"heading\" aria-level=\"2\">\n\t\t\t\t\t<div class=\"sow-accordion-panel-header\" tabindex=\"0\" role=\"button\" id=\"accordion-label-pol%c3%adticas-del-curso\" aria-controls=\"accordion-content-pol%c3%adticas-del-curso\" aria-expanded=\"false\">\n\t\t\t\t\t\t<div class=\"sow-accordion-title sow-accordion-title-icon-left\">\n\t\t\t\t\t\t\t\t\t\t\t\t\t\tPol\u00edticas del curso\t\t\t\t\t\t\t\t\t\t\t\t\t<\/div>\n\t\t\t\t\t\t<div class=\"sow-accordion-open-close-button\">\n\t\t\t\t\t\t\t<div class=\"sow-accordion-open-button\">\n\t\t\t\t\t\t\t\t<span class=\"sow-icon-ionicons\" data-sow-icon=\"&#xf218;\"\n\t\t \n\t\taria-hidden=\"true\"><\/span>\t\t\t\t\t\t\t<\/div>\n\t\t\t\t\t\t\t<div class=\"sow-accordion-close-button\">\n\t\t\t\t\t\t\t\t<span class=\"sow-icon-ionicons\" data-sow-icon=\"&#xf209;\"\n\t\t \n\t\taria-hidden=\"true\"><\/span>\t\t\t\t\t\t\t<\/div>\n\t\t\t\t\t\t<\/div>\n\t\t\t\t\t<\/div>\n\t\t\t\t<\/div>\n\n\t\t\t<div\n\t\t\t\tclass=\"sow-accordion-panel-content\"\n\t\t\t\trole=\"region\"\n\t\t\t\taria-labelledby=\"accordion-label-pol%c3%adticas-del-curso\"\n\t\t\t\tid=\"accordion-content-pol%c3%adticas-del-curso\"\n\t\t\t\tstyle=\"display: none;\"\t\t\t>\n\t\t\t\t<div class=\"sow-accordion-panel-border\">\n\t\t\t\t\t<ul>\n<li><a href=\"https:\/\/drive.google.com\/open?id=1PW4wThWJpNJdJXQdo2CG7Mu2FT0yPheE&amp;usp=drive_fs\" target=\"_blank\" rel=\"noopener\">Pol\u00edticas del Laboratorio de Circuitos El\u00e9ctricos II PAO 2025<\/a><\/li>\n<li><a href=\"https:\/\/drive.google.com\/open?id=1atGsjUjV5bQtGqY1s37eVugXbpo2-XkG&amp;usp=drive_fs\" target=\"_blank\" rel=\"noopener\">Horario General del Laboratorio<\/a><\/li>\n<li><a href=\"https:\/\/drive.google.com\/open?id=1YipEhRN2z1qEDfb9yOrSaTzDvx6ZprEi&amp;usp=drive_fs\" target=\"_blank\" rel=\"noopener\">Cronograma Semanal Circuitos El\u00e9ctricos II PAO 2025<\/a><\/li>\n<li><a href=\"http:\/\/blog.espol.edu.ec\/circuitoselectricos\/files\/2022\/10\/Normas-de-seguridad-del-Laboratorio-1.pdf\" target=\"_blank\" rel=\"noopener\">Normas de Seguridad del Laboratorio<\/a><\/li>\n<\/ul>\n\t\t\t\t<\/div>\n\t\t\t<\/div>\n\t\t<\/div>\n\t\t\t<div class=\"sow-accordion-panel\n\t\t\t\t\"\n\t\t\tdata-anchor-id=\"guia-de-informes-2025\">\n\t\t\t\t<div class=\"sow-accordion-panel-header-container\" role=\"heading\" aria-level=\"2\">\n\t\t\t\t\t<div class=\"sow-accordion-panel-header\" tabindex=\"0\" role=\"button\" id=\"accordion-label-gu%c3%ada-de-informes-2025\" aria-controls=\"accordion-content-gu%c3%ada-de-informes-2025\" aria-expanded=\"false\">\n\t\t\t\t\t\t<div class=\"sow-accordion-title sow-accordion-title-icon-left\">\n\t\t\t\t\t\t\t\t\t\t\t\t\t\tGu\u00eda de Informes 2025\t\t\t\t\t\t\t\t\t\t\t\t\t<\/div>\n\t\t\t\t\t\t<div class=\"sow-accordion-open-close-button\">\n\t\t\t\t\t\t\t<div class=\"sow-accordion-open-button\">\n\t\t\t\t\t\t\t\t<span class=\"sow-icon-ionicons\" data-sow-icon=\"&#xf218;\"\n\t\t \n\t\taria-hidden=\"true\"><\/span>\t\t\t\t\t\t\t<\/div>\n\t\t\t\t\t\t\t<div class=\"sow-accordion-close-button\">\n\t\t\t\t\t\t\t\t<span class=\"sow-icon-ionicons\" data-sow-icon=\"&#xf209;\"\n\t\t \n\t\taria-hidden=\"true\"><\/span>\t\t\t\t\t\t\t<\/div>\n\t\t\t\t\t\t<\/div>\n\t\t\t\t\t<\/div>\n\t\t\t\t<\/div>\n\n\t\t\t<div\n\t\t\t\tclass=\"sow-accordion-panel-content\"\n\t\t\t\trole=\"region\"\n\t\t\t\taria-labelledby=\"accordion-label-gu%c3%ada-de-informes-2025\"\n\t\t\t\tid=\"accordion-content-gu%c3%ada-de-informes-2025\"\n\t\t\t\tstyle=\"display: none;\"\t\t\t>\n\t\t\t\t<div class=\"sow-accordion-panel-border\">\n\t\t\t\t\t<ul>\n<li><a href=\"https:\/\/drive.google.com\/file\/d\/1eh4r85lbXgc0YbZ9fLSo863gw_ih3_97\/view?usp=drive_link\" target=\"_blank\" rel=\"noopener\">Guia Elaboraci\u00f3n Informes<\/a><\/li>\n<li><a href=\"https:\/\/docs.google.com\/document\/d\/1VfLGztu-L-4dczi3yLXQTfKCSCDwfhqB\/edit?usp=drive_link&amp;ouid=118048167658840712171&amp;rtpof=true&amp;sd=true\" target=\"_blank\" rel=\"noopener\">Formato de Prepr\u00e1cticas<\/a><\/li>\n<li><a href=\"https:\/\/docs.google.com\/document\/d\/1qzaHVYHl4yEQ1CZR0a8833fHfImctRz2\/edit?usp=drive_link&amp;ouid=118048167658840712171&amp;rtpof=true&amp;sd=true\" target=\"_blank\" rel=\"noopener\">Formato de Pr\u00e1cticas<\/a><\/li>\n<\/ul>\n\t\t\t\t<\/div>\n\t\t\t<\/div>\n\t\t<\/div>\n\t\t<\/div>\n<\/div>\n<\/div><\/div><\/div><\/div><\/div>","protected":false},"excerpt":{"rendered":"<p>Pol\u00edticas del curso Pol\u00edticas del Laboratorio de Circuitos El\u00e9ctricos II PAO 2025 Horario General del Laboratorio Cronograma Semanal Circuitos El\u00e9ctricos II PAO 2025 Normas de Seguridad del Laboratorio Gu\u00eda de Informes 2025 Guia Elaboraci\u00f3n Informes Formato de Prepr\u00e1cticas Formato de Pr\u00e1cticas<\/p>\n","protected":false},"author":11149,"featured_media":0,"parent":0,"menu_order":0,"comment_status":"closed","ping_status":"closed","template":"","meta":{"footnotes":""},"class_list":["post-10","page","type-page","status-publish","hentry"],"_links":{"self":[{"href":"https:\/\/blog.espol.edu.ec\/circuitoselectricos\/wp-json\/wp\/v2\/pages\/10","targetHints":{"allow":["GET"]}}],"collection":[{"href":"https:\/\/blog.espol.edu.ec\/circuitoselectricos\/wp-json\/wp\/v2\/pages"}],"about":[{"href":"https:\/\/blog.espol.edu.ec\/circuitoselectricos\/wp-json\/wp\/v2\/types\/page"}],"author":[{"embeddable":true,"href":"https:\/\/blog.espol.edu.ec\/circuitoselectricos\/wp-json\/wp\/v2\/users\/11149"}],"replies":[{"embeddable":true,"href":"https:\/\/blog.espol.edu.ec\/circuitoselectricos\/wp-json\/wp\/v2\/comments?post=10"}],"version-history":[{"count":57,"href":"https:\/\/blog.espol.edu.ec\/circuitoselectricos\/wp-json\/wp\/v2\/pages\/10\/revisions"}],"predecessor-version":[{"id":455,"href":"https:\/\/blog.espol.edu.ec\/circuitoselectricos\/wp-json\/wp\/v2\/pages\/10\/revisions\/455"}],"wp:attachment":[{"href":"https:\/\/blog.espol.edu.ec\/circuitoselectricos\/wp-json\/wp\/v2\/media?parent=10"}],"curies":[{"name":"wp","href":"https:\/\/api.w.org\/{rel}","templated":true}]}}