{"id":12,"date":"2020-10-07T20:50:19","date_gmt":"2020-10-07T18:50:19","guid":{"rendered":"http:\/\/blog.espol.edu.ec\/circuitoselectricos\/?page_id=12"},"modified":"2025-09-29T17:14:06","modified_gmt":"2025-09-29T15:14:06","slug":"practicas","status":"publish","type":"page","link":"https:\/\/blog.espol.edu.ec\/circuitoselectricos\/practicas\/","title":{"rendered":"Pr\u00e1cticas"},"content":{"rendered":"<div id=\"pl-12\"  class=\"panel-layout\" ><div id=\"pg-12-0\"  class=\"panel-grid panel-no-style\" ><div id=\"pgc-12-0-0\"  class=\"panel-grid-cell\" ><div id=\"panel-12-0-0-0\" class=\"so-panel widget widget_sow-accordion panel-first-child panel-last-child\" data-index=\"0\" ><div\n\t\t\t\n\t\t\tclass=\"so-widget-sow-accordion so-widget-sow-accordion-default-99be652ed941-12\"\n\t\t\t\n\t\t><div>\n\t<div class=\"sow-accordion\">\n\t\t\t<div class=\"sow-accordion-panel\n\t\t\t\t\"\n\t\t\tdata-anchor-id=\"practica-1-introduccion-al-software-y-equipos-del-laboratorio\">\n\t\t\t\t<div class=\"sow-accordion-panel-header-container\" role=\"heading\" aria-level=\"2\">\n\t\t\t\t\t<div class=\"sow-accordion-panel-header\" tabindex=\"0\" role=\"button\" id=\"accordion-label-pr%c3%a1ctica-1-introducci%c3%b3n-al-software-y-equipos-del-laboratorio\" aria-controls=\"accordion-content-pr%c3%a1ctica-1-introducci%c3%b3n-al-software-y-equipos-del-laboratorio\" aria-expanded=\"false\">\n\t\t\t\t\t\t<div class=\"sow-accordion-title sow-accordion-title-icon-left\">\n\t\t\t\t\t\t\t\t\t\t\t\t\t\tPr\u00e1ctica 1 - Introducci\u00f3n al software y equipos del laboratorio\t\t\t\t\t\t\t\t\t\t\t\t\t<\/div>\n\t\t\t\t\t\t<div class=\"sow-accordion-open-close-button\">\n\t\t\t\t\t\t\t<div class=\"sow-accordion-open-button\">\n\t\t\t\t\t\t\t\t<span class=\"sow-icon-ionicons\" data-sow-icon=\"&#xf218;\"\n\t\t \n\t\taria-hidden=\"true\"><\/span>\t\t\t\t\t\t\t<\/div>\n\t\t\t\t\t\t\t<div class=\"sow-accordion-close-button\">\n\t\t\t\t\t\t\t\t<span class=\"sow-icon-ionicons\" data-sow-icon=\"&#xf209;\"\n\t\t \n\t\taria-hidden=\"true\"><\/span>\t\t\t\t\t\t\t<\/div>\n\t\t\t\t\t\t<\/div>\n\t\t\t\t\t<\/div>\n\t\t\t\t<\/div>\n\n\t\t\t<div\n\t\t\t\tclass=\"sow-accordion-panel-content\"\n\t\t\t\trole=\"region\"\n\t\t\t\taria-labelledby=\"accordion-label-pr%c3%a1ctica-1-introducci%c3%b3n-al-software-y-equipos-del-laboratorio\"\n\t\t\t\tid=\"accordion-content-pr%c3%a1ctica-1-introducci%c3%b3n-al-software-y-equipos-del-laboratorio\"\n\t\t\t\tstyle=\"display: none;\"\t\t\t>\n\t\t\t\t<div class=\"sow-accordion-panel-border\">\n\t\t\t\t\t<ul>\n<li><a href=\"https:\/\/drive.google.com\/open?id=1kRwmDTu7iMc96NAHZuXT0H5CsJHxJcMy&amp;usp=drive_fs\" target=\"_blank\" rel=\"noopener\">Pr\u00e1ctica 1<\/a><\/li>\n<li><a href=\"https:\/\/drive.google.com\/open?id=1yDgIEWc3o6UWif-qknw4eoVDTeM4Y2Zd&amp;usp=drive_fs\" target=\"_blank\" rel=\"noopener\">Hoja De Datos P1<\/a><\/li>\n<\/ul>\n\t\t\t\t<\/div>\n\t\t\t<\/div>\n\t\t<\/div>\n\t\t\t<div class=\"sow-accordion-panel\n\t\t\t\t\"\n\t\t\tdata-anchor-id=\"practica-2-analisis-de-circuitos-dc\">\n\t\t\t\t<div class=\"sow-accordion-panel-header-container\" role=\"heading\" aria-level=\"2\">\n\t\t\t\t\t<div class=\"sow-accordion-panel-header\" tabindex=\"0\" role=\"button\" id=\"accordion-label-pr%c3%a1ctica-2-an%c3%a1lisis-de-circuitos-dc\" aria-controls=\"accordion-content-pr%c3%a1ctica-2-an%c3%a1lisis-de-circuitos-dc\" aria-expanded=\"false\">\n\t\t\t\t\t\t<div class=\"sow-accordion-title sow-accordion-title-icon-left\">\n\t\t\t\t\t\t\t\t\t\t\t\t\t\tPr\u00e1ctica 2 - An\u00e1lisis de circuitos DC\t\t\t\t\t\t\t\t\t\t\t\t\t<\/div>\n\t\t\t\t\t\t<div class=\"sow-accordion-open-close-button\">\n\t\t\t\t\t\t\t<div class=\"sow-accordion-open-button\">\n\t\t\t\t\t\t\t\t<span class=\"sow-icon-ionicons\" data-sow-icon=\"&#xf218;\"\n\t\t \n\t\taria-hidden=\"true\"><\/span>\t\t\t\t\t\t\t<\/div>\n\t\t\t\t\t\t\t<div class=\"sow-accordion-close-button\">\n\t\t\t\t\t\t\t\t<span class=\"sow-icon-ionicons\" data-sow-icon=\"&#xf209;\"\n\t\t \n\t\taria-hidden=\"true\"><\/span>\t\t\t\t\t\t\t<\/div>\n\t\t\t\t\t\t<\/div>\n\t\t\t\t\t<\/div>\n\t\t\t\t<\/div>\n\n\t\t\t<div\n\t\t\t\tclass=\"sow-accordion-panel-content\"\n\t\t\t\trole=\"region\"\n\t\t\t\taria-labelledby=\"accordion-label-pr%c3%a1ctica-2-an%c3%a1lisis-de-circuitos-dc\"\n\t\t\t\tid=\"accordion-content-pr%c3%a1ctica-2-an%c3%a1lisis-de-circuitos-dc\"\n\t\t\t\tstyle=\"display: none;\"\t\t\t>\n\t\t\t\t<div class=\"sow-accordion-panel-border\">\n\t\t\t\t\t<ul>\n<li><a href=\"https:\/\/drive.google.com\/open?id=124W-tp49ZVuJLN9cK2OfQ_c1sJ7Bz1zC&amp;usp=drive_fs\" target=\"_blank\" rel=\"noopener\">Pr\u00e1ctica 2 <\/a><\/li>\n<li><a href=\"https:\/\/drive.google.com\/open?id=1bYTYmPZU92HXU8oF3-Fxf7j8HCLSjLFx&amp;usp=drive_fs\" target=\"_blank\" rel=\"noopener\">Hoja De Datos P2<\/a><\/li>\n<\/ul>\n\t\t\t\t<\/div>\n\t\t\t<\/div>\n\t\t<\/div>\n\t\t\t<div class=\"sow-accordion-panel\n\t\t\t\t\"\n\t\t\tdata-anchor-id=\"practica-3-teoremas-de-circuitos\">\n\t\t\t\t<div class=\"sow-accordion-panel-header-container\" role=\"heading\" aria-level=\"2\">\n\t\t\t\t\t<div class=\"sow-accordion-panel-header\" tabindex=\"0\" role=\"button\" id=\"accordion-label-pr%c3%a1ctica-3-teoremas-de-circuitos\" aria-controls=\"accordion-content-pr%c3%a1ctica-3-teoremas-de-circuitos\" aria-expanded=\"false\">\n\t\t\t\t\t\t<div class=\"sow-accordion-title sow-accordion-title-icon-left\">\n\t\t\t\t\t\t\t\t\t\t\t\t\t\tPr\u00e1ctica 3 - Teoremas de circuitos\t\t\t\t\t\t\t\t\t\t\t\t\t<\/div>\n\t\t\t\t\t\t<div class=\"sow-accordion-open-close-button\">\n\t\t\t\t\t\t\t<div class=\"sow-accordion-open-button\">\n\t\t\t\t\t\t\t\t<span class=\"sow-icon-ionicons\" data-sow-icon=\"&#xf218;\"\n\t\t \n\t\taria-hidden=\"true\"><\/span>\t\t\t\t\t\t\t<\/div>\n\t\t\t\t\t\t\t<div class=\"sow-accordion-close-button\">\n\t\t\t\t\t\t\t\t<span class=\"sow-icon-ionicons\" data-sow-icon=\"&#xf209;\"\n\t\t \n\t\taria-hidden=\"true\"><\/span>\t\t\t\t\t\t\t<\/div>\n\t\t\t\t\t\t<\/div>\n\t\t\t\t\t<\/div>\n\t\t\t\t<\/div>\n\n\t\t\t<div\n\t\t\t\tclass=\"sow-accordion-panel-content\"\n\t\t\t\trole=\"region\"\n\t\t\t\taria-labelledby=\"accordion-label-pr%c3%a1ctica-3-teoremas-de-circuitos\"\n\t\t\t\tid=\"accordion-content-pr%c3%a1ctica-3-teoremas-de-circuitos\"\n\t\t\t\tstyle=\"display: none;\"\t\t\t>\n\t\t\t\t<div class=\"sow-accordion-panel-border\">\n\t\t\t\t\t<ul>\n<li><a href=\"https:\/\/drive.google.com\/open?id=1ODZr-hH2eJozmxzAoOQQl5V_CrhtvGJL&amp;usp=drive_fs\" target=\"_blank\" rel=\"noopener\">Pr\u00e1ctica 3<\/a><\/li>\n<li><a href=\"https:\/\/drive.google.com\/open?id=1LXdLLs9rnFKLDHAAVmMDO_ILs-puuEp8&amp;usp=drive_fs\" target=\"_blank\" rel=\"noopener\">Hoja De Datos P3<\/a><\/li>\n<\/ul>\n\t\t\t\t<\/div>\n\t\t\t<\/div>\n\t\t<\/div>\n\t\t\t<div class=\"sow-accordion-panel\n\t\t\t\t\"\n\t\t\tdata-anchor-id=\"practica-4-analisis-de-circuitos-en-ac\">\n\t\t\t\t<div class=\"sow-accordion-panel-header-container\" role=\"heading\" aria-level=\"2\">\n\t\t\t\t\t<div class=\"sow-accordion-panel-header\" tabindex=\"0\" role=\"button\" id=\"accordion-label-pr%c3%a1ctica-4-an%c3%a1lisis-de-circuitos-en-ac\" aria-controls=\"accordion-content-pr%c3%a1ctica-4-an%c3%a1lisis-de-circuitos-en-ac\" aria-expanded=\"false\">\n\t\t\t\t\t\t<div class=\"sow-accordion-title sow-accordion-title-icon-left\">\n\t\t\t\t\t\t\t\t\t\t\t\t\t\tPr\u00e1ctica 4 - An\u00e1lisis de circuitos en AC\t\t\t\t\t\t\t\t\t\t\t\t\t<\/div>\n\t\t\t\t\t\t<div class=\"sow-accordion-open-close-button\">\n\t\t\t\t\t\t\t<div class=\"sow-accordion-open-button\">\n\t\t\t\t\t\t\t\t<span class=\"sow-icon-ionicons\" data-sow-icon=\"&#xf218;\"\n\t\t \n\t\taria-hidden=\"true\"><\/span>\t\t\t\t\t\t\t<\/div>\n\t\t\t\t\t\t\t<div class=\"sow-accordion-close-button\">\n\t\t\t\t\t\t\t\t<span class=\"sow-icon-ionicons\" data-sow-icon=\"&#xf209;\"\n\t\t \n\t\taria-hidden=\"true\"><\/span>\t\t\t\t\t\t\t<\/div>\n\t\t\t\t\t\t<\/div>\n\t\t\t\t\t<\/div>\n\t\t\t\t<\/div>\n\n\t\t\t<div\n\t\t\t\tclass=\"sow-accordion-panel-content\"\n\t\t\t\trole=\"region\"\n\t\t\t\taria-labelledby=\"accordion-label-pr%c3%a1ctica-4-an%c3%a1lisis-de-circuitos-en-ac\"\n\t\t\t\tid=\"accordion-content-pr%c3%a1ctica-4-an%c3%a1lisis-de-circuitos-en-ac\"\n\t\t\t\tstyle=\"display: none;\"\t\t\t>\n\t\t\t\t<div class=\"sow-accordion-panel-border\">\n\t\t\t\t\t<ul>\n<li><a href=\"https:\/\/drive.google.com\/open?id=17nDrOUC2_F2neH52Ca2B0RoVElai4YSz&amp;usp=drive_fs\" target=\"_blank\" rel=\"noopener\">Pr\u00e1ctica 4<\/a><\/li>\n<li><a href=\"https:\/\/drive.google.com\/open?id=1DeMQywsiz4t9bIH-v9VahdkTtOzuOL8n&amp;usp=drive_fs\" target=\"_blank\" rel=\"noopener\">Hoja De Datos P4<\/a><\/li>\n<\/ul>\n\t\t\t\t<\/div>\n\t\t\t<\/div>\n\t\t<\/div>\n\t\t\t<div class=\"sow-accordion-panel\n\t\t\t\t\"\n\t\t\tdata-anchor-id=\"practica-5-potencia-en-ac-y-mejoramiento-del-factor-de-potencia\">\n\t\t\t\t<div class=\"sow-accordion-panel-header-container\" role=\"heading\" aria-level=\"2\">\n\t\t\t\t\t<div class=\"sow-accordion-panel-header\" tabindex=\"0\" role=\"button\" id=\"accordion-label-pr%c3%a1ctica-5-potencia-en-ac-y-mejoramiento-del-factor-de-potencia\" aria-controls=\"accordion-content-pr%c3%a1ctica-5-potencia-en-ac-y-mejoramiento-del-factor-de-potencia\" aria-expanded=\"false\">\n\t\t\t\t\t\t<div class=\"sow-accordion-title sow-accordion-title-icon-left\">\n\t\t\t\t\t\t\t\t\t\t\t\t\t\tPr\u00e1ctica 5 - Potencia en AC y mejoramiento del factor de potencia\t\t\t\t\t\t\t\t\t\t\t\t\t<\/div>\n\t\t\t\t\t\t<div class=\"sow-accordion-open-close-button\">\n\t\t\t\t\t\t\t<div class=\"sow-accordion-open-button\">\n\t\t\t\t\t\t\t\t<span class=\"sow-icon-ionicons\" data-sow-icon=\"&#xf218;\"\n\t\t \n\t\taria-hidden=\"true\"><\/span>\t\t\t\t\t\t\t<\/div>\n\t\t\t\t\t\t\t<div class=\"sow-accordion-close-button\">\n\t\t\t\t\t\t\t\t<span class=\"sow-icon-ionicons\" data-sow-icon=\"&#xf209;\"\n\t\t \n\t\taria-hidden=\"true\"><\/span>\t\t\t\t\t\t\t<\/div>\n\t\t\t\t\t\t<\/div>\n\t\t\t\t\t<\/div>\n\t\t\t\t<\/div>\n\n\t\t\t<div\n\t\t\t\tclass=\"sow-accordion-panel-content\"\n\t\t\t\trole=\"region\"\n\t\t\t\taria-labelledby=\"accordion-label-pr%c3%a1ctica-5-potencia-en-ac-y-mejoramiento-del-factor-de-potencia\"\n\t\t\t\tid=\"accordion-content-pr%c3%a1ctica-5-potencia-en-ac-y-mejoramiento-del-factor-de-potencia\"\n\t\t\t\tstyle=\"display: none;\"\t\t\t>\n\t\t\t\t<div class=\"sow-accordion-panel-border\">\n\t\t\t\t\t<ul>\n<li><a href=\"https:\/\/drive.google.com\/open?id=1K8sDNtlhBYMb0iFjghk_rgqBLejVI2aG&amp;usp=drive_fs\" target=\"_blank\" rel=\"noopener\">Pr\u00e1ctica 5<\/a><\/li>\n<li><a href=\"https:\/\/drive.google.com\/open?id=1L_2_TLrSIMOgXk9IX1Dpg3nuIJbKi0ig&amp;usp=drive_fs\" target=\"_blank\" rel=\"noopener\">Hoja De Datos P5<\/a><\/li>\n<\/ul>\n\t\t\t\t<\/div>\n\t\t\t<\/div>\n\t\t<\/div>\n\t\t\t<div class=\"sow-accordion-panel\n\t\t\t\t\"\n\t\t\tdata-anchor-id=\"practica-6-transformadores-y-acoplamiento-magnetico\">\n\t\t\t\t<div class=\"sow-accordion-panel-header-container\" role=\"heading\" aria-level=\"2\">\n\t\t\t\t\t<div class=\"sow-accordion-panel-header\" tabindex=\"0\" role=\"button\" id=\"accordion-label-pr%c3%a1ctica-6-transformadores-y-acoplamiento-magn%c3%a9tico\" aria-controls=\"accordion-content-pr%c3%a1ctica-6-transformadores-y-acoplamiento-magn%c3%a9tico\" aria-expanded=\"false\">\n\t\t\t\t\t\t<div class=\"sow-accordion-title sow-accordion-title-icon-left\">\n\t\t\t\t\t\t\t\t\t\t\t\t\t\tPr\u00e1ctica 6 - Transformadores y Acoplamiento Magn\u00e9tico\t\t\t\t\t\t\t\t\t\t\t\t\t<\/div>\n\t\t\t\t\t\t<div class=\"sow-accordion-open-close-button\">\n\t\t\t\t\t\t\t<div class=\"sow-accordion-open-button\">\n\t\t\t\t\t\t\t\t<span class=\"sow-icon-ionicons\" data-sow-icon=\"&#xf218;\"\n\t\t \n\t\taria-hidden=\"true\"><\/span>\t\t\t\t\t\t\t<\/div>\n\t\t\t\t\t\t\t<div class=\"sow-accordion-close-button\">\n\t\t\t\t\t\t\t\t<span class=\"sow-icon-ionicons\" data-sow-icon=\"&#xf209;\"\n\t\t \n\t\taria-hidden=\"true\"><\/span>\t\t\t\t\t\t\t<\/div>\n\t\t\t\t\t\t<\/div>\n\t\t\t\t\t<\/div>\n\t\t\t\t<\/div>\n\n\t\t\t<div\n\t\t\t\tclass=\"sow-accordion-panel-content\"\n\t\t\t\trole=\"region\"\n\t\t\t\taria-labelledby=\"accordion-label-pr%c3%a1ctica-6-transformadores-y-acoplamiento-magn%c3%a9tico\"\n\t\t\t\tid=\"accordion-content-pr%c3%a1ctica-6-transformadores-y-acoplamiento-magn%c3%a9tico\"\n\t\t\t\tstyle=\"display: none;\"\t\t\t>\n\t\t\t\t<div class=\"sow-accordion-panel-border\">\n\t\t\t\t\t<ul>\n<li><a href=\"https:\/\/drive.google.com\/open?id=1wEFoX_PcfXL8WZt1wNU6CLzMR8CbMXeQ&amp;usp=drive_fs\" target=\"_blank\" rel=\"noopener\">Pr\u00e1ctica 6<\/a><\/li>\n<li><a href=\"https:\/\/drive.google.com\/open?id=1bV4zpyUqxHUdbyCumDPLyjF7xCsL1c8Q&amp;usp=drive_fs\" target=\"_blank\" rel=\"noopener\">Hoja De Datos P6<\/a><\/li>\n<\/ul>\n\t\t\t\t<\/div>\n\t\t\t<\/div>\n\t\t<\/div>\n\t\t<\/div>\n<\/div>\n<\/div><\/div><\/div><\/div><\/div>","protected":false},"excerpt":{"rendered":"<p>Pr\u00e1ctica 1 - Introducci\u00f3n al software y equipos del laboratorio Pr\u00e1ctica 1 Hoja De Datos P1 Pr\u00e1ctica 2 - An\u00e1lisis de circuitos DC Pr\u00e1ctica 2 Hoja De Datos P2 Pr\u00e1ctica 3 - Teoremas de circuitos Pr\u00e1ctica 3 Hoja De Datos P3 Pr\u00e1ctica 4 - An\u00e1lisis de circuitos en AC Pr\u00e1ctica 4 Hoja De Datos P4 &hellip; <\/p>\n<p class=\"link-more\"><a href=\"https:\/\/blog.espol.edu.ec\/circuitoselectricos\/practicas\/\" class=\"more-link\">Continuar leyendo<span class=\"screen-reader-text\"> \"Pr\u00e1cticas\"<\/span><\/a><\/p>\n","protected":false},"author":11149,"featured_media":0,"parent":0,"menu_order":0,"comment_status":"closed","ping_status":"closed","template":"","meta":{"footnotes":""},"class_list":["post-12","page","type-page","status-publish","hentry"],"_links":{"self":[{"href":"https:\/\/blog.espol.edu.ec\/circuitoselectricos\/wp-json\/wp\/v2\/pages\/12","targetHints":{"allow":["GET"]}}],"collection":[{"href":"https:\/\/blog.espol.edu.ec\/circuitoselectricos\/wp-json\/wp\/v2\/pages"}],"about":[{"href":"https:\/\/blog.espol.edu.ec\/circuitoselectricos\/wp-json\/wp\/v2\/types\/page"}],"author":[{"embeddable":true,"href":"https:\/\/blog.espol.edu.ec\/circuitoselectricos\/wp-json\/wp\/v2\/users\/11149"}],"replies":[{"embeddable":true,"href":"https:\/\/blog.espol.edu.ec\/circuitoselectricos\/wp-json\/wp\/v2\/comments?post=12"}],"version-history":[{"count":72,"href":"https:\/\/blog.espol.edu.ec\/circuitoselectricos\/wp-json\/wp\/v2\/pages\/12\/revisions"}],"predecessor-version":[{"id":453,"href":"https:\/\/blog.espol.edu.ec\/circuitoselectricos\/wp-json\/wp\/v2\/pages\/12\/revisions\/453"}],"wp:attachment":[{"href":"https:\/\/blog.espol.edu.ec\/circuitoselectricos\/wp-json\/wp\/v2\/media?parent=12"}],"curies":[{"name":"wp","href":"https:\/\/api.w.org\/{rel}","templated":true}]}}