{"id":163,"date":"2022-05-09T17:37:34","date_gmt":"2022-05-09T15:37:34","guid":{"rendered":"http:\/\/blog.espol.edu.ec\/circuitoselectricos\/?page_id=163"},"modified":"2025-09-29T17:25:23","modified_gmt":"2025-09-29T15:25:23","slug":"prepracticas","status":"publish","type":"page","link":"https:\/\/blog.espol.edu.ec\/circuitoselectricos\/prepracticas\/","title":{"rendered":"Prepr\u00e1cticas"},"content":{"rendered":"<div id=\"pl-163\"  class=\"panel-layout\" ><div id=\"pg-163-0\"  class=\"panel-grid panel-no-style\" ><div id=\"pgc-163-0-0\"  class=\"panel-grid-cell\" ><div id=\"panel-163-0-0-0\" class=\"so-panel widget widget_sow-accordion panel-first-child panel-last-child\" data-index=\"0\" ><div\n\t\t\t\n\t\t\tclass=\"so-widget-sow-accordion so-widget-sow-accordion-default-99be652ed941-163\"\n\t\t\t\n\t\t><div>\n\t<div class=\"sow-accordion\">\n\t\t\t<div class=\"sow-accordion-panel\n\t\t\t\t\"\n\t\t\tdata-anchor-id=\"prepractica-1-charla-de-seguridad-e-introduccion-al-software-y-equipos-de-laboratorio\">\n\t\t\t\t<div class=\"sow-accordion-panel-header-container\" role=\"heading\" aria-level=\"2\">\n\t\t\t\t\t<div class=\"sow-accordion-panel-header\" tabindex=\"0\" role=\"button\" id=\"accordion-label-prepr%c3%a1ctica-1-charla-de-seguridad-e-introducci%c3%b3n-al-software-y-equipos-de-laboratorio\" aria-controls=\"accordion-content-prepr%c3%a1ctica-1-charla-de-seguridad-e-introducci%c3%b3n-al-software-y-equipos-de-laboratorio\" aria-expanded=\"false\">\n\t\t\t\t\t\t<div class=\"sow-accordion-title sow-accordion-title-icon-left\">\n\t\t\t\t\t\t\t\t\t\t\t\t\t\tPrepr\u00e1ctica 1 - Charla de Seguridad e Introducci\u00f3n al Software y equipos de Laboratorio\t\t\t\t\t\t\t\t\t\t\t\t\t<\/div>\n\t\t\t\t\t\t<div class=\"sow-accordion-open-close-button\">\n\t\t\t\t\t\t\t<div class=\"sow-accordion-open-button\">\n\t\t\t\t\t\t\t\t<span class=\"sow-icon-ionicons\" data-sow-icon=\"&#xf218;\"\n\t\t \n\t\taria-hidden=\"true\"><\/span>\t\t\t\t\t\t\t<\/div>\n\t\t\t\t\t\t\t<div class=\"sow-accordion-close-button\">\n\t\t\t\t\t\t\t\t<span class=\"sow-icon-ionicons\" data-sow-icon=\"&#xf209;\"\n\t\t \n\t\taria-hidden=\"true\"><\/span>\t\t\t\t\t\t\t<\/div>\n\t\t\t\t\t\t<\/div>\n\t\t\t\t\t<\/div>\n\t\t\t\t<\/div>\n\n\t\t\t<div\n\t\t\t\tclass=\"sow-accordion-panel-content\"\n\t\t\t\trole=\"region\"\n\t\t\t\taria-labelledby=\"accordion-label-prepr%c3%a1ctica-1-charla-de-seguridad-e-introducci%c3%b3n-al-software-y-equipos-de-laboratorio\"\n\t\t\t\tid=\"accordion-content-prepr%c3%a1ctica-1-charla-de-seguridad-e-introducci%c3%b3n-al-software-y-equipos-de-laboratorio\"\n\t\t\t\tstyle=\"display: none;\"\t\t\t>\n\t\t\t\t<div class=\"sow-accordion-panel-border\">\n\t\t\t\t\t<ul>\n<li><a href=\"https:\/\/drive.google.com\/open?id=1AvJ6bKuD2ByQb26Zht1rbOY26K5Hqaz0&amp;usp=drive_fs\" target=\"_blank\" rel=\"noopener\">Prepr\u00e1ctica\u00a0 1\u00a0<\/a><\/li>\n<\/ul>\n\t\t\t\t<\/div>\n\t\t\t<\/div>\n\t\t<\/div>\n\t\t\t<div class=\"sow-accordion-panel\n\t\t\t\t\"\n\t\t\tdata-anchor-id=\"prepractica-2-analisis-de-circuitos-en-dc\">\n\t\t\t\t<div class=\"sow-accordion-panel-header-container\" role=\"heading\" aria-level=\"2\">\n\t\t\t\t\t<div class=\"sow-accordion-panel-header\" tabindex=\"0\" role=\"button\" id=\"accordion-label-prepr%c3%a1ctica-2-an%c3%a1lisis-de-circuitos-en-dc\" aria-controls=\"accordion-content-prepr%c3%a1ctica-2-an%c3%a1lisis-de-circuitos-en-dc\" aria-expanded=\"false\">\n\t\t\t\t\t\t<div class=\"sow-accordion-title sow-accordion-title-icon-left\">\n\t\t\t\t\t\t\t\t\t\t\t\t\t\tPrepr\u00e1ctica 2  -An\u00e1lisis de Circuitos en DC\t\t\t\t\t\t\t\t\t\t\t\t\t<\/div>\n\t\t\t\t\t\t<div class=\"sow-accordion-open-close-button\">\n\t\t\t\t\t\t\t<div class=\"sow-accordion-open-button\">\n\t\t\t\t\t\t\t\t<span class=\"sow-icon-ionicons\" data-sow-icon=\"&#xf218;\"\n\t\t \n\t\taria-hidden=\"true\"><\/span>\t\t\t\t\t\t\t<\/div>\n\t\t\t\t\t\t\t<div class=\"sow-accordion-close-button\">\n\t\t\t\t\t\t\t\t<span class=\"sow-icon-ionicons\" data-sow-icon=\"&#xf209;\"\n\t\t \n\t\taria-hidden=\"true\"><\/span>\t\t\t\t\t\t\t<\/div>\n\t\t\t\t\t\t<\/div>\n\t\t\t\t\t<\/div>\n\t\t\t\t<\/div>\n\n\t\t\t<div\n\t\t\t\tclass=\"sow-accordion-panel-content\"\n\t\t\t\trole=\"region\"\n\t\t\t\taria-labelledby=\"accordion-label-prepr%c3%a1ctica-2-an%c3%a1lisis-de-circuitos-en-dc\"\n\t\t\t\tid=\"accordion-content-prepr%c3%a1ctica-2-an%c3%a1lisis-de-circuitos-en-dc\"\n\t\t\t\tstyle=\"display: none;\"\t\t\t>\n\t\t\t\t<div class=\"sow-accordion-panel-border\">\n\t\t\t\t\t<ul>\n<li><a href=\"https:\/\/drive.google.com\/open?id=137Hx78hVH9Sjys_XaLjJo6_iBYGAtZw_&amp;usp=drive_fs\" target=\"_blank\" rel=\"noopener\">Prepr\u00e1ctica 2\u00a0<\/a><\/li>\n<\/ul>\n\t\t\t\t<\/div>\n\t\t\t<\/div>\n\t\t<\/div>\n\t\t\t<div class=\"sow-accordion-panel\n\t\t\t\t\"\n\t\t\tdata-anchor-id=\"prepractica-3-teoremas-de-circuitos\">\n\t\t\t\t<div class=\"sow-accordion-panel-header-container\" role=\"heading\" aria-level=\"2\">\n\t\t\t\t\t<div class=\"sow-accordion-panel-header\" tabindex=\"0\" role=\"button\" id=\"accordion-label-prepr%c3%a1ctica-3-teoremas-de-circuitos\" aria-controls=\"accordion-content-prepr%c3%a1ctica-3-teoremas-de-circuitos\" aria-expanded=\"false\">\n\t\t\t\t\t\t<div class=\"sow-accordion-title sow-accordion-title-icon-left\">\n\t\t\t\t\t\t\t\t\t\t\t\t\t\tPrepr\u00e1ctica 3 - Teoremas de Circuitos\t\t\t\t\t\t\t\t\t\t\t\t\t<\/div>\n\t\t\t\t\t\t<div class=\"sow-accordion-open-close-button\">\n\t\t\t\t\t\t\t<div class=\"sow-accordion-open-button\">\n\t\t\t\t\t\t\t\t<span class=\"sow-icon-ionicons\" data-sow-icon=\"&#xf218;\"\n\t\t \n\t\taria-hidden=\"true\"><\/span>\t\t\t\t\t\t\t<\/div>\n\t\t\t\t\t\t\t<div class=\"sow-accordion-close-button\">\n\t\t\t\t\t\t\t\t<span class=\"sow-icon-ionicons\" data-sow-icon=\"&#xf209;\"\n\t\t \n\t\taria-hidden=\"true\"><\/span>\t\t\t\t\t\t\t<\/div>\n\t\t\t\t\t\t<\/div>\n\t\t\t\t\t<\/div>\n\t\t\t\t<\/div>\n\n\t\t\t<div\n\t\t\t\tclass=\"sow-accordion-panel-content\"\n\t\t\t\trole=\"region\"\n\t\t\t\taria-labelledby=\"accordion-label-prepr%c3%a1ctica-3-teoremas-de-circuitos\"\n\t\t\t\tid=\"accordion-content-prepr%c3%a1ctica-3-teoremas-de-circuitos\"\n\t\t\t\tstyle=\"display: none;\"\t\t\t>\n\t\t\t\t<div class=\"sow-accordion-panel-border\">\n\t\t\t\t\t<ul>\n<li><a href=\"https:\/\/drive.google.com\/open?id=1-Yn4eTMBKAHoQ-2y6kHw5uVIyU2eD_ur&amp;usp=drive_fs\" target=\"_blank\" rel=\"noopener\">Prepr\u00e1ctica 3<\/a><\/li>\n<\/ul>\n\t\t\t\t<\/div>\n\t\t\t<\/div>\n\t\t<\/div>\n\t\t\t<div class=\"sow-accordion-panel\n\t\t\t\t\"\n\t\t\tdata-anchor-id=\"prepractica-4-analisis-de-circuitos-en-ac\">\n\t\t\t\t<div class=\"sow-accordion-panel-header-container\" role=\"heading\" aria-level=\"2\">\n\t\t\t\t\t<div class=\"sow-accordion-panel-header\" tabindex=\"0\" role=\"button\" id=\"accordion-label-prepr%c3%a1ctica-4-an%c3%a1lisis-de-circuitos-en-ac\" aria-controls=\"accordion-content-prepr%c3%a1ctica-4-an%c3%a1lisis-de-circuitos-en-ac\" aria-expanded=\"false\">\n\t\t\t\t\t\t<div class=\"sow-accordion-title sow-accordion-title-icon-left\">\n\t\t\t\t\t\t\t\t\t\t\t\t\t\tPrepr\u00e1ctica 4 -  An\u00e1lisis de circuitos en AC\t\t\t\t\t\t\t\t\t\t\t\t\t<\/div>\n\t\t\t\t\t\t<div class=\"sow-accordion-open-close-button\">\n\t\t\t\t\t\t\t<div class=\"sow-accordion-open-button\">\n\t\t\t\t\t\t\t\t<span class=\"sow-icon-ionicons\" data-sow-icon=\"&#xf218;\"\n\t\t \n\t\taria-hidden=\"true\"><\/span>\t\t\t\t\t\t\t<\/div>\n\t\t\t\t\t\t\t<div class=\"sow-accordion-close-button\">\n\t\t\t\t\t\t\t\t<span class=\"sow-icon-ionicons\" data-sow-icon=\"&#xf209;\"\n\t\t \n\t\taria-hidden=\"true\"><\/span>\t\t\t\t\t\t\t<\/div>\n\t\t\t\t\t\t<\/div>\n\t\t\t\t\t<\/div>\n\t\t\t\t<\/div>\n\n\t\t\t<div\n\t\t\t\tclass=\"sow-accordion-panel-content\"\n\t\t\t\trole=\"region\"\n\t\t\t\taria-labelledby=\"accordion-label-prepr%c3%a1ctica-4-an%c3%a1lisis-de-circuitos-en-ac\"\n\t\t\t\tid=\"accordion-content-prepr%c3%a1ctica-4-an%c3%a1lisis-de-circuitos-en-ac\"\n\t\t\t\tstyle=\"display: none;\"\t\t\t>\n\t\t\t\t<div class=\"sow-accordion-panel-border\">\n\t\t\t\t\t<ul>\n<li><a href=\"https:\/\/drive.google.com\/open?id=18KMsc3F6Xr0hnHF3fI2wNcYVmlsfmb7M&amp;usp=drive_fs\" target=\"_blank\" rel=\"noopener\">Prepr\u00e1ctica 4<\/a><\/li>\n<li><a href=\"https:\/\/www.youtube.com\/watch?v=qzDLK0AY7-U&amp;t=2s\" target=\"_blank\" rel=\"noopener\">PP4 - Video Tutorial<\/a><\/li>\n<\/ul>\n\t\t\t\t<\/div>\n\t\t\t<\/div>\n\t\t<\/div>\n\t\t\t<div class=\"sow-accordion-panel\n\t\t\t\t\"\n\t\t\tdata-anchor-id=\"prepractica-5-potencia-en-ac-y-mejoramiento-del-factor-de-potencia\">\n\t\t\t\t<div class=\"sow-accordion-panel-header-container\" role=\"heading\" aria-level=\"2\">\n\t\t\t\t\t<div class=\"sow-accordion-panel-header\" tabindex=\"0\" role=\"button\" id=\"accordion-label-prepr%c3%a1ctica-5-potencia-en-ac-y-mejoramiento-del-factor-de-potencia\" aria-controls=\"accordion-content-prepr%c3%a1ctica-5-potencia-en-ac-y-mejoramiento-del-factor-de-potencia\" aria-expanded=\"false\">\n\t\t\t\t\t\t<div class=\"sow-accordion-title sow-accordion-title-icon-left\">\n\t\t\t\t\t\t\t\t\t\t\t\t\t\tPrepr\u00e1ctica 5 - Potencia en AC y mejoramiento del factor de potencia\t\t\t\t\t\t\t\t\t\t\t\t\t<\/div>\n\t\t\t\t\t\t<div class=\"sow-accordion-open-close-button\">\n\t\t\t\t\t\t\t<div class=\"sow-accordion-open-button\">\n\t\t\t\t\t\t\t\t<span class=\"sow-icon-ionicons\" data-sow-icon=\"&#xf218;\"\n\t\t \n\t\taria-hidden=\"true\"><\/span>\t\t\t\t\t\t\t<\/div>\n\t\t\t\t\t\t\t<div class=\"sow-accordion-close-button\">\n\t\t\t\t\t\t\t\t<span class=\"sow-icon-ionicons\" data-sow-icon=\"&#xf209;\"\n\t\t \n\t\taria-hidden=\"true\"><\/span>\t\t\t\t\t\t\t<\/div>\n\t\t\t\t\t\t<\/div>\n\t\t\t\t\t<\/div>\n\t\t\t\t<\/div>\n\n\t\t\t<div\n\t\t\t\tclass=\"sow-accordion-panel-content\"\n\t\t\t\trole=\"region\"\n\t\t\t\taria-labelledby=\"accordion-label-prepr%c3%a1ctica-5-potencia-en-ac-y-mejoramiento-del-factor-de-potencia\"\n\t\t\t\tid=\"accordion-content-prepr%c3%a1ctica-5-potencia-en-ac-y-mejoramiento-del-factor-de-potencia\"\n\t\t\t\tstyle=\"display: none;\"\t\t\t>\n\t\t\t\t<div class=\"sow-accordion-panel-border\">\n\t\t\t\t\t<ul>\n<li style=\"list-style-type: none\">\n<ul>\n<li><a href=\"https:\/\/drive.google.com\/open?id=1jnz68HQ1di_He1grn-KFC2WCz6xvomZg&amp;usp=drive_fs\" target=\"_blank\" rel=\"noopener\">Prepr\u00e1ctica 5<\/a><\/li>\n<li><a href=\"https:\/\/www.youtube.com\/watch?v=NVZf0fD_DXU\">PP5 - V\u00eddeo Tutorial<\/a><\/li>\n<\/ul>\n<\/li>\n<\/ul>\n<p>&nbsp;<\/p>\n\t\t\t\t<\/div>\n\t\t\t<\/div>\n\t\t<\/div>\n\t\t\t<div class=\"sow-accordion-panel\n\t\t\t\t\"\n\t\t\tdata-anchor-id=\"prepractica-6-transformadores-y-acoplamiento-magnetico\">\n\t\t\t\t<div class=\"sow-accordion-panel-header-container\" role=\"heading\" aria-level=\"2\">\n\t\t\t\t\t<div class=\"sow-accordion-panel-header\" tabindex=\"0\" role=\"button\" id=\"accordion-label-prepr%c3%a1ctica-6-transformadores-y-acoplamiento-magn%c3%a9tico\" aria-controls=\"accordion-content-prepr%c3%a1ctica-6-transformadores-y-acoplamiento-magn%c3%a9tico\" aria-expanded=\"false\">\n\t\t\t\t\t\t<div class=\"sow-accordion-title sow-accordion-title-icon-left\">\n\t\t\t\t\t\t\t\t\t\t\t\t\t\tPrepr\u00e1ctica 6  - Transformadores y Acoplamiento magn\u00e9tico\t\t\t\t\t\t\t\t\t\t\t\t\t<\/div>\n\t\t\t\t\t\t<div class=\"sow-accordion-open-close-button\">\n\t\t\t\t\t\t\t<div class=\"sow-accordion-open-button\">\n\t\t\t\t\t\t\t\t<span class=\"sow-icon-ionicons\" data-sow-icon=\"&#xf218;\"\n\t\t \n\t\taria-hidden=\"true\"><\/span>\t\t\t\t\t\t\t<\/div>\n\t\t\t\t\t\t\t<div class=\"sow-accordion-close-button\">\n\t\t\t\t\t\t\t\t<span class=\"sow-icon-ionicons\" data-sow-icon=\"&#xf209;\"\n\t\t \n\t\taria-hidden=\"true\"><\/span>\t\t\t\t\t\t\t<\/div>\n\t\t\t\t\t\t<\/div>\n\t\t\t\t\t<\/div>\n\t\t\t\t<\/div>\n\n\t\t\t<div\n\t\t\t\tclass=\"sow-accordion-panel-content\"\n\t\t\t\trole=\"region\"\n\t\t\t\taria-labelledby=\"accordion-label-prepr%c3%a1ctica-6-transformadores-y-acoplamiento-magn%c3%a9tico\"\n\t\t\t\tid=\"accordion-content-prepr%c3%a1ctica-6-transformadores-y-acoplamiento-magn%c3%a9tico\"\n\t\t\t\tstyle=\"display: none;\"\t\t\t>\n\t\t\t\t<div class=\"sow-accordion-panel-border\">\n\t\t\t\t\t<ul>\n<li style=\"list-style-type: none\">\n<ul>\n<li><a href=\"https:\/\/drive.google.com\/open?id=1wOGP0EmVFzH566G9ZIryCgR5AH0a2BhS&amp;usp=drive_fs\" target=\"_blank\" rel=\"noopener\">Prepr\u00e1ctica 6<\/a><\/li>\n<li><a href=\"https:\/\/youtu.be\/fdn8Emwd5Zw\" target=\"_blank\" rel=\"noopener\">PP6 - Video Tutorial<\/a><\/li>\n<\/ul>\n<\/li>\n<\/ul>\n<p>&nbsp;<\/p>\n\t\t\t\t<\/div>\n\t\t\t<\/div>\n\t\t<\/div>\n\t\t<\/div>\n<\/div>\n<\/div><\/div><\/div><\/div><\/div>","protected":false},"excerpt":{"rendered":"<p>Prepr\u00e1ctica 1 - Charla de Seguridad e Introducci\u00f3n al Software y equipos de Laboratorio Prepr\u00e1ctica\u00a0 1\u00a0 Prepr\u00e1ctica 2 -An\u00e1lisis de Circuitos en DC Prepr\u00e1ctica 2\u00a0 Prepr\u00e1ctica 3 - Teoremas de Circuitos Prepr\u00e1ctica 3 Prepr\u00e1ctica 4 - An\u00e1lisis de circuitos en AC Prepr\u00e1ctica 4 PP4 - Video Tutorial Prepr\u00e1ctica 5 - Potencia en AC y mejoramiento &hellip; <\/p>\n<p class=\"link-more\"><a href=\"https:\/\/blog.espol.edu.ec\/circuitoselectricos\/prepracticas\/\" class=\"more-link\">Continuar leyendo<span class=\"screen-reader-text\"> \"Prepr\u00e1cticas\"<\/span><\/a><\/p>\n","protected":false},"author":5765,"featured_media":0,"parent":0,"menu_order":0,"comment_status":"closed","ping_status":"closed","template":"","meta":{"footnotes":""},"class_list":["post-163","page","type-page","status-publish","hentry"],"_links":{"self":[{"href":"https:\/\/blog.espol.edu.ec\/circuitoselectricos\/wp-json\/wp\/v2\/pages\/163","targetHints":{"allow":["GET"]}}],"collection":[{"href":"https:\/\/blog.espol.edu.ec\/circuitoselectricos\/wp-json\/wp\/v2\/pages"}],"about":[{"href":"https:\/\/blog.espol.edu.ec\/circuitoselectricos\/wp-json\/wp\/v2\/types\/page"}],"author":[{"embeddable":true,"href":"https:\/\/blog.espol.edu.ec\/circuitoselectricos\/wp-json\/wp\/v2\/users\/5765"}],"replies":[{"embeddable":true,"href":"https:\/\/blog.espol.edu.ec\/circuitoselectricos\/wp-json\/wp\/v2\/comments?post=163"}],"version-history":[{"count":44,"href":"https:\/\/blog.espol.edu.ec\/circuitoselectricos\/wp-json\/wp\/v2\/pages\/163\/revisions"}],"predecessor-version":[{"id":456,"href":"https:\/\/blog.espol.edu.ec\/circuitoselectricos\/wp-json\/wp\/v2\/pages\/163\/revisions\/456"}],"wp:attachment":[{"href":"https:\/\/blog.espol.edu.ec\/circuitoselectricos\/wp-json\/wp\/v2\/media?parent=163"}],"curies":[{"name":"wp","href":"https:\/\/api.w.org\/{rel}","templated":true}]}}