{"id":109,"date":"2009-01-17T19:20:27","date_gmt":"2009-01-18T00:20:27","guid":{"rendered":"http:\/\/blog.espol.edu.ec\/cjbernal\/?page_id=109"},"modified":"2018-11-30T20:46:37","modified_gmt":"2018-12-01T01:46:37","slug":"sobre-el-autor","status":"publish","type":"page","link":"https:\/\/blog.espol.edu.ec\/cjbernal\/sobre-el-autor\/","title":{"rendered":"Sobre el Autor"},"content":{"rendered":"<p><strong><img loading=\"lazy\" decoding=\"async\" class=\" wp-image-23 alignleft\" src=\"http:\/\/blog.espol.edu.ec\/cjbernal\/files\/C:\\SitesApache\/wp-content\/blogs.dir\/688\/files\/\/2008\/12\/carlod-bernal-foto-documentos.jpg\" alt=\"La de Siempre\" width=\"126\" height=\"175\" \/>INFORMACI\u00d3N PERSONAL<\/strong><\/p>\n<p>Nombre: Carlos Javier Bernal Avila<br \/>\nFecha de nacimiento: 21 de Noviembre de 1989<br \/>\nC\u00e9dula de identidad: 0802354985<br \/>\nNacionalidades: Ecuatoriana - Colombiana<br \/>\nCelular: <em>solicitar v\u00eda correo<br \/>\n<\/em>Correo electr\u00f3nico: cjbernal071421@gmail.com<br \/>\nCorreo ESPOL: cjbernal@espol.edu.ec<\/p>\n<p>Grupo Sanguineo RH: O+<br \/>\nEstatura en metros: 1,79<\/p>\n<p><a href=\"http:\/\/blog.espol.edu.ec\/cjbernal\/files\/2018\/11\/blogespol-CV-espa\u00f1ol.pdf\" target=\"_blank\" rel=\"noopener\">Hoja de vida<\/a><\/p>\n<p><a href=\"http:\/\/blog.espol.edu.ec\/cjbernal\/files\/2018\/11\/blogespol-CV-english.pdf\" target=\"_blank\" rel=\"noopener\">Resume<\/a><\/p>\n<p>Deporte: Tennis y Futbol.<br \/>\nPasatiempos: Leer, escribir, aprender idiomas.<br \/>\nOtros: Colecciono discos musicales y libros en general<\/p>\n","protected":false},"excerpt":{"rendered":"<p>INFORMACI\u00d3N PERSONAL Nombre: Carlos Javier Bernal Avila Fecha de nacimiento: 21 de Noviembre de 1989 C\u00e9dula de identidad: 0802354985 Nacionalidades: Ecuatoriana - Colombiana Celular: solicitar v\u00eda correo Correo electr\u00f3nico: cjbernal071421@gmail.com Correo ESPOL: cjbernal@espol.edu.ec Grupo Sanguineo RH: O+ Estatura en metros: 1,79 Hoja de vida Resume Deporte: Tennis y Futbol. Pasatiempos: Leer, escribir, aprender idiomas. Otros: [&hellip;]<\/p>\n","protected":false},"author":659,"featured_media":0,"parent":0,"menu_order":0,"comment_status":"open","ping_status":"open","template":"","meta":{"footnotes":""},"class_list":["post-109","page","type-page","status-publish","hentry"],"_links":{"self":[{"href":"https:\/\/blog.espol.edu.ec\/cjbernal\/wp-json\/wp\/v2\/pages\/109","targetHints":{"allow":["GET"]}}],"collection":[{"href":"https:\/\/blog.espol.edu.ec\/cjbernal\/wp-json\/wp\/v2\/pages"}],"about":[{"href":"https:\/\/blog.espol.edu.ec\/cjbernal\/wp-json\/wp\/v2\/types\/page"}],"author":[{"embeddable":true,"href":"https:\/\/blog.espol.edu.ec\/cjbernal\/wp-json\/wp\/v2\/users\/659"}],"replies":[{"embeddable":true,"href":"https:\/\/blog.espol.edu.ec\/cjbernal\/wp-json\/wp\/v2\/comments?post=109"}],"version-history":[{"count":20,"href":"https:\/\/blog.espol.edu.ec\/cjbernal\/wp-json\/wp\/v2\/pages\/109\/revisions"}],"predecessor-version":[{"id":578,"href":"https:\/\/blog.espol.edu.ec\/cjbernal\/wp-json\/wp\/v2\/pages\/109\/revisions\/578"}],"wp:attachment":[{"href":"https:\/\/blog.espol.edu.ec\/cjbernal\/wp-json\/wp\/v2\/media?parent=109"}],"curies":[{"name":"wp","href":"https:\/\/api.w.org\/{rel}","templated":true}]}}