{"id":19,"date":"2008-12-15T08:16:51","date_gmt":"2008-12-15T13:16:51","guid":{"rendered":"http:\/\/blog.espol.edu.ec\/cjbernal\/?page_id=19"},"modified":"2009-01-17T16:35:25","modified_gmt":"2009-01-17T21:35:25","slug":"para-los-amigos","status":"publish","type":"page","link":"https:\/\/blog.espol.edu.ec\/cjbernal\/para-los-amigos\/","title":{"rendered":"Para los amigos"},"content":{"rendered":"<div>\n<div class=\"mceTemp\">\n<div id=\"attachment_23\" style=\"width: 160px\" class=\"wp-caption alignleft\"><a href=\"http:\/\/blog.espol.edu.ec\/cjbernal\/files\/2008\/12\/carlod-bernal-foto-documentos.jpg\"><img loading=\"lazy\" decoding=\"async\" aria-describedby=\"caption-attachment-23\" class=\"size-thumbnail wp-image-23 \" src=\"http:\/\/blog.espol.edu.ec\/cjbernal\/files\/2008\/12\/carlod-bernal-foto-documentos-150x150.jpg\" alt=\"La de Siempre\" width=\"150\" height=\"150\" \/><\/a><p id=\"caption-attachment-23\" class=\"wp-caption-text\">Carlos Bernal<\/p><\/div>\n<\/div>\n<p>Una de las tantas cosas buenas en el mundo y por la que muchas veces entregamos todo, son los que le ponen el condimento a tu vida...<\/p><\/div>\n<div>Son las personas que te quieren, te apoyan, te animan, est\u00e1n contigo, los que te molestan, el que te acompa\u00f1a para hacer alg\u00fan relajillo, el que te manda mensajes por cell, el que te jode, el que conoce tu casa, el que se acuerda y se r\u00ede de las tonteras que hac\u00edan...Son necesarios en la vida...indispensables...no puedes vivir un minuto sin ellos, son los que pintan de color este sociedad marchita de tantas cosas malas.<\/div>\n<p align=\"justify\">Te regalan su tiempo, para que tu tiempo no muera en minutos.....claro que hay situaciones en que son insoportables...pero es parte de ellos y con todas sus virtudes, cualidades y un mont\u00f3n de defectos forman esa persona que se gana tu confianza porque ha demostrado que se lo merece.<\/p>\n<p align=\"justify\">Fumones, borrachos, callejeros, guitarreros, mochileros, relajosos, cargosos, insoportables, labiosos, ingenuos muchas veces, tirados a sabidos, peloteros, ociosos, estudiosos, otros responsables e irresponsables tambi\u00e9n, callados, habladores, y uno que otro que le gusta encamar tonteras...jejejeje, tragones, farreros, y un t\u00edpico \u201carroz con pollo\u201d que nunca falta\u2026 m\u00e1s claro hay de todo hasta palabras faltan para describirlos como son\u2026pero el simple hecho de que te acompa\u00f1en y te alegren el d\u00eda, hace que te olvides de todo eso\u2026<\/p>\n<p align=\"justify\">Estar en clases y aguantarte la materia m\u00e1s tediosa de la historia de las matem\u00e1ticas es algo que uno puede soportar\u2026son solo horas y llega a ser algo tan insignificante cuando lo comparamos con perder una confianza almacenada por muchos a\u00f1os\u2026as\u00ed que piensen bien las cosas antes de hacerlas. Son tus alegr\u00edas, tu risa, tu compa\u00f1\u00eda, tus rabias, tus intentos frustrados de alg\u00fan golpe bien merecido, la compa\u00f1\u00eda ideal ante la depresi\u00f3n\u2026<\/p>\n<p align=\"justify\">Son la raz\u00f3n m\u00e1s clara por la que te acuerdas de hablar con el Dios de los cielos y pedirles que los guarde a la distancia, que cuide de esos seres que te hacen feliz y que sin motivo alguno te hacen escribirles, para devolverles un poco de lo mucho que se merecen por todo el tiempo que te han dado\u2026<\/p>\n<p align=\"justify\">Gracias por acompa\u00f1arnos en todo momento y todos los d\u00edas\u2026gracias porque ustedes sirven para formarnos cada d\u00eda m\u00e1s, por ser las frases de aliento que nos incitan a ser mejores cada d\u00eda\u2026gracias por todas las bober\u00edas que dicen y que provocan alegr\u00edas...jejeje.. Es muy poco lo que se puede decir para lo impresionantes que son\u2026para todos ustedes\u2026.<a title=\"Mis Brothers....\" href=\"http:\/\/www.hi5.com\/friend\/photos\/displayMyPhoto.do?photoId=760388899&amp;albumId=184821030&amp;ownerId=66820586\" target=\"_blank\">mis bro<\/a>...Gracias por ser como son...<\/p>\n<p align=\"justify\">\u00a0<\/p>\n<p align=\"justify\">Att: c Bernal\/\/\/<\/p>\n","protected":false},"excerpt":{"rendered":"<p>Una de las tantas cosas buenas en el mundo y por la que muchas veces entregamos todo, son los que le ponen el condimento a tu vida... Son las personas que te quieren, te apoyan, te animan, est\u00e1n contigo, los que te molestan, el que te acompa\u00f1a para hacer alg\u00fan relajillo, el que te manda [&hellip;]<\/p>\n","protected":false},"author":659,"featured_media":0,"parent":0,"menu_order":0,"comment_status":"open","ping_status":"open","template":"","meta":{"footnotes":""},"class_list":["post-19","page","type-page","status-publish","hentry"],"_links":{"self":[{"href":"https:\/\/blog.espol.edu.ec\/cjbernal\/wp-json\/wp\/v2\/pages\/19","targetHints":{"allow":["GET"]}}],"collection":[{"href":"https:\/\/blog.espol.edu.ec\/cjbernal\/wp-json\/wp\/v2\/pages"}],"about":[{"href":"https:\/\/blog.espol.edu.ec\/cjbernal\/wp-json\/wp\/v2\/types\/page"}],"author":[{"embeddable":true,"href":"https:\/\/blog.espol.edu.ec\/cjbernal\/wp-json\/wp\/v2\/users\/659"}],"replies":[{"embeddable":true,"href":"https:\/\/blog.espol.edu.ec\/cjbernal\/wp-json\/wp\/v2\/comments?post=19"}],"version-history":[{"count":6,"href":"https:\/\/blog.espol.edu.ec\/cjbernal\/wp-json\/wp\/v2\/pages\/19\/revisions"}],"predecessor-version":[{"id":82,"href":"https:\/\/blog.espol.edu.ec\/cjbernal\/wp-json\/wp\/v2\/pages\/19\/revisions\/82"}],"wp:attachment":[{"href":"https:\/\/blog.espol.edu.ec\/cjbernal\/wp-json\/wp\/v2\/media?parent=19"}],"curies":[{"name":"wp","href":"https:\/\/api.w.org\/{rel}","templated":true}]}}