{"id":368,"date":"2013-07-29T15:24:34","date_gmt":"2013-07-29T20:24:34","guid":{"rendered":"http:\/\/blog.espol.edu.ec\/cjbernal\/?page_id=368"},"modified":"2013-07-29T15:25:30","modified_gmt":"2013-07-29T20:25:30","slug":"informes-de-laboratorio-de-fisica-c","status":"publish","type":"page","link":"https:\/\/blog.espol.edu.ec\/cjbernal\/informes-de-laboratorio-de-fisica-c\/","title":{"rendered":"Informes de Laboratorio de Fisica C"},"content":{"rendered":"<p>Los reportes estan hechos de acuerdo a las indicaciones dada por el Ing. Ronald Rovira<\/p>\n<p>Nota: Los primeros reportes no pude subirlos debido a que los perd\u00ed en mi computadora anterior.<\/p>\n<p><a href=\"http:\/\/blog.espol.edu.ec\/cjbernal\/files\/2013\/07\/5-Informe-de-Fisica-C-Introduccion-a-la-Electricidad.docx\">Introduccion a la Electricidad<\/a><\/p>\n<p><a href=\"http:\/\/blog.espol.edu.ec\/cjbernal\/files\/2013\/07\/6-Informe-de-Fisica-C-Leyes-de-Kirchhoff.docx\">Leyes de Kirchhoff<\/a><\/p>\n<p><a href=\"http:\/\/blog.espol.edu.ec\/cjbernal\/files\/2013\/07\/7-Informe-de-Fisica-C-Magnetismo.docx\">Magnetismo<\/a><\/p>\n<p><a href=\"http:\/\/blog.espol.edu.ec\/cjbernal\/files\/2013\/07\/9-Informe-de-Fisica-C-Inducci\u00f3n-Electromagn\u00e9tica.docx\">Inducci\u00f3n Electromagn\u00e9tica<\/a><\/p>\n<p><a href=\"http:\/\/blog.espol.edu.ec\/cjbernal\/files\/2013\/07\/10-Informe-de-Fisica-C-Equivalente-electrico-del-calor.docx\">Equivalente El\u00e9ctrico del Calor<\/a><\/p>\n<p><a href=\"http:\/\/blog.espol.edu.ec\/cjbernal\/files\/2013\/07\/11-Informe-de-Fisica-C-Inductancia-Motores-y-Generadores-de-cc.docx\">Inductancia, Motores y Generadores de cc<\/a><\/p>\n<p><a href=\"http:\/\/blog.espol.edu.ec\/cjbernal\/files\/2013\/07\/11-Informe-de-Fisica-C-Produccion-de-campos-magneticos.docx\">Produccion de campos magneticos<\/a><\/p>\n","protected":false},"excerpt":{"rendered":"<p>Los reportes estan hechos de acuerdo a las indicaciones dada por el Ing. Ronald Rovira Nota: Los primeros reportes no pude subirlos debido a que los perd\u00ed en mi computadora anterior. Introduccion a la Electricidad Leyes de Kirchhoff Magnetismo Inducci\u00f3n Electromagn\u00e9tica Equivalente El\u00e9ctrico del Calor Inductancia, Motores y Generadores de cc Produccion de campos magneticos<\/p>\n","protected":false},"author":659,"featured_media":0,"parent":0,"menu_order":0,"comment_status":"open","ping_status":"closed","template":"","meta":{"footnotes":""},"class_list":["post-368","page","type-page","status-publish","hentry"],"_links":{"self":[{"href":"https:\/\/blog.espol.edu.ec\/cjbernal\/wp-json\/wp\/v2\/pages\/368","targetHints":{"allow":["GET"]}}],"collection":[{"href":"https:\/\/blog.espol.edu.ec\/cjbernal\/wp-json\/wp\/v2\/pages"}],"about":[{"href":"https:\/\/blog.espol.edu.ec\/cjbernal\/wp-json\/wp\/v2\/types\/page"}],"author":[{"embeddable":true,"href":"https:\/\/blog.espol.edu.ec\/cjbernal\/wp-json\/wp\/v2\/users\/659"}],"replies":[{"embeddable":true,"href":"https:\/\/blog.espol.edu.ec\/cjbernal\/wp-json\/wp\/v2\/comments?post=368"}],"version-history":[{"count":3,"href":"https:\/\/blog.espol.edu.ec\/cjbernal\/wp-json\/wp\/v2\/pages\/368\/revisions"}],"predecessor-version":[{"id":378,"href":"https:\/\/blog.espol.edu.ec\/cjbernal\/wp-json\/wp\/v2\/pages\/368\/revisions\/378"}],"wp:attachment":[{"href":"https:\/\/blog.espol.edu.ec\/cjbernal\/wp-json\/wp\/v2\/media?parent=368"}],"curies":[{"name":"wp","href":"https:\/\/api.w.org\/{rel}","templated":true}]}}