{"id":380,"date":"2014-04-01T02:22:33","date_gmt":"2014-04-01T07:22:33","guid":{"rendered":"http:\/\/blog.espol.edu.ec\/cjbernal\/?page_id=380"},"modified":"2016-10-23T23:58:29","modified_gmt":"2016-10-24T04:58:29","slug":"materias-fiec","status":"publish","type":"page","link":"https:\/\/blog.espol.edu.ec\/cjbernal\/materias-fiec\/","title":{"rendered":"Materias FIEC"},"content":{"rendered":"<p style=\"text-align: justify\"><em>Cualquier aporte documental para mejorar esta peque\u00f1a biblioteca es bienvenida,\u00a0as\u00ed\u00a0mismo, notificar si\u00a0alg\u00fan\u00a0v\u00ednculo de descarga no funciona.<\/em><\/p>\n<p style=\"text-align: justify\"><em>Saludos!<\/em><\/p>\n<p>&nbsp;<\/p>\n<p><strong>* * * TEOR\u00cdA ELECTROMAGN\u00c9TICA * * *<\/strong><\/p>\n<p>- LIBROS<\/p>\n<p><a href=\"https:\/\/www.dropbox.com\/sh\/06mfeivbk7qi85s\/AACqqacKxeM6sDUcdxVTKigaa?dl=0\" target=\"_blank\">Fundamentos de Electromagnetismo para Ingenier\u00eda - D.K.Cheng<\/a><\/p>\n<p><a href=\"https:\/\/www.dropbox.com\/sh\/vxc7egzp9fakvcx\/AACgP0hjuWbBrcsoQaoKh3LIa?dl=0\" target=\"_blank\">Electromagnetismo - Joseph A. Edminister<\/a><\/p>\n<p><a href=\"https:\/\/www.dropbox.com\/sh\/19asay5oad5n0o7\/AABDSXs9obrTJHMap3HN0l1da?dl=0\" target=\"_blank\">Introductory Electromagnetics - Popovic<\/a><\/p>\n<p>&nbsp;<\/p>\n<p><strong>* * * CONTROL AUTOM\u00c1TICO\u00a0* * *<\/strong><\/p>\n<p><a href=\"https:\/\/www.dropbox.com\/sh\/gy6mzkkaxl2y5qa\/AACL5VGeey7V8xxrRc0Q2UL2a?dl=0\" target=\"_blank\">Ingenier\u00eda de Control - 2da Edici\u00f3n - W. Bolton (Espa\u00f1ol)<\/a><\/p>\n<p><a href=\"https:\/\/www.dropbox.com\/sh\/5jxlzs3i4x300i6\/AACexfHsushOIyAcP7RnCQ9ma?dl=0\" target=\"_blank\">Ingenieria de Control Moderna 3ra Edici\u00f3n - K. Ogata<\/a><\/p>\n<p><a href=\"https:\/\/www.dropbox.com\/sh\/7gthezn5s85n2mz\/AAC0n6AgCXl0vg_ri-oqSekza?dl=0\" target=\"_blank\">Ingenier\u00eda de control moderna - Ogata 5ed (Espa\u00f1ol)<\/a><\/p>\n<p><a href=\"https:\/\/www.dropbox.com\/sh\/f6iwv04jm47pb1m\/AAAtvau98-KWv3eP66BvMnBla?dl=0\" target=\"_blank\">Sistemas de control moderno 10 Ed - Richard C. Dorf (Espa\u00f1ol)<\/a><\/p>\n<p><a href=\"https:\/\/www.dropbox.com\/sh\/vr8cwa2838su4yk\/AABy_oys3v9nfW9I3fGKF8dNa?dl=0\" target=\"_blank\">Modern Control Systems 11th Richard C. Dorf\u00a0<\/a><\/p>\n<p><a href=\"https:\/\/www.dropbox.com\/sh\/h45mgvc2bbi8bar\/AAD-ylxZep9aKtxE_tJ_vp9Pa?dl=0\" target=\"_blank\">Solution manual modern control systems - Ogata 4 edition<\/a><\/p>\n<p>&nbsp;<\/p>\n<p><strong>* * * LABORATORIO DE REDES EL\u00c9CTRICAS * * *<\/strong><\/p>\n<p><a href=\"https:\/\/www.dropbox.com\/sh\/u060r9i8qo05k88\/AAD_f6p_VNsG-IsJoY3ANid5a?dl=0\" target=\"_blank\">Resoluci\u00f3n Examen Te\u00f3rico<\/a><\/p>\n<p>&nbsp;<\/p>\n<p><strong>* * * MAQUINARIA EL\u00c9CTRICA I * * *<\/strong><\/p>\n<p>- LIBROS<\/p>\n<p><a href=\"https:\/\/www.dropbox.com\/sh\/pem8u4lowxvppt6\/AACJy3Tr1wCE6MZdvrLmWUB2a?dl=0\" target=\"_blank\">Electrical Energy Equipment - Electric Motors\u00a0(Ingl\u00e9s)<\/a><\/p>\n<p>&nbsp;<\/p>\n<p><strong>* * * MAQUINARIA EL\u00c9CTRICA II * * *<\/strong><\/p>\n<p>- LIBROS<\/p>\n<p><a href=\"https:\/\/www.dropbox.com\/sh\/n7xz0zvb0ow1x9y\/AABQpLQDshhbpHEVhlo2Q4Sia?dl=0\" target=\"_blank\">Teor\u00eda de An\u00e1lisis de las M\u00e1quinas El\u00e9ctricas - A. E. Fitzgerald\u00a0(Espa\u00f1ol)<\/a><\/p>\n<p><a href=\"https:\/\/www.dropbox.com\/sh\/4aiewrvz6i5go9b\/AAA1_qOC0Up7PO2LjH5KMdgWa?dl=0\" target=\"_blank\">M\u00e1quinas de Corriente Alterna - M. Liwschitz Garik &amp; C.C. Whipple\u00a0(Espa\u00f1ol)<\/a><\/p>\n<p><a href=\"https:\/\/www.dropbox.com\/sh\/nfbjdonl6r3jpgy\/AACfH5-Q4BpR_J4leXinEIqga?dl=0\" target=\"_blank\">M\u00e1quinas El\u00e9ctricas - Jesus Fraile Mora\u00a0(Espa\u00f1ol)<\/a><\/p>\n<p><a href=\"https:\/\/www.dropbox.com\/s\/oj33i9xai4rwxrj\/Apunte_Maquinas_de_Induccion_Trifasicas.pdf?dl=0\" target=\"_blank\">Apuntes Maquina de Inducci\u00f3n Trif\u00e1sica<\/a><\/p>\n<p><a href=\"https:\/\/www.dropbox.com\/s\/65e52pdgtleygyu\/Diagrama%20Circular%20de%20la%20Maquina%20de%20Inducci%C3%B3n%20COMPLETO.doc?dl=0\" target=\"_blank\">Teor\u00eda - Diagrama Circular de la Maquina de Inducci\u00f3n<\/a><\/p>\n<p><a href=\"https:\/\/www.dropbox.com\/s\/01cj5u05urm61w1\/diagrama%20circular%20motor%20de%20induccion%20%28EXPLICADO%29.pptx?dl=0\" target=\"_blank\">Construcci\u00f3n Diagrama Circular Motor de Inducci\u00f3n (Explicado)<\/a><\/p>\n<p>&nbsp;<\/p>\n<p><strong>* * * REDES EL\u00c9CTRICAS II * * *<\/strong><\/p>\n<p>- LIBROS<\/p>\n<p><a href=\"https:\/\/www.dropbox.com\/sh\/8xwbi06xmev32v5\/AABeoRY68ril4RkFzghkojTra?dl=0\" target=\"_blank\">An\u00e1lisis de Circuitos en Ingenier\u00eda - 7 Edici\u00f3n, Hayt\u00a0(Espa\u00f1ol)<\/a><\/p>\n<p><a href=\"https:\/\/www.dropbox.com\/sh\/8xwbi06xmev32v5\/AABeoRY68ril4RkFzghkojTra?dl=0\" target=\"_blank\">Solucionario An\u00e1lisis de Circuitos en Ingenier\u00eda - 7 Edici\u00f3n, Hayt\u00a0(Ingl\u00e9s)<\/a><\/p>\n<p><a href=\"https:\/\/www.dropbox.com\/sh\/ep5qwjigsawgpg8\/AAAdQaFbg4d2p3mSfwlYzOoJa?dl=0\" target=\"_blank\">An\u00e1lisis de Redes - Van Valkenburg\u00a0(Espa\u00f1ol)<\/a><\/p>\n<p>&nbsp;<\/p>\n<p><strong>* * * SISTEMAS DE POTENCIA I * * *<\/strong><\/p>\n<p>- LIBROS<\/p>\n<p><a href=\"https:\/\/www.dropbox.com\/sh\/im26u21pd9dl46s\/AABLs7mvG8Yn9TqcLnbPuUtya?dl=0\" target=\"_blank\">An\u00e1lisis de Sistemas de Potencia - Grainger &amp; Stevenson\u00a0(Espa\u00f1ol)<\/a><\/p>\n<p><a href=\"https:\/\/www.dropbox.com\/sh\/im26u21pd9dl46s\/AABLs7mvG8Yn9TqcLnbPuUtya?dl=0\" target=\"_blank\">Solucionario An\u00e1lisis de Sistemas de Potencia - Grainger &amp; Stevenson<\/a><\/p>\n<p><a href=\"https:\/\/www.dropbox.com\/sh\/x9lpbptf36deti4\/AAC_2i68GjU-MRFjH6hmNrIca?dl=0\" target=\"_blank\">Elecrtical Power Systems - D. Das\u00a0(Ingl\u00e9s)<\/a><\/p>\n<p><a href=\"https:\/\/www.dropbox.com\/s\/8ssnf6bv1rn7q6w\/Power%20Quality%20in%20Electrical%20Systems%20-%20Alexander%20Kusko%26%20Marc%20T.%20Thompson.pdf?dl=0\" target=\"_blank\">Power Quality in Electrical Systems - Alexander Kusko&amp; Marc T. Thompson<\/a><\/p>\n<p>&nbsp;<\/p>\n<p><strong>* * * SISTEMAS DE POTENCIA II * * *<\/strong><\/p>\n<p>- LIBROS<\/p>\n<p><a href=\"https:\/\/www.dropbox.com\/sh\/51vd8g38l8y40jf\/AABZHAxtZKLUsWeYCNYcWuvTa?dl=0\" target=\"_blank\">Sistemas de Potencia \u00a0An\u00e1lisis y Dise\u00f1o, 3 Edici\u00f3n - J. Duncan &amp; M. S. Sarma\u00a0(Espa\u00f1ol)<\/a><\/p>\n<p><a href=\"https:\/\/www.dropbox.com\/sh\/bromr869n8n6rqf\/AACeS_7u7hW_vp_7AyXpQX27a?dl=0\" target=\"_blank\">Sistemas de Potencia \u00a0An\u00e1lisis y Dise\u00f1o, 3 Edici\u00f3n - J. Duncan &amp; M. S. Sarma\u00a0(Ingl\u00e9s)<\/a><\/p>\n<p><a href=\"https:\/\/www.dropbox.com\/s\/6pr2ppybpn7bva7\/Solucionario%20duncan.pdf?dl=0\" target=\"_blank\">Solucionario Sistemas de Potencia Analisis y Dise\u00f1o - J. Duncan &amp; M. S. Sarma<\/a><\/p>\n<p>&nbsp;<\/p>\n<p><strong>* * * CONFIABILIDAD DE LOS SISTEMAS DE POTENCIA \u00a0* * *<\/strong><\/p>\n<p><a href=\"https:\/\/www.dropbox.com\/sh\/xt7z4sfixol45e9\/AAD1I0gpkFRZGkdoYxLtkF48a?dl=0\" target=\"_blank\">Reliability evaluation of power systems 2 Ed. - Billinton N. Allan (Ingl\u00e9s)<\/a><\/p>\n<p>&nbsp;<\/p>\n<p><strong>* * * DISTRIBUCI\u00d3N EL\u00c9CTRICA I * * *<\/strong><\/p>\n<p>- LIBROS<\/p>\n<p><a href=\"https:\/\/www.dropbox.com\/sh\/5fl6bqjtm9arr4u\/AAA8Rw1c9idVpS2T-6c0AL1pa?dl=0\" target=\"_blank\">Compensaci\u00f3n de Potencia Reactiva en Sistemas El\u00e9ctricos\u00a0- Yebra Mor\u00f3n (Espa\u00f1ol)<\/a><\/p>\n<p><a href=\"https:\/\/www.dropbox.com\/sh\/4f646t86sstt7by\/AADUZ47dFa63jSLUJYhSlqOya?dl=0\" target=\"_blank\">Overcurrent Protection for Distribution Systems\u00a0(Ingl\u00e9s)<\/a><\/p>\n<p><a href=\"https:\/\/www.dropbox.com\/sh\/r87u4hqtq2gqznj\/AAAIRj_bVLrRlRyW6N5p0YnTa?dl=0\" target=\"_blank\">Electric Distribution Systems - Abdelhay A. Sallam &amp; O. P. Malik\u00a0(Ingl\u00e9s)<\/a><\/p>\n<p><a href=\"https:\/\/www.dropbox.com\/sh\/f7c4rhipmlifzt6\/AAADVDMHkjEmcaVHNeqGF9Z0a?dl=0\" target=\"_blank\">Design Guide for Rural Substations - United States Department of Agriculture\u00a0(Ingl\u00e9s)<\/a><\/p>\n<p><a href=\"https:\/\/www.dropbox.com\/sh\/9cyr3aurebxj5py\/AAB79knamOdeVNH3RkknTAV5a?dl=0\" target=\"_blank\">Electric Power Distribution Handbook - Thomas Allen Short\u00a0\u00a0(Ingl\u00e9s)<\/a><\/p>\n<p><a href=\"https:\/\/www.dropbox.com\/s\/y26jv4kcnxjpd3i\/curso%20planificacion%20de%20los%20sistemas%20de%20distribucion%20tomo%201.pdf?dl=0\" target=\"_blank\">Curso de Planificaci\u00f3n de los Sistemas de Distribuci\u00f3n, Tomo I\u00a0(Ingl\u00e9s)<\/a><\/p>\n<p><a href=\"https:\/\/www.dropbox.com\/s\/807jx12dm1xbuud\/curso%20planificacion%20de%20los%20sistemas%20de%20distribucion%20tomo%202.pdf?dl=0\" target=\"_blank\">Curso de Planificaci\u00f3n de los Sistemas de Distribuci\u00f3n, Tomo II\u00a0(Ingl\u00e9s)<\/a><\/p>\n<p><a href=\"https:\/\/www.dropbox.com\/s\/u69on5x4afli8c7\/curso%20planificacion%20de%20los%20sistemas%20de%20distribucion%20tomo%203.pdf?dl=0\" target=\"_blank\">Curso de Planificaci\u00f3n de los Sistemas de Distribuci\u00f3n, Tomo III\u00a0(Ingl\u00e9s)<\/a><\/p>\n<p>&nbsp;<\/p>\n<p><strong>* * * CONTROLES INDUSTRIALES EL\u00c9CTRICOS * * *<\/strong><\/p>\n<p>- LIBROS<\/p>\n<p><a href=\"https:\/\/www.dropbox.com\/sh\/250k1bz63tstx5v\/AAC9a21tIX6hAGVjPsWqw-KLa?dl=0\" target=\"_blank\">Industrial Motor Control, 5th Edition - S. L. Herman\u00a0(Ingl\u00e9s)<\/a><\/p>\n<p><a href=\"https:\/\/www.dropbox.com\/s\/67rg614oqz0hlkm\/Arranque-de-Motores-Trifasicos.pdf?dl=0\" target=\"_blank\">Presentaci\u00f3n: Arranque de Motores Trifasicos, Ventajas y Desventajas<\/a><\/p>\n<p>&nbsp;<\/p>\n<p><strong>* * * TRANSIENTES EN LOS SISTEMAS DE POTENCIA * * *<\/strong><\/p>\n<p><a href=\"https:\/\/www.dropbox.com\/sh\/4nrb0ec9qoep9aj\/AAD7IF5CmvFxLTiJsG-EhtMQa?dl=0\" target=\"_blank\">Transients in Power Systems - Lou van der Sluis\u00a0(Ingl\u00e9s)<\/a><\/p>\n<p><a href=\"https:\/\/www.dropbox.com\/sh\/zj4z3g80gm7rpmp\/AADzA-kCo3BaMB14zy4depqAa?dl=0\" target=\"_blank\">Electrical Transients in Power Systems, 2 Edici\u00f3n - Allan Greenwood\u00a0(Ingl\u00e9s)<\/a><\/p>\n<p>&nbsp;<\/p>\n<p><strong>* * * OPERACI\u00d3N DE SISTEMAS DE POTENCIA * * *<\/strong><\/p>\n<p>- PROYECTO<\/p>\n<p><a href=\"https:\/\/www.dropbox.com\/sh\/mp6pd7pzmm1khx1\/AAAyWsMUYAFn5tdlZohtyIoLa?dl=0\" target=\"_blank\">Regulador Autom\u00e1tico de Voltaje y Control de Carga Frecuencia Aplicado a Centrales T\u00e9rmicas e Hidroel\u00e9ctricas - AVR y LFC<\/a><\/p>\n<p>&nbsp;<\/p>\n<p><strong>* * * L\u00cdNEAS DE TRANSMISI\u00d3N Y SUBESTACIONES * * *<\/strong><\/p>\n<p><a href=\"https:\/\/www.dropbox.com\/s\/31copxu3hnjdk4x\/Elementos%20de%20dise%C3%B1o%20de%20subestaciones%20el%C3%A9ctricas%20Enr%C3%ADquez%20Harper.pdf?dl=0\" target=\"_blank\">Elementos de dise\u00f1o de subestaciones el\u00e9ctricas Enr\u00edquez Harper<\/a><\/p>\n<p><a href=\"https:\/\/www.dropbox.com\/s\/31copxu3hnjdk4x\/Elementos%20de%20dise%C3%B1o%20de%20subestaciones%20el%C3%A9ctricas%20Enr%C3%ADquez%20Harper.pdf?dl=0\" target=\"_blank\">Subestaciones de alta y extra alta tensi\u00f3n<\/a><\/p>\n<p>&nbsp;<\/p>\n<p><strong>* * * PROTECCIONES EL\u00c9CTRICAS * * *<\/strong><\/p>\n<p><a href=\"https:\/\/www.dropbox.com\/sh\/apk8oeuh1r2gohx\/AABnHRUm4hjVRTk0dkjT_MUHa?dl=0\" target=\"_blank\">Network Protection &amp; Automation Guide -\u00a0ALSTOM GRID\u00a0(Ingl\u00e9s)<\/a><\/p>\n<p><a href=\"https:\/\/www.dropbox.com\/sh\/qxmc5juvx09qg4i\/AACvg2i7QrCTPvCbeLoj_Ujoa?dl=0\" target=\"_blank\">Protective Relaying Principles and Applications 3rd Edition - Taylor &amp; Francis Group\u00a0(Ingl\u00e9s)<\/a><\/p>\n<p><a href=\"https:\/\/www.dropbox.com\/sh\/qxmc5juvx09qg4i\/AACvg2i7QrCTPvCbeLoj_Ujoa?dl=0\" target=\"_blank\">Solucionario Protective Relaying and Principles and Applications\u00a0(Ingl\u00e9s)<\/a><\/p>\n<p>&nbsp;<\/p>\n<p><strong>* * * PLANIFICACI\u00d3N DE SISTEMAS EL\u00c9CTRICOS * * *<\/strong><\/p>\n<p>- PROYECTO<\/p>\n<p><a href=\"https:\/\/www.dropbox.com\/sh\/r8q6ilrl4jznakt\/AADxmPg2QG1LkVIbfRK0Dyzva?dl=0\" target=\"_blank\">Examen I Parcial (PROYECTO): Proyecci\u00f3n de la Demanda para Empresa El\u00e9ctrica Santa Elena<\/a><\/p>\n<p><a href=\"https:\/\/www.dropbox.com\/sh\/lktq132hcy937vl\/AABy-G0qgQOFs_HHX_uEme2Sa?dl=0\" target=\"_blank\">Calculo del Forced Outage Rate (FOR) para las Centrales de Generaci\u00f3n T\u00e9rmica en el Ecuador<\/a><\/p>\n","protected":false},"excerpt":{"rendered":"<p>Cualquier aporte documental para mejorar esta peque\u00f1a biblioteca es bienvenida,\u00a0as\u00ed\u00a0mismo, notificar si\u00a0alg\u00fan\u00a0v\u00ednculo de descarga no funciona. Saludos! &nbsp; * * * TEOR\u00cdA ELECTROMAGN\u00c9TICA * * * - LIBROS Fundamentos de Electromagnetismo para Ingenier\u00eda - D.K.Cheng Electromagnetismo - Joseph A. Edminister Introductory Electromagnetics - Popovic &nbsp; * * * CONTROL AUTOM\u00c1TICO\u00a0* * * Ingenier\u00eda de Control [&hellip;]<\/p>\n","protected":false},"author":659,"featured_media":0,"parent":0,"menu_order":0,"comment_status":"open","ping_status":"closed","template":"","meta":{"footnotes":""},"class_list":["post-380","page","type-page","status-publish","hentry"],"_links":{"self":[{"href":"https:\/\/blog.espol.edu.ec\/cjbernal\/wp-json\/wp\/v2\/pages\/380","targetHints":{"allow":["GET"]}}],"collection":[{"href":"https:\/\/blog.espol.edu.ec\/cjbernal\/wp-json\/wp\/v2\/pages"}],"about":[{"href":"https:\/\/blog.espol.edu.ec\/cjbernal\/wp-json\/wp\/v2\/types\/page"}],"author":[{"embeddable":true,"href":"https:\/\/blog.espol.edu.ec\/cjbernal\/wp-json\/wp\/v2\/users\/659"}],"replies":[{"embeddable":true,"href":"https:\/\/blog.espol.edu.ec\/cjbernal\/wp-json\/wp\/v2\/comments?post=380"}],"version-history":[{"count":13,"href":"https:\/\/blog.espol.edu.ec\/cjbernal\/wp-json\/wp\/v2\/pages\/380\/revisions"}],"predecessor-version":[{"id":523,"href":"https:\/\/blog.espol.edu.ec\/cjbernal\/wp-json\/wp\/v2\/pages\/380\/revisions\/523"}],"wp:attachment":[{"href":"https:\/\/blog.espol.edu.ec\/cjbernal\/wp-json\/wp\/v2\/media?parent=380"}],"curies":[{"name":"wp","href":"https:\/\/api.w.org\/{rel}","templated":true}]}}