{"id":154,"date":"2015-06-01T15:49:10","date_gmt":"2015-06-01T15:49:10","guid":{"rendered":"http:\/\/blog.espol.edu.ec\/clalutel\/?page_id=154"},"modified":"2015-06-01T15:49:10","modified_gmt":"2015-06-01T15:49:10","slug":"reptiles","status":"publish","type":"page","link":"https:\/\/blog.espol.edu.ec\/clalutel\/reptiles\/","title":{"rendered":"Reptiles"},"content":{"rendered":"<h1 class=\"entry-title\"><em><a href=\"http:\/\/www.mascotapedia.com\/mejores-reptiles-para-mascotas\/\" target=\"_blank\">Mejores reptiles para mascotas<\/a><\/em><\/h1>\n<div class=\"entry-content\">\n<p><a href=\"http:\/\/www.mascotapedia.com\/wp-content\/uploads\/2013\/07\/reptiles-mascotas.jpg\"><img loading=\"lazy\" decoding=\"async\" class=\"alignleft size-full wp-image-393\" title=\"reptiles mascotas\" src=\"http:\/\/www.mascotapedia.com\/wp-content\/uploads\/2013\/07\/reptiles-mascotas.jpg\" alt=\"reptiles mascotas\" width=\"295\" height=\"221\" \/><\/a>A algunas personas les encanta tener reptiles como mascotas, y una vez que \u00a0se hayan decidido a tener un reptil como mascota, lo siguiente en la lista ser\u00e1 cu\u00e1l. Antes de concentrarse a una especie en particular, siempre debes mantener algunas cosas en mente.<\/p>\n<p><strong>Tama\u00f1o del animal<\/strong>. Los reptiles f\u00e1ciles de manejar son siempre una buena opci\u00f3n si tienes ni\u00f1os o personas de edad avanzada en tu hogar. Cuando tienen mascotas alrededor, los ni\u00f1os trataran de manejarlas, as\u00ed que siempre tenga cuidado de elegir a un reptil de tama\u00f1o medio, a sabiendas de que a pesar de que los beb\u00e9s pueden ser peque\u00f1os, cuando se convierten en adultos pueden no ser muy f\u00e1ciles de manejar.<\/p>\n<p><strong>Reptiles para principiantes<\/strong>. Los lagartos cornudos, anolis, geckos y dragones barbudos pertenecen a las especies m\u00e1s peque\u00f1as. Estos lagartos son b\u00e1sicamente d\u00f3ciles por naturaleza y pueden ser f\u00e1cilmente domesticados. Son aficionados de los ratones, verduras, flores e \u00a0insectos.<\/p>\n<p><strong>Algunas especies dif\u00edciles de manejar<\/strong>. Algunos reptiles como los camaleones, iguanas y grandes serpientes son muy dif\u00edciles de manejar.<\/p>\n<p><em>Algunos de los reptiles ideales para principiantes se enumeran a continuaci\u00f3n.<\/em><\/p>\n<p><em><a href=\"http:\/\/es.wikipedia.org\/wiki\/Lacertilia\" target=\"_blank\">Lagartos<\/a><\/em><\/p>\n<p><img decoding=\"async\" src=\"http:\/\/4.bp.blogspot.com\/-wrTKdKoonVU\/UJarQmIlRuI\/AAAAAAAAM_c\/t1mzB6XHcoo\/s640\/lagartos.jpg\" alt=\"\" \/><\/p>\n<p>El lagarto mascota m\u00e1s com\u00fan que venden en tiendas de animales a menudo son las Iguanas. Esta raza de lagartos no es aconsejable pues las iguanas se vuelven agresivas por naturaleza a medida que maduran, sin embargo hay algunas variedades de lagartos que pueden ser adecuados para los principiantes.<\/p>\n<p><strong>Geckos leopardo<\/strong>: los geckos leopardo son mascotas ideales para principiantes, ya que se pueden manejar con facilidad debido a su tama\u00f1o, y sobreviven a base de insectos, que son f\u00e1ciles de conseguir. Adem\u00e1s se pueden mantener en tanques de un tama\u00f1o medio.<\/p>\n<p><strong>Dragones barbudos<\/strong>: necesitan un tanque de unos 40 litros, necesitan altas temperaturas, ya que viven en los desiertos. Deben serle propiciados rayos UVA y UVB. Su dieta consiste de frutas , verduras frescas e insectos.<\/p>\n<p><em><a href=\"http:\/\/es.wikipedia.org\/wiki\/Serpentes\" target=\"_blank\">Serpientes<\/a><\/em><\/p>\n<\/div>\n<p><img decoding=\"async\" src=\"http:\/\/www.canalmascotas.com\/wp-content\/uploads\/files\/article\/s\/serpientes-mascotas-para-ninos_qblf1.jpg\" alt=\"\" \/><\/p>\n<div class=\"entry-content\">\n<p>Las serpientes son un poco dif\u00edciles de manejar debido a su dieta. Prefieren ratones o ratas, y deben ser alimentadas una sola vez a la semana. No es seguro dejar a un gran n\u00famero de roedores en su jaula, ya que la pueden lastimar o morder si el reptil est\u00e1 en inferioridad num\u00e9rica. Por lo tanto, se recomienda que se les d\u00e9 solo el alimento suficiente para una comida a la vez.<\/p>\n<p><strong>Las serpientes de ma\u00edz<\/strong>: Estas serpientes son d\u00f3ciles y hermosas. Un adulto llega a medir cerca de 3-5 pies y tiene una vida de unos 10 a\u00f1os. S\u00f3lo aseg\u00farese de que los guarda en dep\u00f3sitos debidamente cerrados.<\/p>\n<p>Pitones bolas: Estas serpientes pueden vivir durante unos 20 -30 a\u00f1os, miden 3-5 pies de largo y son comedores quisquillosos.<\/p>\n<p><em><a href=\"http:\/\/es.wikipedia.org\/wiki\/Tortugas\" target=\"_blank\">Tortugas<\/a><\/em><\/p>\n<p><img decoding=\"async\" src=\"https:\/\/www.mascotasonline.cl\/archivos\/Tortugas.jpg\" alt=\"\" \/><\/p>\n<p>El concepto de mantenimiento de que las tortugas como mascotas son ideales para los ni\u00f1os est\u00e1 cambiando, pues a medida que las tortugas se hacen grandes en tama\u00f1o crean gran cantidad de suciedad, y despu\u00e9s de alg\u00fan tiempo, los ni\u00f1os tambi\u00e9n pierden inter\u00e9s en ellas. Como tienen una vida \u00fatil tan larga, exigen mucha dedicaci\u00f3n y compromiso.<\/p>\n<p>As\u00ed que, despu\u00e9s de enumerar tantas opciones todo lo que debes que hacer es elegir el mejor que se adapte a tus necesidades y posibilidades. Debe ser tomado especial cuidado al elegir un una mascota si tienes ni\u00f1os alrededor.<\/p>\n<\/div>\n","protected":false},"excerpt":{"rendered":"<p>Mejores reptiles para mascotas A algunas personas les encanta tener reptiles como mascotas, y una vez que \u00a0se hayan decidido a tener un reptil como mascota, lo siguiente en la lista ser\u00e1 cu\u00e1l. Antes de concentrarse a una especie en &hellip; <a href=\"https:\/\/blog.espol.edu.ec\/clalutel\/reptiles\/\">Sigue leyendo <span class=\"meta-nav\">&rarr;<\/span><\/a><\/p>\n","protected":false},"author":9627,"featured_media":0,"parent":0,"menu_order":0,"comment_status":"open","ping_status":"open","template":"","meta":{"footnotes":""},"class_list":["post-154","page","type-page","status-publish","hentry"],"_links":{"self":[{"href":"https:\/\/blog.espol.edu.ec\/clalutel\/wp-json\/wp\/v2\/pages\/154","targetHints":{"allow":["GET"]}}],"collection":[{"href":"https:\/\/blog.espol.edu.ec\/clalutel\/wp-json\/wp\/v2\/pages"}],"about":[{"href":"https:\/\/blog.espol.edu.ec\/clalutel\/wp-json\/wp\/v2\/types\/page"}],"author":[{"embeddable":true,"href":"https:\/\/blog.espol.edu.ec\/clalutel\/wp-json\/wp\/v2\/users\/9627"}],"replies":[{"embeddable":true,"href":"https:\/\/blog.espol.edu.ec\/clalutel\/wp-json\/wp\/v2\/comments?post=154"}],"version-history":[{"count":1,"href":"https:\/\/blog.espol.edu.ec\/clalutel\/wp-json\/wp\/v2\/pages\/154\/revisions"}],"predecessor-version":[{"id":155,"href":"https:\/\/blog.espol.edu.ec\/clalutel\/wp-json\/wp\/v2\/pages\/154\/revisions\/155"}],"wp:attachment":[{"href":"https:\/\/blog.espol.edu.ec\/clalutel\/wp-json\/wp\/v2\/media?parent=154"}],"curies":[{"name":"wp","href":"https:\/\/api.w.org\/{rel}","templated":true}]}}