{"id":156,"date":"2015-06-01T15:52:30","date_gmt":"2015-06-01T15:52:30","guid":{"rendered":"http:\/\/blog.espol.edu.ec\/clalutel\/?page_id=156"},"modified":"2015-06-01T15:52:30","modified_gmt":"2015-06-01T15:52:30","slug":"hurones","status":"publish","type":"page","link":"https:\/\/blog.espol.edu.ec\/clalutel\/hurones\/","title":{"rendered":"Hurones"},"content":{"rendered":"<div align=\"center\"><a href=\"http:\/\/www.taringa.net\/post\/mascotas\/2403358\/Hurones-como-mascota-todo-lo-que-tenes-que-saber.html\"><em>LOS HURONES<\/em> <\/a><br \/>\n<em>\u00bfQu\u00e9 son los Hurones? <\/em><\/div>\n<div align=\"center\"><\/div>\n<div align=\"center\"><img decoding=\"async\" src=\"http:\/\/www.eldiariodelasmascotas.com\/Hablemos%20de%20Otras%20Mascotas\/fotos%20290%20y%20mas\/el%20huron%20otro%20amigo%20original.jpg\" alt=\"\" \/><\/div>\n<div align=\"center\">\nLos hurones son mam\u00edferos que pertenecen al orden de los carn\u00edvoros. Esto significa que est\u00e1n emparentados con los visones, los armi\u00f1os, las martas, etc.Todos estos animales son excelentes cazadores, aliment\u00e1ndose de p\u00e1jaros y roedores principalmente. Existen muchas especies de hurones en todo el mundo. En la Argentina hay tres especies: el Hur\u00f3n mayor, el Hur\u00f3n menor y el Huroncito patag\u00f3nico. Los hurones dom\u00e9sticos pertenecen a una sola especie, el Mustela furo, que no vive en libertad en ning\u00fan lugar del mundo, ya que se trata de una especie dom\u00e9stica, igual que sucede con los perros, los gatos, las vacas, etc. Los hurones fueron domesticados por primera vez hacia el 1500 antes de Cristo. Originalmente se los utilizaba para hacer salir a los conejos de sus madrigueras y as\u00ed cazarlos, y secundariamente para combatir a las ratas y los ratones. Si bien en algunos pa\u00edses europeos a\u00fan se los utiliza para cazar conejos, en la actualidad son principalmente un animal de compa\u00f1\u00eda. Existe una gran diferencia de tama\u00f1o entre la hembra y el macho: aquellas raramente superan el kilo y medio de peso o los 30 cm. de largo (sin contar la cola), mientras que los machos alcanzan en ocasiones los 3 kilogramos de peso y llegan a medir casi 40 cm. En cuanto al pelaje, los hay de muchos tipos, aunque el m\u00e1s com\u00fan es color arena con un antifaz, las patas, el vientre y la cola m\u00e1s obscuros.<\/p>\n<p>\u00bfQu\u00e9 clase de mascota son?<\/p>\n<p>Cuando alguien desea tener un hur\u00f3n como mascota, debe tener presente que se trata de animales muy sociables, inteligentes y de un comportamiento muy complejo. Esto significa que son mascotas que necesitan de la atenci\u00f3n diaria por parte de sus due\u00f1os. No se trata de una especie de hamster o cobayo que se puede tener confinado a un acuario o una jaula peque\u00f1a. Hay que pensar en ellos m\u00e1s como en un perro o un gato. Los hurones son animales que gustan y necesitan de la interacci\u00f3n con sus amos, por lo que si usted no est\u00e1 dispuesto a dedicarle un rato cada d\u00eda, quiz\u00e1s no sea la mascota adecuada. Los hurones pueden vivir bien en una jaula de dimensiones medianas, a condici\u00f3n de que se les permita salir al menos unas horas al d\u00eda. Otras personas tienen a sus hurones sueltos en la casa todo el tiempo que pueden vigilarlos, y los encierran en una jaula o un cuarto especial cada vez que salen, limpian la casa (barrer puede ser dif\u00edcil si un peque\u00f1o demonio de tasmania insiste en luchar con la escoba!) o duermen.<\/p>\n<p>\u00bfQu\u00e9 \"saben hacer\" los hurones?<\/p>\n<p>Los hurones dom\u00e9sticos son unas mascotas muy divertidas. Son tan juguetones como un cachorro de perro o de gato, con la ventaja de no perder ese esp\u00edritu a medida que crecen. Aprenden a acudir al llamado de su due\u00f1o, a quedarse sobre sus hombros y a pasear atados a una correa. Tambi\u00e9n son capaces de cosas igualmente simp\u00e1ticas pero algo engorrosas, como abrir puertas (inclusive corredizas!), bajar cierres rel\u00e1mpago y esconder peque\u00f1os objetos (y otros no tan peque\u00f1os) bajo los muebles o en rincones. Aprenden f\u00e1cilmente a usar una bandeja con piedritas para hacer sus necesidades y, con nada o algo de dedicaci\u00f3n de su due\u00f1o seg\u00fan cada caso, a convivir con los perros y gatos de la casa.<\/p>\n<p>\u00bfQu\u00e9 comen?<\/p>\n<p>Si bien los hurones dom\u00e9sticos descienden de animales cazadores (gracias a ello son un buen modo de liberarse de ratones y ratas!), todos los hurones dom\u00e9sticos est\u00e1n acostumbrados desde hace generaciones a comer alimento balanceado. Esto no impide que puedan ser alimentados con productos frescos como huevos, carne, algunas frutas, etc., pero hacerlo de ese modo es m\u00e1s engorroso y es dif\u00edcil manterer una dieta balanceada. Los hurones no han perdido sus instintos cazadores, por lo que cualquiera de ellos podr\u00e1 dar cuenta de una laucha o un p\u00e1jaro herido (o, llegado el caso, de un hamster o un pollito, por lo que debe tener particular cuidado si tiene ese tipo de animal en proximidades de un hur\u00f3n) M\u00e1s all\u00e1 del alimento b\u00e1sico, los hurones aman ciertos alimentos no muy sanos para ellos, pero que pueden d\u00e1rseles en peque\u00f1as cantidades a modo de soborno o premio (muy \u00fatil si desea ense\u00f1arle un truco a su mascota!!!). Distintos hurones gustan de distintas cosas, desde miel o bananas hasta manteca o tallarines.<\/p>\n<p><em>CUIDADOS <\/em><br \/>\n<em>ALOJAMIENTO<\/em><\/p>\n<p>\u00bfSuelto o enjaulado?<\/p>\n<p>Antes de decidirse a tener un hur\u00f3n (o cualquier otra mascota) usted debe evaluar muy bien si dispone del espacio adecuado. Llevar una mascota a una casa que no est\u00e1 en condiciones de recibirla resultar\u00e1 en sufrimientos varios tanto para el animal como para sus propietarios. Los hurones pueden ser tenidos libremente dentro de la casa, a condici\u00f3n de que se hayan hecho ciertas adaptaciones. Estas comprenden bloquear el acceso a todos los lugares que puedan resultar peligrosos para nuestra mascota o para nuestras pertenencias. Sitios clave a tener en cuenta son las partes traseras de las heladeras (donde hay cables y ventiladores que pueden herir al hur\u00f3n), desag\u00fces, trituradores de basura, repisas con objetos delicados, etc. Los hurones gustan de escarbar la tierra, por lo que si tiene plantas en el ambito en donde planea dejar suelto a su peque\u00f1o amigo, deber\u00e1 proteger su superficie colocando piedras o una rejilla de alambre (o poner las macetas lejos de su alcance). Debe prestarse particular atenci\u00f3n cuando se cierra la heladera o el horno, as\u00ed como al sacar la basura: nuestro hur\u00f3n puede estar jugando (o peor: dormido!) adentro. Con no demasiado entrenamiento, los hurones aprenden a hacer sus necesidades en una bandeja con piedritas del tipo de las usadas para los gatos.<\/p>\n<p>Si se desea, puede tener a su mascota en una jaula mientras usted no puede vigilar que no se meta en problemas. Los hurones se adaptan muy bien a los espacios peque\u00f1os, a condici\u00f3n de que se los deje salir y se juegue con ellos al menos un par de horas diarias. Un hur\u00f3n NO ES una mascota que pueda vivir encerrada todo el tiempo. Si usted no est\u00e1 dispuesto a interactuar con \u00e9l al menos un rato cada d\u00eda, opte con una \"mascota de pecera\". Cobayos, hamsters, gerbos, lauchas, etc. vivir\u00e1n perfectamente encerrados en una jaula o pecera mientras se les provea de agua y comida. Una medida apropiada para una jaula en la que nuestro hur\u00f3n pase la mayor parte del d\u00eda ser\u00eda 100 cm. X 70 cm. X 50 cm.<\/p>\n<p><em>AGUA Y COMIDA <\/em><\/p>\n<p>Debido a su naturaleza de carn\u00edvoros, los hurones deben ser alimentados con una dieta rica en prote\u00ednas. Si bien es factible lograr una dieta balanceada variando ingredientes frescos tales como huevos, carne, etc., hacerlo de este modo es engorroso por varios motivos: el tiempo y la dedicaci\u00f3n necesarios, la r\u00e1pida descomposici\u00f3n de estos elementos, la dificultad de calcular exactamente las proporciones de cada ingrediente...<\/p>\n<p>Por esto, todos los que tienen un hur\u00f3n utilizan alimentos balanceados. Debe optarse por un alimento para gatos cachorros de buena calidad y primera marca. Iams, Scientific nutrition, Royal Canine Purina, son marcas confiables y recomendables. Aclaramos que DE NINGUN MODO recomendamos estas marcas por un inter\u00e9s comercial o de otro tipo. No recibimos NINGUN TIPO de compensaci\u00f3n por mencionar ning\u00fan producto. Simplemente deseamos que Ud. disponga de informaci\u00f3n que no encontrar\u00e1 f\u00e1cilmente en otro sitio. Otros alimentos m\u00e1s baratos (y de menor calidad alimenticia) pueden causar en su hur\u00f3n problemas de salud, como defectos nutricionales y formaci\u00f3n de c\u00e1lculos en las vias urinarias. De todos modos no debe preocuparse: un hur\u00f3n come mucho en relaci\u00f3n a su tama\u00f1o, pero en terminos totales consume menos cantidad de alimento que un gato (que de por s\u00ed gasta poco en comida).<\/p>\n<p>El alimento debe estar siempre a disposici\u00f3n de su hur\u00f3n. No existe peligro de que se indigeste por ello, y los casos de hurones obesos son realmente excepcionales. Debido a su inacabable curiosidad e inquietud, los hurones suelen volcar los recipientes de la comida si estos no son lo suficientemente pesados para evitarlo. Particularmente \u00fatiles son los recipientes de base amplia y bordes bajos.<\/p>\n<p>El agua tambi\u00e9n debe estar siempre al alcance de su hur\u00f3n (y de cualquier mascota!). Lo ideal es un bebedero de tipo botella, que conservar\u00e1 el agua en buen estado por m\u00e1s tiempo. Sin embargo, debe asegurarse de que su mascota sabe como beber de \u00e9l. Mientras aprenda a hacerlo, d\u00e9jele siempre un pote con agua fresca cerca y preste particular atenci\u00f3n para volver a llenarlo si lo derrama y vac\u00eda.<\/p>\n<p><em>Sobornos y premios<\/em><\/p>\n<p>Si desea sobornar a su mascota para que haga alg\u00fan truco o para crear un lazo m\u00e1s estrecho entre \u00e9l y usted, puede recurrir a alimentos que les gusten particularmente, pero SIEMPRE EN MUY PEQUE\u00d1AS CANTIDADES. Recuerde que los hurones son animales chicos, y lo que es poco para una persona, puede resultar excesivo para ellos. Algunos sobornos frecuentes son las pasas de uva (NUNCA m\u00e1s de 2 por d\u00eda), banana, mel\u00f3n, pera, manzana, carne o pollo cocido, huevos duros (hasta un huevo cada semana o dos es aceptable). Recuerde siempre que las fibras vegetales y el az\u00facar deben ser mantenidas al m\u00ednimo. Queso y PEQUE\u00d1OS \"pellizcos\" de manteca suelen ser bienvenidos.<\/p>\n<p><em>ALIMENTOS PROHIBIDOS<\/em><\/p>\n<p>Como pasa con los ni\u00f1os, los hurones AMAN ciertos alimentos que son muy da\u00f1inos para ellos. Es mejor mantener a su mascota lejos de los caramelos, mermeladas, y cualquier alimento muy rico en az\u00facar. Suelen gustar de las bebidas alcoholicas, pero es un NO ABSOLUTO. Las nueces, almendras, avellanas, etc. son peligrosas porque los hurones no las digieren, y si tragan un trozo algo grande puede resultar en un bloqueo intestinal. Evitar el chocolate, ya que puede resultar t\u00f3xico.<\/p>\n<p><em>ASEO<\/em><\/p>\n<p>Ba\u00f1os<\/p>\n<p>Si usted lo desea, ba\u00f1ar a su hur\u00f3n una vez cada dos semanas puede mantenerlo libre de polvo (lo que es muy \u00fatil cuando su peque\u00f1o demonio estuvo cavando t\u00faneles en la tierra). Sin embargo, no hay nada malo en hacerlo cada 2 o 3 meses. Los hurones tienen un olor particular (muy fuerte si no se encuentran castrados, lo cual no es frecuente que suceda). Si usted ba\u00f1a a su hur\u00f3n muy frecuentemente, las gl\u00e1ndulas de su piel comenzar\u00e1n a producir mucha secreci\u00f3n para reponer la eliminada por el ba\u00f1o, y su mascota tendr\u00e1 un olor m\u00e1s fuerte. Entonces, MENOS ba\u00f1os es mejor!.<\/p>\n<p>Para ba\u00f1arlo, debe usar un shampoo apto para gatos cachorros, o uno para hurones si lo consigue. Los hurones suelen jugar en el agua, por lo que no suele ser problem\u00e1tico el ba\u00f1o, pero si su amigo es una excepci\u00f3n, limpiarlo bajo la ducha puede ser menos traum\u00e1tico para ambos.<\/p>\n<p>Luego del agua y el shampoo, enju\u00e1guelo bien. Deje que se sacuda toda el agua posible (cuidando que no salpique nada que se arruine!) y s\u00e9quelo con una toalla. Lo m\u00e1s sencillo suele ser dejar la toalla en el piso y dejar que el hur\u00f3n haga el trabajo por s\u00ed mismo. Nunca deje que un hur\u00f3n mojado tome frio, es peligroso para su salud. Luego del ba\u00f1o, entonces, d\u00e9jelo en un lugar c\u00e1lido hasta que se seque.<\/p>\n<p>Cepillado<\/p>\n<p>Especialmente combinado con un ba\u00f1o, el cepillado ayuda a mantener en buenas condiciones el pelaje de los hurones (adem\u00e1s de una dieta balanceada). Utilice un cepillo para gatos de tama\u00f1o adecuado. Los hurones no suelen gustar de esto particularmente, as\u00ed que puede no ser f\u00e1cil. Sostenga a su mascota en el aire, suspendida del pellejo de la nuca. Esto suele ser relajante para ellos, y puede aprovechar para cepillarlo entonces.<\/p>\n<p>Corte de u\u00f1as<\/p>\n<p>Si su hur\u00f3n no desgasta las u\u00f1as cavando en la tierra o corriendo por superficies abrasivas, las u\u00f1as pueden crecer mucho y corre el riesgo de enganch\u00e1rselas y lastimarse al tratar de liberarse. Con un alicates o una tijera peque\u00f1a, corte la punta de las garras cuidando de no llegar a la altura de la delgada linea rosa que se ve por transparencia en su interior. Si por accidente usted cortara de m\u00e1s y comenzara a salir sangre, use un polvo cicatrizante si es necesario y prosiga con la tarea m\u00e1s tarde, cuando usted y su hur\u00f3n se hayan tranquilizado. En general, las u\u00f1as traseras requieren menos frecuencia de corte que las delanteras.<\/p>\n<p>Limpieza de orejas<\/p>\n<p>A veces, igual que los perros y los gatos, los hurones producen demasiada cera en los conductos auditivos y \u00e9sta puede producir infecciones y alojar par\u00e1sitos (piojos de las orejas -no se asuste, no lo contagiar\u00e1n). Si usted observa mucha cera en los oidos de su hur\u00f3n, quite el exceso con un hisopo, preferentemente humedecido en aceite para beb\u00e9s o en un producto espec\u00edfico para gatos.<\/p>\n<p><em>SALUD<\/em><\/p>\n<p>Vacunas<\/p>\n<p>Sus hurones DEBEN SER VACUNADOS contra el moquillo canino. Esta enfermedad es mortal en el 100% de los casos para los hurones, y se previente f\u00e1cilmente con un plan de vacunas adecuado. Aunque su hur\u00f3n no vaya a tener contacto con otros animales, el virus del moquillo viaja por el aire y usted mismo lo puede llevar en la ropa o los zapatos desde la calle. Tres dosis separadas por dos semanas en los cachorros a partir de las 6 u 8 semanas de vida y un refuerzo anual son suficientes. Tambi\u00e9n es recomendable vacunarlos contra la rabia, una vez al a\u00f1o, con la primera dosis a los 3 o 4 meses de edad. Por m\u00e1s informaci\u00f3n acerca de las vacunas, por favor cont\u00e1ctenos . La vida de su hur\u00f3n depende de ello y nosotros gustosos evacuaremos sus dudas.<\/p>\n<p>Castraci\u00f3n<\/p>\n<p>Todos los hurones que est\u00e9n destinados a ser mascotas deben ser castrados. Los machos no castrados tienen un olor MUY fuerte, y adem\u00e1s se tornan muy agresivos con otros hurones (no con las personas u otras mascotas) durante la \u00e9poca de celo. Las hembras no castradas tienen un fuerte olor durante la \u00e9poca de celo, y adem\u00e1s continuar\u00e1n en celo a menos que se las aparee con un macho. El celo puede durar meses y conducir a un debilitamiento por anemia y consecuente muerte del animal. Por otra parte, la cr\u00eda de hurones no es para nada sencilla. Los animales entran en celo en distintos per\u00edodos, no se los puede tener juntos durante ese tiempo y frecuentemente mueren las cr\u00edas (e incluso la madre). Es mucho m\u00e1s dif\u00edcil que criar perros, gatos o cualquier otro animal dom\u00e9stico, y es mejor dejarlo a los especialistas.<\/p>\n<p>Golpe de calor<\/p>\n<p>Si bien los hurones soportan con relativa facilidad las bajas temperaturas, no sucede lo mismo con el calor. Temperaturas de 30\u00b0 C, o a\u00fan inferiores pueden ser mortales para nuestra mascota si no dispone de agua y sombra. Los d\u00edas de calor intenso, debe controlarse muy de cerca el estado de nuestros amigos y, si se percibe agitaci\u00f3n, adormecimiento, falta de reacci\u00f3n, ojos opacos o deshidrataci\u00f3n (si el pellejo queda \"pegado\" contra s\u00ed mismo al ser pellizcado es un s\u00edntoma inequ\u00edvoco), deben tomarse medidas de inmediato. Lo primero es llevarlo a un lugar fresco y sombreado, y darle agua. Si no bebe por si mismo por estar d\u00e9bil, ac\u00e9rquele la cabeza al pote con agua o suministre agua con una jeringa. Sin embargo NUNCA FUERCE A BEBER A UN ANIMAL INCONCIENTE, ya que puede asfixiarlo. Para hacer descender la temperatura corporal de un animal en shock de calor, m\u00f3jelo con agua fresca (NO fria), o humedezca las almohadillas de sus patas con alcohol. Una vez reanimado, o de inmediato si el hur\u00f3n no reacciona, ll\u00e9velo de sin demora a un veterinario.<\/p>\n<\/div>\n<div align=\"center\"><\/div>\n","protected":false},"excerpt":{"rendered":"<p>LOS HURONES \u00bfQu\u00e9 son los Hurones? Los hurones son mam\u00edferos que pertenecen al orden de los carn\u00edvoros. Esto significa que est\u00e1n emparentados con los visones, los armi\u00f1os, las martas, etc.Todos estos animales son excelentes cazadores, aliment\u00e1ndose de p\u00e1jaros y roedores &hellip; <a href=\"https:\/\/blog.espol.edu.ec\/clalutel\/hurones\/\">Sigue leyendo <span class=\"meta-nav\">&rarr;<\/span><\/a><\/p>\n","protected":false},"author":9627,"featured_media":0,"parent":0,"menu_order":0,"comment_status":"open","ping_status":"open","template":"","meta":{"footnotes":""},"class_list":["post-156","page","type-page","status-publish","hentry"],"_links":{"self":[{"href":"https:\/\/blog.espol.edu.ec\/clalutel\/wp-json\/wp\/v2\/pages\/156","targetHints":{"allow":["GET"]}}],"collection":[{"href":"https:\/\/blog.espol.edu.ec\/clalutel\/wp-json\/wp\/v2\/pages"}],"about":[{"href":"https:\/\/blog.espol.edu.ec\/clalutel\/wp-json\/wp\/v2\/types\/page"}],"author":[{"embeddable":true,"href":"https:\/\/blog.espol.edu.ec\/clalutel\/wp-json\/wp\/v2\/users\/9627"}],"replies":[{"embeddable":true,"href":"https:\/\/blog.espol.edu.ec\/clalutel\/wp-json\/wp\/v2\/comments?post=156"}],"version-history":[{"count":1,"href":"https:\/\/blog.espol.edu.ec\/clalutel\/wp-json\/wp\/v2\/pages\/156\/revisions"}],"predecessor-version":[{"id":157,"href":"https:\/\/blog.espol.edu.ec\/clalutel\/wp-json\/wp\/v2\/pages\/156\/revisions\/157"}],"wp:attachment":[{"href":"https:\/\/blog.espol.edu.ec\/clalutel\/wp-json\/wp\/v2\/media?parent=156"}],"curies":[{"name":"wp","href":"https:\/\/api.w.org\/{rel}","templated":true}]}}