{"id":73,"date":"2015-05-22T21:54:25","date_gmt":"2015-05-22T21:54:25","guid":{"rendered":"http:\/\/blog.espol.edu.ec\/clalutel\/?page_id=73"},"modified":"2015-06-02T03:27:26","modified_gmt":"2015-06-02T03:27:26","slug":"sobre-mi","status":"publish","type":"page","link":"https:\/\/blog.espol.edu.ec\/clalutel\/sobre-mi\/","title":{"rendered":"Sobre mi"},"content":{"rendered":"<p>\u00bfCuriosidad? \ud83d\ude1b<\/p>\n<p><em>Tengo 19 a\u00f1os, mi cumplea\u00f1os es el 24 de mayo (no olvidar <\/em>\ud83d\ude1b<em>), estudio mi segundo a\u00f1o de<a href=\"http:\/\/www.fimcbor.espol.edu.ec\/biologia\" target=\"_blank\"> Biolog\u00eda Marina<\/a> (<\/em><a href=\"http:\/\/www.fimcbor.espol.edu.ec\" target=\"_blank\">FIMCBOR<\/a>-<a href=\"http:\/\/www.espol.edu.ec\" target=\"_blank\">ESPOL<\/a><em>), hablo espa\u00f1ol e ingles (just a little).. ahh y tengo novio y lo amo mucho! (&lt;3). Dios quiera y\u00a0ser\u00e9\u00a0una de las mejores bi\u00f3logas del pa\u00eds<\/em>\u00a0\ud83d\ude00<\/p>\n<p><iframe loading=\"lazy\" src=\"\/\/es.slideshare.net\/slideshow\/embed_code\/key\/fV7uEsngV184bx\" width=\"425\" height=\"355\" frameborder=\"0\" allowfullscreen=\"allowfullscreen\"> <\/iframe><\/p>\n<div style=\"margin-bottom: 5px\"><strong> <a title=\"Clara Lucia Tello\" href=\"\/\/es.slideshare.net\/srtatello\/clara-lucia-tello\" target=\"_blank\">Clara Lucia Tello<\/a> <\/strong> from <strong><a href=\"\/\/www.slideshare.net\/srtatello\" target=\"_blank\">Clara Tello<\/a><\/strong><\/div>\n<div style=\"margin-bottom: 5px\"><\/div>\n<div style=\"margin-bottom: 5px\"><a href=\"http:\/\/blog.espol.edu.ec\/clalutel\/files\/2015\/05\/Snapshot_20131101_29.jpg\"><img loading=\"lazy\" decoding=\"async\" class=\"alignnone size-medium wp-image-165\" src=\"http:\/\/blog.espol.edu.ec\/clalutel\/files\/2015\/05\/Snapshot_20131101_29-300x225.jpg\" alt=\"Snapshot_20131101_29\" width=\"300\" height=\"225\" srcset=\"https:\/\/blog.espol.edu.ec\/clalutel\/files\/2015\/05\/Snapshot_20131101_29-300x225.jpg 300w, https:\/\/blog.espol.edu.ec\/clalutel\/files\/2015\/05\/Snapshot_20131101_29-400x300.jpg 400w, https:\/\/blog.espol.edu.ec\/clalutel\/files\/2015\/05\/Snapshot_20131101_29.jpg 640w\" sizes=\"auto, (max-width: 300px) 100vw, 300px\" \/><\/a><\/div>\n<div style=\"margin-bottom: 5px\"><\/div>\n<div style=\"margin-bottom: 5px\">Mi gatita Adeline Nenuca :')<\/div>\n<p><iframe loading=\"lazy\" src=\"https:\/\/www.youtube.com\/embed\/Skgt06DWjNA\" width=\"560\" height=\"315\" frameborder=\"0\" allowfullscreen=\"allowfullscreen\"><\/iframe><\/p>\n","protected":false},"excerpt":{"rendered":"<p>\u00bfCuriosidad? \ud83d\ude1b Tengo 19 a\u00f1os, mi cumplea\u00f1os es el 24 de mayo (no olvidar \ud83d\ude1b), estudio mi segundo a\u00f1o de Biolog\u00eda Marina (FIMCBOR-ESPOL), hablo espa\u00f1ol e ingles (just a little).. ahh y tengo novio y lo amo mucho! (&lt;3). Dios &hellip; <a href=\"https:\/\/blog.espol.edu.ec\/clalutel\/sobre-mi\/\">Sigue leyendo <span class=\"meta-nav\">&rarr;<\/span><\/a><\/p>\n","protected":false},"author":9627,"featured_media":0,"parent":0,"menu_order":0,"comment_status":"open","ping_status":"open","template":"","meta":{"footnotes":""},"class_list":["post-73","page","type-page","status-publish","hentry"],"_links":{"self":[{"href":"https:\/\/blog.espol.edu.ec\/clalutel\/wp-json\/wp\/v2\/pages\/73","targetHints":{"allow":["GET"]}}],"collection":[{"href":"https:\/\/blog.espol.edu.ec\/clalutel\/wp-json\/wp\/v2\/pages"}],"about":[{"href":"https:\/\/blog.espol.edu.ec\/clalutel\/wp-json\/wp\/v2\/types\/page"}],"author":[{"embeddable":true,"href":"https:\/\/blog.espol.edu.ec\/clalutel\/wp-json\/wp\/v2\/users\/9627"}],"replies":[{"embeddable":true,"href":"https:\/\/blog.espol.edu.ec\/clalutel\/wp-json\/wp\/v2\/comments?post=73"}],"version-history":[{"count":8,"href":"https:\/\/blog.espol.edu.ec\/clalutel\/wp-json\/wp\/v2\/pages\/73\/revisions"}],"predecessor-version":[{"id":167,"href":"https:\/\/blog.espol.edu.ec\/clalutel\/wp-json\/wp\/v2\/pages\/73\/revisions\/167"}],"wp:attachment":[{"href":"https:\/\/blog.espol.edu.ec\/clalutel\/wp-json\/wp\/v2\/media?parent=73"}],"curies":[{"name":"wp","href":"https:\/\/api.w.org\/{rel}","templated":true}]}}