{"id":50,"date":"2013-11-24T16:46:11","date_gmt":"2013-11-24T16:46:11","guid":{"rendered":"http:\/\/blog.espol.edu.ec\/cloayza\/?page_id=50"},"modified":"2013-11-24T16:46:11","modified_gmt":"2013-11-24T16:46:11","slug":"barras","status":"publish","type":"page","link":"https:\/\/blog.espol.edu.ec\/cloayza\/barras\/","title":{"rendered":"Barras"},"content":{"rendered":"<p><strong>Marea Roja :\u00a0<\/strong><\/p>\n<p>El 13 de mayo de 1998, un grupo de amigos se reuni\u00f3 y decidi\u00f3 formarla, bautiz\u00e1ndola con este nombre popular: Marea Roja, con el fin de alentar a su querido equipo, el que todos los fines de semana les brinda alegr\u00edas.<\/p>\n<p align=\"justify\">Est\u00e1 conformada por m\u00e1s de 250 miembros, debidamente carnetizados, aspirando en este a\u00f1o integrar a m\u00e1s personas, para as\u00ed cumplir su objetivo de convertirse en la barra mejor organizada de El Nacional y tambi\u00e9n la m\u00e1s grande del Ecuador.<a href=\"http:\/\/blog.espol.edu.ec\/cloayza\/files\/2013\/11\/mareatoja.jpg\"><img loading=\"lazy\" decoding=\"async\" class=\"alignnone size-medium wp-image-59\" alt=\"mareatoja\" src=\"http:\/\/blog.espol.edu.ec\/cloayza\/files\/2013\/11\/mareatoja-300x200.jpg\" width=\"300\" height=\"200\" srcset=\"https:\/\/blog.espol.edu.ec\/cloayza\/files\/2013\/11\/mareatoja-300x200.jpg 300w, https:\/\/blog.espol.edu.ec\/cloayza\/files\/2013\/11\/mareatoja.jpg 400w\" sizes=\"auto, (max-width: 300px) 100vw, 300px\" \/><\/a><\/p>\n<p align=\"justify\">Es la hinchada con mayor poder de convocatoria, la que alienta los 90 minutos desde la general sur, la que atrae a personas adultas, mujeres y gran cantidad de ni\u00f1os, ya que ese es su principal prop\u00f3sito, hacer de un partido de f\u00fatbol una verdadera fiesta.<\/p>\n<p align=\"justify\">\n<p align=\"justify\"><strong>Roja alta :\u00a0<\/strong><\/p>\n<p align=\"justify\">El 8 de mayo de 2002, en el Estadio Ol\u00edmpico Atahualpa, 8 personas plenamente identificadas con la divisa de El Nacional decidieron formar una barra que se caracterizara por brindar un apoyo permanente e irrestricto al club, en cualquier cancha del pa\u00eds.<\/p>\n<p align=\"justify\">Aquella noche, El Nacional jug\u00f3 ante Boca Juniors de Argentina y pese a no obtener un triunfo su amor y pasi\u00f3n por el rojo se mantuvieron intactos.<\/p>\n<p align=\"justify\"><a href=\"http:\/\/blog.espol.edu.ec\/cloayza\/files\/2013\/11\/rojaalta1.jpg\"><img loading=\"lazy\" decoding=\"async\" class=\"alignnone size-full wp-image-60\" alt=\"rojaalta1\" src=\"http:\/\/blog.espol.edu.ec\/cloayza\/files\/2013\/11\/rojaalta1.jpg\" width=\"300\" height=\"206\" \/><\/a><\/p>\n<p align=\"justify\">La Roja Alta, nombre escogido porque al igual que los objetivos de la instituci\u00f3n sus prop\u00f3sitos son igualmente altos y claros.<\/p>\n<p align=\"justify\">\n<p align=\"justify\"><strong>El infierno rojo :\u00a0<\/strong><\/p>\n<p align=\"justify\">El 8 de mayo de 2001 pasaba por la mente de algunos muchachos formar una barra que marcara diferencia, una barra fiel, incondicional y sobre todo que sus miembros estuvieran dispuestos a alentar los 90 minutos para, de esta manera, inyectar euforia y algarab\u00eda a toda la hinchada criolla y domingo a domingo formar una barra grande para un equipo grande y as\u00ed cumplir el gran sue\u00f1o de pintar de rojo de extremo a extremo los grader\u00edos.<\/p>\n<p align=\"justify\"><a href=\"http:\/\/blog.espol.edu.ec\/cloayza\/files\/2013\/11\/infierno.jpg\"><img loading=\"lazy\" decoding=\"async\" class=\"alignnone size-medium wp-image-61\" alt=\"infierno\" src=\"http:\/\/blog.espol.edu.ec\/cloayza\/files\/2013\/11\/infierno-300x225.jpg\" width=\"300\" height=\"225\" srcset=\"https:\/\/blog.espol.edu.ec\/cloayza\/files\/2013\/11\/infierno-300x225.jpg 300w, https:\/\/blog.espol.edu.ec\/cloayza\/files\/2013\/11\/infierno.jpg 400w\" sizes=\"auto, (max-width: 300px) 100vw, 300px\" \/><\/a><\/p>\n<p align=\"justify\">Al momento est\u00e1 integrada por 50 personas, la mayor\u00eda j\u00f3venes estudiantes, hombres y mujeres. Su aspiraci\u00f3n es contar con un mayor n\u00famero de hinchas con un solo requisito: tener la firme decisi\u00f3n de apoyar al equipo durante todo el partido, llevar puesta su camiseta y un trapo rojo en la mano para agitarlo en el aire.<\/p>\n<p><strong>\u00a0<\/strong><\/p>\n","protected":false},"excerpt":{"rendered":"<p>Marea Roja :\u00a0 El 13 de mayo de 1998, un grupo de amigos se reuni\u00f3 y decidi\u00f3 formarla, bautiz\u00e1ndola con este nombre popular: Marea Roja, con el fin de alentar a su querido equipo, el que todos los fines de &hellip; <a href=\"https:\/\/blog.espol.edu.ec\/cloayza\/barras\/\">Sigue leyendo <span class=\"meta-nav\">&rarr;<\/span><\/a><\/p>\n","protected":false},"author":8783,"featured_media":0,"parent":0,"menu_order":0,"comment_status":"open","ping_status":"open","template":"","meta":{"footnotes":""},"class_list":["post-50","page","type-page","status-publish","hentry"],"_links":{"self":[{"href":"https:\/\/blog.espol.edu.ec\/cloayza\/wp-json\/wp\/v2\/pages\/50","targetHints":{"allow":["GET"]}}],"collection":[{"href":"https:\/\/blog.espol.edu.ec\/cloayza\/wp-json\/wp\/v2\/pages"}],"about":[{"href":"https:\/\/blog.espol.edu.ec\/cloayza\/wp-json\/wp\/v2\/types\/page"}],"author":[{"embeddable":true,"href":"https:\/\/blog.espol.edu.ec\/cloayza\/wp-json\/wp\/v2\/users\/8783"}],"replies":[{"embeddable":true,"href":"https:\/\/blog.espol.edu.ec\/cloayza\/wp-json\/wp\/v2\/comments?post=50"}],"version-history":[{"count":1,"href":"https:\/\/blog.espol.edu.ec\/cloayza\/wp-json\/wp\/v2\/pages\/50\/revisions"}],"predecessor-version":[{"id":62,"href":"https:\/\/blog.espol.edu.ec\/cloayza\/wp-json\/wp\/v2\/pages\/50\/revisions\/62"}],"wp:attachment":[{"href":"https:\/\/blog.espol.edu.ec\/cloayza\/wp-json\/wp\/v2\/media?parent=50"}],"curies":[{"name":"wp","href":"https:\/\/api.w.org\/{rel}","templated":true}]}}