{"id":67,"date":"2013-11-24T17:03:40","date_gmt":"2013-11-24T17:03:40","guid":{"rendered":"http:\/\/blog.espol.edu.ec\/cloayza\/?page_id=67"},"modified":"2013-11-24T17:03:40","modified_gmt":"2013-11-24T17:03:40","slug":"proyecto-ciudad-deportiva-la-victoria","status":"publish","type":"page","link":"https:\/\/blog.espol.edu.ec\/cloayza\/proyecto-ciudad-deportiva-la-victoria\/","title":{"rendered":"Proyecto \"Ciudad deportiva la Victoria \""},"content":{"rendered":"<p>Bueno algo que en realidad le hace falta aun Club de esta talla es un estadio propio , y a sido algo que se a pedido ya hace\u00a0alg\u00fan\u00a0tiempo .<\/p>\n<p>Por suerte esto ya esta en marcha ya que ya esta en construccion un estadio he aqui un boletin : \"<\/p>\n<p>La primera relacionada con el \u00e1mbito deportivo que permitir\u00e1 la construcci\u00f3n del estadio multiprop\u00f3sito con un aforo para 40.000 personas, c\u00f3modamente sentadas, en el cual podr\u00e1 la ciudadan\u00eda no solo ver la actividad deportiva, sino eventos culturales de toda \u00edndole, con la tecnolog\u00eda de punta que har\u00e1 de este lugar uno de los mejores y m\u00e1s vistosos del mundo, adem\u00e1s contar\u00e1 con canchas alternas para el equipo de primera y formativas, \u00e1reas de concentraci\u00f3n de jugadores y un sector para entrenamiento y rehabilitaci\u00f3n de personas con capacidades diferentes.<\/p>\n<p>Un ambiente comercial que comprender\u00e1 la construcci\u00f3n de un mall con \u00e1reas recreativas, salas de cine, locales de comida y comerciales, tendiente a dinamizar la econom\u00eda del sector y dar bienestar a los habitantes del mismo.<\/p>\n<p>Y un \u00e1rea para desarrollo de infraestructura habitacional, donde se construir\u00e1 bloques de departamentos multifamiliares para dar cabida a habitantes de este sector tan pr\u00f3spero de la capital.<\/p>\n<p>Todo ello, se construir\u00e1 en una extensi\u00f3n de aproximadamente 20 hect\u00e1reas, en la zona de Quitumbe, al sur de la capital, donde se encuentra la mayor\u00eda de la hinchada roja.\" \u00a0manifest\u00f3\u00a0la\u00a0diligencia criolla .<\/p>\n<p>Tengo entendido que el estadio esta avanzando junto ala ciudadela que\u00a0estar\u00e1\u00a0 junto a ella \u00a0, la capacidad sera para 45.000 personas \u00a0,\u00a0as\u00ed\u00a0sera el proyecto final<\/p>\n<p><a href=\"http:\/\/blog.espol.edu.ec\/cloayza\/files\/2013\/11\/lavictoria_copy.jpg\"><img loading=\"lazy\" decoding=\"async\" class=\"alignnone size-medium wp-image-68\" alt=\"lavictoria_copy\" src=\"http:\/\/blog.espol.edu.ec\/cloayza\/files\/2013\/11\/lavictoria_copy-300x139.jpg\" width=\"300\" height=\"139\" srcset=\"https:\/\/blog.espol.edu.ec\/cloayza\/files\/2013\/11\/lavictoria_copy-300x139.jpg 300w, https:\/\/blog.espol.edu.ec\/cloayza\/files\/2013\/11\/lavictoria_copy-500x232.jpg 500w, https:\/\/blog.espol.edu.ec\/cloayza\/files\/2013\/11\/lavictoria_copy.jpg 640w\" sizes=\"auto, (max-width: 300px) 100vw, 300px\" \/><\/a><\/p>\n<p>&nbsp;<\/p>\n","protected":false},"excerpt":{"rendered":"<p>Bueno algo que en realidad le hace falta aun Club de esta talla es un estadio propio , y a sido algo que se a pedido ya hace\u00a0alg\u00fan\u00a0tiempo . Por suerte esto ya esta en marcha ya que ya esta &hellip; <a href=\"https:\/\/blog.espol.edu.ec\/cloayza\/proyecto-ciudad-deportiva-la-victoria\/\">Sigue leyendo <span class=\"meta-nav\">&rarr;<\/span><\/a><\/p>\n","protected":false},"author":8783,"featured_media":0,"parent":0,"menu_order":0,"comment_status":"open","ping_status":"open","template":"","meta":{"footnotes":""},"class_list":["post-67","page","type-page","status-publish","hentry"],"_links":{"self":[{"href":"https:\/\/blog.espol.edu.ec\/cloayza\/wp-json\/wp\/v2\/pages\/67","targetHints":{"allow":["GET"]}}],"collection":[{"href":"https:\/\/blog.espol.edu.ec\/cloayza\/wp-json\/wp\/v2\/pages"}],"about":[{"href":"https:\/\/blog.espol.edu.ec\/cloayza\/wp-json\/wp\/v2\/types\/page"}],"author":[{"embeddable":true,"href":"https:\/\/blog.espol.edu.ec\/cloayza\/wp-json\/wp\/v2\/users\/8783"}],"replies":[{"embeddable":true,"href":"https:\/\/blog.espol.edu.ec\/cloayza\/wp-json\/wp\/v2\/comments?post=67"}],"version-history":[{"count":1,"href":"https:\/\/blog.espol.edu.ec\/cloayza\/wp-json\/wp\/v2\/pages\/67\/revisions"}],"predecessor-version":[{"id":69,"href":"https:\/\/blog.espol.edu.ec\/cloayza\/wp-json\/wp\/v2\/pages\/67\/revisions\/69"}],"wp:attachment":[{"href":"https:\/\/blog.espol.edu.ec\/cloayza\/wp-json\/wp\/v2\/media?parent=67"}],"curies":[{"name":"wp","href":"https:\/\/api.w.org\/{rel}","templated":true}]}}