{"id":23,"date":"2009-04-14T01:07:50","date_gmt":"2009-04-14T05:07:50","guid":{"rendered":"http:\/\/blog.espol.edu.ec\/clubemprendedores\/?page_id=23"},"modified":"2009-04-14T02:09:27","modified_gmt":"2009-04-14T06:09:27","slug":"nuestra-historia","status":"publish","type":"page","link":"https:\/\/blog.espol.edu.ec\/clubemprendedores\/nuestra-historia\/","title":{"rendered":"Nuestra Historia"},"content":{"rendered":"<p>\u00a0<\/p>\n<p>Aqu\u00ed les mostramos nuestro primer video, de la cu\u00e1l indica brevemente c\u00f3mo fue nuestro inicio y a la vez nuestra primera actividad como Club de Emprendedores ESPOL.<\/p>\n<p><object width=\"320\" height=\"265\" data=\"http:\/\/www.youtube.com\/v\/ZZEZs2c85EY&amp;hl=es&amp;fs=1&amp;color1=0x234900&amp;color2=0x4e9e00\" type=\"application\/x-shockwave-flash\"><param name=\"allowFullScreen\" value=\"true\" \/><param name=\"allowscriptaccess\" value=\"always\" \/><param name=\"src\" value=\"http:\/\/www.youtube.com\/v\/ZZEZs2c85EY&amp;hl=es&amp;fs=1&amp;color1=0x234900&amp;color2=0x4e9e00\" \/><param name=\"allowfullscreen\" value=\"true\" \/><\/object><\/p>\n","protected":false},"excerpt":{"rendered":"<p>\u00a0 Aqu\u00ed les mostramos nuestro primer video, de la cu\u00e1l indica brevemente c\u00f3mo fue nuestro inicio y a la vez nuestra primera actividad como Club de Emprendedores ESPOL.<\/p>\n","protected":false},"author":92,"featured_media":0,"parent":0,"menu_order":0,"comment_status":"open","ping_status":"open","template":"","meta":{"footnotes":""},"class_list":["post-23","page","type-page","status-publish","hentry"],"_links":{"self":[{"href":"https:\/\/blog.espol.edu.ec\/clubemprendedores\/wp-json\/wp\/v2\/pages\/23","targetHints":{"allow":["GET"]}}],"collection":[{"href":"https:\/\/blog.espol.edu.ec\/clubemprendedores\/wp-json\/wp\/v2\/pages"}],"about":[{"href":"https:\/\/blog.espol.edu.ec\/clubemprendedores\/wp-json\/wp\/v2\/types\/page"}],"author":[{"embeddable":true,"href":"https:\/\/blog.espol.edu.ec\/clubemprendedores\/wp-json\/wp\/v2\/users\/92"}],"replies":[{"embeddable":true,"href":"https:\/\/blog.espol.edu.ec\/clubemprendedores\/wp-json\/wp\/v2\/comments?post=23"}],"version-history":[{"count":3,"href":"https:\/\/blog.espol.edu.ec\/clubemprendedores\/wp-json\/wp\/v2\/pages\/23\/revisions"}],"predecessor-version":[{"id":25,"href":"https:\/\/blog.espol.edu.ec\/clubemprendedores\/wp-json\/wp\/v2\/pages\/23\/revisions\/25"}],"wp:attachment":[{"href":"https:\/\/blog.espol.edu.ec\/clubemprendedores\/wp-json\/wp\/v2\/media?parent=23"}],"curies":[{"name":"wp","href":"https:\/\/api.w.org\/{rel}","templated":true}]}}