{"id":2,"date":"2013-05-17T18:43:21","date_gmt":"2013-05-17T18:43:21","guid":{"rendered":"http:\/\/blog.espol.edu.ec\/cmperalt\/?page_id=2"},"modified":"2013-05-30T22:53:37","modified_gmt":"2013-05-30T22:53:37","slug":"pagina-ejemplo","status":"publish","type":"page","link":"https:\/\/blog.espol.edu.ec\/cmperalt\/pagina-ejemplo\/","title":{"rendered":"HISTORIA DE VINCES"},"content":{"rendered":"<p>San Lorenzo de Vinces es cabecera cantonal del cant\u00f3n Vinces. Es uno de los cantones m\u00e1s antiguos de la provincia de Los R\u00edos, en el Ecuador con un estimado de 72.000 habitantes, el 61% de su poblaci\u00f3n reside en el \u00e1rea rural, se caracteriza por ser una poblaci\u00f3n de j\u00f3venes, ya que alrededor del 44% de la poblaci\u00f3n son menores de 20 a\u00f1os. En la cabecera cantonal Vinces residen alrededor de 25.000 habitantes. Se encuentra en la costa ecuatoriana, aproximadamente a 100 km al norte de la ciudad de Guayaquil.<br \/>\nEl cant\u00f3n Vinces fue formado el a\u00f1o de 1845 con la parroquia Vinces y Palenque, por el Gobierno Provisorio de aquella \u00e9poca y confirmado por la Convenci\u00f3n Nacional reunida en Cuenca en el mismo a\u00f1o. Constituido en cant\u00f3n, Vinces pas\u00f3 a formar parte de la antigua provincia del Guayas, para posteriormente en 1860 con la creaci\u00f3n de la provincia de Los R\u00edos pasar a formar parte de esta.<br \/>\nVinces cuenta con uno de los humedales m\u00e1s extensos del pa\u00eds, como es el Humedal de Abras de Mantequilla (sitio RAMSAR), situado a 10 Km. de la poblaci\u00f3n, con una extensi\u00f3n de 22.500 has. que sirve de h\u00e1bitat a m\u00e1s de 120 especies en peligro de extinci\u00f3n www.birdlife.org. Hermosas playas de agua dulce, rica gastronom\u00eda nacional, artesan\u00edas, bellezas naturales, y mucho m\u00e1s.<br \/>\nEn la \u00e9poca invernal Vinces se caracteriza por los deportes acu\u00e1ticos donde se destaca la regata de trascendencia internacional, la famosa competencia de botes a motor fuera de borda Guayaquil \u2013 Vinces (www.vincesnautico.com).<\/p>\n","protected":false},"excerpt":{"rendered":"<p>San Lorenzo de Vinces es cabecera cantonal del cant\u00f3n Vinces. Es uno de los cantones m\u00e1s antiguos de la provincia de Los R\u00edos, en el Ecuador con un estimado de 72.000 habitantes, el 61% de su poblaci\u00f3n reside en el \u00e1rea rural, se caracteriza por ser una poblaci\u00f3n de j\u00f3venes, ya que alrededor del 44% [&hellip;]<\/p>\n","protected":false},"author":8535,"featured_media":0,"parent":0,"menu_order":0,"comment_status":"open","ping_status":"open","template":"","meta":{"footnotes":""},"class_list":["post-2","page","type-page","status-publish","hentry"],"_links":{"self":[{"href":"https:\/\/blog.espol.edu.ec\/cmperalt\/wp-json\/wp\/v2\/pages\/2","targetHints":{"allow":["GET"]}}],"collection":[{"href":"https:\/\/blog.espol.edu.ec\/cmperalt\/wp-json\/wp\/v2\/pages"}],"about":[{"href":"https:\/\/blog.espol.edu.ec\/cmperalt\/wp-json\/wp\/v2\/types\/page"}],"author":[{"embeddable":true,"href":"https:\/\/blog.espol.edu.ec\/cmperalt\/wp-json\/wp\/v2\/users\/8535"}],"replies":[{"embeddable":true,"href":"https:\/\/blog.espol.edu.ec\/cmperalt\/wp-json\/wp\/v2\/comments?post=2"}],"version-history":[{"count":2,"href":"https:\/\/blog.espol.edu.ec\/cmperalt\/wp-json\/wp\/v2\/pages\/2\/revisions"}],"predecessor-version":[{"id":24,"href":"https:\/\/blog.espol.edu.ec\/cmperalt\/wp-json\/wp\/v2\/pages\/2\/revisions\/24"}],"wp:attachment":[{"href":"https:\/\/blog.espol.edu.ec\/cmperalt\/wp-json\/wp\/v2\/media?parent=2"}],"curies":[{"name":"wp","href":"https:\/\/api.w.org\/{rel}","templated":true}]}}