{"id":34,"date":"2013-05-30T23:13:20","date_gmt":"2013-05-30T23:13:20","guid":{"rendered":"http:\/\/blog.espol.edu.ec\/cmperalt\/?page_id=34"},"modified":"2013-05-30T23:22:12","modified_gmt":"2013-05-30T23:22:12","slug":"motocross-vinceno","status":"publish","type":"page","link":"https:\/\/blog.espol.edu.ec\/cmperalt\/motocross-vinceno\/","title":{"rendered":"MOTOCROSS VINCE\u00d1O"},"content":{"rendered":"<p><iframe loading=\"lazy\" title=\"motocross vince\u00f1os\" width=\"590\" height=\"443\" src=\"https:\/\/www.youtube.com\/embed\/c0EIOYokTlw?feature=oembed\" frameborder=\"0\" allow=\"accelerometer; autoplay; clipboard-write; encrypted-media; gyroscope; picture-in-picture; web-share\" referrerpolicy=\"strict-origin-when-cross-origin\" allowfullscreen><\/iframe><\/p>\n<p>EL MOTOCROS EN VINCES ES ALGO MUY USUAL, YA QUE NO HAY NADA MEJOR QUE DISFRUTAR DE ESTE DEPORTE<br \/>\nEN VINCES LO DIVERTIDO DE QUE SEA UN PUEBLO PEQUE\u00d1O ES QUE CONOCES A TODOS, Y SALIR A PASEAR CON TUS AMIGOS EN MOTO POR LAS CALLES DE NUESTRO MARAVILLOSO CANT\u00d3N ES LO M\u00c1XIMO... TE DIVIERTES A FULL AL MISMO TIEMPO QUE REFRESCAS TU MENTE Y TOMAS AIRE...<br \/>\nEN BLAZAR DE VINCES, UNA PARROQUIA DE VINCES EXISTE UNA PISTA DE MOTOS, DONDE AFICONADOS CORREN POR DEPORTE... NO ES MUY GRANDE PERO PARA LOS AMANTES DE LAS MOTOS ES MUY DIVERTIDO ESTAR AHI...<\/p>\n","protected":false},"excerpt":{"rendered":"<p>EL MOTOCROS EN VINCES ES ALGO MUY USUAL, YA QUE NO HAY NADA MEJOR QUE DISFRUTAR DE ESTE DEPORTE EN VINCES LO DIVERTIDO DE QUE SEA UN PUEBLO PEQUE\u00d1O ES QUE CONOCES A TODOS, Y SALIR A PASEAR CON TUS AMIGOS EN MOTO POR LAS CALLES DE NUESTRO MARAVILLOSO CANT\u00d3N ES LO M\u00c1XIMO... TE DIVIERTES [&hellip;]<\/p>\n","protected":false},"author":8535,"featured_media":0,"parent":0,"menu_order":0,"comment_status":"open","ping_status":"open","template":"","meta":{"footnotes":""},"class_list":["post-34","page","type-page","status-publish","hentry"],"_links":{"self":[{"href":"https:\/\/blog.espol.edu.ec\/cmperalt\/wp-json\/wp\/v2\/pages\/34","targetHints":{"allow":["GET"]}}],"collection":[{"href":"https:\/\/blog.espol.edu.ec\/cmperalt\/wp-json\/wp\/v2\/pages"}],"about":[{"href":"https:\/\/blog.espol.edu.ec\/cmperalt\/wp-json\/wp\/v2\/types\/page"}],"author":[{"embeddable":true,"href":"https:\/\/blog.espol.edu.ec\/cmperalt\/wp-json\/wp\/v2\/users\/8535"}],"replies":[{"embeddable":true,"href":"https:\/\/blog.espol.edu.ec\/cmperalt\/wp-json\/wp\/v2\/comments?post=34"}],"version-history":[{"count":4,"href":"https:\/\/blog.espol.edu.ec\/cmperalt\/wp-json\/wp\/v2\/pages\/34\/revisions"}],"predecessor-version":[{"id":44,"href":"https:\/\/blog.espol.edu.ec\/cmperalt\/wp-json\/wp\/v2\/pages\/34\/revisions\/44"}],"wp:attachment":[{"href":"https:\/\/blog.espol.edu.ec\/cmperalt\/wp-json\/wp\/v2\/media?parent=34"}],"curies":[{"name":"wp","href":"https:\/\/api.w.org\/{rel}","templated":true}]}}