{"id":2,"date":"2011-10-18T21:52:07","date_gmt":"2011-10-18T21:52:07","guid":{"rendered":""},"modified":"2011-11-15T02:32:29","modified_gmt":"2011-11-15T02:32:29","slug":"about","status":"publish","type":"page","link":"https:\/\/blog.espol.edu.ec\/cnmedina\/about\/","title":{"rendered":"Regi\u00f3n Costa"},"content":{"rendered":"<p><span style=\"color: #0000ff\"><br \/>\n<\/span><\/p>\n<p><strong><span style=\"color: #0000ff\"><span style=\"color: #ff0000\">I<\/span><span style=\"color: #ff0000\"><span style=\"color: #ff0000\">nform<\/span>aci\u00f3n de la Reserva Cayapas-Mataje<\/span><\/span><\/strong><\/p>\n<p><span style=\"color: #0000ff\"><strong><span style=\"color: #ff6600\">UBICACION en provincias<\/span><\/strong><br \/>\n<a href=\"http:\/\/www.explored.com.ec\/ecuador\/esme.htm\">Esmeraldas<\/a><\/span><\/p>\n<p><strong><span style=\"color: #0000ff\"> <\/span><\/strong><\/p>\n<p><span style=\"color: #0000ff\"><strong><span style=\"color: #ff6600\">Creaci\u00f3n<\/span><\/strong><br \/>\nOctubre 26,1995<br \/>\nResoluci\u00f3n No. 001 DE (052-A-DE)<\/span><\/p>\n<p><strong><span style=\"color: #0000ff\"> <\/span><\/strong><\/p>\n<p><span style=\"color: #0000ff\"><strong><span style=\"color: #ff6600\">Superficie<\/span><\/strong><br \/>\n51.300 ha - 126760.56 acres<\/span><\/p>\n<p><strong><span style=\"color: #0000ff\"> <\/span><\/strong><\/p>\n<p><span style=\"color: #0000ff\"><strong><span style=\"color: #ff6600\">Rango altitudinal<\/span><\/strong><br \/>\n0 - 35 msnm<br \/>\n0 - 115 pies<\/span><\/p>\n<p><span style=\"color: #0000ff\"><span style=\"color: #0000ff\">La Reserva E<\/span>col\u00f3gica Cayapas-Mataje \u00a0es una zona productora de recursos alimenticios como conchas, peces, camar\u00f3n y cangrejo azul, los cuales constituyen parte importante de la dieta alimenticia de las comunidades Aw\u00e1 y Chachis<\/span><\/p>\n<p><span style=\"color: #0000ff\">Fue creada el 26 de octubre de 1995. La declaraci\u00f3n de reserva natural surgi\u00f3 a partir de la necesidad de frenar los procesos de sobre explotaci\u00f3n y contaminaci\u00f3n ambiental que se desarrollaban en la zona.<\/span><\/p>\n<p><span style=\"color: #0000ff\">La reserva adopt\u00f3 el nombre de los r\u00edos que limitan su territorio. El Cayapas que a su vez tiene tres fluviales: Santiago, Onzole, San Miguel y el Mataje, ubicado en el l\u00edmite fronterizo con Colombia.<\/span><\/p>\n<p><span style=\"color: #0000ff\">En esta reserva el bosque est\u00e1 constituido por varios tipos de mangle: el colorado, el rojo, el blanco y el negro. Asociadas al manglar viven muchas especies acu\u00e1ticas: la concha macho, la concha hembra, el osti\u00f3n, el cangrejo rojo y el cangrejo azul; entre los mam\u00edferos se encuentran el periquillo y el oso hormiguero peque\u00f1o.<\/span><\/p>\n<p><span style=\"color: #0000ff\">Adem\u00e1s en la reserva Cayapas-Mataje se encuentran varias especies que han sido declaradas en peligro de extinci\u00f3n. Entre las m\u00e1s destacadas est\u00e1n la nutria o lobo, el perico y el cocodrilo.<\/span><\/p>\n<p><span style=\"color: #0000ff\">En la reserva tambi\u00e9n hay bosques de guandales, caracterizados por ser zonas pantanosas con suelos muy inestables, en los que hay \u00e1rboles de cu\u00e1ngare, sajo, tangar\u00e9, \u00e1nime y sande.<\/span><\/p>\n<p><span style=\"color: #0000ff\">Entre los paisajes m\u00e1s representativos de la zona, podemos se\u00f1alar: los manglares de Majagual, La Tolita (Pampa de oro), Estero El Viento, Las playas de San Pedro y Cauchal, La poblaci\u00f3n de Palma Real, La Cascada o Salto y la Poblaci\u00f3n de San Lorenzo, que se encuentra en el limite de la reserva, donde se puede encontrar hoteles, restaurantes y todas las facilidades para embarcarse y emprender cualquier viaje hacia el interior del \u00e1rea.<\/span><\/p>\n<p><img decoding=\"async\" src=\"http:\/\/www.ccondem.org.ec\/getIm.php?s=NfP.a6V6a8A.IUYyy&amp;x=500&amp;y=375\" alt=\"mapa\" \/><\/p>\n<p><strong><span style=\"color: #ff0000\">Reserva Ecol\u00f3gica Mache Chindul<\/span><\/strong><\/p>\n<p><span style=\"color: #0000ff\">La Reserva contiene uno de los \u00faltimos remanentes de bosque muy h\u00famedo tropical de la Costa ecuatoriana y tal vez del mundo, caracterizado por su alt\u00edsima biodiversidad y sorprendentes niveles de endemismo. Otro de los hechos sobresalientes de la Reserva es el sistema hidrogr\u00e1fico monta\u00f1oso que mantiene y que alimenta r\u00edos de importancia en Manab\u00ed -como el Cuaque, el Cojim\u00edes y el Cheve-, y tambi\u00e9n en Esmeraldas, entre los que est\u00e1n el Muisne, el Atacames, el Tiaone y el D\u00f3gola, para citar s\u00f3lo los m\u00e1s conocidos; es una zona h\u00fameda por excelencia que a\u00fan durante la estaci\u00f3n seca mantiene una neblina permanente en sus sectores m\u00e1s altos. Por estas razones, el Estado ecuatoriano, en el marco de sus Pol\u00edticas B\u00e1sicas Ambientales, incluy\u00f3 a estos remanentes de bosque noroccidentales como la regi\u00f3n geogr\u00e1fica de mayor prioridad para la conservaci\u00f3n en el Ecuador, hecho significativo considerando que esta misma zona guarda la mayor reserva forestal de la Costa y soporta varias presiones en torno a la explotaci\u00f3n de ese recurso.<\/span><\/p>\n<p><span style=\"color: #0000ff\">La Reserva Ecol\u00f3gica Mache-Chindul es una de las Areas Protegidas m\u00e1s recientemente creadas; su nombre viene dado por las cordilleras menores sobre las que se ubica, \u00faltimo obst\u00e1culo antes de llegar al oc\u00e9ano desde el interior del continente.<\/span><\/p>\n<p><span style=\"color: #0000ff\"><br \/>\n<\/span> <img decoding=\"async\" src=\"http:\/\/riocuasa.com\/image\/reservafoto.jpg\" alt=\"mapa2\" \/><\/p>\n<p><strong><span style=\"color: #ff0000\">Parque Nacional Machalilla<\/span><\/strong><\/p>\n<p><span style=\"color: #0000ff\"><strong><span style=\"color: #ff6600\">UBICACION en provincias<\/span><\/strong><br \/>\n<a href=\"http:\/\/www.explored.com.ec\/ecuador\/manab.htm\">Manab\u00ed<\/a><\/span><\/p>\n<p><span style=\"color: #0000ff\"><strong> <\/strong><\/span><\/p>\n<p><span style=\"color: #0000ff\"><strong><span style=\"color: #ff6600\">Creaci\u00f3n<\/span><\/strong><br \/>\n26 de julio de 1979<br \/>\nAcuerdo Interministerial No. 069<\/span><\/p>\n<p><span style=\"color: #0000ff\"><strong> <\/strong><\/span><\/p>\n<p><span style=\"color: #0000ff\"><strong><span style=\"color: #ff6600\">Superficie<\/span><\/strong><br \/>\n55059 has- 136049 acres<\/span><\/p>\n<p><span style=\"color: #0000ff\"><strong> <\/strong><\/span><\/p>\n<p><span style=\"color: #0000ff\"><strong><span style=\"color: #ff6600\">Rango altitudinal<\/span><\/strong><br \/>\n0-850 m<br \/>\n0-2788 pies<\/span><\/p>\n<p><span style=\"color: #0000ff\"> Descripci\u00f3n de la ZonaEl clima y por tanto la vegetaci\u00f3n, del Parque han sido determinadas decisivamente por la convergencia alternante frente a sus costas de la corriente fr\u00eda de Humboldt y la corriente c\u00e1lida de Panam\u00e1, fen\u00f3meno que ha marcado en el Parque dos \u00e9pocas del a\u00f1o claramente definidas: una lluviosa de enero a mayo, y otra seca de junio a diciembre. A esta particularidad marina hay que a\u00f1adir la igualmente determinante influencia de la cordillera costera Chong\u00f3n-Colonche, con su agreste orograf\u00eda que caprichosamente atraviesa el Parque ocasionado variaciones microclim\u00e1ticas \u00fanicas y la presencia de espectaculares acantilados.<\/span><\/p>\n<p><span style=\"color: #0000ff\">Machalilla que se compara en importancia y magnitud a su fabulosa muestra de especies marinas y terrestres; el Parque es un verdadero museo natural de la historia precolombina del Ecuador y Sudam\u00e9rica. En esta zona se han encontrado varios Turismo-Sitios que contienen contundente evidencia arqueol\u00f3gica de las m\u00e1s importantes culturas de la costa ecuatoriana, entre ellas la cultura Valdivia, posiblemente el asentamiento humano m\u00e1s antiguo de sudam\u00e9rica; estos hallazgos han probado que al \u00e1rea de Machalilla constituy\u00f3 un centro de comercio mar\u00edtimo important\u00edsimo a nivel regional.<\/span><\/p>\n<p><span style=\"color: #0000ff\">Es uno de los parques nacionales m\u00e1s visitados del Ecuador; contiene, a m\u00e1s del territorio continental, las islas Salango y de La Plata, varias islas menores e islotes pintorescos, y un \u00e1rea marina de dos millas n\u00e1uticas que se adentra en el mar desde la costa.<\/span><\/p>\n<p><span style=\"font-family: Helvetica\"><span style=\"line-height: normal\"><strong><br \/>\n<\/strong><\/span><\/span><\/p>\n<p><img decoding=\"async\" src=\"http:\/\/ecuador.pordescubrir.com\/wp-content\/uploads\/2008\/09\/parquenacionalmachalilla.JPG\" alt=\"mapa3\" \/><\/p>\n<form id=\"vozme_form_d41d8cd98f00b204e9800998ecf8427e\" method=\"post\" name=\"vozme_form_d41d8cd98f00b204e9800998ecf8427e\" target=\"d41d8cd98f00b204e9800998ecf8427e\" action=\"http:\/\/vozme.com\/text2voice.php\"><input name=\"text\" type=\"hidden\" value=\"Regi\u00f3n Costa. \n\nInformaci\u00f3n de la Reserva Cayapas-Mataje\nUBICACION en provincias\nEsmeraldas\n \nCreaci\u00f3n\nOctubre 26,1995\nResoluci\u00f3n No. 001 DE (052-A-DE)\n \nSuperficie\n51.300 ha - 126760.56 acres\n \nRango altitudinal\n0 - 35 msnm\n0 - 115 pies\nLa Reserva Ecol\u00f3gica Cayapas-Mataje \u00a0es una zona productora de recursos alimenticios como conchas, peces, camar\u00f3n y cangrejo azul, los cuales constituyen parte importante de la dieta alimenticia de las comunidades Aw\u00e1 y Chachis\nFue creada el 26 de octubre de 1995. La declaraci\u00f3n de reserva natural surgi\u00f3 a partir de la necesidad de frenar los procesos de sobre explotaci\u00f3n y contaminaci\u00f3n ambiental que se desarrollaban en la zona.\nLa reserva adopt\u00f3 el nombre de los r\u00edos que limitan su territorio. El Cayapas que a su vez tiene tres fluviales: Santiago, Onzole, San Miguel y el Mataje, ubicado en el l\u00edmite fronterizo con Colombia.\nEn esta reserva el bosque est\u00e1 constituido por varios tipos de mangle: el colorado, el rojo, el blanco y el negro. Asociadas al manglar viven muchas especies acu\u00e1ticas: la concha macho, la concha hembra, el osti\u00f3n, el cangrejo rojo y el cangrejo azul; entre los mam\u00edferos se encuentran el periquillo y el oso hormiguero peque\u00f1o.\nAdem\u00e1s en la reserva Cayapas-Mataje se encuentran varias especies que han sido declaradas en peligro de extinci\u00f3n. Entre las m\u00e1s destacadas est\u00e1n la nutria o lobo, el perico y el cocodrilo.\nEn la reserva tambi\u00e9n hay bosques de guandales, caracterizados por ser zonas pantanosas con suelos muy inestables, en los que hay \u00e1rboles de cu\u00e1ngare, sajo, tangar\u00e9, \u00e1nime y sande.\nEntre los paisajes m\u00e1s representativos de la zona, podemos se\u00f1alar: los manglares de Majagual, La Tolita (Pampa de oro), Estero El Viento, Las playas de San Pedro y Cauchal, La poblaci\u00f3n de Palma Real, La Cascada o Salto y la Poblaci\u00f3n de San Lorenzo, que se encuentra en el limite de la reserva, donde se puede encontrar hoteles, restaurantes y todas las facilidades para embarcarse y emprender cualquier viaje hacia el interior del \u00e1rea.\n\nReserva Ecol\u00f3gica Mache Chindul\nLa Reserva contiene uno de los \u00faltimos remanentes de bosque muy h\u00famedo tropical de la Costa ecuatoriana y tal vez del mundo, caracterizado por su alt\u00edsima biodiversidad y sorprendentes niveles de endemismo. Otro de los hechos sobresalientes de la Reserva es el sistema hidrogr\u00e1fico monta\u00f1oso que mantiene y que alimenta r\u00edos de importancia en Manab\u00ed -como el Cuaque, el Cojim\u00edes y el Cheve-, y tambi\u00e9n en Esmeraldas, entre los que est\u00e1n el Muisne, el Atacames, el Tiaone y el D\u00f3gola, para citar s\u00f3lo los m\u00e1s conocidos; es una zona h\u00fameda por excelencia que a\u00fan durante la estaci\u00f3n seca mantiene una neblina permanente en sus sectores m\u00e1s altos. Por estas razones, el Estado ecuatoriano, en el marco de sus Pol\u00edticas B\u00e1sicas Ambientales, incluy\u00f3 a estos remanentes de bosque noroccidentales como la regi\u00f3n geogr\u00e1fica de mayor prioridad para la conservaci\u00f3n en el Ecuador, hecho significativo considerando que esta misma zona guarda la mayor reserva forestal de la Costa y soporta varias presiones en torno a la explotaci\u00f3n de ese recurso.\nLa Reserva Ecol\u00f3gica Mache-Chindul es una de las Areas Protegidas m\u00e1s recientemente creadas; su nombre viene dado por las cordilleras menores sobre las que se ubica, \u00faltimo obst\u00e1culo antes de llegar al oc\u00e9ano desde el interior del continente.\n\n \nParque Nacional Machalilla\nUBICACION en provincias\nManab\u00ed\n \nCreaci\u00f3n\n26 de julio de 1979\nAcuerdo Interministerial No. 069\n \nSuperficie\n55059 has- 136049 acres\n \nRango altitudinal\n0-850 m\n0-2788 pies\n Descripci\u00f3n de la ZonaEl clima y por tanto la vegetaci\u00f3n, del Parque han sido determinadas decisivamente por la convergencia alternante frente a sus costas de la corriente fr\u00eda de Humboldt y la corriente c\u00e1lida de Panam\u00e1, fen\u00f3meno que ha marcado en el Parque dos \u00e9pocas del a\u00f1o claramente definidas: una lluviosa de enero a mayo, y otra seca de junio a diciembre. A esta particularidad marina hay que a\u00f1adir la igualmente determinante influencia de la cordillera costera Chong\u00f3n-Colonche, con su agreste orograf\u00eda que caprichosamente atraviesa el Parque ocasionado variaciones microclim\u00e1ticas \u00fanicas y la presencia de espectaculares acantilados.\nMachalilla que se compara en importancia y magnitud a su fabulosa muestra de especies marinas y terrestres; el Parque es un verdadero museo natural de la historia precolombina del Ecuador y Sudam\u00e9rica. En esta zona se han encontrado varios Turismo-Sitios que contienen contundente evidencia arqueol\u00f3gica de las m\u00e1s importantes culturas de la costa ecuatoriana, entre ellas la cultura Valdivia, posiblemente el asentamiento humano m\u00e1s antiguo de sudam\u00e9rica; estos hallazgos han probado que al \u00e1rea de Machalilla constituy\u00f3 un centro de comercio mar\u00edtimo important\u00edsimo a nivel regional.\nEs uno de los parques nacionales m\u00e1s visitados del Ecuador; contiene, a m\u00e1s del territorio continental, las islas Salango y de La Plata, varias islas menores e islotes pintorescos, y un \u00e1rea marina de dos millas n\u00e1uticas que se adentra en el mar desde la costa.\n\n\n\n\" \/><input name=\"lang\" type=\"hidden\" value=\"en\" \/><input name=\"gn\" type=\"hidden\" value=\"ml\" \/><input type=\"hidden\" id=\"interface\" name=\"interface\" value=\"full\" \/>\n\t\t\t<div style=\"margin-left:40%;\">\n\t\t\t\n\t\t\t\t<input style=\"float:left;\" type=\"image\" width=\"40\" height=\"40\" src=\"http:\/\/blog.espol.edu.ec\/cnmedina\/wp-content\/plugins\/vozme\/img\/megaphone40x40w.gif\" alt=\"Hear this post\" onclick=\"window.open('', 'd41d8cd98f00b204e9800998ecf8427e', 'width=600,height=370,scrollbars=yes,location=yes,menubar=yes,resizable=yes,status=yes,toolbar=yes');\">\n\t\t\t\t<div style=\"margin-left:48px; text-align:left;\"><a style=\"font-size:12px;\" href=\"javascript:void(0);\" onclick=\"window.open('', 'd41d8cd98f00b204e9800998ecf8427e', 'width=600,height=370,scrollbars=yes,location=yes,menubar=yes,resizable=yes,status=yes,toolbar=yes'); document.getElementById('vozme_form_d41d8cd98f00b204e9800998ecf8427e').submit();\">Hear<br\/>this post<\/a><\/div>\n\t\t\t<\/div><\/form>","protected":false},"excerpt":{"rendered":"<p>Informaci\u00f3n de la Reserva Cayapas-Mataje UBICACION en provincias Esmeraldas Creaci\u00f3n Octubre 26,1995 Resoluci\u00f3n No. 001 DE (052-A-DE) Superficie 51.300 ha - 126760.56 acres Rango altitudinal 0 - 35 msnm 0 - 115 pies La Reserva Ecol\u00f3gica Cayapas-Mataje \u00a0es una zona productora de recursos alimenticios como conchas, peces, camar\u00f3n y cangrejo azul, los cuales constituyen parte [&hellip;]<\/p>\n","protected":false},"author":6953,"featured_media":0,"parent":0,"menu_order":0,"comment_status":"open","ping_status":"open","template":"","meta":{"_monsterinsights_skip_tracking":false,"_monsterinsights_sitenote_active":false,"_monsterinsights_sitenote_note":"","_monsterinsights_sitenote_category":0,"footnotes":""},"class_list":["post-2","page","type-page","status-publish","hentry"],"aioseo_notices":[],"_links":{"self":[{"href":"https:\/\/blog.espol.edu.ec\/cnmedina\/wp-json\/wp\/v2\/pages\/2","targetHints":{"allow":["GET"]}}],"collection":[{"href":"https:\/\/blog.espol.edu.ec\/cnmedina\/wp-json\/wp\/v2\/pages"}],"about":[{"href":"https:\/\/blog.espol.edu.ec\/cnmedina\/wp-json\/wp\/v2\/types\/page"}],"author":[{"embeddable":true,"href":"https:\/\/blog.espol.edu.ec\/cnmedina\/wp-json\/wp\/v2\/users\/6953"}],"replies":[{"embeddable":true,"href":"https:\/\/blog.espol.edu.ec\/cnmedina\/wp-json\/wp\/v2\/comments?post=2"}],"version-history":[{"count":10,"href":"https:\/\/blog.espol.edu.ec\/cnmedina\/wp-json\/wp\/v2\/pages\/2\/revisions"}],"predecessor-version":[{"id":19,"href":"https:\/\/blog.espol.edu.ec\/cnmedina\/wp-json\/wp\/v2\/pages\/2\/revisions\/19"}],"wp:attachment":[{"href":"https:\/\/blog.espol.edu.ec\/cnmedina\/wp-json\/wp\/v2\/media?parent=2"}],"curies":[{"name":"wp","href":"https:\/\/api.w.org\/{rel}","templated":true}]}}