{"id":8,"date":"2011-10-20T21:08:10","date_gmt":"2011-10-20T21:08:10","guid":{"rendered":"http:\/\/blog.espol.edu.ec\/cnmedina\/yo-2\/"},"modified":"2011-11-15T03:43:05","modified_gmt":"2011-11-15T03:43:05","slug":"yo-2","status":"publish","type":"page","link":"https:\/\/blog.espol.edu.ec\/cnmedina\/yo-2\/","title":{"rendered":"Regi\u00f3n Amaz\u00f3nica."},"content":{"rendered":"<p><strong><span style=\"color: #ff0000\">R. F. Cuyabeno<\/span><\/strong><\/p>\n<p><strong><span style=\"color: #ff9900\">UBICACION en provincias<\/span><\/strong><br \/>\n<span style=\"color: #0000ff\"><a href=\"http:\/\/www.explored.com.ec\/ecuador\/sucum.htm\">Sucumb\u00edos<\/a> y una peque\u00f1a parte<a href=\"http:\/\/www.explored.com.ec\/ecuador\/napo.htm\">Napo<\/a><\/span><\/p>\n<p><strong> <\/strong><\/p>\n<p><strong><span style=\"color: #ff9900\">Creaci\u00f3n<\/span><\/strong><br \/>\n<span style=\"color: #0000ff\"> Julio 26,1979<br \/>\nAcuerdo Interministerial No. 322<\/span><\/p>\n<p><strong> <\/strong><\/p>\n<p><strong><span style=\"color: #ff9900\">Superficie<\/span><\/strong><br \/>\n<span style=\"color: #0000ff\"> 603.380 ha - 1'490.931.56 acres<\/span><\/p>\n<p><strong> <\/strong><\/p>\n<p><strong><span style=\"color: #ff9900\">Rango altitudinal<\/span><\/strong><br \/>\n<span style=\"color: #0000ff\"> 200 - 280 msnm<br \/>\n656.20 - 918.68 pies<\/span><\/p>\n<p><span style=\"font-family: Helvetica\"><strong><span style=\"color: #ff9900\">Descripci\u00f3n de la Zona<\/span><\/strong><\/span><\/p>\n<p style=\"text-align: justify\"><span style=\"font-family: Helvetica\"><strong><span style=\"color: #0000ff\">L<\/span><span style=\"color: #0000ff\"><span style=\"color: #0000ff\">a Re<\/span>serva de Producci\u00f3n de Fauna Cuyabeno tiene como uno de sus objetivos principales la conservaci\u00f3n, a perpetuidad, de una muestra del ecosistema amaz\u00f3nico -el m\u00e1s complejo del mundo.<\/span><\/strong><\/span><\/p>\n<p style=\"text-align: justify\"><span style=\"color: #0000ff\">Esta \u00e1rea protegida se caracteriza por su alt\u00edsima biodiversidad y las interacciones entre especies; la geomorfolog\u00eda de la Reserva es en su totalidad el producto del movimiento de materiales desde los Andes por parte de los r\u00edos, principalmente por el Aguarico, que se considera justamente de aguas blancas por la sedimentaci\u00f3n que arrastra desde la cordillera, monta\u00f1as donde gana su caudal que lo hace navegable durante todo el a\u00f1o.<\/span><br \/>\n<img decoding=\"async\" src=\"http:\/\/us.123rf.com\/400wm\/400\/400\/leospek\/leospek0912\/leospek091200040\/6171627-r-o-cuyabeno-ecuador.jpg\" alt=\"mapa20\" \/><\/p>\n<p><a href=\"http:\/\/www.explored.com.ec\/ecuador\/guia\/amazonia\/limodes.htm\"><span style=\"color: #ff0000\"><strong>Reser. Bil\u00f3g. Limoncocha<\/strong><\/span><\/a><\/p>\n<p><span style=\"color: #0000ff\"><strong><span style=\"color: #ff9900\">UBICACION en provincias<\/span><\/strong><br \/>\n<a href=\"http:\/\/www.explored.com.ec\/ecuador\/sucum.htm\">Sucumb\u00edos<\/a><\/span><\/p>\n<p><strong><span style=\"color: #0000ff\"> <\/span><\/strong><\/p>\n<p><span style=\"color: #0000ff\"><strong><span style=\"color: #ff9900\">Creaci\u00f3n<\/span><\/strong><br \/>\nSeptiembre 23, 1985<br \/>\nAcuerdo Ministerial No. 394<\/span><\/p>\n<p><strong><span style=\"color: #0000ff\"> <\/span><\/strong><\/p>\n<p><span style=\"color: #0000ff\"><strong><span style=\"color: #ff9900\">Superficie<\/span><\/strong><br \/>\n4613 ha - 11398.57<\/span><\/p>\n<p><strong><span style=\"color: #0000ff\"> <\/span><\/strong><\/p>\n<p><span style=\"color: #0000ff\"><strong><span style=\"color: #ff9900\">Rango altitudinal<\/span><\/strong><br \/>\n230 msnm<br \/>\n754.63 pies<\/span><\/p>\n<p><span style=\"font-family: Helvetica\"><strong><span style=\"color: #ff9900\">Descripci\u00f3n de la Zona<\/span><\/strong><\/span><\/p>\n<p style=\"text-align: justify\"><span style=\"font-family: Helvetica\"><strong><span style=\"color: #0000ff\">La Reserva est\u00e1 compuesta b\u00e1sicamente por la Laguna de Limoncocha en s\u00ed (antiguamente llamada Capucuy), las zonas adyacentes a \u00e9sta y la Laguna Negra \u00f3 Yanacocha. Estrechamente relacionada con el r\u00edo Napo, su espejo de agua tiene una superficie aproximada de dos y medio kil\u00f3metros cuadrados que guardan una de las mayores diversidad biol\u00f3gica en el mundo. Es caracter\u00edstica la poblaci\u00f3n de caimanes, especialmente la del negro, y una gran muestra de aves.<\/span><\/strong><\/span><\/p>\n<p style=\"text-align: justify\"><span style=\"color: #0000ff\">De acuerdo a la clasificaci\u00f3n de Holdridge, toda la Reserva pertenece a la zona de vida correspondiente al bosque h\u00famedo tropical, pero dentro de \u00e9ste existen muchos otros ambientes interesantes como los pantanos permanentes, las tierras inundadas, la tierra firme y los ecosistemas acu\u00e1ticos. Existe en la Reserva, durante todo el a\u00f1o, una constante radiaci\u00f3n solar y la humedad atmosf\u00e9rica suele ser mayor al 80%, sin embargo, en d\u00edas claros y soleados, esta humedad desciende a casi el 50% al tiempo que la temperatura se eleva hasta los 30\u0192; las hojas del dosel, entonces, est\u00e1n sometidas a una sequ\u00eda extrema durante largas horas del d\u00eda por lo que han debido desarrollar varios mecanismos de defensa contra la desecaci\u00f3n. Hojas con cut\u00edculas m\u00e1s gruesas, estructuras similares a vellos \u00f3 asociaciones con musgos y l\u00edquenes son algunas de las caracter\u00edsticas que diferencian a la vegetaci\u00f3n de dosel en la Amazon\u00eda.<\/span><\/p>\n<p style=\"text-align: justify\"><img decoding=\"async\" src=\"http:\/\/blog.espol.edu.ec\/lictur\/files\/2009\/06\/amazonia2a.jpg\" alt=\"mapa23\" \/><\/p>\n<p><strong><span style=\"color: #ff0000\">Parque N. Yasun\u00ed<\/span><\/strong><\/p>\n<p><span style=\"color: #0000ff\"><strong><span style=\"color: #ff9900\">UBICACION<\/span> en provincias<\/strong><br \/>\n<a href=\"http:\/\/www.explored.com.ec\/ecuador\/paz.htm\">Pastaza<\/a> y\u00a0<a href=\"http:\/\/www.explored.com.ec\/ecuador\/napo.htm\">Napo<\/a><\/span><\/p>\n<p><span style=\"color: #0000ff\"><strong> <\/strong><\/span><\/p>\n<p><span style=\"color: #0000ff\"><strong><span style=\"color: #ff9900\">Creaci\u00f3n<\/span><\/strong><br \/>\nJulio 26, 1979 - Decreto No. 322 (ampliaci\u00f3n 1990 y 1992)<\/span><\/p>\n<p><span style=\"color: #0000ff\"><strong> <\/strong><\/span><\/p>\n<p><span style=\"color: #0000ff\"><strong><span style=\"color: #ff9900\">Superficie<\/span><\/strong><br \/>\n982000 ha - 2426488.75 acres<\/span><\/p>\n<p><span style=\"color: #0000ff\"><strong> <\/strong><\/span><\/p>\n<p><span style=\"color: #0000ff\"><strong><span style=\"color: #ff9900\">Rango altitudinal<\/span><\/strong><br \/>\n300 - 600 msnm<br \/>\n984.3 - 1968.6 pies<\/span><\/p>\n<p style=\"text-align: justify\"><strong><span style=\"color: #ff9900\">Descripci\u00f3n de la Zona<\/span><\/strong><span style=\"font-size: x-small\"><span style=\"color: #0000ff\">La geomorfolog\u00eda del Parque est\u00e1 constituida por una sucesi\u00f3n infinita de peque\u00f1as colinas suaves que son el resultado del paso milenario de los r\u00edos y dan el contexto general que alberga su impresionante biodiversidad.<\/span><\/span><\/p>\n<p><span style=\"color: #0000ff\">El Parque comprende importantes cuencas de los r\u00edos Napo, Yasun\u00ed, Tiputini, Nashi\u00f1o, Cononaco y varios afluentes del Curaray, r\u00edo que limita al Parque por el sur. Por el Napo, al norte, desde la ciudad de Francisco de Orellana (Coca) hasta Nuevo Rocafuerte el r\u00edo recorre aproximadamente 300 km., creando m\u00e1s de 120 islas a su paso; este r\u00edo es navegable en toda su trayectoria.<\/span><\/p>\n<p><span style=\"color: #0000ff\">Son diferentes los or\u00edgenes de los r\u00edos en el Parque Nacional Yasun\u00ed; unos proceden de los Andes y se los conoce como r\u00edos de aguas blancas por la alta cantidad de sedimentos que arrastran consigo desde la cordillera. Otros nacen en la misma Amazonia y se los conoce como r\u00edos de aguas claras dado que est\u00e1n te\u00f1idos por un cierto grado de contacto con hojas en descomposici\u00f3n; por \u00faltimo est\u00e1n los de aguas negras, m\u00e1s bien con el color del t\u00e9 debido al contacto permanente con la hojarasca y a los taninos que adquiere de las hojas. Aquella que sale de los moretales (pantanos de palmas) es el agua m\u00e1s negra de todas.<\/span><\/p>\n<p><span style=\"color: #0000ff\">La totalidad del Parque se encuentra en la zona de vida que Holdridge clasific\u00f3 como bosque h\u00famedo tropical. Dentro de ella es posible diferenciar 3 tipos de selva: la tierra firme, no inundable, localizada en la parte alta, sobre las colinas; el bosque estacionalmente inundado \u00f3 v\u00e1rzea; y, el bosque permanentemente inundado \u00f3 igap\u00f3.<\/span><\/p>\n<p><span style=\"color: #0000ff\">A pesar del buen estado en que toda esta biodiversidad se mantiene en el Parque, existen tambi\u00e9n amenazas que ejercer fuerte presi\u00f3n sobre estos recursos; la colonizaci\u00f3n y la actividad petrolera son las m\u00e1s evidentes.<\/span><\/p>\n<p style=\"text-align: justify\"><span style=\"color: #0000ff\"><br \/>\n<\/span><\/p>\n<p><img decoding=\"async\" src=\"http:\/\/yasuni-itt.gob.ec\/files\/2010\/04\/Yasuni.jpg\" alt=\"mad\" \/><\/p>\n<form id=\"vozme_form_f2ac4695d4f6b61109c83e9359433ad7\" method=\"post\" name=\"vozme_form_f2ac4695d4f6b61109c83e9359433ad7\" target=\"f2ac4695d4f6b61109c83e9359433ad7\" action=\"http:\/\/vozme.com\/text2voice.php\"><input name=\"text\" type=\"hidden\" value=\"Regi\u00f3n Amaz\u00f3nica.. R. F. Cuyabeno\nUBICACION en provincias\nSucumb\u00edos y una peque\u00f1a parteNapo\n \nCreaci\u00f3n\n Julio 26,1979\nAcuerdo Interministerial No. 322\n \nSuperficie\n 603.380 ha - 1&quot;490.931.56 acres\n \nRango altitudinal\n 200 - 280 msnm\n656.20 - 918.68 pies\nDescripci\u00f3n de la Zona\nLa Reserva de Producci\u00f3n de Fauna Cuyabeno tiene como uno de sus objetivos principales la conservaci\u00f3n, a perpetuidad, de una muestra del ecosistema amaz\u00f3nico -el m\u00e1s complejo del mundo.\nEsta \u00e1rea protegida se caracteriza por su alt\u00edsima biodiversidad y las interacciones entre especies; la geomorfolog\u00eda de la Reserva es en su totalidad el producto del movimiento de materiales desde los Andes por parte de los r\u00edos, principalmente por el Aguarico, que se considera justamente de aguas blancas por la sedimentaci\u00f3n que arrastra desde la cordillera, monta\u00f1as donde gana su caudal que lo hace navegable durante todo el a\u00f1o.\n\nReser. Bil\u00f3g. Limoncocha\nUBICACION en provincias\nSucumb\u00edos\n \nCreaci\u00f3n\nSeptiembre 23, 1985\nAcuerdo Ministerial No. 394\n \nSuperficie\n4613 ha - 11398.57\n \nRango altitudinal\n230 msnm\n754.63 pies\nDescripci\u00f3n de la Zona\nLa Reserva est\u00e1 compuesta b\u00e1sicamente por la Laguna de Limoncocha en s\u00ed (antiguamente llamada Capucuy), las zonas adyacentes a \u00e9sta y la Laguna Negra \u00f3 Yanacocha. Estrechamente relacionada con el r\u00edo Napo, su espejo de agua tiene una superficie aproximada de dos y medio kil\u00f3metros cuadrados que guardan una de las mayores diversidad biol\u00f3gica en el mundo. Es caracter\u00edstica la poblaci\u00f3n de caimanes, especialmente la del negro, y una gran muestra de aves.\nDe acuerdo a la clasificaci\u00f3n de Holdridge, toda la Reserva pertenece a la zona de vida correspondiente al bosque h\u00famedo tropical, pero dentro de \u00e9ste existen muchos otros ambientes interesantes como los pantanos permanentes, las tierras inundadas, la tierra firme y los ecosistemas acu\u00e1ticos. Existe en la Reserva, durante todo el a\u00f1o, una constante radiaci\u00f3n solar y la humedad atmosf\u00e9rica suele ser mayor al 80%, sin embargo, en d\u00edas claros y soleados, esta humedad desciende a casi el 50% al tiempo que la temperatura se eleva hasta los 30\u0192; las hojas del dosel, entonces, est\u00e1n sometidas a una sequ\u00eda extrema durante largas horas del d\u00eda por lo que han debido desarrollar varios mecanismos de defensa contra la desecaci\u00f3n. Hojas con cut\u00edculas m\u00e1s gruesas, estructuras similares a vellos \u00f3 asociaciones con musgos y l\u00edquenes son algunas de las caracter\u00edsticas que diferencian a la vegetaci\u00f3n de dosel en la Amazon\u00eda.\n\nParque N. Yasun\u00ed\nUBICACION en provincias\nPastaza y\u00a0Napo\n \nCreaci\u00f3n\nJulio 26, 1979 - Decreto No. 322 (ampliaci\u00f3n 1990 y 1992)\n \nSuperficie\n982000 ha - 2426488.75 acres\n \nRango altitudinal\n300 - 600 msnm\n984.3 - 1968.6 pies\nDescripci\u00f3n de la ZonaLa geomorfolog\u00eda del Parque est\u00e1 constituida por una sucesi\u00f3n infinita de peque\u00f1as colinas suaves que son el resultado del paso milenario de los r\u00edos y dan el contexto general que alberga su impresionante biodiversidad.\nEl Parque comprende importantes cuencas de los r\u00edos Napo, Yasun\u00ed, Tiputini, Nashi\u00f1o, Cononaco y varios afluentes del Curaray, r\u00edo que limita al Parque por el sur. Por el Napo, al norte, desde la ciudad de Francisco de Orellana (Coca) hasta Nuevo Rocafuerte el r\u00edo recorre aproximadamente 300 km., creando m\u00e1s de 120 islas a su paso; este r\u00edo es navegable en toda su trayectoria.\nSon diferentes los or\u00edgenes de los r\u00edos en el Parque Nacional Yasun\u00ed; unos proceden de los Andes y se los conoce como r\u00edos de aguas blancas por la alta cantidad de sedimentos que arrastran consigo desde la cordillera. Otros nacen en la misma Amazonia y se los conoce como r\u00edos de aguas claras dado que est\u00e1n te\u00f1idos por un cierto grado de contacto con hojas en descomposici\u00f3n; por \u00faltimo est\u00e1n los de aguas negras, m\u00e1s bien con el color del t\u00e9 debido al contacto permanente con la hojarasca y a los taninos que adquiere de las hojas. Aquella que sale de los moretales (pantanos de palmas) es el agua m\u00e1s negra de todas.\nLa totalidad del Parque se encuentra en la zona de vida que Holdridge clasific\u00f3 como bosque h\u00famedo tropical. Dentro de ella es posible diferenciar 3 tipos de selva: la tierra firme, no inundable, localizada en la parte alta, sobre las colinas; el bosque estacionalmente inundado \u00f3 v\u00e1rzea; y, el bosque permanentemente inundado \u00f3 igap\u00f3.\nA pesar del buen estado en que toda esta biodiversidad se mantiene en el Parque, existen tambi\u00e9n amenazas que ejercer fuerte presi\u00f3n sobre estos recursos; la colonizaci\u00f3n y la actividad petrolera son las m\u00e1s evidentes.\n\n\n\n\" \/><input name=\"lang\" type=\"hidden\" value=\"en\" \/><input name=\"gn\" type=\"hidden\" value=\"ml\" \/><input type=\"hidden\" id=\"interface\" name=\"interface\" value=\"full\" \/>\n\t\t\t<div style=\"margin-left:40%;\">\n\t\t\t\n\t\t\t\t<input style=\"float:left;\" type=\"image\" width=\"40\" height=\"40\" src=\"http:\/\/blog.espol.edu.ec\/cnmedina\/wp-content\/plugins\/vozme\/img\/megaphone40x40w.gif\" alt=\"Hear this post\" onclick=\"window.open('', 'f2ac4695d4f6b61109c83e9359433ad7', 'width=600,height=370,scrollbars=yes,location=yes,menubar=yes,resizable=yes,status=yes,toolbar=yes');\">\n\t\t\t\t<div style=\"margin-left:48px; text-align:left;\"><a style=\"font-size:12px;\" href=\"javascript:void(0);\" onclick=\"window.open('', 'f2ac4695d4f6b61109c83e9359433ad7', 'width=600,height=370,scrollbars=yes,location=yes,menubar=yes,resizable=yes,status=yes,toolbar=yes'); document.getElementById('vozme_form_f2ac4695d4f6b61109c83e9359433ad7').submit();\">Hear<br\/>this post<\/a><\/div>\n\t\t\t<\/div><\/form>","protected":false},"excerpt":{"rendered":"<p>R. F. Cuyabeno UBICACION en provincias Sucumb\u00edos y una peque\u00f1a parteNapo Creaci\u00f3n Julio 26,1979 Acuerdo Interministerial No. 322 Superficie 603.380 ha - 1'490.931.56 acres Rango altitudinal 200 - 280 msnm 656.20 - 918.68 pies Descripci\u00f3n de la Zona La Reserva de Producci\u00f3n de Fauna Cuyabeno tiene como uno de sus objetivos principales la conservaci\u00f3n, a [&hellip;]<\/p>\n","protected":false},"author":6953,"featured_media":0,"parent":0,"menu_order":0,"comment_status":"open","ping_status":"open","template":"","meta":{"_monsterinsights_skip_tracking":false,"_monsterinsights_sitenote_active":false,"_monsterinsights_sitenote_note":"","_monsterinsights_sitenote_category":0,"footnotes":""},"class_list":["post-8","page","type-page","status-publish","hentry"],"aioseo_notices":[],"_links":{"self":[{"href":"https:\/\/blog.espol.edu.ec\/cnmedina\/wp-json\/wp\/v2\/pages\/8","targetHints":{"allow":["GET"]}}],"collection":[{"href":"https:\/\/blog.espol.edu.ec\/cnmedina\/wp-json\/wp\/v2\/pages"}],"about":[{"href":"https:\/\/blog.espol.edu.ec\/cnmedina\/wp-json\/wp\/v2\/types\/page"}],"author":[{"embeddable":true,"href":"https:\/\/blog.espol.edu.ec\/cnmedina\/wp-json\/wp\/v2\/users\/6953"}],"replies":[{"embeddable":true,"href":"https:\/\/blog.espol.edu.ec\/cnmedina\/wp-json\/wp\/v2\/comments?post=8"}],"version-history":[{"count":3,"href":"https:\/\/blog.espol.edu.ec\/cnmedina\/wp-json\/wp\/v2\/pages\/8\/revisions"}],"predecessor-version":[{"id":46,"href":"https:\/\/blog.espol.edu.ec\/cnmedina\/wp-json\/wp\/v2\/pages\/8\/revisions\/46"}],"wp:attachment":[{"href":"https:\/\/blog.espol.edu.ec\/cnmedina\/wp-json\/wp\/v2\/media?parent=8"}],"curies":[{"name":"wp","href":"https:\/\/api.w.org\/{rel}","templated":true}]}}