{"id":20,"date":"2020-03-18T02:50:58","date_gmt":"2020-03-18T01:50:58","guid":{"rendered":"http:\/\/blog.espol.edu.ec\/coloracion\/?page_id=20"},"modified":"2020-03-18T02:52:58","modified_gmt":"2020-03-18T01:52:58","slug":"enterate-del-destacado-de-los-tonos-del-semaforo","status":"publish","type":"page","link":"https:\/\/blog.espol.edu.ec\/coloracion\/enterate-del-destacado-de-los-tonos-del-semaforo\/","title":{"rendered":"Ent\u00e9rate del destacado de los tonos del sem\u00e1foro"},"content":{"rendered":"<p>El sem\u00e1foro es uno de esos elementos que no pueden faltar en nuestra vida cotidiana, a donde quiera que vamos hay uno, existiendo dos tipos el sem\u00e1foro vehicular y el peatonal, los cuales tienen el mismo grado de importancia, asimismo, \u00a0sabemos diferenciar los colores y para qu\u00e9 sirven, pero realmente \u00bfpodr\u00edamos identificar que significa de cada una de las luces?<\/p>\n<h2>\u00bfQu\u00e9 significan los colores del sem\u00e1foro?<\/h2>\n<p>Aunque desde muy temprana edad nos educan e informan sobre que significa y para qu\u00e9 importan los tonos de las se\u00f1ales, es importante volver repasar su significado, sabemos que los colores de este son el rojo, el amarillo y el verde y cada uno de ellos indica una acci\u00f3n.<\/p>\n<p>De las se\u00f1ales de tr\u00e1nsito el sem\u00e1foro suele\u00a0 ser la m\u00e1s importante y con mayor prioridad y sus luces significan, el rojo es el color que indica de debemos detenernos, el amarillo significa precauci\u00f3n y el verde que podemos seguir, asimismo, si respectamos sus luces correctamente evita accidentes de todo tipo.<\/p>\n<p><img loading=\"lazy\" decoding=\"async\" class=\"wp-image-22 aligncenter\" src=\"http:\/\/blog.espol.edu.ec\/coloracion\/files\/2020\/03\/sem\u00e1foro.jpg\" alt=\"\" width=\"450\" height=\"200\" srcset=\"https:\/\/blog.espol.edu.ec\/coloracion\/files\/2020\/03\/sem\u00e1foro.jpg 1263w, https:\/\/blog.espol.edu.ec\/coloracion\/files\/2020\/03\/sem\u00e1foro-300x133.jpg 300w, https:\/\/blog.espol.edu.ec\/coloracion\/files\/2020\/03\/sem\u00e1foro-768x341.jpg 768w, https:\/\/blog.espol.edu.ec\/coloracion\/files\/2020\/03\/sem\u00e1foro-1024x454.jpg 1024w\" sizes=\"auto, (max-width: 450px) 100vw, 450px\" \/><\/p>\n<h2>Sobresalientes de los tonos de se\u00f1al peatonal<\/h2>\n<p>Estos tipos de sem\u00e1foros como su nombre ya lo dice son exclusivamente para los peatones y se diferencian de los sem\u00e1foros vehiculares ya que tiene dos luces, solo verde y rojo en vez de las t\u00edpicas tres, asimismo, estos sem\u00e1foros suelen tener en su luces una silueta humana que facilita el entendimiento sobre todo para los ni\u00f1os.<\/p>\n<p>Sus luces tienen el siguiente significado, la luz roja significa alto o que deben detenerse, esperar y no cruzar la calle mientras que la luz verde tiene un significado de siga o puede cruzar\u00a0 por el paso de peatones, y cuando se pone intermitente significa que se est\u00e1 acabando el tiempo de cruzar.<\/p>\n<h2>Significado de los colores del sem\u00e1foro vehicular<\/h2>\n<p>Como ya sabemos, este sem\u00e1foro es el que indica al conductor que acci\u00f3n deber\u00eda\u00a0 ejercer y es una de las principales se\u00f1alizaci\u00f3n que regula el tr\u00e1nsito y evita miles de accidentes todos los d\u00edas si es respetado por los conductores. Entre el significado de sus colores tenemos: el rojo que significa peligro, alto, que no debe seguir ya que es el paso de otros veh\u00edculos o peatones.<\/p>\n<p>Asimismo, la luz amarilla significa precauci\u00f3n, donde los veh\u00edculos deben ir deteni\u00e9ndose, porque habr\u00e1 un cambio de luz, y el verde que tiene un significado de que podemos seguir con seguridad, es decir el paso libre.<\/p>\n<h2>\u00bfPor qu\u00e9 hay que respetar los sem\u00e1foros?<\/h2>\n<p>Una de las razones m\u00e1s importante es porque al respetar los sem\u00e1foros evitamos accidentes automovil\u00edsticos, o arrollar a alg\u00fan peat\u00f3n que en ese momento este cruzando la calle , adem\u00e1s, que al respetarlo hacemos el trafico m\u00e1s fluido y evitamos hacer largas colas.<\/p>\n<p>No hay excusas para no respetarlos, el sem\u00e1foro tiene el mismo significado en todos los pa\u00edses del mundo, y desde peque\u00f1os nos ense\u00f1an sus significados, es importante siempre recordar lo que est\u00e1 en juego si los irrespetamos, desde perder la vida, o arrebat\u00e1rsela a otra persona en el peor de los casos<\/p>\n","protected":false},"excerpt":{"rendered":"<p>El sem\u00e1foro es uno de esos elementos que no pueden faltar en nuestra vida cotidiana, a donde quiera que vamos hay uno, existiendo dos tipos el sem\u00e1foro vehicular y el peatonal, los cuales tienen el mismo grado de importancia, asimismo, \u00a0sabemos diferenciar los colores y para qu\u00e9 sirven, pero realmente \u00bfpodr\u00edamos identificar que significa de [&hellip;]<\/p>\n","protected":false},"author":11059,"featured_media":0,"parent":0,"menu_order":0,"comment_status":"closed","ping_status":"closed","template":"","meta":{"footnotes":""},"class_list":["post-20","page","type-page","status-publish","hentry"],"_links":{"self":[{"href":"https:\/\/blog.espol.edu.ec\/coloracion\/wp-json\/wp\/v2\/pages\/20","targetHints":{"allow":["GET"]}}],"collection":[{"href":"https:\/\/blog.espol.edu.ec\/coloracion\/wp-json\/wp\/v2\/pages"}],"about":[{"href":"https:\/\/blog.espol.edu.ec\/coloracion\/wp-json\/wp\/v2\/types\/page"}],"author":[{"embeddable":true,"href":"https:\/\/blog.espol.edu.ec\/coloracion\/wp-json\/wp\/v2\/users\/11059"}],"replies":[{"embeddable":true,"href":"https:\/\/blog.espol.edu.ec\/coloracion\/wp-json\/wp\/v2\/comments?post=20"}],"version-history":[{"count":3,"href":"https:\/\/blog.espol.edu.ec\/coloracion\/wp-json\/wp\/v2\/pages\/20\/revisions"}],"predecessor-version":[{"id":24,"href":"https:\/\/blog.espol.edu.ec\/coloracion\/wp-json\/wp\/v2\/pages\/20\/revisions\/24"}],"wp:attachment":[{"href":"https:\/\/blog.espol.edu.ec\/coloracion\/wp-json\/wp\/v2\/media?parent=20"}],"curies":[{"name":"wp","href":"https:\/\/api.w.org\/{rel}","templated":true}]}}