{"id":28,"date":"2020-03-18T02:57:59","date_gmt":"2020-03-18T01:57:59","guid":{"rendered":"http:\/\/blog.espol.edu.ec\/coloracion\/?page_id=28"},"modified":"2020-03-18T02:58:17","modified_gmt":"2020-03-18T01:58:17","slug":"significado-del-color-dorado-2","status":"publish","type":"page","link":"https:\/\/blog.espol.edu.ec\/coloracion\/significado-del-color-dorado-2\/","title":{"rendered":"Significado del color dorado"},"content":{"rendered":"<p>El color dorado es ampliamente conocido y utilizado en casi cualquier cosa por la mayor\u00eda de las personas, no solo por lo que representa sino que tambi\u00e9n por el significado y lo impactante que es visualmente. <strong>El color dorado simboliza<\/strong> el oro, las riquezas, abundancia, elegancia, lujos, dinero, un nivel econ\u00f3mico alto, etc.<\/p>\n<p>Algunos sujetos piensan que<strong> el tono dorado significa <\/strong>\u00e9xito y felicidad en cualquier \u00e1mbito de la vida. Cuando se realizan los premios de distintas competencias el primer premio siempre es de oro, por lo cual el <strong>color dorado tambi\u00e9n simboliza<\/strong> la victoria.<\/p>\n<h2>\u00bfQu\u00e9 representa el color\u00a0 dorado?<\/h2>\n<p>El color dorado tiene un significado bastante bonito, este color revitaliza la mente, las energ\u00edas, aleja los miedos y las cosas negativas, es por ello que es usado en muchas culturas y se recomienda incluirlo dentro de la decoraci\u00f3n de las casas para atraer cosas positivas y abundancia a ese hogar.<\/p>\n<p>Antiguamente, en Egipto este color este color era utilizado en los accesorios de los faraones, ya que simbolizaba luz, renacimiento y vida, ellos cre\u00edan fielmente en la reencarnaci\u00f3n. Dentro de la meditaci\u00f3n este color es usado para mejorar los problemas de comunicaci\u00f3n y poder hacer que las palabras fluyan.<\/p>\n<p><img loading=\"lazy\" decoding=\"async\" class=\"wp-image-29 aligncenter\" src=\"http:\/\/blog.espol.edu.ec\/coloracion\/files\/2020\/03\/Significado-del-color-dorado.jpg\" alt=\"\" width=\"450\" height=\"231\" srcset=\"https:\/\/blog.espol.edu.ec\/coloracion\/files\/2020\/03\/Significado-del-color-dorado.jpg 974w, https:\/\/blog.espol.edu.ec\/coloracion\/files\/2020\/03\/Significado-del-color-dorado-300x154.jpg 300w, https:\/\/blog.espol.edu.ec\/coloracion\/files\/2020\/03\/Significado-del-color-dorado-768x395.jpg 768w\" sizes=\"auto, (max-width: 450px) 100vw, 450px\" \/><\/p>\n<p>Si eres de los amantes del Feng Shui deber\u00e1s saber que el color dorado es recomendado para mejorar los problemas de comunicaci\u00f3n con tu pareja, por lo cual se recomienda colocar en la habitaci\u00f3n cortinas, almohadas, flores o cualquier otro accesorio que sea de color amarilla.<\/p>\n<h2>Datos sobre el color\u00a0 dorado<\/h2>\n<p>Existen 19 tonos para este color. Al estar relacionado al amarillo el <strong>color dorado tambi\u00e9n significa<\/strong> materialismo y arrogancia; este color tambi\u00e9n representa a los alquimistas ya que representa el empe\u00f1o que ellos ten\u00edan en transformas cualquier cosa en oro.<\/p>\n<p>El color dorado simboliza fidelidad, es por ello que los anillos de matrimonio deben ser de oro. Antiguamente se cre\u00eda que el oro era producto de los rayos del sol, por esta raz\u00f3n dentro del zodiaco el signo de leo se identifica con \u00e9l, ya que el sol se rige sobre ese signo.<\/p>\n<p>Por otro lado el dorado tambi\u00e9n representa la permanencia, es por ello que se celebran las \u201cbodas de oro\u201d cuando son matrimonios que tienen m\u00e1s de 50 a\u00f1os juntos. El dorado tambi\u00e9n es un color bastante elegante, por lo cual es usado en la decoraci\u00f3n de hogares, fiestas e incluso en la elaboraci\u00f3n de vestidos.<\/p>\n<h2>Aspectos positivos asociados al color\u00a0 dorado<\/h2>\n<p><strong>El color dorado transmite<\/strong> cosas positivas, dinero y abundancia, es ampliamente utilizado en vestuarios, accesorios, decoraci\u00f3n de interiores, etc. ya que es un color bastante llamativo y aporta un toque de lujo y elegancia. Dentro de los aspectos positivos m\u00e1s relevantes de este color tenemos:<\/p>\n<ul>\n<li>Representa la riqueza<\/li>\n<li>Belleza<\/li>\n<li>Fidelidad<\/li>\n<li>Abundancia<\/li>\n<li>Glamour<\/li>\n<li>Vitorias<\/li>\n<li>M\u00e9rito<\/li>\n<\/ul>\n<h2>Aspectos negativos asociados al color\u00a0 dorado<\/h2>\n<p>Oro ser\u00eda la <strong>definici\u00f3n \u00a0para el color dorado, <\/strong>porque cl\u00e1sicamente al hablar de este color nuestra imagen siempre lo asocia a este metal y al dinero. Algunos de los aspectos negativos que transmite el color dorado tenemos:<\/p>\n<ul>\n<li>Por todo lo que representa es s\u00edmbolo de materialismo<\/li>\n<li>Presuntuosidad<\/li>\n<\/ul>\n","protected":false},"excerpt":{"rendered":"<p>El color dorado es ampliamente conocido y utilizado en casi cualquier cosa por la mayor\u00eda de las personas, no solo por lo que representa sino que tambi\u00e9n por el significado y lo impactante que es visualmente. El color dorado simboliza el oro, las riquezas, abundancia, elegancia, lujos, dinero, un nivel econ\u00f3mico alto, etc. Algunos sujetos [&hellip;]<\/p>\n","protected":false},"author":11059,"featured_media":0,"parent":0,"menu_order":0,"comment_status":"closed","ping_status":"closed","template":"","meta":{"footnotes":""},"class_list":["post-28","page","type-page","status-publish","hentry"],"_links":{"self":[{"href":"https:\/\/blog.espol.edu.ec\/coloracion\/wp-json\/wp\/v2\/pages\/28","targetHints":{"allow":["GET"]}}],"collection":[{"href":"https:\/\/blog.espol.edu.ec\/coloracion\/wp-json\/wp\/v2\/pages"}],"about":[{"href":"https:\/\/blog.espol.edu.ec\/coloracion\/wp-json\/wp\/v2\/types\/page"}],"author":[{"embeddable":true,"href":"https:\/\/blog.espol.edu.ec\/coloracion\/wp-json\/wp\/v2\/users\/11059"}],"replies":[{"embeddable":true,"href":"https:\/\/blog.espol.edu.ec\/coloracion\/wp-json\/wp\/v2\/comments?post=28"}],"version-history":[{"count":2,"href":"https:\/\/blog.espol.edu.ec\/coloracion\/wp-json\/wp\/v2\/pages\/28\/revisions"}],"predecessor-version":[{"id":31,"href":"https:\/\/blog.espol.edu.ec\/coloracion\/wp-json\/wp\/v2\/pages\/28\/revisions\/31"}],"wp:attachment":[{"href":"https:\/\/blog.espol.edu.ec\/coloracion\/wp-json\/wp\/v2\/media?parent=28"}],"curies":[{"name":"wp","href":"https:\/\/api.w.org\/{rel}","templated":true}]}}