{"id":143,"date":"2021-03-30T17:39:50","date_gmt":"2021-03-30T22:39:50","guid":{"rendered":"http:\/\/blog.espol.edu.ec\/comunitariasautomatizacion\/?page_id=143"},"modified":"2021-03-30T17:43:02","modified_gmt":"2021-03-30T22:43:02","slug":"preguntas-frecuentes","status":"publish","type":"page","link":"https:\/\/blog.espol.edu.ec\/comunitariasautomatizacion\/preguntas-frecuentes\/","title":{"rendered":"PREGUNTAS FRECUENTES"},"content":{"rendered":"<h4><strong>1.- \u00bfQu\u00e9 requisitos debo cumplir para realizar mis pr\u00e1cticas preprofesionales de servicio comunitario?<\/strong><\/h4>\n<p>1.- Ser estudiante activo.<\/p>\n<p>2.- No estar en situaci\u00f3n de prueba.<\/p>\n<p>3.- Disponibilidad de cr\u00e9ditos para realizar las pr\u00e1cticas, 2 cr\u00e9ditos para practicas preprofesionales de servicio comunitario del m\u00e1ximo de 15 cr\u00e9ditos permitidos al semestre)<\/p>\n<p>4.- Cumplir con uno de los perfiles del practicante ligado a la pr\u00e1ctica preprofesional de servicio comunitario.<\/p>\n<h4>2.- \u00bfPuedo alcanzar la regularidad contabilizando los cr\u00e9ditos de pr\u00e1cticas preprofesionales de servicio comunitario?<\/h4>\n<p>\"S\u00ed, los estudiantes que hayan sido asignados a una pr\u00e1ctica preprofesional de servicio comunitario desde 30 d\u00edas antes del inicio de la matr\u00edcula ordinaria (registros) y hasta el \u00faltimo d\u00eda de matr\u00edcula extraordinaria podr\u00e1n utilizar sus cr\u00e9ditos para regularidad. La Unidad de Vinculaci\u00f3n con la sociedad (UVS) generar\u00e1 un listado de estudiantes que le falten cr\u00e9ditos para ser regular y est\u00e9n realizando pr\u00e1cticas de servicio comunitario, durante las dos primeras semanas del PAO. Luego, se comprobar\u00e1 el estado activo de pr\u00e1cticas de servicio comunitario a trav\u00e9s de la plataforma y coordinador de pr\u00e1cticas comunitarias para que Secretaria T\u00e9cnica Acad\u00e9mica cambie de estado irregular a regular, ya que este proceso no es autom\u00e1tico.\"<\/p>\n<h4>3.- \u00bfSe pueden reprobar las pr\u00e1cticas preprofesionales?<\/h4>\n<p class=\"rtejustify\">S\u00ed, se reprueba la pr\u00e1ctica en las siguientes situaciones:<\/p>\n<p class=\"rtejustify\">a) Por abandono de la pr\u00e1ctica preprofesional declarado por el coordinador respectivo, sin que medie una justificaci\u00f3n aprobada por la instancia correspondiente, que implique la existencia de caso fortuito o fuerza mayor.<\/p>\n<p class=\"rtejustify\">b) Por incumplimiento declarado por el coordinador respectivo de la entrega oportuna de productos o servicios, o si estos no son de la calidad establecida, afectando los objetivos del proyecto y\/o compromisos adquiridos con la comunidad beneficiaria o instituciones.<\/p>\n<p class=\"rtejustify\">Los estudiantes que reprueben la pr\u00e1ctica preprofesional perder\u00e1n los beneficios de la gratuidad, y estar\u00e1n sujetos a los pagos determinados en el Reglamento de Aranceles, Matr\u00edculas y Derechos para el nivel de Admisiones y nivel de Grado de la ESPOL. (Art. 63 del Reglamento de Grado de la ESPOL).<\/p>\n<h4>4.- \u00bfA cu\u00e1ntos cr\u00e9ditos equivale las pr\u00e1cticas preprofesionales de servicio comunitario?<\/h4>\n<p>Las pr\u00e1cticas preprofesionales de servicio comunitario equivalen a 2 cr\u00e9ditos. Cada 48 horas de pr\u00e1cticas preprofesionales empresariales o de servicio comunitario a realizar durante el semestre equivale a 1 cr\u00e9dito de la malla curricular. Por lo tanto el n\u00famero total de horas a completar en pr\u00e1cticas comunitarias es 96 horas<\/p>\n<h4>5.- \u00bfQu\u00e9 formatos debo cumplir durante el desarrollo de las pr\u00e1cticas preprofesionales?<\/h4>\n<p>Para pr\u00e1cticas preprofesionales de servicio comunitario, no existe ning\u00fan formato a realizar, s\u00f3lo deber\u00e1n realizar presentaci\u00f3n de informes y avances a trav\u00e9s del portal de gesti\u00f3n de v\u00ednculos de acuerdo a las disposiciones del tutor.<\/p>\n","protected":false},"excerpt":{"rendered":"<p>1.- \u00bfQu\u00e9 requisitos debo cumplir para realizar mis pr\u00e1cticas preprofesionales de servicio comunitario? 1.- Ser estudiante activo. 2.- No estar en situaci\u00f3n de prueba. 3.- Disponibilidad de cr\u00e9ditos para realizar las pr\u00e1cticas, 2 cr\u00e9ditos para practicas preprofesionales de servicio comunitario del m\u00e1ximo de 15 cr\u00e9ditos permitidos al semestre) 4.- Cumplir con uno de los perfiles &hellip; <\/p>\n<p><a class=\"more-link btn\" href=\"https:\/\/blog.espol.edu.ec\/comunitariasautomatizacion\/preguntas-frecuentes\/\">Seguir leyendo<\/a><\/p>\n","protected":false},"author":5765,"featured_media":0,"parent":0,"menu_order":0,"comment_status":"closed","ping_status":"closed","template":"","meta":{"footnotes":""},"class_list":["post-143","page","type-page","status-publish","hentry","nodate","item-wrap"],"_links":{"self":[{"href":"https:\/\/blog.espol.edu.ec\/comunitariasautomatizacion\/wp-json\/wp\/v2\/pages\/143","targetHints":{"allow":["GET"]}}],"collection":[{"href":"https:\/\/blog.espol.edu.ec\/comunitariasautomatizacion\/wp-json\/wp\/v2\/pages"}],"about":[{"href":"https:\/\/blog.espol.edu.ec\/comunitariasautomatizacion\/wp-json\/wp\/v2\/types\/page"}],"author":[{"embeddable":true,"href":"https:\/\/blog.espol.edu.ec\/comunitariasautomatizacion\/wp-json\/wp\/v2\/users\/5765"}],"replies":[{"embeddable":true,"href":"https:\/\/blog.espol.edu.ec\/comunitariasautomatizacion\/wp-json\/wp\/v2\/comments?post=143"}],"version-history":[{"count":2,"href":"https:\/\/blog.espol.edu.ec\/comunitariasautomatizacion\/wp-json\/wp\/v2\/pages\/143\/revisions"}],"predecessor-version":[{"id":146,"href":"https:\/\/blog.espol.edu.ec\/comunitariasautomatizacion\/wp-json\/wp\/v2\/pages\/143\/revisions\/146"}],"wp:attachment":[{"href":"https:\/\/blog.espol.edu.ec\/comunitariasautomatizacion\/wp-json\/wp\/v2\/media?parent=143"}],"curies":[{"name":"wp","href":"https:\/\/api.w.org\/{rel}","templated":true}]}}