{"id":37,"date":"2020-11-15T08:46:30","date_gmt":"2020-11-15T07:46:30","guid":{"rendered":"http:\/\/blog.espol.edu.ec\/comunitariasautomatizacion\/?page_id=37"},"modified":"2024-09-04T21:46:17","modified_gmt":"2024-09-05T02:46:17","slug":"informes","status":"publish","type":"page","link":"https:\/\/blog.espol.edu.ec\/comunitariasautomatizacion\/informes\/","title":{"rendered":"DOCUMENTOS"},"content":{"rendered":"<p style=\"text-align: left\"><strong>A continuaci\u00f3n, se adjuntan los formatos a utilizar para la presentaci\u00f3n de sus informes y documentaciones solicitadas durante sus pr\u00e1cticas pre profesionales de servicio comunitario<\/strong><\/p>\n<p><strong>Formato de Reporte Final:<\/strong> <a href=\"http:\/\/blog.espol.edu.ec\/comunitariasautomatizacion\/files\/2024\/05\/Reporte-Final-Comunitarias.docx\">\u00a0Reporte Final Comunitarias\u00a0 <\/a>(Dentro del reporte final la firma del estudiante es de car\u00e1cter <em><strong>OBLIGATORIO\u00a0<\/strong><\/em>, la firma de los tutores es opcional).<\/p>\n<p><strong>Formato para la Elaboraci\u00f3n del Plan de Actividades:\u00a0<\/strong><a href=\"http:\/\/blog.espol.edu.ec\/comunitariasautomatizacion\/files\/2024\/09\/Plan_Actividades_Comunitarias-Plantilla.docx\">Plan Actividades Comunitarias - Plantilla<\/a><\/p>\n<p><strong>Formato para el Levantamiento de Presupuestos de Proyectos:<\/strong>\u00a0<a href=\"http:\/\/blog.espol.edu.ec\/comunitariasautomatizacion\/files\/2024\/09\/Levantamiento-de-Presupuestos-Plantilla.xlsx\">Levantamiento de Presupuestos - Plantilla<\/a><\/p>\n<p><strong>Gu\u00eda para el Manejo de Microsoft Project:<\/strong>\u00a0<a href=\"http:\/\/blog.espol.edu.ec\/comunitariasautomatizacion\/files\/2024\/09\/Gu\u00eda-para-Manejo-de-Microsoft-Project-Comunitarias.pdf\">Gu\u00eda para Manejo de Microsoft Project - Comunitarias<\/a><\/p>\n<p>&nbsp;<\/p>\n<p>&nbsp;<\/p>\n<p>&nbsp;<\/p>\n","protected":false},"excerpt":{"rendered":"<p>A continuaci\u00f3n, se adjuntan los formatos a utilizar para la presentaci\u00f3n de sus informes y documentaciones solicitadas durante sus pr\u00e1cticas pre profesionales de servicio comunitario Formato de Reporte Final: \u00a0Reporte Final Comunitarias\u00a0 (Dentro del reporte final la firma del estudiante es de car\u00e1cter OBLIGATORIO\u00a0, la firma de los tutores es opcional). Formato para la Elaboraci\u00f3n &hellip; <\/p>\n<p><a class=\"more-link btn\" href=\"https:\/\/blog.espol.edu.ec\/comunitariasautomatizacion\/informes\/\">Seguir leyendo<\/a><\/p>\n","protected":false},"author":11050,"featured_media":0,"parent":0,"menu_order":0,"comment_status":"closed","ping_status":"closed","template":"","meta":{"footnotes":""},"class_list":["post-37","page","type-page","status-publish","hentry","nodate","item-wrap"],"_links":{"self":[{"href":"https:\/\/blog.espol.edu.ec\/comunitariasautomatizacion\/wp-json\/wp\/v2\/pages\/37","targetHints":{"allow":["GET"]}}],"collection":[{"href":"https:\/\/blog.espol.edu.ec\/comunitariasautomatizacion\/wp-json\/wp\/v2\/pages"}],"about":[{"href":"https:\/\/blog.espol.edu.ec\/comunitariasautomatizacion\/wp-json\/wp\/v2\/types\/page"}],"author":[{"embeddable":true,"href":"https:\/\/blog.espol.edu.ec\/comunitariasautomatizacion\/wp-json\/wp\/v2\/users\/11050"}],"replies":[{"embeddable":true,"href":"https:\/\/blog.espol.edu.ec\/comunitariasautomatizacion\/wp-json\/wp\/v2\/comments?post=37"}],"version-history":[{"count":6,"href":"https:\/\/blog.espol.edu.ec\/comunitariasautomatizacion\/wp-json\/wp\/v2\/pages\/37\/revisions"}],"predecessor-version":[{"id":249,"href":"https:\/\/blog.espol.edu.ec\/comunitariasautomatizacion\/wp-json\/wp\/v2\/pages\/37\/revisions\/249"}],"wp:attachment":[{"href":"https:\/\/blog.espol.edu.ec\/comunitariasautomatizacion\/wp-json\/wp\/v2\/media?parent=37"}],"curies":[{"name":"wp","href":"https:\/\/api.w.org\/{rel}","templated":true}]}}