{"id":59,"date":"2020-11-15T09:09:32","date_gmt":"2020-11-15T08:09:32","guid":{"rendered":"http:\/\/blog.espol.edu.ec\/comunitariasautomatizacion\/?page_id=59"},"modified":"2024-05-30T12:23:41","modified_gmt":"2024-05-30T17:23:41","slug":"requisitos","status":"publish","type":"page","link":"https:\/\/blog.espol.edu.ec\/comunitariasautomatizacion\/requisitos\/","title":{"rendered":"REQUISITOS"},"content":{"rendered":"<p>Para poder postular a una plaza de practica es necesario cumplir con los siguientes requisitos:<\/p>\n<ol>\n<li>Tener 2 cr\u00e9ditos disponibles.<\/li>\n<li>Cumplir con uno de los perfiles de pr\u00e1cticamente.<\/li>\n<\/ol>\n<h2 style=\"text-align: center\"><span style=\"color: #0000ff\">PERFILES DEL PR\u00c1CTICANTE\u00a0<\/span><\/h2>\n<p><img loading=\"lazy\" decoding=\"async\" class=\"size-full wp-image-107 aligncenter\" src=\"http:\/\/blog.espol.edu.ec\/comunitariasautomatizacion\/files\/2020\/11\/REQUISITOS.jpg\" alt=\"\" width=\"706\" height=\"386\" srcset=\"https:\/\/blog.espol.edu.ec\/comunitariasautomatizacion\/files\/2020\/11\/REQUISITOS.jpg 706w, https:\/\/blog.espol.edu.ec\/comunitariasautomatizacion\/files\/2020\/11\/REQUISITOS-300x164.jpg 300w\" sizes=\"auto, (max-width: 706px) 100vw, 706px\" \/><\/p>\n","protected":false},"excerpt":{"rendered":"<p>Para poder postular a una plaza de practica es necesario cumplir con los siguientes requisitos: Tener 2 cr\u00e9ditos disponibles. Cumplir con uno de los perfiles de pr\u00e1cticamente. PERFILES DEL PR\u00c1CTICANTE\u00a0<\/p>\n","protected":false},"author":11050,"featured_media":0,"parent":0,"menu_order":0,"comment_status":"closed","ping_status":"closed","template":"","meta":{"footnotes":""},"class_list":["post-59","page","type-page","status-publish","hentry","nodate","item-wrap"],"_links":{"self":[{"href":"https:\/\/blog.espol.edu.ec\/comunitariasautomatizacion\/wp-json\/wp\/v2\/pages\/59","targetHints":{"allow":["GET"]}}],"collection":[{"href":"https:\/\/blog.espol.edu.ec\/comunitariasautomatizacion\/wp-json\/wp\/v2\/pages"}],"about":[{"href":"https:\/\/blog.espol.edu.ec\/comunitariasautomatizacion\/wp-json\/wp\/v2\/types\/page"}],"author":[{"embeddable":true,"href":"https:\/\/blog.espol.edu.ec\/comunitariasautomatizacion\/wp-json\/wp\/v2\/users\/11050"}],"replies":[{"embeddable":true,"href":"https:\/\/blog.espol.edu.ec\/comunitariasautomatizacion\/wp-json\/wp\/v2\/comments?post=59"}],"version-history":[{"count":6,"href":"https:\/\/blog.espol.edu.ec\/comunitariasautomatizacion\/wp-json\/wp\/v2\/pages\/59\/revisions"}],"predecessor-version":[{"id":242,"href":"https:\/\/blog.espol.edu.ec\/comunitariasautomatizacion\/wp-json\/wp\/v2\/pages\/59\/revisions\/242"}],"wp:attachment":[{"href":"https:\/\/blog.espol.edu.ec\/comunitariasautomatizacion\/wp-json\/wp\/v2\/media?parent=59"}],"curies":[{"name":"wp","href":"https:\/\/api.w.org\/{rel}","templated":true}]}}