{"id":20,"date":"2020-02-18T02:31:59","date_gmt":"2020-02-18T01:31:59","guid":{"rendered":"http:\/\/blog.espol.edu.ec\/controlavanzado\/?page_id=20"},"modified":"2025-07-09T18:24:22","modified_gmt":"2025-07-09T16:24:22","slug":"practicas","status":"publish","type":"page","link":"https:\/\/blog.espol.edu.ec\/controlavanzado\/practicas\/","title":{"rendered":"Pr\u00e1cticas y formatos"},"content":{"rendered":"<div id=\"pl-20\"  class=\"panel-layout\" ><div id=\"pg-20-0\"  class=\"panel-grid panel-no-style\" ><div id=\"pgc-20-0-0\"  class=\"panel-grid-cell\" ><div id=\"panel-20-0-0-0\" class=\"so-panel widget widget_sow-accordion panel-first-child\" data-index=\"0\" ><div\n\t\t\t\n\t\t\tclass=\"so-widget-sow-accordion so-widget-sow-accordion-default-99be652ed941-20\"\n\t\t\t\n\t\t><h3 class=\"widget-title\">Pr\u00e1cticas<\/h3><div>\n\t<div class=\"sow-accordion\">\n\t\t\t<div class=\"sow-accordion-panel\n\t\t\t\t\"\n\t\t\tdata-anchor-id=\"practicas-primer-parcial\">\n\t\t\t\t<div class=\"sow-accordion-panel-header-container\" role=\"heading\" aria-level=\"2\">\n\t\t\t\t\t<div class=\"sow-accordion-panel-header\" tabindex=\"0\" role=\"button\" id=\"accordion-label-pr%c3%a1cticas-primer-parcial\" aria-controls=\"accordion-content-pr%c3%a1cticas-primer-parcial\" aria-expanded=\"false\">\n\t\t\t\t\t\t<div class=\"sow-accordion-title sow-accordion-title-icon-left\">\n\t\t\t\t\t\t\t\t\t\t\t\t\t\tPr\u00e1cticas primer parcial\t\t\t\t\t\t\t\t\t\t\t\t\t<\/div>\n\t\t\t\t\t\t<div class=\"sow-accordion-open-close-button\">\n\t\t\t\t\t\t\t<div class=\"sow-accordion-open-button\">\n\t\t\t\t\t\t\t\t<span class=\"sow-icon-ionicons\" data-sow-icon=\"&#xf218;\"\n\t\t \n\t\taria-hidden=\"true\"><\/span>\t\t\t\t\t\t\t<\/div>\n\t\t\t\t\t\t\t<div class=\"sow-accordion-close-button\">\n\t\t\t\t\t\t\t\t<span class=\"sow-icon-ionicons\" data-sow-icon=\"&#xf209;\"\n\t\t \n\t\taria-hidden=\"true\"><\/span>\t\t\t\t\t\t\t<\/div>\n\t\t\t\t\t\t<\/div>\n\t\t\t\t\t<\/div>\n\t\t\t\t<\/div>\n\n\t\t\t<div\n\t\t\t\tclass=\"sow-accordion-panel-content\"\n\t\t\t\trole=\"region\"\n\t\t\t\taria-labelledby=\"accordion-label-pr%c3%a1cticas-primer-parcial\"\n\t\t\t\tid=\"accordion-content-pr%c3%a1cticas-primer-parcial\"\n\t\t\t\tstyle=\"display: none;\"\t\t\t>\n\t\t\t\t<div class=\"sow-accordion-panel-border\">\n\t\t\t\t\t<p><a href=\"http:\/\/blog.espol.edu.ec\/controlavanzado\/files\/2022\/10\/Practicas-2022-P1-P4.pdf\">Pr\u00e1cticas P1-P4<\/a><\/p>\n<p>&nbsp;<\/p>\n<p><a href=\"http:\/\/blog.espol.edu.ec\/controlavanzado\/files\/2022\/06\/P5.pdf\">Pr\u00e1ctica 5<\/a><\/p>\n<p><a href=\"https:\/\/drive.google.com\/drive\/folders\/18hGJ09s6OMQo1DgTYt5tPHQjv5jamz6S?usp=sharing\" target=\"_blank\" rel=\"noopener\">Enlace a archivos de MATLAB<\/a><\/p>\n<p>&nbsp;<\/p>\n<p><a href=\"http:\/\/blog.espol.edu.ec\/controlavanzado\/files\/2021\/11\/Pr\u00e1cticas_6_7.pdf\">Pr\u00e1cticas 6 y 7<\/a><\/p>\n<p>&nbsp;<\/p>\n\t\t\t\t<\/div>\n\t\t\t<\/div>\n\t\t<\/div>\n\t\t\t<div class=\"sow-accordion-panel\n\t\t\t\t\"\n\t\t\tdata-anchor-id=\"practicas-segundo-parcial\">\n\t\t\t\t<div class=\"sow-accordion-panel-header-container\" role=\"heading\" aria-level=\"2\">\n\t\t\t\t\t<div class=\"sow-accordion-panel-header\" tabindex=\"0\" role=\"button\" id=\"accordion-label-pr%c3%a1cticas-segundo-parcial\" aria-controls=\"accordion-content-pr%c3%a1cticas-segundo-parcial\" aria-expanded=\"false\">\n\t\t\t\t\t\t<div class=\"sow-accordion-title sow-accordion-title-icon-left\">\n\t\t\t\t\t\t\t\t\t\t\t\t\t\tPr\u00e1cticas segundo parcial \t\t\t\t\t\t\t\t\t\t\t\t\t<\/div>\n\t\t\t\t\t\t<div class=\"sow-accordion-open-close-button\">\n\t\t\t\t\t\t\t<div class=\"sow-accordion-open-button\">\n\t\t\t\t\t\t\t\t<span class=\"sow-icon-ionicons\" data-sow-icon=\"&#xf218;\"\n\t\t \n\t\taria-hidden=\"true\"><\/span>\t\t\t\t\t\t\t<\/div>\n\t\t\t\t\t\t\t<div class=\"sow-accordion-close-button\">\n\t\t\t\t\t\t\t\t<span class=\"sow-icon-ionicons\" data-sow-icon=\"&#xf209;\"\n\t\t \n\t\taria-hidden=\"true\"><\/span>\t\t\t\t\t\t\t<\/div>\n\t\t\t\t\t\t<\/div>\n\t\t\t\t\t<\/div>\n\t\t\t\t<\/div>\n\n\t\t\t<div\n\t\t\t\tclass=\"sow-accordion-panel-content\"\n\t\t\t\trole=\"region\"\n\t\t\t\taria-labelledby=\"accordion-label-pr%c3%a1cticas-segundo-parcial\"\n\t\t\t\tid=\"accordion-content-pr%c3%a1cticas-segundo-parcial\"\n\t\t\t\tstyle=\"display: none;\"\t\t\t>\n\t\t\t\t<div class=\"sow-accordion-panel-border\">\n\t\t\t\t\t<p><a href=\"https:\/\/drive.google.com\/open?id=1wwNEXnNwHHa7XsDSGL55y43z3YppiPR3&amp;usp=drive_fs\" target=\"_blank\" rel=\"noopener\">Archivos P7<\/a><\/p>\n<p><a href=\"https:\/\/drive.google.com\/drive\/folders\/1_MadiHMDJIdDCfN7UVCNPuQWDriKAX2K?usp=sharing\" target=\"_blank\" rel=\"noopener\">Modelo P8<\/a><\/p>\n<p><a href=\"http:\/\/blog.espol.edu.ec\/controlavanzado\/files\/2023\/12\/Practicas-2023-CA-2do-parcial.pdf\">Practicas CA 2do parcial<\/a><\/p>\n<p>&nbsp;<\/p>\n<p>&nbsp;<\/p>\n<p>&nbsp;<\/p>\n\t\t\t\t<\/div>\n\t\t\t<\/div>\n\t\t<\/div>\n\t\t<\/div>\n<\/div>\n<\/div><\/div><div id=\"panel-20-0-0-1\" class=\"so-panel widget widget_sow-accordion panel-last-child\" data-index=\"1\" ><div\n\t\t\t\n\t\t\tclass=\"so-widget-sow-accordion so-widget-sow-accordion-default-99be652ed941-20\"\n\t\t\t\n\t\t><h3 class=\"widget-title\">Formatos<\/h3><div>\n\t<div class=\"sow-accordion\">\n\t\t\t<div class=\"sow-accordion-panel\n\t\t\t\t\"\n\t\t\tdata-anchor-id=\"formatos-primer-parcial\">\n\t\t\t\t<div class=\"sow-accordion-panel-header-container\" role=\"heading\" aria-level=\"2\">\n\t\t\t\t\t<div class=\"sow-accordion-panel-header\" tabindex=\"0\" role=\"button\" id=\"accordion-label-formatos-primer-parcial\" aria-controls=\"accordion-content-formatos-primer-parcial\" aria-expanded=\"false\">\n\t\t\t\t\t\t<div class=\"sow-accordion-title sow-accordion-title-icon-left\">\n\t\t\t\t\t\t\t\t\t\t\t\t\t\tFormatos primer parcial\t\t\t\t\t\t\t\t\t\t\t\t\t<\/div>\n\t\t\t\t\t\t<div class=\"sow-accordion-open-close-button\">\n\t\t\t\t\t\t\t<div class=\"sow-accordion-open-button\">\n\t\t\t\t\t\t\t\t<span class=\"sow-icon-ionicons\" data-sow-icon=\"&#xf218;\"\n\t\t \n\t\taria-hidden=\"true\"><\/span>\t\t\t\t\t\t\t<\/div>\n\t\t\t\t\t\t\t<div class=\"sow-accordion-close-button\">\n\t\t\t\t\t\t\t\t<span class=\"sow-icon-ionicons\" data-sow-icon=\"&#xf209;\"\n\t\t \n\t\taria-hidden=\"true\"><\/span>\t\t\t\t\t\t\t<\/div>\n\t\t\t\t\t\t<\/div>\n\t\t\t\t\t<\/div>\n\t\t\t\t<\/div>\n\n\t\t\t<div\n\t\t\t\tclass=\"sow-accordion-panel-content\"\n\t\t\t\trole=\"region\"\n\t\t\t\taria-labelledby=\"accordion-label-formatos-primer-parcial\"\n\t\t\t\tid=\"accordion-content-formatos-primer-parcial\"\n\t\t\t\tstyle=\"display: none;\"\t\t\t>\n\t\t\t\t<div class=\"sow-accordion-panel-border\">\n\t\t\t\t\t<ul>\n \t<li><a href=\"http:\/\/blog.espol.edu.ec\/controlavanzado\/files\/2021\/10\/Formato-P1-.docx\">Formato-P1<\/a><\/li>\n \t<li><a href=\"http:\/\/blog.espol.edu.ec\/controlavanzado\/files\/2021\/10\/Formato-P2.docx\">Formato-P2<\/a><\/li>\n \t<li><a href=\"http:\/\/blog.espol.edu.ec\/controlavanzado\/files\/2021\/10\/Formato-P3.docx\">Formato-P3<\/a><\/li>\n \t<li><a href=\"http:\/\/blog.espol.edu.ec\/controlavanzado\/files\/2021\/10\/Formato-P4.docx\">Formato-P4<\/a><\/li>\n \t<li><a href=\"http:\/\/blog.espol.edu.ec\/controlavanzado\/files\/2021\/10\/Formato-P5.docx\">Formato-P5\u00a0<\/a><\/li>\n \t<li><a href=\"http:\/\/blog.espol.edu.ec\/controlavanzado\/files\/2021\/10\/Formato-P6.docx\">Formato-P6<\/a><\/li>\n<\/ul>\t\t\t\t<\/div>\n\t\t\t<\/div>\n\t\t<\/div>\n\t\t\t<div class=\"sow-accordion-panel\n\t\t\t\t\"\n\t\t\tdata-anchor-id=\"formatos-segundo-parcial\">\n\t\t\t\t<div class=\"sow-accordion-panel-header-container\" role=\"heading\" aria-level=\"2\">\n\t\t\t\t\t<div class=\"sow-accordion-panel-header\" tabindex=\"0\" role=\"button\" id=\"accordion-label-formatos-segundo-parcial\" aria-controls=\"accordion-content-formatos-segundo-parcial\" aria-expanded=\"false\">\n\t\t\t\t\t\t<div class=\"sow-accordion-title sow-accordion-title-icon-left\">\n\t\t\t\t\t\t\t\t\t\t\t\t\t\tFormatos segundo parcial\t\t\t\t\t\t\t\t\t\t\t\t\t<\/div>\n\t\t\t\t\t\t<div class=\"sow-accordion-open-close-button\">\n\t\t\t\t\t\t\t<div class=\"sow-accordion-open-button\">\n\t\t\t\t\t\t\t\t<span class=\"sow-icon-ionicons\" data-sow-icon=\"&#xf218;\"\n\t\t \n\t\taria-hidden=\"true\"><\/span>\t\t\t\t\t\t\t<\/div>\n\t\t\t\t\t\t\t<div class=\"sow-accordion-close-button\">\n\t\t\t\t\t\t\t\t<span class=\"sow-icon-ionicons\" data-sow-icon=\"&#xf209;\"\n\t\t \n\t\taria-hidden=\"true\"><\/span>\t\t\t\t\t\t\t<\/div>\n\t\t\t\t\t\t<\/div>\n\t\t\t\t\t<\/div>\n\t\t\t\t<\/div>\n\n\t\t\t<div\n\t\t\t\tclass=\"sow-accordion-panel-content\"\n\t\t\t\trole=\"region\"\n\t\t\t\taria-labelledby=\"accordion-label-formatos-segundo-parcial\"\n\t\t\t\tid=\"accordion-content-formatos-segundo-parcial\"\n\t\t\t\tstyle=\"display: none;\"\t\t\t>\n\t\t\t\t<div class=\"sow-accordion-panel-border\">\n\t\t\t\t\t<ul>\n<li><a href=\"http:\/\/blog.espol.edu.ec\/controlavanzado\/files\/2021\/10\/Formato-P7.docx\">Formato-P7<\/a><\/li>\n<li><a href=\"http:\/\/blog.espol.edu.ec\/controlavanzado\/files\/2021\/10\/Formato-P8.docx\">Formato-P8\u00a0<\/a><\/li>\n<li><a href=\"http:\/\/blog.espol.edu.ec\/controlavanzado\/files\/2023\/12\/Formato-P9-new.docx\">Formato-P9<\/a><\/li>\n<li><a href=\"http:\/\/blog.espol.edu.ec\/controlavanzado\/files\/2023\/12\/Formato-P10-New.docx\">Formato-P10<\/a><\/li>\n<li><a href=\"http:\/\/blog.espol.edu.ec\/controlavanzado\/files\/2023\/12\/Formato-P11-New.docx\">Formato-P11<\/a><\/li>\n<\/ul>\n\t\t\t\t<\/div>\n\t\t\t<\/div>\n\t\t<\/div>\n\t\t<\/div>\n<\/div>\n<\/div><\/div><\/div><\/div><\/div>","protected":false},"excerpt":{"rendered":"<p>Pr\u00e1cticas Pr\u00e1cticas primer parcial Pr\u00e1cticas P1-P4 &nbsp; Pr\u00e1ctica 5 Enlace a archivos de MATLAB &nbsp; Pr\u00e1cticas 6 y 7 &nbsp; Pr\u00e1cticas segundo parcial Archivos P7 Modelo P8 Practicas CA 2do parcial &nbsp; &nbsp; &nbsp; Formatos Formatos primer parcial Formato-P1 Formato-P2 Formato-P3 Formato-P4 Formato-P5\u00a0 Formato-P6 Formatos segundo parcial Formato-P7 Formato-P8\u00a0 Formato-P9 Formato-P10 Formato-P11<\/p>\n","protected":false},"author":1644,"featured_media":0,"parent":0,"menu_order":0,"comment_status":"closed","ping_status":"closed","template":"","meta":{"footnotes":""},"class_list":["post-20","page","type-page","status-publish","hentry"],"_links":{"self":[{"href":"https:\/\/blog.espol.edu.ec\/controlavanzado\/wp-json\/wp\/v2\/pages\/20","targetHints":{"allow":["GET"]}}],"collection":[{"href":"https:\/\/blog.espol.edu.ec\/controlavanzado\/wp-json\/wp\/v2\/pages"}],"about":[{"href":"https:\/\/blog.espol.edu.ec\/controlavanzado\/wp-json\/wp\/v2\/types\/page"}],"author":[{"embeddable":true,"href":"https:\/\/blog.espol.edu.ec\/controlavanzado\/wp-json\/wp\/v2\/users\/1644"}],"replies":[{"embeddable":true,"href":"https:\/\/blog.espol.edu.ec\/controlavanzado\/wp-json\/wp\/v2\/comments?post=20"}],"version-history":[{"count":53,"href":"https:\/\/blog.espol.edu.ec\/controlavanzado\/wp-json\/wp\/v2\/pages\/20\/revisions"}],"predecessor-version":[{"id":360,"href":"https:\/\/blog.espol.edu.ec\/controlavanzado\/wp-json\/wp\/v2\/pages\/20\/revisions\/360"}],"wp:attachment":[{"href":"https:\/\/blog.espol.edu.ec\/controlavanzado\/wp-json\/wp\/v2\/media?parent=20"}],"curies":[{"name":"wp","href":"https:\/\/api.w.org\/{rel}","templated":true}]}}