{"id":22,"date":"2020-02-18T02:33:52","date_gmt":"2020-02-18T01:33:52","guid":{"rendered":"http:\/\/blog.espol.edu.ec\/controlavanzado\/?page_id=22"},"modified":"2024-04-01T20:45:08","modified_gmt":"2024-04-01T18:45:08","slug":"enlaces-de-interes","status":"publish","type":"page","link":"https:\/\/blog.espol.edu.ec\/controlavanzado\/enlaces-de-interes\/","title":{"rendered":"Enlaces de inter\u00e9s"},"content":{"rendered":"<div id=\"pl-22\"  class=\"panel-layout\" ><div id=\"pg-22-0\"  class=\"panel-grid panel-no-style\" ><div id=\"pgc-22-0-0\"  class=\"panel-grid-cell\" ><div id=\"panel-22-0-0-0\" class=\"so-panel widget widget_sow-accordion panel-first-child\" data-index=\"0\" ><div\n\t\t\t\n\t\t\tclass=\"so-widget-sow-accordion so-widget-sow-accordion-default-99be652ed941-22\"\n\t\t\t\n\t\t><h3 class=\"widget-title\">Presentaciones y videos<\/h3><div>\n\t<div class=\"sow-accordion\">\n\t\t\t<div class=\"sow-accordion-panel\n\t\t\t\t\"\n\t\t\tdata-anchor-id=\"presentaciones\">\n\t\t\t\t<div class=\"sow-accordion-panel-header-container\" role=\"heading\" aria-level=\"2\">\n\t\t\t\t\t<div class=\"sow-accordion-panel-header\" tabindex=\"0\" role=\"button\" id=\"accordion-label-presentaciones\" aria-controls=\"accordion-content-presentaciones\" aria-expanded=\"false\">\n\t\t\t\t\t\t<div class=\"sow-accordion-title sow-accordion-title-icon-left\">\n\t\t\t\t\t\t\t\t\t\t\t\t\t\tPRESENTACIONES\t\t\t\t\t\t\t\t\t\t\t\t\t<\/div>\n\t\t\t\t\t\t<div class=\"sow-accordion-open-close-button\">\n\t\t\t\t\t\t\t<div class=\"sow-accordion-open-button\">\n\t\t\t\t\t\t\t\t<span class=\"sow-icon-ionicons\" data-sow-icon=\"&#xf218;\"\n\t\t \n\t\taria-hidden=\"true\"><\/span>\t\t\t\t\t\t\t<\/div>\n\t\t\t\t\t\t\t<div class=\"sow-accordion-close-button\">\n\t\t\t\t\t\t\t\t<span class=\"sow-icon-ionicons\" data-sow-icon=\"&#xf209;\"\n\t\t \n\t\taria-hidden=\"true\"><\/span>\t\t\t\t\t\t\t<\/div>\n\t\t\t\t\t\t<\/div>\n\t\t\t\t\t<\/div>\n\t\t\t\t<\/div>\n\n\t\t\t<div\n\t\t\t\tclass=\"sow-accordion-panel-content\"\n\t\t\t\trole=\"region\"\n\t\t\t\taria-labelledby=\"accordion-label-presentaciones\"\n\t\t\t\tid=\"accordion-content-presentaciones\"\n\t\t\t\tstyle=\"display: none;\"\t\t\t>\n\t\t\t\t<div class=\"sow-accordion-panel-border\">\n\t\t\t\t\t<p><a href=\"http:\/\/blog.espol.edu.ec\/controlavanzado\/files\/2020\/05\/Repaso-de-MATLAB.pdf\">PRESENTACI\u00d3N P1<\/a><\/p>\n<p><a href=\"http:\/\/blog.espol.edu.ec\/controlavanzado\/files\/2020\/05\/Transformada-Z-y-sus-propiedades.pdf\" target=\"_blank\" rel=\"noopener\">PRESENTACI\u00d3N P2<\/a><\/p>\n<p><a href=\"http:\/\/blog.espol.edu.ec\/controlavanzado\/files\/2022\/07\/Diapositivas-espacio-estados.pdf\" target=\"_blank\" rel=\"noopener\">PRESENTACI\u00d3N P9<\/a><\/p>\n<p>&nbsp;<\/p>\n<p>&nbsp;<\/p>\n\t\t\t\t<\/div>\n\t\t\t<\/div>\n\t\t<\/div>\n\t\t\t<div class=\"sow-accordion-panel\n\t\t\t\t\"\n\t\t\tdata-anchor-id=\"videos\">\n\t\t\t\t<div class=\"sow-accordion-panel-header-container\" role=\"heading\" aria-level=\"2\">\n\t\t\t\t\t<div class=\"sow-accordion-panel-header\" tabindex=\"0\" role=\"button\" id=\"accordion-label-videos\" aria-controls=\"accordion-content-videos\" aria-expanded=\"false\">\n\t\t\t\t\t\t<div class=\"sow-accordion-title sow-accordion-title-icon-left\">\n\t\t\t\t\t\t\t\t\t\t\t\t\t\tVIDEOS\t\t\t\t\t\t\t\t\t\t\t\t\t<\/div>\n\t\t\t\t\t\t<div class=\"sow-accordion-open-close-button\">\n\t\t\t\t\t\t\t<div class=\"sow-accordion-open-button\">\n\t\t\t\t\t\t\t\t<span class=\"sow-icon-ionicons\" data-sow-icon=\"&#xf218;\"\n\t\t \n\t\taria-hidden=\"true\"><\/span>\t\t\t\t\t\t\t<\/div>\n\t\t\t\t\t\t\t<div class=\"sow-accordion-close-button\">\n\t\t\t\t\t\t\t\t<span class=\"sow-icon-ionicons\" data-sow-icon=\"&#xf209;\"\n\t\t \n\t\taria-hidden=\"true\"><\/span>\t\t\t\t\t\t\t<\/div>\n\t\t\t\t\t\t<\/div>\n\t\t\t\t\t<\/div>\n\t\t\t\t<\/div>\n\n\t\t\t<div\n\t\t\t\tclass=\"sow-accordion-panel-content\"\n\t\t\t\trole=\"region\"\n\t\t\t\taria-labelledby=\"accordion-label-videos\"\n\t\t\t\tid=\"accordion-content-videos\"\n\t\t\t\tstyle=\"display: none;\"\t\t\t>\n\t\t\t\t<div class=\"sow-accordion-panel-border\">\n\t\t\t\t\t<p><a href=\"https:\/\/www.youtube.com\/watch?v=uGMLuHPMfUE\" target=\"_blank\" rel=\"noopener\">ENLACE P3<\/a><\/p>\n<p><a href=\"https:\/\/youtu.be\/4anTpI-v-MQ\" target=\"_blank\" rel=\"noopener\">ENLACE P5<\/a><\/p>\n\t\t\t\t<\/div>\n\t\t\t<\/div>\n\t\t<\/div>\n\t\t<\/div>\n<\/div>\n<\/div><\/div><div id=\"panel-22-0-0-1\" class=\"so-panel widget widget_sow-accordion panel-last-child\" data-index=\"1\" ><div\n\t\t\t\n\t\t\tclass=\"so-widget-sow-accordion so-widget-sow-accordion-default-99be652ed941-22\"\n\t\t\t\n\t\t><h3 class=\"widget-title\">Pr\u00e1cticas seguras<\/h3><div>\n\t<div class=\"sow-accordion\">\n\t\t\t<div class=\"sow-accordion-panel\n\t\t\t\t\"\n\t\t\tdata-anchor-id=\"primer-parcial\">\n\t\t\t\t<div class=\"sow-accordion-panel-header-container\" role=\"heading\" aria-level=\"2\">\n\t\t\t\t\t<div class=\"sow-accordion-panel-header\" tabindex=\"0\" role=\"button\" id=\"accordion-label-primer-parcial\" aria-controls=\"accordion-content-primer-parcial\" aria-expanded=\"false\">\n\t\t\t\t\t\t<div class=\"sow-accordion-title sow-accordion-title-icon-left\">\n\t\t\t\t\t\t\t\t\t\t\t\t\t\tPrimer parcial\t\t\t\t\t\t\t\t\t\t\t\t\t<\/div>\n\t\t\t\t\t\t<div class=\"sow-accordion-open-close-button\">\n\t\t\t\t\t\t\t<div class=\"sow-accordion-open-button\">\n\t\t\t\t\t\t\t\t<span class=\"sow-icon-ionicons\" data-sow-icon=\"&#xf218;\"\n\t\t \n\t\taria-hidden=\"true\"><\/span>\t\t\t\t\t\t\t<\/div>\n\t\t\t\t\t\t\t<div class=\"sow-accordion-close-button\">\n\t\t\t\t\t\t\t\t<span class=\"sow-icon-ionicons\" data-sow-icon=\"&#xf209;\"\n\t\t \n\t\taria-hidden=\"true\"><\/span>\t\t\t\t\t\t\t<\/div>\n\t\t\t\t\t\t<\/div>\n\t\t\t\t\t<\/div>\n\t\t\t\t<\/div>\n\n\t\t\t<div\n\t\t\t\tclass=\"sow-accordion-panel-content\"\n\t\t\t\trole=\"region\"\n\t\t\t\taria-labelledby=\"accordion-label-primer-parcial\"\n\t\t\t\tid=\"accordion-content-primer-parcial\"\n\t\t\t\tstyle=\"display: none;\"\t\t\t>\n\t\t\t\t<div class=\"sow-accordion-panel-border\">\n\t\t\t\t\t<p><a href=\"https:\/\/docs.google.com\/spreadsheets\/d\/1-W0g-hmrkAkyUuhhL8h8jl52ztcFmeJb\/edit?usp=sharing&amp;ouid=116510412487264118557&amp;rtpof=true&amp;sd=true\" target=\"_blank\" rel=\"noopener\">Pr\u00e1ctica 1<\/a><\/p>\n<p><a href=\"https:\/\/docs.google.com\/spreadsheets\/d\/1007zLiMm4Z97OOnJBlKrz4B9Sp8AOz9f\/edit?usp=sharing&amp;ouid=116510412487264118557&amp;rtpof=true&amp;sd=true\" target=\"_blank\" rel=\"noopener\">Pr\u00e1ctica 2<\/a><\/p>\n<p><a href=\"https:\/\/docs.google.com\/spreadsheets\/d\/1-yfxF-y-Mgut2eZTaFrOzfYfTAqKN3pK\/edit?usp=sharing&amp;ouid=116510412487264118557&amp;rtpof=true&amp;sd=true\" target=\"_blank\" rel=\"noopener\">Pr\u00e1ctica 3<\/a><\/p>\n<p><a href=\"https:\/\/docs.google.com\/spreadsheets\/d\/1-tIijJqhUGpQwuWht8tLn9jJEnswM00P\/edit?usp=sharing&amp;ouid=116510412487264118557&amp;rtpof=true&amp;sd=true\" target=\"_blank\" rel=\"noopener\">Pr\u00e1ctica 4<\/a><\/p>\n<p><a href=\"https:\/\/docs.google.com\/spreadsheets\/d\/1-szbeZ8QKKs34kALdpeGjXRpWrfyGKPB\/edit?usp=sharing&amp;ouid=116510412487264118557&amp;rtpof=true&amp;sd=true\" target=\"_blank\" rel=\"noopener\">Pr\u00e1ctica 5<\/a><\/p>\n<p><a href=\"https:\/\/docs.google.com\/spreadsheets\/d\/1-ol5LkwqL-EtntS-8dV-5c8QSrOBtRFO\/edit?usp=sharing&amp;ouid=116510412487264118557&amp;rtpof=true&amp;sd=true\" target=\"_blank\" rel=\"noopener\">Pr\u00e1ctica 6<\/a><\/p>\n<p>&nbsp;<\/p>\n\t\t\t\t<\/div>\n\t\t\t<\/div>\n\t\t<\/div>\n\t\t\t<div class=\"sow-accordion-panel\n\t\t\t\t\"\n\t\t\tdata-anchor-id=\"segundo-parcial\">\n\t\t\t\t<div class=\"sow-accordion-panel-header-container\" role=\"heading\" aria-level=\"2\">\n\t\t\t\t\t<div class=\"sow-accordion-panel-header\" tabindex=\"0\" role=\"button\" id=\"accordion-label-segundo-parcial\" aria-controls=\"accordion-content-segundo-parcial\" aria-expanded=\"false\">\n\t\t\t\t\t\t<div class=\"sow-accordion-title sow-accordion-title-icon-left\">\n\t\t\t\t\t\t\t\t\t\t\t\t\t\tSegundo parcial\t\t\t\t\t\t\t\t\t\t\t\t\t<\/div>\n\t\t\t\t\t\t<div class=\"sow-accordion-open-close-button\">\n\t\t\t\t\t\t\t<div class=\"sow-accordion-open-button\">\n\t\t\t\t\t\t\t\t<span class=\"sow-icon-ionicons\" data-sow-icon=\"&#xf218;\"\n\t\t \n\t\taria-hidden=\"true\"><\/span>\t\t\t\t\t\t\t<\/div>\n\t\t\t\t\t\t\t<div class=\"sow-accordion-close-button\">\n\t\t\t\t\t\t\t\t<span class=\"sow-icon-ionicons\" data-sow-icon=\"&#xf209;\"\n\t\t \n\t\taria-hidden=\"true\"><\/span>\t\t\t\t\t\t\t<\/div>\n\t\t\t\t\t\t<\/div>\n\t\t\t\t\t<\/div>\n\t\t\t\t<\/div>\n\n\t\t\t<div\n\t\t\t\tclass=\"sow-accordion-panel-content\"\n\t\t\t\trole=\"region\"\n\t\t\t\taria-labelledby=\"accordion-label-segundo-parcial\"\n\t\t\t\tid=\"accordion-content-segundo-parcial\"\n\t\t\t\tstyle=\"display: none;\"\t\t\t>\n\t\t\t\t<div class=\"sow-accordion-panel-border\">\n\t\t\t\t\t<p><a href=\"https:\/\/docs.google.com\/spreadsheets\/d\/1-lDc6Wf8ia9zKprRyiTfRVuV8D47N4_g\/edit?usp=sharing&amp;ouid=116510412487264118557&amp;rtpof=true&amp;sd=true\" target=\"_blank\" rel=\"noopener\">Pr\u00e1ctica 7<\/a><\/p>\n<p><a href=\"https:\/\/docs.google.com\/spreadsheets\/d\/1-gfa1MY5YDrs7T-CQTi8-uVhw1uoQp-I\/edit?usp=sharing&amp;ouid=116510412487264118557&amp;rtpof=true&amp;sd=true\" target=\"_blank\" rel=\"noopener\">Pr\u00e1ctica 8<\/a><\/p>\n<p><a href=\"https:\/\/docs.google.com\/spreadsheets\/d\/1-XM2B8AMqVljx2V_xoHPFRFFCeJVEoUF\/edit?usp=sharing&amp;ouid=116510412487264118557&amp;rtpof=true&amp;sd=true\" target=\"_blank\" rel=\"noopener\">Pr\u00e1ctica 9<\/a><\/p>\n<p><a href=\"https:\/\/docs.google.com\/spreadsheets\/d\/109aZOhPrCEkTm9ZEYoUX2N2eyaAySpy9\/edit?usp=sharing&amp;ouid=116510412487264118557&amp;rtpof=true&amp;sd=true\" target=\"_blank\" rel=\"noopener\">Pr\u00e1ctica 10<\/a><\/p>\n<p><a href=\"https:\/\/docs.google.com\/spreadsheets\/d\/106LDMJp3cKOKyp3eWWLyMNel0WW-N6aY\/edit?usp=sharing&amp;ouid=116510412487264118557&amp;rtpof=true&amp;sd=true\" target=\"_blank\" rel=\"noopener\">Pr\u00e1ctica 11<\/a><\/p>\n<p>&nbsp;<\/p>\n\t\t\t\t<\/div>\n\t\t\t<\/div>\n\t\t<\/div>\n\t\t<\/div>\n<\/div>\n<\/div><\/div><\/div><\/div><\/div>","protected":false},"excerpt":{"rendered":"<p>Presentaciones y videos PRESENTACIONES PRESENTACI\u00d3N P1 PRESENTACI\u00d3N P2 PRESENTACI\u00d3N P9 &nbsp; &nbsp; VIDEOS ENLACE P3 ENLACE P5 Pr\u00e1cticas seguras Primer parcial Pr\u00e1ctica 1 Pr\u00e1ctica 2 Pr\u00e1ctica 3 Pr\u00e1ctica 4 Pr\u00e1ctica 5 Pr\u00e1ctica 6 &nbsp; Segundo parcial Pr\u00e1ctica 7 Pr\u00e1ctica 8 Pr\u00e1ctica 9 Pr\u00e1ctica 10 Pr\u00e1ctica 11 &nbsp;<\/p>\n","protected":false},"author":1644,"featured_media":0,"parent":0,"menu_order":0,"comment_status":"closed","ping_status":"closed","template":"","meta":{"footnotes":""},"class_list":["post-22","page","type-page","status-publish","hentry"],"_links":{"self":[{"href":"https:\/\/blog.espol.edu.ec\/controlavanzado\/wp-json\/wp\/v2\/pages\/22","targetHints":{"allow":["GET"]}}],"collection":[{"href":"https:\/\/blog.espol.edu.ec\/controlavanzado\/wp-json\/wp\/v2\/pages"}],"about":[{"href":"https:\/\/blog.espol.edu.ec\/controlavanzado\/wp-json\/wp\/v2\/types\/page"}],"author":[{"embeddable":true,"href":"https:\/\/blog.espol.edu.ec\/controlavanzado\/wp-json\/wp\/v2\/users\/1644"}],"replies":[{"embeddable":true,"href":"https:\/\/blog.espol.edu.ec\/controlavanzado\/wp-json\/wp\/v2\/comments?post=22"}],"version-history":[{"count":23,"href":"https:\/\/blog.espol.edu.ec\/controlavanzado\/wp-json\/wp\/v2\/pages\/22\/revisions"}],"predecessor-version":[{"id":339,"href":"https:\/\/blog.espol.edu.ec\/controlavanzado\/wp-json\/wp\/v2\/pages\/22\/revisions\/339"}],"wp:attachment":[{"href":"https:\/\/blog.espol.edu.ec\/controlavanzado\/wp-json\/wp\/v2\/media?parent=22"}],"curies":[{"name":"wp","href":"https:\/\/api.w.org\/{rel}","templated":true}]}}