{"id":16,"date":"2012-06-28T03:45:54","date_gmt":"2012-06-28T03:45:54","guid":{"rendered":"http:\/\/blog.espol.edu.ec\/corella\/?page_id=16"},"modified":"2012-06-28T03:45:54","modified_gmt":"2012-06-28T03:45:54","slug":"leyendas-de-zaruma","status":"publish","type":"page","link":"https:\/\/blog.espol.edu.ec\/corella\/leyendas-de-zaruma\/","title":{"rendered":"Leyendas de Zaruma"},"content":{"rendered":"<p align=\"justify\">Zaruma es muy rica en eso de cuentos, mitos, leyendas y fantas\u00edas. Predominan aquellas con matices de terror, de espanto, de aquelarres o episodios fantasmag\u00f3ricos, como narraban nuestros abuelos. El Dr. Gonzalo Rodr\u00edguez ha recogido de la memoria colectiva muchas de estas visiones alucinantes:<\/p>\n<p align=\"justify\"><strong>El Diablo en la Calderona<\/strong><\/p>\n<p align=\"justify\"><img loading=\"lazy\" decoding=\"async\" src=\"http:\/\/www.visitezaruma.com\/images\/stories\/eldiabloenla%20calderona.jpg\" alt=\"\" width=\"154\" height=\"187\" align=\"left\" border=\"0\" hspace=\"10\" vspace=\"10\" \/>Cuenta lo sucedido a principios del siglo XX al sereno \u00c1ngel Mar\u00eda, encargado de encender los faroles en las noches y dar las horas cuando en Zaruma a\u00fan no hab\u00eda un reloj publico. El sereno viv\u00eda en el barrio San Francisco y cierta noche escuch\u00f3 el llamado desesperado de un viajero a qui\u00e9n se le apareci\u00f3 el diablo en el sitio la Calderona, un lugar t\u00e9trico que desemboca en un barranco.<\/p>\n<p align=\"justify\">\u00a0\u00a0 \u00a0\u201c\u00a1\u00c1ngel\u00a0 Mar\u00eda!\u00a0\u00a0 \u00a1\u00c1ngel\u00a0 Mar\u00eda!\u00a0\u00a0 \u00a1Por Dios, soc\u00f3rreme!\u00a0 Gritaba desesperado el infortunado hombre.<\/p>\n<p align=\"justify\">El \u201cNegro\u201d Angel Maria sale angustiado a ver qu\u00e9 pasa y \u00a1Oh sorpresa! Observa que el hombre se acercaba montando un asustado burro y con el Diablo al anca. Presuroso el sereno penetra a su casa y regresa de inmediato con un crucifijo bendito; Cristo clavado en la cruz que hab\u00eda recibido en la Iglesia por muchas ocasiones ba\u00f1os de agua bendita; ante esta circunstancia, el bulto mal\u00e9fico se desprendi\u00f3 y rodo barranco abajo haciendo un ruido tremendo. Su cuerpo peludo se fue perdiendo en la obscuridad, aunque sus ojos de braza, como \u201cpuchos\u201d encendidos de cigarro, aun se dejaban ver lejos.<\/p>\n<p align=\"justify\">El hombre que vivi\u00f3 el terror\u00edfico episodio cay\u00f3 desde la silla de montar al suelo, sin conocimiento, mientras que el burro bajaba la calle San Francisco a carrera desenfrenada\u2026<\/p>\n<p align=\"justify\">Unos vecinos acudieron al bullicio, trataron de ver al diablo pero fue imposible, \u00fanicamente un hombre con palidez de muerte yac\u00eda desmayado mientras el ambiente se impregnaba de olor a azufre quemado y una fetidez de porquer\u00eda\u2026\u2026\u2026\u2026\u201d<\/p>\n<p align=\"justify\"><strong>La Dama Misteriosa<\/strong><\/p>\n<p><img loading=\"lazy\" decoding=\"async\" src=\"http:\/\/www.visitezaruma.com\/images\/stories\/damamisteriosa.jpg\" alt=\"\" width=\"166\" height=\"165\" align=\"left\" border=\"0\" hspace=\"10\" vspace=\"10\" \/>Cuenta esta leyenda que, atra\u00eddas por el oro,\u00a0 a Zaruma llegaban personas de toda \u00edndole desde tiempos coloniales. Entre ellas, una bella mujer se\u00f1alada por la comunidad como pecadora y perseguidora de hombres. Jam\u00e1s pis\u00f3 la iglesia,\u00a0 y cuando muri\u00f3 de manera inesperada unas damas caritativas la depositaron\u00a0 directamente en\u00a0 un hoyo del cementerio, porque el cura no quiso ni o\u00edr que una mala mujer entre al templo, pues \u00e9ste pod\u00eda reventar por la presencia de un cuerpo que era un fardo apretujado de pecados.<\/p>\n<p align=\"justify\">Pasado el tiempo, esta mujer pas\u00f3 a convertirse en \u201calma en pena\u201d. Se la ve\u00eda por las noches alrededor de la quebrada denominada Juan G\u00f3mez y por el camino que conduce hacia la mina el Sesmo. Conservaba un cuerpo esbelto, un rostro hermoso, un cabello sedoso y ondulado, labios voluptuosos y un mirar coqueto. Los hombres que caminaban por dicho lugar, especialmente los mineros espa\u00f1oles y criollos, eran atra\u00eddos por\u00a0 aquella figura y la segu\u00edan para cortejarla, sin jam\u00e1s lograr alcanzarla. Por alg\u00fan motivo sobrenatural, siempre manten\u00eda una distancia frente al s\u00e1tiro perseguidor.<\/p>\n<p align=\"justify\">En un punto cualquiera, la dama se deten\u00eda con manifiestas intenciones de corresponder a su pretendiente mostrando su hermoso rostro, mientras el emocionado gal\u00e1n quedaba extasiado frente a una radiante ninfa de hermosura indescriptible. De repente, sus ojos se perd\u00edan en la nada, dejando dos oquedades huesudas, sus encarnados labios ca\u00edan para dejar sus dientes a la vista dibujando una sonrisa de t\u00e9tricos presagios\u2026 el rostro iba desintegr\u00e1ndose poco a poco, prontamente, y el cabello sedoso y ondulado desaparec\u00eda quedando su cabeza en calavera y todo su tentador cuerpo en esqueleto.<\/p>\n<p align=\"justify\">El pobre gal\u00e1n, con este cuadro de horror sal\u00eda en arremetida fuga, era presa de convulsiones o p\u00e9rdida de conocimiento cayendo pesadamente al suelo h\u00famedo y frio de la noche.<\/p>\n<p align=\"justify\"><strong>La Virgen del Carmen<\/strong><\/p>\n<p>La Virgen del Carmen, Patrona de Zaruma, es venerada por siglos. Sus devotos le atribuyen milagros prodigiosos. Nos salv\u00f3 del bombardeo de la aviaci\u00f3n peruana en la invasi\u00f3n del 41, atendiendo los ruegos, rezos y s\u00faplicas de los moradores. Densas nubes cubrieron la ciudad cuando los aviones se acercaban a da\u00f1arnos con sus armas letales, pasaron de largo, Zaruma no fue vista, pero s\u00ed el cercano pueblito de San Roque, donde dicen estallaron los artefactos.<\/p>\n<p align=\"justify\"><strong>El Milagro de la Virgen del Consuelo<\/strong><\/p>\n<p align=\"justify\"><img loading=\"lazy\" decoding=\"async\" src=\"http:\/\/www.visitezaruma.com\/images\/stories\/virgen%20del%20consuelo.jpg\" alt=\"\" width=\"153\" height=\"102\" align=\"left\" border=\"0\" hspace=\"10\" vspace=\"10\" \/>En 1630, la mina \u201cBetilla\u201d de propiedad del Alf\u00e9rez\u00a0 Juan Ruiz de Aranda, espa\u00f1ol, colaps\u00f3, dejando en su interior a tres indios que laboraban. Luego de cinco\u00a0 d\u00edas de intentos de rescate, los vecinos de la Villa, decidieron dejarlos por muertos mientras\u00a0 el Alf\u00e9rez fue encadenado.\u00a0 No obstante, Alonso Ortiz de Montesdeoca, otro de los vecinos espa\u00f1oles,\u00a0 no se dio por vencido y, con peninsulares, indios y negros,\u00a0 sigui\u00f3 en el intento de salvaci\u00f3n; simult\u00e1neamente Magdalena Guill\u00e9n, esposa del Alf\u00e9rez\u00a0 Juan Ruiz de Aranda, llev\u00f3 la imagen de la Virgen del Consuelo que tenia en casa y la ubic\u00f3 en un nicho que hab\u00eda sido cavado a prop\u00f3sito. A los nueve d\u00edas encontraron a los indios sin lesi\u00f3n alguna. Los vecinos corrieron con agua y comida, pero ellos dijeron no tener hambre, pues hab\u00edan visto una luz celestial y all\u00ed la imagen de la Virgen de la Consolaci\u00f3n. Con su imagen se hab\u00edan alentado y consolado, no hab\u00edan tenido hambre ni sed en ese obligado cautiverio. Cuando fueron del todo rescatados, el resto de la mina cay\u00f3 con estr\u00e9pito, tap\u00e1ndose totalmente, pero la Virgen qued\u00f3 intacta en su nicho.<\/p>\n<p align=\"justify\">Hubo fiesta en\u00a0 Zaruma, procesiones y rezos, por este milagro que, documentadamente y con testigos, consta en el libro escrito por Jorge L\u00f3pez de Herrera, publicado en Lima de 1675, titulado \u201cCr\u00f3nicas de la Religios\u00edsima provincia de los Doce Ap\u00f3stoles del Per\u00fa, de la orden del padre San francisco, de regular Observancia\u201d.<\/p>\n","protected":false},"excerpt":{"rendered":"<p>Zaruma es muy rica en eso de cuentos, mitos, leyendas y fantas\u00edas. Predominan aquellas con matices de terror, de espanto, de aquelarres o episodios fantasmag\u00f3ricos, como narraban nuestros abuelos. El Dr. Gonzalo Rodr\u00edguez ha recogido de la memoria colectiva muchas de estas visiones alucinantes: El Diablo en la Calderona Cuenta lo sucedido a principios del [&hellip;]<\/p>\n","protected":false},"author":7743,"featured_media":0,"parent":0,"menu_order":0,"comment_status":"open","ping_status":"open","template":"","meta":{"footnotes":""},"class_list":["post-16","page","type-page","status-publish","hentry"],"_links":{"self":[{"href":"https:\/\/blog.espol.edu.ec\/corella\/wp-json\/wp\/v2\/pages\/16","targetHints":{"allow":["GET"]}}],"collection":[{"href":"https:\/\/blog.espol.edu.ec\/corella\/wp-json\/wp\/v2\/pages"}],"about":[{"href":"https:\/\/blog.espol.edu.ec\/corella\/wp-json\/wp\/v2\/types\/page"}],"author":[{"embeddable":true,"href":"https:\/\/blog.espol.edu.ec\/corella\/wp-json\/wp\/v2\/users\/7743"}],"replies":[{"embeddable":true,"href":"https:\/\/blog.espol.edu.ec\/corella\/wp-json\/wp\/v2\/comments?post=16"}],"version-history":[{"count":1,"href":"https:\/\/blog.espol.edu.ec\/corella\/wp-json\/wp\/v2\/pages\/16\/revisions"}],"predecessor-version":[{"id":17,"href":"https:\/\/blog.espol.edu.ec\/corella\/wp-json\/wp\/v2\/pages\/16\/revisions\/17"}],"wp:attachment":[{"href":"https:\/\/blog.espol.edu.ec\/corella\/wp-json\/wp\/v2\/media?parent=16"}],"curies":[{"name":"wp","href":"https:\/\/api.w.org\/{rel}","templated":true}]}}