{"id":109,"date":"2014-06-08T01:54:20","date_gmt":"2014-06-08T01:54:20","guid":{"rendered":"http:\/\/blog.espol.edu.ec\/cpillajo\/?page_id=109"},"modified":"2014-06-08T02:01:10","modified_gmt":"2014-06-08T02:01:10","slug":"verde-70","status":"publish","type":"page","link":"https:\/\/blog.espol.edu.ec\/cpillajo\/rock-ecuatoriano\/verde-70\/","title":{"rendered":"Verde 70"},"content":{"rendered":"<p>Verde 70<\/p>\n<p><a href=\"http:\/\/blog.espol.edu.ec\/cpillajo\/files\/2014\/06\/DrjqR7USAj6sxeq_-_p-c-150x150.jpg\"><img loading=\"lazy\" decoding=\"async\" src=\"http:\/\/blog.espol.edu.ec\/cpillajo\/files\/2014\/06\/DrjqR7USAj6sxeq_-_p-c-150x150.jpg\" alt=\"DrjqR7USAj6sxeq_-_p-c-150x150\" width=\"150\" height=\"102\" class=\"alignright size-full wp-image-105\" \/><\/a><\/p>\n<p>Luego de m\u00e1s de siete a\u00f1os de carrera, tres discos y cientos de conciertos por todo el pa\u00eds y el exterior, Verde 70 se ha consolidado como una banda pionera en varios aspectos dentro del \u00e1mbito nacional.<br \/>\nY es que en el momento en que empez\u00f3 la banda, el ambiente musical ecuatoriano pasaba por una suerte de depresi\u00f3n y divisi\u00f3n. Las expresiones musicales ecuatorianas no estaban en su mejor momento, porque eran como la cola de cometa de una corriente musical que tuvo su apogeo en los tempranos noventas con bandas como Contrav\u00eda, Barro y Tercer Mundo, entre otros. A todo ello se sumaba el regionalismo, que solo permit\u00eda a las bandas ser populares \u00fanicamente en el lugar del que proven\u00edan, haciendo muy dif\u00edcil traspasar la barrera costa-sierra.<br \/>\nCon este tel\u00f3n de fondo aparece Verde 70, una banda innovadora y transgresora que logra vencer barreras, sobretodo mentales, acerca de la m\u00fasica nacional y demuestra que se puede hacer m\u00fasica de calidad en un pa\u00eds donde los recursos t\u00e9cnicos son escasos y las influencias exteriores son demasiado fuertes debido a la globalizaci\u00f3n y al vac\u00edo musical local.  En este sentido, el papel de V-70 en la escena musical ecuatoriana es decisivo, pues a m\u00e1s de lograr remover conceptos caducos y sectarios, consigue dotar de una identidad musical s\u00f3lida al p\u00fablico, que se lleg\u00f3 a sentir orgullosamente identificado con una banda nacional de talla internacional.<br \/>\nCorr\u00eda el a\u00f1o de 1997, Dar\u00edo Castro, vocalista y guitarra de la banda, se hab\u00eda graduado del colegio y hab\u00eda entrado a la Universidad Cat\u00f3lica a estudiar Arquitectura. El grupo que hab\u00eda tenido en el colegio iba desapareciendo, cada uno de sus integrantes se dedicaba a otras actividades y los ensayos eran cada vez m\u00e1s escasos. Sin embargo, sent\u00eda la vena musical y la necesidad de continuar por el camino de la m\u00fasica. Es as\u00ed como un d\u00eda escucha tocar a David Ar\u00edzaga (bater\u00eda), un antiguo amigo del colegio, y le parece genial su manera de tocar, mucho m\u00e1s limpia y con una m\u00e9trica perfecta. David por su lado siempre hab\u00eda cre\u00eddo en el talento de Dar\u00edo y le gustaban sus composiciones. Aparte, estudiaba en la misma Universidad la carrera de Relaciones Internacionales, lo cual les facilitaba juntarse para ensayar. A partir de ese d\u00eda empiezan los ensayos. Sin embargo, todav\u00eda no ten\u00edan un bajista fijo. Por esa raz\u00f3n suelen llamar a alg\u00fan amigo para que toque el bajo b\u00e1sico. En esta \u00e9poca Diego Mart\u00ednez toca con ellos. El ritmo que se imponen les exige cada d\u00eda m\u00e1s y m\u00e1s, y por esta raz\u00f3n los ensayos empiezan a ser m\u00e1s frecuentes. Aunque a\u00fan no tienen claro la proyecci\u00f3n futura de la banda, se comprometen con ella cada vez m\u00e1s, y es as\u00ed como ambos deciden abandonar sus estudios.<br \/>\nTop 5 de sus canciones:<br \/>\n+ Me tienes me puedes me dueles<br \/>\n+ Irremediablemente tarde<br \/>\n+ Alegre Depresi\u00f3n<br \/>\n+ En la inmensidad<br \/>\n+ Fuiste tu<\/p>\n<p><iframe loading=\"lazy\" width=\"420\" height=\"315\" src=\"\/\/www.youtube.com\/embed\/vlA3qeUrifw\" frameborder=\"0\" allowfullscreen><\/iframe><\/p>\n","protected":false},"excerpt":{"rendered":"<p>Verde 70 Luego de m\u00e1s de siete a\u00f1os de carrera, tres discos y cientos de conciertos por todo el pa\u00eds y el exterior, Verde 70 se ha consolidado como una banda pionera en varios aspectos dentro del \u00e1mbito nacional. Y es que en el momento en que empez\u00f3 la banda, el ambiente musical ecuatoriano pasaba [&hellip;]<\/p>\n","protected":false},"author":9054,"featured_media":0,"parent":95,"menu_order":0,"comment_status":"open","ping_status":"open","template":"","meta":{"footnotes":""},"class_list":["post-109","page","type-page","status-publish","hentry"],"_links":{"self":[{"href":"https:\/\/blog.espol.edu.ec\/cpillajo\/wp-json\/wp\/v2\/pages\/109","targetHints":{"allow":["GET"]}}],"collection":[{"href":"https:\/\/blog.espol.edu.ec\/cpillajo\/wp-json\/wp\/v2\/pages"}],"about":[{"href":"https:\/\/blog.espol.edu.ec\/cpillajo\/wp-json\/wp\/v2\/types\/page"}],"author":[{"embeddable":true,"href":"https:\/\/blog.espol.edu.ec\/cpillajo\/wp-json\/wp\/v2\/users\/9054"}],"replies":[{"embeddable":true,"href":"https:\/\/blog.espol.edu.ec\/cpillajo\/wp-json\/wp\/v2\/comments?post=109"}],"version-history":[{"count":3,"href":"https:\/\/blog.espol.edu.ec\/cpillajo\/wp-json\/wp\/v2\/pages\/109\/revisions"}],"predecessor-version":[{"id":112,"href":"https:\/\/blog.espol.edu.ec\/cpillajo\/wp-json\/wp\/v2\/pages\/109\/revisions\/112"}],"up":[{"embeddable":true,"href":"https:\/\/blog.espol.edu.ec\/cpillajo\/wp-json\/wp\/v2\/pages\/95"}],"wp:attachment":[{"href":"https:\/\/blog.espol.edu.ec\/cpillajo\/wp-json\/wp\/v2\/media?parent=109"}],"curies":[{"name":"wp","href":"https:\/\/api.w.org\/{rel}","templated":true}]}}