{"id":115,"date":"2014-06-08T02:09:46","date_gmt":"2014-06-08T02:09:46","guid":{"rendered":"http:\/\/blog.espol.edu.ec\/cpillajo\/?page_id=115"},"modified":"2014-06-08T02:10:17","modified_gmt":"2014-06-08T02:10:17","slug":"cruks-en-karnak","status":"publish","type":"page","link":"https:\/\/blog.espol.edu.ec\/cpillajo\/rock-ecuatoriano\/cruks-en-karnak\/","title":{"rendered":"Cruks en Karnak"},"content":{"rendered":"<p>Cruks en Karnak<\/p>\n<p><img loading=\"lazy\" decoding=\"async\" src=\"https:\/\/lh4.googleusercontent.com\/-LnXk09ryoNQ\/UGT7Kik1SwI\/AAAAAAAC47Q\/XURZ2gx0JjM\/s1600\/cruks-en-karnak-001.jpg\" width=\"400\" height=\"266\" class=\"alignnone\" \/><\/p>\n<p>Banda quite\u00f1a que nace en 1989 buscando espacios para presentaci\u00f3n en   los bares de la capital. As\u00ed llegan a producir su primer disco \u00a8La  Caperuza\u00a8 . Sencillo que los hace lanzarse como una banda profesional.<br \/>\nSu nombre fue escogido al azar en una enciclopedia Barsa y una Egipcia  llegando as\u00ed al nombre de Cruks en Karnak. Esta banda siempre se caracterizo por intentar rescatar los valores de nacionalismo. Fusiona el rock con g\u00e9neros tan diversos como el pop, la m\u00fasica afro-latina, el funk, el folklore latinoamericano, entre muchas otras formas de expresi\u00f3n musical, logrando un sonido caracter\u00edstico.<br \/>\nLos integrantes de la banda deciden separar a inicios del a\u00f1o 2007 quedando cada uno con sus proyectos personales.<br \/>\nDiscograf\u00eda:<\/p>\n<p>Tu Culpa (1993)<br \/>\nCruks en Karnak (1997)<br \/>\nLa Dimensi\u00f3n del Cuy (1999)<br \/>\nLas Desventuras de Cruks (2003)<br \/>\n13 Gracias (2004)<br \/>\nAntrolog\u00eda (2006)<\/p>\n<p><iframe loading=\"lazy\" width=\"420\" height=\"315\" src=\"\/\/www.youtube.com\/embed\/7F0H1WL1NdQ\" frameborder=\"0\" allowfullscreen><\/iframe><\/p>\n","protected":false},"excerpt":{"rendered":"<p>Cruks en Karnak Banda quite\u00f1a que nace en 1989 buscando espacios para presentaci\u00f3n en los bares de la capital. As\u00ed llegan a producir su primer disco \u00a8La Caperuza\u00a8 . Sencillo que los hace lanzarse como una banda profesional. Su nombre fue escogido al azar en una enciclopedia Barsa y una Egipcia llegando as\u00ed al nombre [&hellip;]<\/p>\n","protected":false},"author":9054,"featured_media":0,"parent":95,"menu_order":0,"comment_status":"open","ping_status":"open","template":"","meta":{"footnotes":""},"class_list":["post-115","page","type-page","status-publish","hentry"],"_links":{"self":[{"href":"https:\/\/blog.espol.edu.ec\/cpillajo\/wp-json\/wp\/v2\/pages\/115","targetHints":{"allow":["GET"]}}],"collection":[{"href":"https:\/\/blog.espol.edu.ec\/cpillajo\/wp-json\/wp\/v2\/pages"}],"about":[{"href":"https:\/\/blog.espol.edu.ec\/cpillajo\/wp-json\/wp\/v2\/types\/page"}],"author":[{"embeddable":true,"href":"https:\/\/blog.espol.edu.ec\/cpillajo\/wp-json\/wp\/v2\/users\/9054"}],"replies":[{"embeddable":true,"href":"https:\/\/blog.espol.edu.ec\/cpillajo\/wp-json\/wp\/v2\/comments?post=115"}],"version-history":[{"count":2,"href":"https:\/\/blog.espol.edu.ec\/cpillajo\/wp-json\/wp\/v2\/pages\/115\/revisions"}],"predecessor-version":[{"id":117,"href":"https:\/\/blog.espol.edu.ec\/cpillajo\/wp-json\/wp\/v2\/pages\/115\/revisions\/117"}],"up":[{"embeddable":true,"href":"https:\/\/blog.espol.edu.ec\/cpillajo\/wp-json\/wp\/v2\/pages\/95"}],"wp:attachment":[{"href":"https:\/\/blog.espol.edu.ec\/cpillajo\/wp-json\/wp\/v2\/media?parent=115"}],"curies":[{"name":"wp","href":"https:\/\/api.w.org\/{rel}","templated":true}]}}