{"id":119,"date":"2014-06-08T02:21:04","date_gmt":"2014-06-08T02:21:04","guid":{"rendered":"http:\/\/blog.espol.edu.ec\/cpillajo\/?page_id=119"},"modified":"2014-06-08T02:27:20","modified_gmt":"2014-06-08T02:27:20","slug":"119-2","status":"publish","type":"page","link":"https:\/\/blog.espol.edu.ec\/cpillajo\/rock-ecuatoriano\/119-2\/","title":{"rendered":"Viuda Negra"},"content":{"rendered":"<p>Viuda Negra<\/p>\n<p><img loading=\"lazy\" decoding=\"async\" src=\"http:\/\/rosannaa.files.wordpress.com\/2011\/12\/45494_10150263988085721_55002530720_14143384_8051954_n.jpg\" width=\"600\" height=\"500\" class=\"alignleft\" \/><\/p>\n<p>Viuda Negra naci\u00f3 la noche del viernes dos de Febrero de 1996 en un peque\u00f1o bar de la Ciudad de Quito llamado \u201cLa Nota\u201d, lugar en donde daban su primer concierto. Con una importante aceptaci\u00f3n en el medio por la excelente interpretaci\u00f3n de \u201ccovers\u201d, luego de dos a\u00f1os desaparece la primera alineaci\u00f3n de los \u201cViudas\u201d como los han llamado sus seguidores y amigos desde sus inicios. Sobrevivientes de este primer intento de consolidar a la banda, Santiago Silva (voz) y Johnny Gordon (bater\u00eda) prueban durante a\u00f1os diferentes alineaciones con las que realizan varios conciertos y graban algunos promocionales que posteriormente conformar\u00edan parte de los temas de su primer trabajo. Entre el a\u00f1o 2000 y 2002 llegaron a ser finalistas de los dos primeros concursos de rock realizados en Ecuador que buscaban promover un movimiento que crec\u00eda cada d\u00eda con m\u00e1s fuerza. Es as\u00ed que \u201cRockazo\u201d y \u201cFioram\u00fasica\u201d fueron una importante vitrina para la banda, del segundo se publicaron 25.000 copias de un trabajo compilatorio con las bandas finalistas que incluy\u00f3 la canci\u00f3n \u201cPretendo\u201d de Viuda Negra d\u00e1ndolos a conocer masivamente, primero a nivel nacional y luego tambi\u00e9n hasta donde hab\u00eda llegado el \u201cCd de Fiora\u201d. En poco tiempo fueron llamados a tocar en escenarios de casi todo el pa\u00eds y se convirtieron en cabeza de cartel de los principales festivales de rock nacionales.<br \/>\nEl 10 de Diciembre del 2004 los \u201cViudas\u201d son los convocados a participar en el que seguramente ha sido el concierto de metal m\u00e1s importante realizado en Ecuador junto a la gigantesca \u201cNightwish\u201d confirmando su profesionalismo y calidad frente a casi 10.000 espectadores que los acogieron como nunca antes se hab\u00eda visto a una banda local. En el 2005 graban su primer v\u00eddeo clip, esto les permiti\u00f3 ser nominados a los premios \u201cMis Bandas Nacionales\u201d en su primera edici\u00f3n. Para el 2006 Viuda Negra, se concentra en la composici\u00f3n y producci\u00f3n de su segundo trabajo \u201cLa Voz de los Bosques\u201d para lo que contactan al Productor Thiago Bianchi, quien cuenta con experiencia previa junto a bandas como Angra, Shaaman y Karma. Es as\u00ed que entre Agosto y Noviembre del 2006 viajan a Sao Paulo - Brasil para la producci\u00f3n, grabaci\u00f3n, mezcla y masterizaci\u00f3n de lo que ser\u00e1 su nuevo trabajo, en busca de la internacionalizaci\u00f3n definitiva de su m\u00fasica.<br \/>\ntop 5 de sus canciones:<br \/>\n+ Pacto de sangre<br \/>\n+ Plumas de \u00c1ngeles<br \/>\n+ El teatro de los sue\u00f1os<br \/>\n+ Melod\u00edas para sordos<br \/>\n+ Pretendo<\/p>\n<p><iframe loading=\"lazy\" width=\"420\" height=\"315\" src=\"\/\/www.youtube.com\/embed\/kDvPj1FC_j8\" frameborder=\"0\" allowfullscreen><\/iframe><\/p>\n","protected":false},"excerpt":{"rendered":"<p>Viuda Negra Viuda Negra naci\u00f3 la noche del viernes dos de Febrero de 1996 en un peque\u00f1o bar de la Ciudad de Quito llamado \u201cLa Nota\u201d, lugar en donde daban su primer concierto. Con una importante aceptaci\u00f3n en el medio por la excelente interpretaci\u00f3n de \u201ccovers\u201d, luego de dos a\u00f1os desaparece la primera alineaci\u00f3n de [&hellip;]<\/p>\n","protected":false},"author":9054,"featured_media":0,"parent":95,"menu_order":0,"comment_status":"open","ping_status":"open","template":"","meta":{"footnotes":""},"class_list":["post-119","page","type-page","status-publish","hentry"],"_links":{"self":[{"href":"https:\/\/blog.espol.edu.ec\/cpillajo\/wp-json\/wp\/v2\/pages\/119","targetHints":{"allow":["GET"]}}],"collection":[{"href":"https:\/\/blog.espol.edu.ec\/cpillajo\/wp-json\/wp\/v2\/pages"}],"about":[{"href":"https:\/\/blog.espol.edu.ec\/cpillajo\/wp-json\/wp\/v2\/types\/page"}],"author":[{"embeddable":true,"href":"https:\/\/blog.espol.edu.ec\/cpillajo\/wp-json\/wp\/v2\/users\/9054"}],"replies":[{"embeddable":true,"href":"https:\/\/blog.espol.edu.ec\/cpillajo\/wp-json\/wp\/v2\/comments?post=119"}],"version-history":[{"count":4,"href":"https:\/\/blog.espol.edu.ec\/cpillajo\/wp-json\/wp\/v2\/pages\/119\/revisions"}],"predecessor-version":[{"id":123,"href":"https:\/\/blog.espol.edu.ec\/cpillajo\/wp-json\/wp\/v2\/pages\/119\/revisions\/123"}],"up":[{"embeddable":true,"href":"https:\/\/blog.espol.edu.ec\/cpillajo\/wp-json\/wp\/v2\/pages\/95"}],"wp:attachment":[{"href":"https:\/\/blog.espol.edu.ec\/cpillajo\/wp-json\/wp\/v2\/media?parent=119"}],"curies":[{"name":"wp","href":"https:\/\/api.w.org\/{rel}","templated":true}]}}