{"id":125,"date":"2014-06-08T02:39:34","date_gmt":"2014-06-08T02:39:34","guid":{"rendered":"http:\/\/blog.espol.edu.ec\/cpillajo\/?page_id=125"},"modified":"2014-06-08T02:41:38","modified_gmt":"2014-06-08T02:41:38","slug":"bajo-suenos","status":"publish","type":"page","link":"https:\/\/blog.espol.edu.ec\/cpillajo\/rock-ecuatoriano\/bajo-suenos\/","title":{"rendered":"Bajo Sue\u00f1os"},"content":{"rendered":"<p><a href=\"http:\/\/bajosuenos.webs.com\/\">Bajo Sue\u00f1os<\/a><\/p>\n<p><img loading=\"lazy\" decoding=\"async\" src=\"http:\/\/1.bp.blogspot.com\/-BLG2ij8pYiE\/TiUMDfmUDKI\/AAAAAAAABoM\/BssWPElTE1Q\/s1600\/Casa-Arcos-Bajos-Suenos-Love_ECMIMA20110528_0039_4.jpg\" width=\"600\" height=\"400\" class=\"aligncenter\" \/><\/p>\n<p>El grupo \"bajo sue\u00f1os\" inicia su carrera musical a partir del a\u00f1o 1992, cuando se re\u00fane los compa\u00f1eros del cuarto curso del Colegio Hermano Miguel \"La Salle\".<br \/>\nSus integrantes son: vocalista y primera guitarra: Mauricio Calle Rodr\u00edguez, guitarra r\u00edtmica Xavier Sol\u00eds A., en el bajo Fernando Ordo\u00f1ez A, en la bater\u00eda Cristhian Flores Se unen sus anhelos y aptitudes musicales y desde el inicio lo hacen con todo esfuerzo y responsabilidad, dedicando el tiempo completo para las pr\u00e1cticas musicales.<br \/>\nEl estilo musical de \"Bajo Sue\u00f1os\" enmarca dentro del heavy Metal Cl\u00e1sico, sus influencias son variadas, vienen de varias bandas como Scorpions, Iron Maiden, Judas Priest, Ozzy Osbourne, \u00c1ngeles del Infierno y Rata Blanca entre otros.<br \/>\nLa m\u00fasica de Bajos Sue\u00f1os tiene una caracter\u00edstica especial que la logra al combinar el sonido el Heavy Metal cl\u00e1sico con letras de corte rom\u00e1ntico.<br \/>\nLuego de un a\u00f1o y medio de lanzamiento del CD \" nada de amor \" ha vendido m\u00e1s de 10000 copias y temas como Dama Imaginara, Nada de Amor , La silueta de tu Sombra, Envenenando y Como Olvidarte han sonado en las principales radios de las provincias del Ecuador.<br \/>\ntop 5 de sus canciones:<br \/>\n+ Dama imaginaria<br \/>\n+ Envenenado<br \/>\n+ La silueta de tu sombra<br \/>\n+ Nada de amor<br \/>\n+ Falsas promesas<\/p>\n<p><a href=\"http:\/\/iframewidth=420height=315src=\/\/www.youtube.com\/embed\/xwEbdZcKp_oframeborder=0allowfullscreen\/iframe\"><iframe loading=\"lazy\" width=\"420\" height=\"315\" src=\"\/\/www.youtube.com\/embed\/xwEbdZcKp_o\" frameborder=\"0\" allowfullscreen><\/iframe><\/a><\/p>\n","protected":false},"excerpt":{"rendered":"<p>Bajo Sue\u00f1os El grupo \"bajo sue\u00f1os\" inicia su carrera musical a partir del a\u00f1o 1992, cuando se re\u00fane los compa\u00f1eros del cuarto curso del Colegio Hermano Miguel \"La Salle\". Sus integrantes son: vocalista y primera guitarra: Mauricio Calle Rodr\u00edguez, guitarra r\u00edtmica Xavier Sol\u00eds A., en el bajo Fernando Ordo\u00f1ez A, en la bater\u00eda Cristhian Flores [&hellip;]<\/p>\n","protected":false},"author":9054,"featured_media":0,"parent":95,"menu_order":0,"comment_status":"open","ping_status":"open","template":"","meta":{"footnotes":""},"class_list":["post-125","page","type-page","status-publish","hentry"],"_links":{"self":[{"href":"https:\/\/blog.espol.edu.ec\/cpillajo\/wp-json\/wp\/v2\/pages\/125","targetHints":{"allow":["GET"]}}],"collection":[{"href":"https:\/\/blog.espol.edu.ec\/cpillajo\/wp-json\/wp\/v2\/pages"}],"about":[{"href":"https:\/\/blog.espol.edu.ec\/cpillajo\/wp-json\/wp\/v2\/types\/page"}],"author":[{"embeddable":true,"href":"https:\/\/blog.espol.edu.ec\/cpillajo\/wp-json\/wp\/v2\/users\/9054"}],"replies":[{"embeddable":true,"href":"https:\/\/blog.espol.edu.ec\/cpillajo\/wp-json\/wp\/v2\/comments?post=125"}],"version-history":[{"count":2,"href":"https:\/\/blog.espol.edu.ec\/cpillajo\/wp-json\/wp\/v2\/pages\/125\/revisions"}],"predecessor-version":[{"id":127,"href":"https:\/\/blog.espol.edu.ec\/cpillajo\/wp-json\/wp\/v2\/pages\/125\/revisions\/127"}],"up":[{"embeddable":true,"href":"https:\/\/blog.espol.edu.ec\/cpillajo\/wp-json\/wp\/v2\/pages\/95"}],"wp:attachment":[{"href":"https:\/\/blog.espol.edu.ec\/cpillajo\/wp-json\/wp\/v2\/media?parent=125"}],"curies":[{"name":"wp","href":"https:\/\/api.w.org\/{rel}","templated":true}]}}