{"id":128,"date":"2014-06-08T03:01:49","date_gmt":"2014-06-08T03:01:49","guid":{"rendered":"http:\/\/blog.espol.edu.ec\/cpillajo\/?page_id=128"},"modified":"2014-06-08T03:01:57","modified_gmt":"2014-06-08T03:01:57","slug":"aztra","status":"publish","type":"page","link":"https:\/\/blog.espol.edu.ec\/cpillajo\/rock-ecuatoriano\/aztra\/","title":{"rendered":"Aztra"},"content":{"rendered":"<p>Aztra<\/p>\n<p><img loading=\"lazy\" decoding=\"async\" src=\"http:\/\/ecuarock.net\/files\/bandas\/galeria\/aztra_raices.JPG\" width=\"400\" height=\"358\" class=\"alignleft\" \/><\/p>\n<p>La banda nace a finales del a\u00f1o 2001 con una visi\u00f3n clara, consiente y revolucionaria, apuntando al objetivo de transmitir por medio de su m\u00fasica la necesidad de levantar nuestro grito de lucha y protesta por un mundo nuevo y una sociedad m\u00e1s justa para nuestros pueblos.<br \/>\nLuego de varios cambios de alineaci\u00f3n y un sin n\u00famero de presentaciones dentro del Ecuador, la banda va tomando forma en cuanto al g\u00e9nero musical que la caracteriza: heavy metal fusionado con instrumentos andinos cl\u00e1sicos del folclore latinoamericano (quena, zampo\u00f1a, charango, quenacho y otros), algo inusual dentro del rock; complementado as\u00ed sus l\u00edricas combativas y revolucionarias.<br \/>\nDespu\u00e9s de haber grabado tres sencillos promoci\u00f3nales y un video clip el cual fue objeto de censura por parte del ministerio de gobierno del Ecuador, surge la propuesta de la productora marea negra records de grabar lo que ser\u00eda su primer \u00e1lbum que lleva por nombre \u201ctierra LIBRE\u201d el cual consta de 11 temas, incluyendo \u201cAlturas\u201d rindiendo as\u00ed homenaje al grupo chileno Inti Illimani. A su vez rompiendo la censura con el bonus track del video \u201cTierra Libre\u201d.<br \/>\nSin lugar a duda una de las bandas que est\u00e1 causando conmoci\u00f3n dentro del metal ecuatoriano es Aztra, fruto de su frontalidad al expresar su posici\u00f3n ideol\u00f3gica por medio de su m\u00fasica.<\/p>\n<p>Aztra se ha constituido en uno de los pilares fundamentales del metal social ecuatoriano, su planteamiento referente a las injusticias sociales han llevado a que el movimiento rockero encuentre una manera distinta de tomar el referente musical, asimilando su posici\u00f3n y su planteamiento de que su m\u00fasica se ha constituido en un arma para enfrentar a todos los lacayos y opresores de nuestro pueblo y que de esta manera encontremos una salida a todas las crisis sociales existentes.<br \/>\ntop 5 de sus canciones:<br \/>\n+ Tierra libre<br \/>\n+ El ma\u00f1ana<br \/>\n+ Amor bajo el sol<br \/>\n+ Forjando libertad<br \/>\n+ El camino del sol<\/p>\n<p><a href=\"http:\/\/iframewidth=420height=315src=\/\/www.youtube.com\/embed\/E42sDBF5qBUframeborder=0allowfullscreen\/iframe\"><iframe loading=\"lazy\" width=\"420\" height=\"315\" src=\"\/\/www.youtube.com\/embed\/E42sDBF5qBU\" frameborder=\"0\" allowfullscreen><\/iframe><\/a><\/p>\n","protected":false},"excerpt":{"rendered":"<p>Aztra La banda nace a finales del a\u00f1o 2001 con una visi\u00f3n clara, consiente y revolucionaria, apuntando al objetivo de transmitir por medio de su m\u00fasica la necesidad de levantar nuestro grito de lucha y protesta por un mundo nuevo y una sociedad m\u00e1s justa para nuestros pueblos. Luego de varios cambios de alineaci\u00f3n y [&hellip;]<\/p>\n","protected":false},"author":9054,"featured_media":0,"parent":95,"menu_order":0,"comment_status":"open","ping_status":"open","template":"","meta":{"footnotes":""},"class_list":["post-128","page","type-page","status-publish","hentry"],"_links":{"self":[{"href":"https:\/\/blog.espol.edu.ec\/cpillajo\/wp-json\/wp\/v2\/pages\/128","targetHints":{"allow":["GET"]}}],"collection":[{"href":"https:\/\/blog.espol.edu.ec\/cpillajo\/wp-json\/wp\/v2\/pages"}],"about":[{"href":"https:\/\/blog.espol.edu.ec\/cpillajo\/wp-json\/wp\/v2\/types\/page"}],"author":[{"embeddable":true,"href":"https:\/\/blog.espol.edu.ec\/cpillajo\/wp-json\/wp\/v2\/users\/9054"}],"replies":[{"embeddable":true,"href":"https:\/\/blog.espol.edu.ec\/cpillajo\/wp-json\/wp\/v2\/comments?post=128"}],"version-history":[{"count":1,"href":"https:\/\/blog.espol.edu.ec\/cpillajo\/wp-json\/wp\/v2\/pages\/128\/revisions"}],"predecessor-version":[{"id":129,"href":"https:\/\/blog.espol.edu.ec\/cpillajo\/wp-json\/wp\/v2\/pages\/128\/revisions\/129"}],"up":[{"embeddable":true,"href":"https:\/\/blog.espol.edu.ec\/cpillajo\/wp-json\/wp\/v2\/pages\/95"}],"wp:attachment":[{"href":"https:\/\/blog.espol.edu.ec\/cpillajo\/wp-json\/wp\/v2\/media?parent=128"}],"curies":[{"name":"wp","href":"https:\/\/api.w.org\/{rel}","templated":true}]}}