{"id":64,"date":"2014-06-07T21:59:14","date_gmt":"2014-06-07T21:59:14","guid":{"rendered":"http:\/\/blog.espol.edu.ec\/cpillajo\/?page_id=64"},"modified":"2014-06-07T23:06:35","modified_gmt":"2014-06-07T23:06:35","slug":"top-10-de-los-grupos-de-rock","status":"publish","type":"page","link":"https:\/\/blog.espol.edu.ec\/cpillajo\/top-10-de-los-grupos-de-rock\/","title":{"rendered":"Top 5 de los grupos de rock"},"content":{"rendered":"<p>1.-The Beatles<\/p>\n<p><a href=\"http:\/\/blog.espol.edu.ec\/cpillajo\/files\/2014\/06\/1091891-the_beatles_1__jpg_630x464_q85.jpg\"><img loading=\"lazy\" decoding=\"async\" src=\"http:\/\/blog.espol.edu.ec\/cpillajo\/files\/2014\/06\/1091891-the_beatles_1__jpg_630x464_q85-300x217.jpg\" alt=\"1091891-the_beatles_1__jpg_630x464_q85\" width=\"300\" height=\"217\" class=\"alignleft size-medium wp-image-65\" srcset=\"https:\/\/blog.espol.edu.ec\/cpillajo\/files\/2014\/06\/1091891-the_beatles_1__jpg_630x464_q85-300x217.jpg 300w, https:\/\/blog.espol.edu.ec\/cpillajo\/files\/2014\/06\/1091891-the_beatles_1__jpg_630x464_q85.jpg 630w\" sizes=\"auto, (max-width: 300px) 100vw, 300px\" \/><\/a><\/p>\n<p>Grupo brit\u00e1nico de m\u00fasica rock y pop, integrado de forma estable a partir de 1961 por John Lennon, Paul McCartney, George Harrison y Ringo Starr (todos nacidos en Liverpool). Es dif\u00edcil dar una fecha exacta de cu\u00e1ndo se formaron The Beatles.<br \/>\nLa banda de rock m\u00e1s famosa de todos los tiempos, no s\u00f3lo llegaron para marcar pauta en el mundo de la m\u00fasica; tambi\u00e9n, fueron un parte aguas en la manera de realizar eventos musicales, convirti\u00e9ndose en los pioneros en cuanto a presentaciones masivas se refiere.<br \/>\nLa influencia de la obra de The Beatles a lo largo de las d\u00e9cadas subsiguientes ha sido inmensa, hasta el punto de dejarse sentir poderosamente en el fen\u00f3meno musical denominado brit pop, uno de los m\u00e1s significativos de los a\u00f1os noventa. Al margen de su indudable importancia meramente art\u00edstica, The Beatles quedaron por siempre como el s\u00edmbolo de un estilo de vida que entronc\u00f3 perfectamente con las profundas inquietudes juveniles de la d\u00e9cada de 1960.<br \/>\nTop 5 de sus canciones<br \/>\n1. Hey Jude<br \/>\n2. Yesterday<br \/>\n3. Let it Be<br \/>\n4. Help!<br \/>\n5. Something<\/p>\n<p>2.- <a href=\"http:\/\/www.rollingstones.com\/\">The Rolling Stones<\/a><\/p>\n<p><a href=\"http:\/\/blog.espol.edu.ec\/cpillajo\/files\/2014\/06\/ROLLINGS1.jpg\"><img loading=\"lazy\" decoding=\"async\" src=\"http:\/\/blog.espol.edu.ec\/cpillajo\/files\/2014\/06\/ROLLINGS1-300x198.jpg\" alt=\"ROLLINGS1\" width=\"300\" height=\"198\" class=\"aligncenter size-medium wp-image-71\" srcset=\"https:\/\/blog.espol.edu.ec\/cpillajo\/files\/2014\/06\/ROLLINGS1-300x198.jpg 300w, https:\/\/blog.espol.edu.ec\/cpillajo\/files\/2014\/06\/ROLLINGS1.jpg 509w\" sizes=\"auto, (max-width: 300px) 100vw, 300px\" \/><\/a><\/p>\n<p>La historia musical de los Rolling Stones comienza en 1960, cuando Mick Jagger y Keith Richards, dos viejos compa\u00f1eros de estudios, comienzan a compartir su pasi\u00f3n por la m\u00fasica y el rythm &amp; blues. Al a\u00f1o siguiente crearon un grupo, 'Little Boy Blue &amp; Blue Boys, junto a Jack Taylor.<\/p>\n<p>En 1962 conocen a Brian Jones. Este se une al grupo de Richards, Jagger y compa\u00f1\u00eda y deciden renombrar el grupo. El nuevo nombre elegido: 'The Rolling Stones', estaba inspirado en un viejo tema de Muddy Waters, 'Rolling Stones Blues'. Pronto se incorpor\u00f3 Charlie Watts, junto al pianista Ian Stewart.<br \/>\nEse mismo a\u00f1o Bill Wyman sustituye a Taylor y en 1963 lanzan su primer sencillo, 'Come On', una versi\u00f3n de una canci\u00f3n de Chuck Berry. Por aqu\u00e9l entonces s\u00f3lo se dedicaban a realizar versiones de temas conocidos. Ese a\u00f1o realizan su primera gira por Gran Breta\u00f1a.<\/p>\n<p>En 1964 publican el primer \u00e1lbum, 'The Rolling Stones', el cual s\u00f3lo dispon\u00eda de una canci\u00f3n creada \u00edntegramente por los Rolling Stones.<br \/>\nEn las d\u00e9cadas de los ochenta y noventa siguen sacando discos y haciendo giras mundiales multitudinarias en las que el p\u00fablico va a ver en vivo a la leyenda. Incluso ya en el siglo XXI siguen trabajando como grupo, convirti\u00e9ndose en un grupo de sexagenarios que interpreta canciones potentes.<br \/>\ntop 5 de sus canciones<br \/>\n01. Gimme shelter<br \/>\n02. Jumpin Jack Flash<br \/>\n03. Satisfaction<br \/>\n04. Paint it black<br \/>\n05. Brown sugar<\/p>\n<p>3.- <a href=\"http:\/\/www.acdc.com\/us\/home\">AC\/DC<\/a><\/p>\n<p><a href=\"http:\/\/blog.espol.edu.ec\/cpillajo\/files\/2014\/06\/acdchighwaytohell.jpg\"><img loading=\"lazy\" decoding=\"async\" src=\"http:\/\/blog.espol.edu.ec\/cpillajo\/files\/2014\/06\/acdchighwaytohell-300x300.jpg\" alt=\"acdchighwaytohell\" width=\"300\" height=\"300\" class=\"alignleft size-medium wp-image-73\" srcset=\"https:\/\/blog.espol.edu.ec\/cpillajo\/files\/2014\/06\/acdchighwaytohell-300x300.jpg 300w, https:\/\/blog.espol.edu.ec\/cpillajo\/files\/2014\/06\/acdchighwaytohell-150x150.jpg 150w, https:\/\/blog.espol.edu.ec\/cpillajo\/files\/2014\/06\/acdchighwaytohell.jpg 500w\" sizes=\"auto, (max-width: 300px) 100vw, 300px\" \/><\/a><\/p>\n<p>El grupo australiano AC\/DC se form\u00f3 en (Australia) en 1973, gracias a dos hermanos escoceses, Malcolm y Angus Young. El nombre del grupo, con connotaciones el\u00e9ctricas, son las iniciales en ingl\u00e9s de Corriente alterna\/ Corriente continua. Cuando el grupo se form\u00f3 Angus apenas ten\u00eda 15 a\u00f1os, por lo que alguien le sugiri\u00f3 que se subiera al escenario vestido con el uniforme colegial. A partir de ese momento, aquella fue la ense\u00f1a de la banda.<br \/>\nEn 1974 los hermanos Young se trasladan a Melbourne, donde se unen al bater\u00eda Phil Rudd y al bajista Mark Evans. Como cantante se les uni\u00f3 Bon Scott, quien ya hab\u00eda participado anteriormente en algunas bandas de pop. Adem\u00e1s, Scott aport\u00f3 a la banda un estilo agresivo de chicos inadaptados que les acompa\u00f1\u00f3 a lo largo de su carrera. De esta forma, con la banda ya formada, realizan una gira por Australia, comenzando a trabajar en lo que ser\u00eda su primer \u00e1lbum.<br \/>\ntop 5 de sus canciones<br \/>\n1.- Back in Black<br \/>\n2.- Thunderstruck<br \/>\n3.- T.N.T.<br \/>\n4.- Hells Bells<br \/>\n5.- Highway to Hell<\/p>\n<p>4.- Nirvana<\/p>\n<p><a href=\"http:\/\/blog.espol.edu.ec\/cpillajo\/files\/2014\/06\/300x300.jpg\"><img loading=\"lazy\" decoding=\"async\" src=\"http:\/\/blog.espol.edu.ec\/cpillajo\/files\/2014\/06\/300x300-300x168.jpg\" alt=\"300x300\" width=\"300\" height=\"168\" class=\"alignright size-medium wp-image-75\" srcset=\"https:\/\/blog.espol.edu.ec\/cpillajo\/files\/2014\/06\/300x300-300x168.jpg 300w, https:\/\/blog.espol.edu.ec\/cpillajo\/files\/2014\/06\/300x300.jpg 533w\" sizes=\"auto, (max-width: 300px) 100vw, 300px\" \/><\/a><\/p>\n<p>Nirvana fue un c\u00e9lebre grupo estadounidense de grunge, procedente de Aberdeen, Washington. Con el \u00e9xito del sencillo \"Smells Like Teen Spirit\", del \u00e1lbum Nevermind, Nirvana escal\u00f3 los listados de m\u00fasica en todo el mundo e inici\u00f3 la explosi\u00f3n de lo que hasta ese momento era punk underground y rock alternativo en la escena musical mundial, en un movimiento al que los medios de la \u00e9poca se referir\u00edan como \"grunge\". Otras bandas de la escena musical de Seattle como Alice in Chains, Pearl Jam y Soundgarden tambi\u00e9n obtuvieron popularidad y, como resultado, el rock alternativo se convirti\u00f3 en un g\u00e9nero dominante en la radio y la televisi\u00f3n musical durante la primera mitad de la d\u00e9cada de 1990.<br \/>\nComo l\u00edder de la banda, Kurt Cobain se encontr\u00f3 a s\u00ed mismo referido en los medios de comunicaci\u00f3n como \"el vocero de una generaci\u00f3n\", y a Nirvana como la \"banda s\u00edmbolo\" de la \"Generaci\u00f3n X\". Cobain se sent\u00eda inc\u00f3modo con la atenci\u00f3n que se les brindaba y decidi\u00f3 enfocar la atenci\u00f3n del p\u00fablico hacia la m\u00fasica de la banda, retando a la audiencia con su tercer \u00e1lbum de estudio In Utero.<br \/>\nLa corta carrera de Nirvana concluy\u00f3 con la muerte de Cobain en 1994, pero su popularidad creci\u00f3 a\u00fan m\u00e1s en los a\u00f1os posteriores. Ocho a\u00f1os despu\u00e9s de la muerte de Cobain, \"You Know You're Right\", un demo nunca terminado que la banda hab\u00eda grabado poco m\u00e1s de dos meses antes de la muerte de Cobain, escalaba las listas de radio y m\u00fasica de todo el mundo. Desde su debut, la banda ha vendido m\u00e1s de 50 millones de \u00e1lbumes a nivel mundial, incluyendo 10 millones de ejemplares de Nevermind en los Estados Unidos. Su m\u00fasica contin\u00faa siendo emitida por estaciones de radio de todo el mundo.<br \/>\ntop 5 de sus canciones<br \/>\n1.- Smells Like Teen Spirit<br \/>\n2.- Come as You Are<br \/>\n3.- Lithium<br \/>\n4.- Heart-Shaped Box<br \/>\n5.- About a Girl<\/p>\n<p>5.- <a href=\"http:\/\/www.metallica.com\/\">Metallica<\/a><\/p>\n<p><a href=\"http:\/\/blog.espol.edu.ec\/cpillajo\/files\/2014\/06\/metallica_2013_copy4.jpg\"><img loading=\"lazy\" decoding=\"async\" src=\"http:\/\/blog.espol.edu.ec\/cpillajo\/files\/2014\/06\/metallica_2013_copy4-300x160.jpg\" alt=\"metallica_2013_copy4\" width=\"300\" height=\"160\" class=\"aligncenter size-medium wp-image-79\" srcset=\"https:\/\/blog.espol.edu.ec\/cpillajo\/files\/2014\/06\/metallica_2013_copy4-300x160.jpg 300w, https:\/\/blog.espol.edu.ec\/cpillajo\/files\/2014\/06\/metallica_2013_copy4.jpg 635w\" sizes=\"auto, (max-width: 300px) 100vw, 300px\" \/><\/a><\/p>\n<p>Metallica comenz\u00f3 en el a\u00f1o 1982 cuando James Hetfield y Lars Ulrich se juntaron en California con intenci\u00f3n de formar una banda de rock. Al principio el grupo lo formaron James Hetfield, Lars Ulrich, Kirk Hammett y Cliff Burton, los cuales lanzaron al mercado, despu\u00e9s de muchos problemas, su primer disco Kill 'em all en Julio de 1983.<br \/>\nUn a\u00f1o m\u00e1s tarde, en julio de 1984, se public\u00f3 el Ride the Lightning con el que ya consiguieron afianzarse como una de las mejores bandas de hard rock y ser uno de los m\u00e1ximos exponentes del heavy metal. Seg\u00fan muchos expertos, este es, posiblemente, el mejor disco de Metallica, y una clara refernecia de lo que iba a ser el grupo en los siguientes trabajos.<br \/>\nEn febrero de 1986 sale al mercado Master of Puppets, con el que logran llegar a todos los tipos de gente y consiguen ser un grupo multitudinario, no solo para los amantes de heavy metal. Pero con el disco que consiguen un reconocimiento total por parte de los criticos y la listas de ventas es con And Justice for All, con el que llegan a estar en la posici\u00f3n 6 de las listas de Estados Unidos y 4 en toda Europa. Este disco es el m\u00e1s raro de todos y en el que se nota una mayor incidencia por parte de Jason Newsted que sustituye a Clif Burton como bajista del grupo. Ahora el grupo lo forman James Hetfield, Lars Ulrich, Kirk Hammett y Jason Newsted.<br \/>\ntop 5 de sus canciones<br \/>\n1.- One<br \/>\n2.- Master of Puppets<br \/>\n3.- The Unforgiven<br \/>\n4.- Nothing Else Matters<br \/>\n5.- Enter Sandman <\/p>\n","protected":false},"excerpt":{"rendered":"<p>1.-The Beatles Grupo brit\u00e1nico de m\u00fasica rock y pop, integrado de forma estable a partir de 1961 por John Lennon, Paul McCartney, George Harrison y Ringo Starr (todos nacidos en Liverpool). Es dif\u00edcil dar una fecha exacta de cu\u00e1ndo se formaron The Beatles. La banda de rock m\u00e1s famosa de todos los tiempos, no s\u00f3lo [&hellip;]<\/p>\n","protected":false},"author":9054,"featured_media":0,"parent":0,"menu_order":0,"comment_status":"open","ping_status":"open","template":"","meta":{"footnotes":""},"class_list":["post-64","page","type-page","status-publish","hentry"],"_links":{"self":[{"href":"https:\/\/blog.espol.edu.ec\/cpillajo\/wp-json\/wp\/v2\/pages\/64","targetHints":{"allow":["GET"]}}],"collection":[{"href":"https:\/\/blog.espol.edu.ec\/cpillajo\/wp-json\/wp\/v2\/pages"}],"about":[{"href":"https:\/\/blog.espol.edu.ec\/cpillajo\/wp-json\/wp\/v2\/types\/page"}],"author":[{"embeddable":true,"href":"https:\/\/blog.espol.edu.ec\/cpillajo\/wp-json\/wp\/v2\/users\/9054"}],"replies":[{"embeddable":true,"href":"https:\/\/blog.espol.edu.ec\/cpillajo\/wp-json\/wp\/v2\/comments?post=64"}],"version-history":[{"count":12,"href":"https:\/\/blog.espol.edu.ec\/cpillajo\/wp-json\/wp\/v2\/pages\/64\/revisions"}],"predecessor-version":[{"id":81,"href":"https:\/\/blog.espol.edu.ec\/cpillajo\/wp-json\/wp\/v2\/pages\/64\/revisions\/81"}],"wp:attachment":[{"href":"https:\/\/blog.espol.edu.ec\/cpillajo\/wp-json\/wp\/v2\/media?parent=64"}],"curies":[{"name":"wp","href":"https:\/\/api.w.org\/{rel}","templated":true}]}}