{"id":82,"date":"2014-06-07T23:27:28","date_gmt":"2014-06-07T23:27:28","guid":{"rendered":"http:\/\/blog.espol.edu.ec\/cpillajo\/?page_id=82"},"modified":"2014-06-08T00:19:02","modified_gmt":"2014-06-08T00:19:02","slug":"top-5-de-los-grupos-de-rock-latinos","status":"publish","type":"page","link":"https:\/\/blog.espol.edu.ec\/cpillajo\/top-5-de-los-grupos-de-rock-latinos\/","title":{"rendered":"Top 5 de los grupos de rock latinos"},"content":{"rendered":"<p>1.- <a href=\"http:\/\/www.losenanitosverdes.net\/sitio\/esp.html\">Enanitos Verdes<\/a><\/p>\n<p><a href=\"http:\/\/blog.espol.edu.ec\/cpillajo\/files\/2014\/06\/Los-Enanitos-Verdes.jpg\"><img loading=\"lazy\" decoding=\"async\" src=\"http:\/\/blog.espol.edu.ec\/cpillajo\/files\/2014\/06\/Los-Enanitos-Verdes-300x300.jpg\" alt=\"Los Enanitos Verdes\" width=\"300\" height=\"300\" class=\"aligncenter size-medium wp-image-83\" srcset=\"https:\/\/blog.espol.edu.ec\/cpillajo\/files\/2014\/06\/Los-Enanitos-Verdes-300x300.jpg 300w, https:\/\/blog.espol.edu.ec\/cpillajo\/files\/2014\/06\/Los-Enanitos-Verdes-150x150.jpg 150w, https:\/\/blog.espol.edu.ec\/cpillajo\/files\/2014\/06\/Los-Enanitos-Verdes.jpg 451w\" sizes=\"auto, (max-width: 300px) 100vw, 300px\" \/><\/a><\/p>\n<p>Es la banda que integran Marciano Cantero en voz y bajo, Felipe Staiti en guitarra<br \/>\nEsta banda naci\u00f3 en la ciudad de Mendoza, Argentina, en noviembre de 1979 con Marciano Felicpe y Daniel Piccolo en la bateria.<br \/>\nComenzaron con presentaciones en diferentes pubs, pasando luego a peque\u00f1os teatros no s\u00f3lo de su provincia sino tambi\u00e9n de las vecinas, convirti\u00e9ndose en poco tiempo en la banda m\u00e1s popular y requerida de Mendoza y la zona de Cuyo.<br \/>\nEn 1984 el tr\u00edo es invitado a participar en el \"Festival de La Falda\". Ese a\u00f1o el grupo  fue elegido \"Grupo Revelaci\u00f3n\" del Festival, siendo aclamados por todo el p\u00fablico y la prensa especializada.<br \/>\nLos Enanitos Verdesrealizaron lo que fue la primera verdadera gira de un grupo de rock argentino por territorio norteamericano. Se presentaron en nueve ciudades de la Uni\u00f3n Americana. Durante ese periodo la gira se extendio USA, Mexico y Centroam\u00e9rica.<br \/>\nEn 2007 Daniel Piccolo deja la banda. En 2010 sale \"In\u00e9ditos\", y en 2013 Tic Tac, su mas reciente trabajo grabado durante 2012.<br \/>\nTop 5 de sus canciones<br \/>\n1.- Lamento Boliviano<br \/>\n2.- Amigos<br \/>\n3.- Igual que ayer<br \/>\n4.- Luz de d\u00eda<br \/>\n5.- La muralla verde<\/p>\n<p>2.- Rata Blanca<\/p>\n<p><a href=\"http:\/\/blog.espol.edu.ec\/cpillajo\/files\/2014\/06\/rata-blanca.jpg\"><img loading=\"lazy\" decoding=\"async\" src=\"http:\/\/blog.espol.edu.ec\/cpillajo\/files\/2014\/06\/rata-blanca-300x225.jpg\" alt=\"rata-blanca\" width=\"300\" height=\"225\" class=\"alignright size-medium wp-image-86\" srcset=\"https:\/\/blog.espol.edu.ec\/cpillajo\/files\/2014\/06\/rata-blanca-300x225.jpg 300w, https:\/\/blog.espol.edu.ec\/cpillajo\/files\/2014\/06\/rata-blanca.jpg 1024w\" sizes=\"auto, (max-width: 300px) 100vw, 300px\" \/><\/a><\/p>\n<p>Rata Blanca es una banda argentina de metal que se caracteriza por sus pesados riffs y la gran voz de Adri\u00e1n Barilari. Entre sus integrantes est\u00e1n Adri\u00e1n Barilari (voz), Fernando Scarcella (bater\u00eda), Guillermo S\u00e1nchez (bajo), Hugo Bistolfi (teclados) y W\u00e1lter Giardino (guitarra).<br \/>\nWalter Giardino fund\u00f3 la banda, luego de su frustrado paso por V8. Debutaron en el teatro de Luz y Fuerza ante 600 personas, el 15 de agosto de 1987, luego de haber ensayado por m\u00e1s de dos a\u00f1os.<br \/>\nCon su estilo metal alcanzaron en 1991 su pico de mayor popularidad, al vender m\u00e1s de 200 mil copias de su tres discos, apoyados en sus 120 shows por todo el pa\u00eds. El a\u00f1o se coron\u00f3 con un concierto en Velez ante 30.000 personas.<br \/>\nUna gran parte del repertorio posee una fuerte identificaci\u00f3n con la m\u00fasica cl\u00e1sica, sin perder la fuerza met\u00e1lica que los caracteriza.<br \/>\nTop 5 de sus canciones<br \/>\n1.- La leyenda del hada y el mago<br \/>\n2.- Mujer amante<br \/>\n3.- El reino olvidado<br \/>\n4.- A\u00fan est\u00e1s en mis sue\u00f1os<br \/>\n5.- Ella<\/p>\n<p>3.- <a href=\"http:\/\/www.sodastereo.com\/\">Soda Stereo<\/a><\/p>\n<p><a href=\"http:\/\/blog.espol.edu.ec\/cpillajo\/files\/2014\/06\/portada.jpg\"><img loading=\"lazy\" decoding=\"async\" src=\"http:\/\/blog.espol.edu.ec\/cpillajo\/files\/2014\/06\/portada-300x230.jpg\" alt=\"portada\" width=\"300\" height=\"230\" class=\"alignleft size-medium wp-image-88\" srcset=\"https:\/\/blog.espol.edu.ec\/cpillajo\/files\/2014\/06\/portada-300x230.jpg 300w, https:\/\/blog.espol.edu.ec\/cpillajo\/files\/2014\/06\/portada.jpg 480w\" sizes=\"auto, (max-width: 300px) 100vw, 300px\" \/><\/a><\/p>\n<p>Soda Stereo nace a principios de 1982 con la uni\u00f3n de Gustavo Cerati, Zeta Bosio y Charly Alberti. Luego de un a\u00f1o de conformaci\u00f3n realiza como tr\u00edo su primer show profesional en una discoteca y comienza a recorrer el circuito underground de Buenos Aires haci\u00e9ndose conocer, junto a otros personajes emergentes (Sumo, Los Twist, Melero, etc.) en lugares como Zero, Einstein y Stud Bar.<br \/>\nEl 14 de Diciembre del '84 presenta en el teatro Astros su primer \u00e1lbum, \"Soda Stereo\", producido por Federico Moura, l\u00edder de Virus. En Marzo del '85 la banda participa en el Festival Chateau Rock ante 15 mil personas, siendo la revelaci\u00f3n del mismo. En Octubre interviene en el Festival Rock, Pop, junto a INXS, Nina Hagen y John Mayall. La popularidad del grupo se propaga.<br \/>\nEs a fines de 1994 que vuelven lentamente a juntarse para comenzar con lo que se convertir\u00eda en \"Sue\u00f1o Stereo\". El primer disco con la compa\u00f1\u00eda BMG, fue lanzado el 29 de Junio de 1995, y a solo 15 d\u00edas de su edici\u00f3n en Latinoam\u00e9rica, se convirti\u00f3 en disco platino; llevando al grupo a una gira por Venezuela, Colombia, Per\u00fa, Chile, Honduras, Panam\u00e1, Costa Rica, M\u00e9xico y U.S.A. hasta Marzo de 1996.<br \/>\nTras esa gira la banda decide separarse y en 1997 realizan una corta gira de despedida que terminar\u00eda el 20 de Septiembre con su \u00faltimo concierto en el Estadio River Plate de la ciudad de Buenos Aires.<br \/>\nTop 5 de sus canciones<br \/>\n1.- De m\u00fasica ligera<br \/>\n2.- Persiana Americana<br \/>\n3.- En la ciudad de la furia<br \/>\n4.- Cuando pase el temblor<br \/>\n5.- Pr\u00f3fugos<\/p>\n<p>4.- <a href=\"http:\/\/www.mana.com.mx\/\">Man\u00e1<\/a><\/p>\n<p><a href=\"http:\/\/blog.espol.edu.ec\/cpillajo\/files\/2014\/06\/4100332_640px.jpg\"><img loading=\"lazy\" decoding=\"async\" src=\"http:\/\/blog.espol.edu.ec\/cpillajo\/files\/2014\/06\/4100332_640px-300x258.jpg\" alt=\"4100332_640px\" width=\"300\" height=\"258\" class=\"alignright size-medium wp-image-90\" srcset=\"https:\/\/blog.espol.edu.ec\/cpillajo\/files\/2014\/06\/4100332_640px-300x258.jpg 300w, https:\/\/blog.espol.edu.ec\/cpillajo\/files\/2014\/06\/4100332_640px.jpg 640w\" sizes=\"auto, (max-width: 300px) 100vw, 300px\" \/><\/a><\/p>\n<p>Man\u00e1 es un grupo de rock latino que se fund\u00f3 el a\u00f1o 1986 en Guadalajara (M\u00e9xico).<br \/>\nDespu\u00e9s de que Sombrero Verde sufriese un cambio de integrantes y de nombre (Abraham Calleros sale y entra el baterista \u00c1lex Gonz\u00e1lez; a la vez se va Gustavo Orozco, dejando al grupo como un cuarteto). En 1986, firman con la compa\u00f1\u00eda discogr\u00e1fica Polygram, ya bajo el nombre de Man\u00e1 grabando un nuevo disco hom\u00f3nimo.<br \/>\nEn febrero de 2006, Man\u00e1 empez\u00f3 a grabar amar es combatir, el cual fue lanzado el 22 de agosto de 2006, alcanzando el n\u00famero 4 en el top 200 albums de la revista Billboard en los Estados Unidos, r\u00e9cord solamente alcanzado para una producci\u00f3n enteramente en espa\u00f1ol por el \u00e1lbum Fijaci\u00f3n Oral Vol. 1 de Shakira. El primer sencillo en sonar de este disco, en julio de 2006, fue Labios compartidos. R\u00e1pidamente se coloc\u00f3 en el n\u00famero 1 de las distintas emisoras, principalmente en las zonas latinas de Estados Unidos. El segundo sencillo fue bendita tu luz a d\u00fao con Juan Luis Guerra. El tercer sencillo del \u00e1lbum, estrenado el 24 de enero del 2007 es Manda una se\u00f1al. El 11 de febrero ganan un Grammy dentro de la categor\u00eda Mejor \u00c1lbum de Rock Latino Alternativo y dos premios Billboard latinos.<br \/>\nTop 5 de sus canciones<br \/>\n1.- bendita tu luz<br \/>\n2.- labios compartidos<br \/>\n3.- me vale<br \/>\n4.- eres mi religi\u00f3n<br \/>\n5.- rayando el sol<\/p>\n<p>5.- <a href=\"http:\/\/cafetacuba.com.mx\/site\/\">Cafe tacuba<\/a><\/p>\n<p><img loading=\"lazy\" decoding=\"async\" src=\"http:\/\/www.activaradiomx.com\/wp\/wp-content\/uploads\/2012\/09\/Cafe-Tacuba.jpg\" width=\"285\" height=\"320\" class=\"alignnone\" \/><\/p>\n<p>El rock con toques mexicanos nace en el garaje de una casa de Ciudad Sat\u00e9lite, al norte de la capital mexicana, donde cuatro amigos que se hab\u00edan conocido en la escuela, llamados Rub\u00e9n, Quique, Joselo y Meme, y quienes compart\u00edan gustos afines por la m\u00fasica, llevan a cabo un proyecto llamado Caf\u00e9 Tacuba.<br \/>\nA finales de los 80 ya ten\u00edan lo necesario para hacer sonar un buen rock con potencia y libertad, basado en una composici\u00f3n musical tan folkl\u00f3rica que los hac\u00eda sobresalir de entre los dem\u00e1s.<br \/>\nEn octubre de 2007, sale al mercado su d\u00e9cimo disco Sino, su primer sencillo fue 'Volver a comenzar' tema que tiene una duraci\u00f3n aproximada de 7 minutos 40 segundos. Una sorpresa es que Joselo canta varias de las canciones de este material, que contiene 15 temas, que pretenden hacer reflexionar a sus seguidores sobre la vida. Otros sencillos que se desprenden de estem material son: 'Esta vez', 'Y es que' y 'V\u00e1monos'. El nombre que adopta Rub\u00e9n para este \u00e1lbum es 'Cone Cahuitl'.<\/p>\n<p>En noviembre de 2008, su trabajo es reconocido una vez m\u00e1s, al obtener dos Latin Grammy por su importante trabajo musical.<\/p>\n<p>Las \u00faltimas actividades que realiz\u00f3 el grupo fue la grabaci\u00f3n de su propio documental titulado: 'Seguir Siendo'.<br \/>\nTop 5 de sus canciones<br \/>\n1.- Eres<br \/>\n2.- Aprov\u00e9chate<br \/>\n3.- Como te extra\u00f1o mi amor<br \/>\n4.- La ingrata<br \/>\n5.- Quiero ver<\/p>\n","protected":false},"excerpt":{"rendered":"<p>1.- Enanitos Verdes Es la banda que integran Marciano Cantero en voz y bajo, Felipe Staiti en guitarra Esta banda naci\u00f3 en la ciudad de Mendoza, Argentina, en noviembre de 1979 con Marciano Felicpe y Daniel Piccolo en la bateria. Comenzaron con presentaciones en diferentes pubs, pasando luego a peque\u00f1os teatros no s\u00f3lo de su [&hellip;]<\/p>\n","protected":false},"author":9054,"featured_media":0,"parent":0,"menu_order":0,"comment_status":"open","ping_status":"open","template":"","meta":{"footnotes":""},"class_list":["post-82","page","type-page","status-publish","hentry"],"_links":{"self":[{"href":"https:\/\/blog.espol.edu.ec\/cpillajo\/wp-json\/wp\/v2\/pages\/82","targetHints":{"allow":["GET"]}}],"collection":[{"href":"https:\/\/blog.espol.edu.ec\/cpillajo\/wp-json\/wp\/v2\/pages"}],"about":[{"href":"https:\/\/blog.espol.edu.ec\/cpillajo\/wp-json\/wp\/v2\/types\/page"}],"author":[{"embeddable":true,"href":"https:\/\/blog.espol.edu.ec\/cpillajo\/wp-json\/wp\/v2\/users\/9054"}],"replies":[{"embeddable":true,"href":"https:\/\/blog.espol.edu.ec\/cpillajo\/wp-json\/wp\/v2\/comments?post=82"}],"version-history":[{"count":8,"href":"https:\/\/blog.espol.edu.ec\/cpillajo\/wp-json\/wp\/v2\/pages\/82\/revisions"}],"predecessor-version":[{"id":94,"href":"https:\/\/blog.espol.edu.ec\/cpillajo\/wp-json\/wp\/v2\/pages\/82\/revisions\/94"}],"wp:attachment":[{"href":"https:\/\/blog.espol.edu.ec\/cpillajo\/wp-json\/wp\/v2\/media?parent=82"}],"curies":[{"name":"wp","href":"https:\/\/api.w.org\/{rel}","templated":true}]}}