{"id":95,"date":"2014-06-08T00:20:05","date_gmt":"2014-06-08T00:20:05","guid":{"rendered":"http:\/\/blog.espol.edu.ec\/cpillajo\/?page_id=95"},"modified":"2014-06-09T23:43:56","modified_gmt":"2014-06-09T23:43:56","slug":"rock-ecuatoriano","status":"publish","type":"page","link":"https:\/\/blog.espol.edu.ec\/cpillajo\/rock-ecuatoriano\/","title":{"rendered":"Rock ecuatoriano"},"content":{"rendered":"<p><a href=\"http:\/\/blog.espol.edu.ec\/cpillajo\/files\/2014\/06\/Sin-t\u00edtulo-1.jpg\"><img loading=\"lazy\" decoding=\"async\" src=\"http:\/\/blog.espol.edu.ec\/cpillajo\/files\/2014\/06\/Sin-t\u00edtulo-1-300x132.jpg\" alt=\"Sin t\u00edtulo-1\" width=\"600\" height=\"200\" class=\"aligncenter size-medium wp-image-97\" \/><\/a><\/p>\n<p>No se puede definir una fecha exacta para el nacimiento del movimiento rockero en Ecuador, aunque se sabe que comenz\u00f3 a finales de los a\u00f1os 50, principalmente con influencia recibida desde Argentina y M\u00e9xico.<br \/>\nEn sus inicios las presentaciones fueron realizadas en tarimas improvisadas, que eran reprimidas por los gobernantes de turno. Por ello, el g\u00e9nero se desarroll\u00f3 por mucho tiempo en lugares peque\u00f1os o peligrosos. Con ello se afirmar\u00eda el underground y la marginalidad de esta cultura musical con respecto a otras m\u00e1s populares.<br \/>\nEl rock en Quito tiene muchos referentes desde los a\u00f1os sesenta del siglo pasado. El festival m\u00e1s antiguo es el de la concha ac\u00fastica de la Villaflora, del que se tiene evidencia que se realizaba desde mediados de la d\u00e9cada de 1970. En 1987 el colectivo Al Sur del Cielo retoma la idea y hace un festival el 31 de diciembre de cada a\u00f1o y otro gran festival llamado La Semana del Rock, organizado anualmente en el mes de julio. El movimiento rockero capitalino tiene dos vertientes fundamentales: una de ra\u00edces del heavy metal, afincada sobre todo en el sur de la ciudad; la otra es una vertiente m\u00e1s alternativa, y de tendencias al hardcore punk y fusi\u00f3n con fuerte presencia en los barrios del norte, en donde uno de los principales escenarios fue el bar La Kumbancha. Esta divisi\u00f3n subjetiva de zonas y estilos musicales no quita que en el norte haya buenas bandas de power metal, y en el sur grupos de ska o fusi\u00f3n.<\/p>\n<p>+ <a href=\"http:\/\/blog.espol.edu.ec\/cpillajo\/rock-ecuatoriano\/aztra\/\">Aztra<\/a><br \/>\n+ <a href=\"http:\/\/blog.espol.edu.ec\/cpillajo\/rock-ecuatoriano\/bajo-suenos\/\">Bajo Sue\u00f1os<\/a><br \/>\n+ <a href=\"http:\/\/blog.espol.edu.ec\/cpillajo\/rock-ecuatoriano\/cruks-en-karnak\/\">Cruks en Karnak<\/a><br \/>\n+ <a href=\"http:\/\/blog.espol.edu.ec\/cpillajo\/rock-ecuatoriano\/verde-70\/\">verde 70<\/a><br \/>\n+ <a href=\"http:\/\/blog.espol.edu.ec\/cpillajo\/rock-ecuatoriano\/119-2\/\">Viuda negra<\/a><\/p>\n","protected":false},"excerpt":{"rendered":"<p>No se puede definir una fecha exacta para el nacimiento del movimiento rockero en Ecuador, aunque se sabe que comenz\u00f3 a finales de los a\u00f1os 50, principalmente con influencia recibida desde Argentina y M\u00e9xico. En sus inicios las presentaciones fueron realizadas en tarimas improvisadas, que eran reprimidas por los gobernantes de turno. Por ello, el [&hellip;]<\/p>\n","protected":false},"author":9054,"featured_media":0,"parent":0,"menu_order":0,"comment_status":"open","ping_status":"open","template":"","meta":{"footnotes":""},"class_list":["post-95","page","type-page","status-publish","hentry"],"_links":{"self":[{"href":"https:\/\/blog.espol.edu.ec\/cpillajo\/wp-json\/wp\/v2\/pages\/95","targetHints":{"allow":["GET"]}}],"collection":[{"href":"https:\/\/blog.espol.edu.ec\/cpillajo\/wp-json\/wp\/v2\/pages"}],"about":[{"href":"https:\/\/blog.espol.edu.ec\/cpillajo\/wp-json\/wp\/v2\/types\/page"}],"author":[{"embeddable":true,"href":"https:\/\/blog.espol.edu.ec\/cpillajo\/wp-json\/wp\/v2\/users\/9054"}],"replies":[{"embeddable":true,"href":"https:\/\/blog.espol.edu.ec\/cpillajo\/wp-json\/wp\/v2\/comments?post=95"}],"version-history":[{"count":13,"href":"https:\/\/blog.espol.edu.ec\/cpillajo\/wp-json\/wp\/v2\/pages\/95\/revisions"}],"predecessor-version":[{"id":143,"href":"https:\/\/blog.espol.edu.ec\/cpillajo\/wp-json\/wp\/v2\/pages\/95\/revisions\/143"}],"wp:attachment":[{"href":"https:\/\/blog.espol.edu.ec\/cpillajo\/wp-json\/wp\/v2\/media?parent=95"}],"curies":[{"name":"wp","href":"https:\/\/api.w.org\/{rel}","templated":true}]}}