{"id":10,"date":"2009-10-26T13:55:03","date_gmt":"2009-10-26T18:55:03","guid":{"rendered":"http:\/\/blog.espol.edu.ec\/cpogo\/?page_id=10"},"modified":"2009-12-02T08:59:44","modified_gmt":"2009-12-02T13:59:44","slug":"blog","status":"publish","type":"page","link":"https:\/\/blog.espol.edu.ec\/cpogo\/blog\/","title":{"rendered":"Blog"},"content":{"rendered":"<div style=\"width:100%;text-align:center\">\n<img decoding=\"async\" src=\"http:\/\/farm3.static.flickr.com\/2583\/4129766461_b226c9d79f_o.png\" alt=\"logo\" \/>\n<\/div>\n<table width=\"480px\" border=\"0\" align=\"center\" cellpadding=\"2\" cellspacing=\"2\">\n<tr>\n<td colspan=\"2\" align=\"left\">\n<h3>\u00daltimas entradas<\/h3>\n<\/td>\n<\/tr>\n<tr align=\"left\" valign=\"middle\">\n<td><a href=\"http:\/\/blog.espol.edu.ec\/cpogo\/~\/opciones\/\"><img decoding=\"async\" src=\"http:\/\/farm3.static.flickr.com\/2583\/4129766461_c8576fd1a1_t.jpg\" alt=\"logo\" \/><\/a><\/td>\n<td><a href=\"http:\/\/blog.espol.edu.ec\/cpogo\/~\/opciones\/\">Opciones<\/a><\/td>\n<\/tr>\n<tr align=\"left\" valign=\"middle\">\n<td><a href=\"http:\/\/blog.espol.edu.ec\/cpogo\/~\/constitunator\/\"><img decoding=\"async\" src=\"http:\/\/farm3.static.flickr.com\/2583\/4129766461_c8576fd1a1_t.jpg\" alt=\"logo\" \/><\/a><\/td>\n<td><a href=\"http:\/\/blog.espol.edu.ec\/cpogo\/~\/constitunator\/\">Constitunator<\/a><\/td>\n<\/tr>\n<tr align=\"left\" valign=\"middle\">\n<td><a href=\"http:\/\/blog.espol.edu.ec\/cpogo\/~\/la-espol-desde-el-espacio\/\"><img decoding=\"async\" src=\"http:\/\/farm3.static.flickr.com\/2694\/4130581242_efbfd19967_t.jpg\" alt=\"Mapa ESPOL 50m Google\" \/><\/a><\/td>\n<td><a href=\"http:\/\/blog.espol.edu.ec\/cpogo\/~\/la-espol-desde-el-espacio\/\">La ESPOL desde\u2026 \u00bfel espacio?<\/a><\/td>\n<\/tr>\n<tr align=\"left\" valign=\"middle\">\n<td><a href=\"http:\/\/blog.espol.edu.ec\/cpogo\/~\/por-que-fracasara-wiki-espol-edu-ec\/\"><img decoding=\"async\" src=\"http:\/\/farm3.static.flickr.com\/2621\/4130367774_842778a86f_t.jpg\" alt=\"Logo WikiESPOL\" \/><\/a><\/td>\n<td><a href=\"http:\/\/blog.espol.edu.ec\/cpogo\/~\/por-que-fracasara-wiki-espol-edu-ec\/\">\u00bfPor qu\u00e9 fracasar\u00e1 wiki.espol.edu.ec?<\/a><\/td>\n<\/tr>\n<tr align=\"left\" valign=\"middle\">\n<td><a href=\"http:\/\/blog.espol.edu.ec\/cpogo\/~\/se-creativo-es-facil-cuando-te-saltas-a-los-intermediarios\/\"><img decoding=\"async\" src=\"http:\/\/farm3.static.flickr.com\/2660\/4130368260_e24059a794_t.jpg\" alt=\"Creative Commons - S\u00e9 Creativo\" \/><\/a><\/td>\n<td><a href=\"http:\/\/blog.espol.edu.ec\/cpogo\/~\/se-creativo-es-facil-cuando-te-saltas-a-los-intermediarios\/\">S\u00e9 creativo - Es f\u00e1cil cuando te saltas a los intermediarios<\/a><\/td>\n<\/tr>\n<tr align=\"left\" valign=\"middle\">\n<td><a href=\"http:\/\/blog.espol.edu.ec\/cpogo\/~\/mi-blog\/\"><img decoding=\"async\" src=\"http:\/\/farm3.static.flickr.com\/2583\/4129766461_c8576fd1a1_t.jpg\" alt=\"logo\" \/><\/a><\/td>\n<td><a href=\"http:\/\/blog.espol.edu.ec\/cpogo\/~\/mi-blog\/\">Mi blog<\/a><\/td>\n<\/tr>\n<tr align=\"left\" valign=\"middle\">\n<td><a href=\"http:\/\/blog.espol.edu.ec\/cpogo\/~\/hello-world\/\"><img decoding=\"async\" src=\"http:\/\/farm3.static.flickr.com\/2715\/4129714249_5bd62300a5_t.jpg\" alt=\"Hello World\" \/><\/a><\/td>\n<td><a href=\"http:\/\/blog.espol.edu.ec\/cpogo\/~\/hello-world\/\">Hello world!<\/a><\/td>\n<\/tr>\n<\/table>\n<pre style=\"width:100%;text-align:center\">\r\n                          \r\n                          \r\n  ___    _____    __  __  \r\n \/'___\\ \/\\ '__`\\ \/\\ \\\/\\ \\ \r\n\/\\ \\__\/ \\ \\ \\L\\ \\\\ \\ \\_\\ \\\r\n\\ \\____\\ \\ \\ ,__\/ \\ \\____\/\r\n \\\/____\/  \\ \\ \\\/   \\\/___\/ \r\n  \\ \\_\\          \r\n   \\\/_\/          \r\n<\/pre>\n<div id=\"polls-1\" class=\"wp-polls\">\n\t<form id=\"polls_form_1\" class=\"wp-polls-form\" action=\"\/index.php\" method=\"post\">\n\t\t<p style=\"display: none;\"><input type=\"hidden\" id=\"poll_1_nonce\" name=\"wp-polls-nonce\" value=\"60b5c8f280\" \/><\/p>\n\t\t<p style=\"display: none;\"><input type=\"hidden\" name=\"poll_id\" value=\"1\" \/><\/p>\n\t\t<p style=\"text-align: center;\"><strong>\u00bfCual es tu opini\u00f3n de mi blog?<\/strong><\/p><div id=\"polls-1-ans\" class=\"wp-polls-ans\"><ul class=\"wp-polls-ul\">\n\t\t<li><input type=\"radio\" id=\"poll-answer-1\" name=\"poll_1\" value=\"1\" \/> <label for=\"poll-answer-1\">Bueno<\/label><\/li>\n\t\t<li><input type=\"radio\" id=\"poll-answer-2\" name=\"poll_1\" value=\"2\" \/> <label for=\"poll-answer-2\">Excelente<\/label><\/li>\n\t\t<li><input type=\"radio\" id=\"poll-answer-3\" name=\"poll_1\" value=\"3\" \/> <label for=\"poll-answer-3\">Malo<\/label><\/li>\n\t\t<li><input type=\"radio\" id=\"poll-answer-4\" name=\"poll_1\" value=\"4\" \/> <label for=\"poll-answer-4\">Puede Mejorar<\/label><\/li>\n\t\t<li><input type=\"radio\" id=\"poll-answer-5\" name=\"poll_1\" value=\"5\" \/> <label for=\"poll-answer-5\">Sin comentarios<\/label><\/li>\n\t\t<\/ul><p style=\"text-align: center;\"><input type=\"button\" name=\"vote\" value=\"   Vote   \" class=\"Buttons\" onclick=\"poll_vote(1);\" onkeypress=\"poll_result(1);\" \/><\/p><p style=\"text-align: center;\"><a href=\"#ViewPollResults\" onclick=\"poll_result(1); return false;\" onkeypress=\"poll_result(1); return false;\" title=\"View Results Of This Poll\">View Results<\/a><\/p><\/div>\n\t<\/form>\n<\/div>\n<div id=\"polls-1-loading\" class=\"wp-polls-loading\"><img loading=\"lazy\" decoding=\"async\" src=\"https:\/\/blog.espol.edu.ec\/cpogo\/wp-content\/plugins\/wp-polls\/images\/loading.gif\" width=\"16\" height=\"16\" alt=\"Cargando ...\" title=\"Cargando ...\" class=\"wp-polls-image\" \/>&nbsp;Cargando ...<\/div>\n\n","protected":false},"excerpt":{"rendered":"<p>\u00daltimas entradas Opciones Constitunator La ESPOL desde\u2026 \u00bfel espacio? \u00bfPor qu\u00e9 fracasar\u00e1 wiki.espol.edu.ec? S\u00e9 creativo - Es f\u00e1cil cuando te saltas a los intermediarios Mi blog Hello world! ___ _____ __ __ \/'___\\ \/\\ '__`\\ \/\\ \\\/\\ \\ \/\\ \\__\/ \\ \\ \\L\\ \\\\ \\ \\_\\ \\ \\ \\____\\ \\ \\ ,__\/ \\ \\____\/ \\\/____\/ [&hellip;]<\/p>\n","protected":false},"author":3099,"featured_media":0,"parent":0,"menu_order":0,"comment_status":"closed","ping_status":"closed","template":"","meta":{"_monsterinsights_skip_tracking":false,"_monsterinsights_sitenote_active":false,"_monsterinsights_sitenote_note":"","_monsterinsights_sitenote_category":0,"footnotes":""},"class_list":["post-10","page","type-page","status-publish","hentry"],"aioseo_notices":[],"_links":{"self":[{"href":"https:\/\/blog.espol.edu.ec\/cpogo\/wp-json\/wp\/v2\/pages\/10","targetHints":{"allow":["GET"]}}],"collection":[{"href":"https:\/\/blog.espol.edu.ec\/cpogo\/wp-json\/wp\/v2\/pages"}],"about":[{"href":"https:\/\/blog.espol.edu.ec\/cpogo\/wp-json\/wp\/v2\/types\/page"}],"author":[{"embeddable":true,"href":"https:\/\/blog.espol.edu.ec\/cpogo\/wp-json\/wp\/v2\/users\/3099"}],"replies":[{"embeddable":true,"href":"https:\/\/blog.espol.edu.ec\/cpogo\/wp-json\/wp\/v2\/comments?post=10"}],"version-history":[{"count":47,"href":"https:\/\/blog.espol.edu.ec\/cpogo\/wp-json\/wp\/v2\/pages\/10\/revisions"}],"predecessor-version":[{"id":220,"href":"https:\/\/blog.espol.edu.ec\/cpogo\/wp-json\/wp\/v2\/pages\/10\/revisions\/220"}],"wp:attachment":[{"href":"https:\/\/blog.espol.edu.ec\/cpogo\/wp-json\/wp\/v2\/media?parent=10"}],"curies":[{"name":"wp","href":"https:\/\/api.w.org\/{rel}","templated":true}]}}