{"id":2,"date":"2009-10-16T16:57:36","date_gmt":"2009-10-16T21:57:36","guid":{"rendered":""},"modified":"2009-11-24T05:02:21","modified_gmt":"2009-11-24T10:02:21","slug":"about","status":"publish","type":"page","link":"https:\/\/blog.espol.edu.ec\/cpogo\/about\/","title":{"rendered":"Acerca de m\u00ed"},"content":{"rendered":"<h2 style=\"width:100%;text-align:center\">Supertramp - The Logical Song<\/h2>\n<table width=\"100%\" border=\"0\" cellpadding=\"4\" cellspacing=\"4\">\n<tr>\n<td width=\"50%\" align=\"right\">\nCuando era joven,<br \/>\nLa vida me parec\u00eda maravillosa,<br \/>\nUn milagro, era hermosa, m\u00e1gica.<\/p>\n<p>Y todos los p\u00e1jaros en los \u00e1rboles<br \/>\nCantaban tan felizmente<br \/>\nCon alegr\u00eda y juguetones, me miraban.<\/p>\n<p>Pero luego, me mandaron fuera<br \/>\nPara aprender a ser sensato,<br \/>\nL\u00f3gico, responsable, pr\u00e1ctico.<\/p>\n<p>Me ense\u00f1aron un mundo<br \/>\nDonde pod\u00eda mostrarme digno de confianza,<br \/>\nCl\u00ednico, intelectual, c\u00ednico.<\/p>\n<p>Hay momentos<br \/>\nCuando todo el mundo duerme<br \/>\nEn que las preguntas se vuelven demasiado profundas<br \/>\nPara un hombre tan sencillo como yo.<\/p>\n<p>\u00bfQuieres decirme, por favor,<br \/>\nLo que hemos aprendido?<br \/>\nSe que suena absurdo<br \/>\nPero, por favor, dime qui\u00e9n soy.<\/p>\n<p>Ahora, cuidado con lo que dices<br \/>\nO te van a llamar radical,<br \/>\nLiberal, fan\u00e1tico, criminal.<\/p>\n<p>\u00bfNo quieres apuntarte?<br \/>\nNos gustar\u00eda sentir que fueras aceptable,<br \/>\nRespetable, presentable, un vegetal.<\/p>\n<p>Hay momentos<br \/>\nCuando todo el mundo duerme<br \/>\nEn que las preguntas se vuelven demasiado profundas<br \/>\nPara un hombre tan sencillo como yo.<\/p>\n<p>\u00bfQuieres decirme, por favor,<br \/>\nLo que hemos aprendido?<br \/>\nSe que suena absurdo<br \/>\nPero, por favor, dime qui\u00e9n soy,<br \/>\nquien soy,<br \/>\nquien soy,<br \/>\nQUIEN SOY.\n  <\/td>\n<td width=\"50%\" align=\"left\">\nWhen I was young,<br \/>\nIt seemed that life was so wonderful,<br \/>\nA miracle, oh it was beautiful, magical.<\/p>\n<p>And all the birds in the trees,<br \/>\nWell they'd be singing so happily,<br \/>\nJoyfully, playfully watching me.<\/p>\n<p>But then they send me away<br \/>\nTo teach me how to be sensible,<br \/>\nLogical, responsible, practical.<\/p>\n<p>And they showed me a world<br \/>\nWhere I could be so dependable,<br \/>\nClinical, intellectual, cynical.<\/p>\n<p>There are times<br \/>\nWhen all the world's asleep,<br \/>\nThe questions run too deep<br \/>\nFor such a simple man.<\/p>\n<p>Won't you please,<br \/>\nPlease tell me what we've learned<br \/>\nI know it sounds absurd<br \/>\nBut please tell me who I am.<\/p>\n<p>Now watch what you say<br \/>\nOr they'll be calling you a radical,<br \/>\nLiberal, fanatical, criminal.<\/p>\n<p>Won't you sign up your name;<br \/>\nWe'd like to feel you're acceptable,<br \/>\nRespectable, presentable, a vegetable!<\/p>\n<p>At night,<br \/>\nWhen all the world's asleep,<br \/>\nThe questions run so deep<br \/>\nFor such a simple man.<\/p>\n<p>Won't you please,<br \/>\nPlease tell me what we've learned<br \/>\nI know it sounds absurd<br \/>\nBut please tell me who I am,<br \/>\nwho I am,<br \/>\nwho I am,<br \/>\nWHO I AM.\n  <\/td>\n<\/tr>\n<\/table>\n<div style=\"width:100%;text-align:center\">\n<object width=\"425\" height=\"344\"><param name=\"movie\" value=\"http:\/\/www.youtube.com\/v\/ue29WayaMYQ&amp;hl=es&amp;fs=1&amp;rel=0\"><\/param><param name=\"allowFullScreen\" value=\"true\"><\/param><param name=\"allowscriptaccess\" value=\"always\"><\/param><embed src=\"http:\/\/www.youtube.com\/v\/ue29WayaMYQ&amp;hl=es&amp;fs=1&amp;rel=0\" type=\"application\/x-shockwave-flash\" width=\"425\" height=\"344\"><\/embed><\/object>\n<\/div>\n","protected":false},"excerpt":{"rendered":"<p>Supertramp - The Logical Song Cuando era joven, La vida me parec\u00eda maravillosa, Un milagro, era hermosa, m\u00e1gica. Y todos los p\u00e1jaros en los \u00e1rboles Cantaban tan felizmente Con alegr\u00eda y juguetones, me miraban. Pero luego, me mandaron fuera Para aprender a ser sensato, L\u00f3gico, responsable, pr\u00e1ctico. Me ense\u00f1aron un mundo Donde pod\u00eda mostrarme digno [&hellip;]<\/p>\n","protected":false},"author":3099,"featured_media":0,"parent":0,"menu_order":2,"comment_status":"closed","ping_status":"closed","template":"","meta":{"_monsterinsights_skip_tracking":false,"_monsterinsights_sitenote_active":false,"_monsterinsights_sitenote_note":"","_monsterinsights_sitenote_category":0,"footnotes":""},"class_list":["post-2","page","type-page","status-publish","hentry"],"aioseo_notices":[],"_links":{"self":[{"href":"https:\/\/blog.espol.edu.ec\/cpogo\/wp-json\/wp\/v2\/pages\/2","targetHints":{"allow":["GET"]}}],"collection":[{"href":"https:\/\/blog.espol.edu.ec\/cpogo\/wp-json\/wp\/v2\/pages"}],"about":[{"href":"https:\/\/blog.espol.edu.ec\/cpogo\/wp-json\/wp\/v2\/types\/page"}],"author":[{"embeddable":true,"href":"https:\/\/blog.espol.edu.ec\/cpogo\/wp-json\/wp\/v2\/users\/3099"}],"replies":[{"embeddable":true,"href":"https:\/\/blog.espol.edu.ec\/cpogo\/wp-json\/wp\/v2\/comments?post=2"}],"version-history":[{"count":38,"href":"https:\/\/blog.espol.edu.ec\/cpogo\/wp-json\/wp\/v2\/pages\/2\/revisions"}],"predecessor-version":[{"id":187,"href":"https:\/\/blog.espol.edu.ec\/cpogo\/wp-json\/wp\/v2\/pages\/2\/revisions\/187"}],"wp:attachment":[{"href":"https:\/\/blog.espol.edu.ec\/cpogo\/wp-json\/wp\/v2\/media?parent=2"}],"curies":[{"name":"wp","href":"https:\/\/api.w.org\/{rel}","templated":true}]}}