{"id":46,"date":"2016-11-15T02:39:21","date_gmt":"2016-11-15T02:39:21","guid":{"rendered":"http:\/\/blog.espol.edu.ec\/crborbor\/?page_id=46"},"modified":"2016-11-15T03:10:28","modified_gmt":"2016-11-15T03:10:28","slug":"edipo","status":"publish","type":"page","link":"https:\/\/blog.espol.edu.ec\/crborbor\/edipo\/","title":{"rendered":"EDIPO"},"content":{"rendered":"<p style=\"text-align: center\">EL MITO DE EDIPO<\/p>\n<p><img loading=\"lazy\" decoding=\"async\" class=\"size-medium aligncenter\" src=\"http:\/\/3.bp.blogspot.com\/-vZKH3Z7bxyg\/T76zEN9UGuI\/AAAAAAAAAVc\/xPBYXvZEW3U\/s1600\/edipo4-voz-juan-carlos-boveri.jpg\" alt=\"\" width=\"448\" height=\"339\" \/><\/p>\n<p>Al nacer su hijo Edipo, el rey de Tebas Layo consult\u00f3 el Or\u00e1culo de Delfos. \u00c9ste le augur\u00f3 que su hijo, al crecer, le dar\u00eda muerte y desposar\u00eda a su mujer. Layo, queriendo evitar tal destino, orden\u00f3 a un s\u00fabdito que matara a Edipo al nacer. Apiadado de \u00e9l, en vez de matarlo, el s\u00fabdito lo abandon\u00f3 en el monte Citer\u00f3n, colgado de un \u00e1rbol por los pies, los cuales perfor\u00f3. Un pastor hall\u00f3 el beb\u00e9 y lo entreg\u00f3 al rey P\u00f3libo de Corinto. Peribea o M\u00e9rope, la esposa de P\u00f3libo y reina de Corinto, se encarg\u00f3 de la crianza del beb\u00e9, llam\u00e1ndolo Edipo, que significa \u2018de pies hinchados\u2019 por haber estado colgado.<\/p>\n<p>Al llegar a la adolescencia, Edipo, por habladur\u00edas de sus compa\u00f1eros de juegos, sospech\u00f3 que no era hijo de sus pretendidos padres. Para salir de dudas visit\u00f3 el Or\u00e1culo de Delfos, que le augur\u00f3 que matar\u00eda a su padre y luego desposar\u00eda a su madre. Edipo, creyendo que sus padres eran quienes lo hab\u00edan criado, decidi\u00f3 no regresar nunca a Corinto para huir de su destino. Emprende un viaje y, en el camino hacia Tebas, Edipo encuentra a Layo en una encrucijada, discuten por la preferencia de paso y lo mata sin saber que era el rey de Tebas, y su propio padre. M\u00e1s tarde Edipo encuentra a la esfinge, un monstruo que daba muerte a todo aquel que no pudiera adivinar sus acertijos, atormentando al reino de Tebas. A la pregunta de \u00ab\u00bfcu\u00e1l es el ser vivo que camina a cuatro patas al alba, con dos al mediod\u00eda y con tres al atardecer?\u00bb, Edipo respondi\u00f3 correctamente que es el hombre, quien gatea cuando beb\u00e9 y se apoya en un bast\u00f3n cuando viejo. Hab\u00eda tambi\u00e9n otro acertijo: \u00abSon dos hermanas, una de las cuales engendra a la otra y, a su vez, es engendrada por la primera\u00bb. Edipo contest\u00f3: el d\u00eda y la noche. Furiosa, la Esfinge se suicida lanz\u00e1ndose al vac\u00edo y Edipo es nombrado el salvador de Tebas. Como premio, Edipo es nombrado rey y se casa con la viuda de Layo, Yocasta, su verdadera madre. Tendr\u00e1 con ella cuatro hijos: Polinices, Eteocles, Ismena y Ant\u00edgona.<\/p>\n<p>Al poco, una terrible plaga cae sobre la ciudad, ya que el asesino de Layo no ha pagado por su crimen y contamina con su presencia a toda la ciudad.<\/p>\n<p>Edipo emprende las averiguaciones para descubrir el culpable, y gracias a Tiresias descubre que en realidad es hijo de Yocasta y Layo y que es \u00e9l mismo el asesino que anda buscando. Al saber Yocasta que Edipo era en realidad su hijo, se da muerte, colg\u00e1ndose en el palacio. Horrorizado, Edipo se quita los ojos con los broches del vestido de Yocasta y abandona el trono de Tebas, escapando al exilio.<\/p>\n<p><iframe loading=\"lazy\" title=\"Edipo y la esfinge  - Mitolog\u00eda Griega\" width=\"610\" height=\"343\" src=\"https:\/\/www.youtube.com\/embed\/eV3dYXmAMvo?feature=oembed\" frameborder=\"0\" allow=\"accelerometer; autoplay; clipboard-write; encrypted-media; gyroscope; picture-in-picture; web-share\" referrerpolicy=\"strict-origin-when-cross-origin\" allowfullscreen><\/iframe><\/p>\n<p>&nbsp;<\/p>\n<p>&nbsp;<\/p>\n","protected":false},"excerpt":{"rendered":"<p>EL MITO DE EDIPO Al nacer su hijo Edipo, el rey de Tebas Layo consult\u00f3 el Or\u00e1culo de Delfos. \u00c9ste le augur\u00f3 que su hijo, al crecer, le dar\u00eda muerte y desposar\u00eda a su mujer. Layo, queriendo evitar tal destino, orden\u00f3 a un s\u00fabdito que matara a Edipo al nacer. Apiadado de \u00e9l, en vez [&hellip;]<\/p>\n","protected":false},"author":10696,"featured_media":0,"parent":0,"menu_order":0,"comment_status":"closed","ping_status":"closed","template":"","meta":{"footnotes":""},"class_list":["post-46","page","type-page","status-publish","hentry"],"_links":{"self":[{"href":"https:\/\/blog.espol.edu.ec\/crborbor\/wp-json\/wp\/v2\/pages\/46","targetHints":{"allow":["GET"]}}],"collection":[{"href":"https:\/\/blog.espol.edu.ec\/crborbor\/wp-json\/wp\/v2\/pages"}],"about":[{"href":"https:\/\/blog.espol.edu.ec\/crborbor\/wp-json\/wp\/v2\/types\/page"}],"author":[{"embeddable":true,"href":"https:\/\/blog.espol.edu.ec\/crborbor\/wp-json\/wp\/v2\/users\/10696"}],"replies":[{"embeddable":true,"href":"https:\/\/blog.espol.edu.ec\/crborbor\/wp-json\/wp\/v2\/comments?post=46"}],"version-history":[{"count":3,"href":"https:\/\/blog.espol.edu.ec\/crborbor\/wp-json\/wp\/v2\/pages\/46\/revisions"}],"predecessor-version":[{"id":53,"href":"https:\/\/blog.espol.edu.ec\/crborbor\/wp-json\/wp\/v2\/pages\/46\/revisions\/53"}],"wp:attachment":[{"href":"https:\/\/blog.espol.edu.ec\/crborbor\/wp-json\/wp\/v2\/media?parent=46"}],"curies":[{"name":"wp","href":"https:\/\/api.w.org\/{rel}","templated":true}]}}