{"id":49,"date":"2016-11-15T02:57:26","date_gmt":"2016-11-15T02:57:26","guid":{"rendered":"http:\/\/blog.espol.edu.ec\/crborbor\/?page_id=49"},"modified":"2016-11-15T03:19:34","modified_gmt":"2016-11-15T03:19:34","slug":"pandora","status":"publish","type":"page","link":"https:\/\/blog.espol.edu.ec\/crborbor\/pandora\/","title":{"rendered":"PANDORA"},"content":{"rendered":"<p style=\"text-align: center\">EL MITO DE PANDORA<\/p>\n<div><\/div>\n<div><img loading=\"lazy\" decoding=\"async\" class=\" aligncenter\" src=\"http:\/\/photos.demandstudios.com\/getty\/article\/56\/231\/92831551_XS.jpg\" alt=\"\" width=\"271\" height=\"357\" \/><\/div>\n<div><\/div>\n<div>Cuenta la mitolog\u00eda griega: En un principio todo era Caos, hasta que los dioses decidieron dar a cada cosa existente su lugar en la tierra, tambi\u00e9n decidieron crear a los animales y entre ellos a uno que fuera superior: el hombre; esta tarea fue encomendada a Prometeo y su hermano Epimeteo \u2013 pertenecientes a una raza de Titanes que habitaron la tierra mucho antes de la creaci\u00f3n del hombre-, para ello, Prometeo tom\u00f3 agua y barro para moldear al hombre a imagen y semejanza de los dioses.<\/div>\n<div><\/div>\n<div>\u00a0Cuando Prometeo quiso proveer al hombre de dones especiales para hacerlo superior al resto de los animales, se dio cuenta que Epimeteo ya los hab\u00eda agotado todos en la creaci\u00f3n de los animales, as\u00ed que Prometeo subi\u00f3 al Olimpo y ayudado por Atenea rob\u00f3 las semillas de Helios (el Sol) y se las regal\u00f3 a los hombres. Con el fuego como regalo, los hombres fueron capaces no s\u00f3lo de alimentarse, sino tambi\u00e9n de elaborar armas para cazar animales, de fabricar herramientas para trabajar la tierra, de calentarse y de vivir una mejor vida. Cuando Zeus (rey de los dioses del Olimpo) se dio cuenta del rob\u00f3, mont\u00f3 en c\u00f3lera y decidi\u00f3 castigar a los Titanes por haber regalado el fuego y a los hombres por haber aceptado el regalo.<\/div>\n<div><\/div>\n<div>De esta manera orden\u00f3 a todos los dioses crear a la mujer primera mujer en la tierra y que cada uno de ellos la llenara de virtudes: Hefesto, dios del fuego, la molde\u00f3; Atenea, diosa de la sabidur\u00eda, le regal\u00f3 un cintur\u00f3n de perlas, un vestido hermoso color p\u00farpura y otras piedras preciosas; Afrodita, le dio la belleza; Apolo, dios de la luz y la verdad, le dio la m\u00fasica; Hermes, dios de las fronteras y los viajeros, le dio el don de la seducci\u00f3n, un car\u00e1cter voluble y la manipulaci\u00f3n; los collares le fueron entregados por Las Gracias y la Persuasi\u00f3n, las Horas coronaron su cabeza con flores.<\/div>\n<div>Pero Pandora fue, tambi\u00e9n, un arma contra el hombre, pues Zeus quer\u00eda acabar con \u00e9l a causa de la desobediencia del tit\u00e1n Prometeo. As\u00ed, esta mujer ser\u00e1 la encargada de llevar la perdici\u00f3n al hombre, y as\u00ed se lo hace saber Zeus a Hefesto, el m\u00e1s habilidoso del Olimpo, a fin de que la creara bella, perfecta, en casi todo similar al hombre, pero dotada de capacidad para retrasarle en el trabajo y hacerle olvidar hasta sus pensamientos... Como \u00faltimo regalo, Zeus le entrega a Pandora una caja que no deber\u00e1 abrir bajo ning\u00fan concepto. En ella, sin la mujer saberlo, est\u00e1n encerrados todos los males que destruyen a la raza humana: la enfermedad, la venganza, la ira, el mal del mundo. Y entrega a Pandora como esposa a Epimeteo -llamado \"el que reflexiona tarde\"-, hermano de Prometeo; este, deslumbrado por la belleza de la mujer, acepta sin dudar el regalo, desoyendo los sabios consejos de su hermano: no aceptar ning\u00fan presente que venga de Zeus, por si acaso... Movida por la curiosidad, con el tiempo Pandora no pudo resistirlo y abri\u00f3 la caja que Zeus le hab\u00eda regalado.<\/div>\n<div><\/div>\n<div><\/div>\n<div>\u00a0Y en un momento todos los males se repartieron por el mundo, sin poder ser contenidos por las sensuales manos de la mujer... Asustada, Pandora cerr\u00f3 la tapa justo cuando el \u00faltimo objeto de la caja iba a salir: la esperanza. Posteriormente, arrepentida y viendo lo que su acci\u00f3n hab\u00eda provocado en la Humanidad, se dedic\u00f3 a ir ofreciendo a los hombres, uno a uno, la posibilidad de contar con la esperanza, pues ella la ten\u00eda -esta vez s\u00ed-, bien guardada.<\/div>\n<div>\n<p><iframe loading=\"lazy\" title=\"El mito de la caja de Pandora\" width=\"610\" height=\"458\" src=\"https:\/\/www.youtube.com\/embed\/CY8zrrUERLQ?feature=oembed\" frameborder=\"0\" allow=\"accelerometer; autoplay; clipboard-write; encrypted-media; gyroscope; picture-in-picture; web-share\" referrerpolicy=\"strict-origin-when-cross-origin\" allowfullscreen><\/iframe><\/p>\n<p>&nbsp;<\/p>\n<\/div>\n","protected":false},"excerpt":{"rendered":"<p>EL MITO DE PANDORA Cuenta la mitolog\u00eda griega: En un principio todo era Caos, hasta que los dioses decidieron dar a cada cosa existente su lugar en la tierra, tambi\u00e9n decidieron crear a los animales y entre ellos a uno que fuera superior: el hombre; esta tarea fue encomendada a Prometeo y su hermano Epimeteo [&hellip;]<\/p>\n","protected":false},"author":10696,"featured_media":0,"parent":0,"menu_order":0,"comment_status":"closed","ping_status":"closed","template":"","meta":{"footnotes":""},"class_list":["post-49","page","type-page","status-publish","hentry"],"_links":{"self":[{"href":"https:\/\/blog.espol.edu.ec\/crborbor\/wp-json\/wp\/v2\/pages\/49","targetHints":{"allow":["GET"]}}],"collection":[{"href":"https:\/\/blog.espol.edu.ec\/crborbor\/wp-json\/wp\/v2\/pages"}],"about":[{"href":"https:\/\/blog.espol.edu.ec\/crborbor\/wp-json\/wp\/v2\/types\/page"}],"author":[{"embeddable":true,"href":"https:\/\/blog.espol.edu.ec\/crborbor\/wp-json\/wp\/v2\/users\/10696"}],"replies":[{"embeddable":true,"href":"https:\/\/blog.espol.edu.ec\/crborbor\/wp-json\/wp\/v2\/comments?post=49"}],"version-history":[{"count":3,"href":"https:\/\/blog.espol.edu.ec\/crborbor\/wp-json\/wp\/v2\/pages\/49\/revisions"}],"predecessor-version":[{"id":55,"href":"https:\/\/blog.espol.edu.ec\/crborbor\/wp-json\/wp\/v2\/pages\/49\/revisions\/55"}],"wp:attachment":[{"href":"https:\/\/blog.espol.edu.ec\/crborbor\/wp-json\/wp\/v2\/media?parent=49"}],"curies":[{"name":"wp","href":"https:\/\/api.w.org\/{rel}","templated":true}]}}