{"id":2,"date":"2010-07-28T05:25:19","date_gmt":"2010-07-28T05:25:19","guid":{"rendered":""},"modified":"2010-08-02T19:00:15","modified_gmt":"2010-08-02T19:00:15","slug":"about","status":"publish","type":"page","link":"https:\/\/blog.espol.edu.ec\/creativa\/about\/","title":{"rendered":"Jornadas Internacionales de Creatividad"},"content":{"rendered":"<h1><span style=\"color: #ff0000\"><strong>I Jornadas Internacionales de Creatividad \"<\/strong><strong>creARTE<\/strong><strong>\"<\/strong><\/span><\/h1>\n<p><strong>Evento quer se realizar\u00e1 el Jueves 12 de agosto de 2010<\/strong><\/p>\n<p>La Creatividad es otra de las cualidades esenciales de los seres vivos. Todas las personas somos creativas en mayor \u00f3 menor medida, al igual que pasa con la inteligencia \u00f3 la belleza,\u00a0 abarca una amplia gama de destrezas y competencias diferentes, en estas Jornadas Internacionales de Creatividad <strong>\"<\/strong><strong>creARTE<\/strong><strong>\"<\/strong>, tendr\u00e1s la oportunidad de explorar las tuyas.<\/p>\n<p><strong>OBJETIVO<\/strong><\/p>\n<p>Ofrecer una\u00a0visi\u00f3n sist\u00e9mica, te\u00f3rica y aplicada de la creatividad en sus diversas manifestaciones, con conferencias, talleres\u2026 de distintos protagonistas que est\u00e1n trabajando en el tema de la creatividad.<\/p>\n<p><strong>DIRIGIDO:<\/strong><\/p>\n<p>Empresarios j\u00f3venes, estudiantes de universidad, en fin todas las personas que deseen explorara sus capacidades creativas,\u00a0 que deseen redefinir sus enfoques de la cotidianidad.<\/p>\n<p>SEA CREATIVO; CUANDO TODO PAREZCA PERDIDO, USE LA IMAGINACI\u00d3N<\/p>\n<p><strong>Jornadas Internacionales de Creatividad<\/strong><\/p>\n<p><strong>ORGANIZA<\/strong>: Escuela de Dise\u00f1o y Comunicaci\u00f3n Visual, de la ESPOL<\/p>\n<p><strong>FECHA<\/strong>: Jueves, 12 de agosto de 2010<\/p>\n<p><strong>HORA<\/strong>: 08:00 a 18:00<\/p>\n<p><strong>LUGAR<\/strong>: Aula Magna de la Espol, Malec\u00f3n 100 y Loja, Campus Las Pe\u00f1as<\/p>\n<p><strong>COSTO<\/strong>: GRATUITO<\/p>\n<p><strong>COORDINA<\/strong>: Jacqueline Mej\u00eda Luna, creativa@espol.edu.ec<\/p>\n<p><a href=\"http:\/\/blog.espol.edu.ec\/creativa\/files\/2010\/07\/LogoJornadas1.jpg\"><img loading=\"lazy\" decoding=\"async\" class=\"aligncenter size-full wp-image-16\" title=\"LogoJornadas\" src=\"http:\/\/blog.espol.edu.ec\/creativa\/files\/2010\/07\/LogoJornadas1.jpg\" alt=\"\" width=\"585\" height=\"219\" srcset=\"https:\/\/blog.espol.edu.ec\/creativa\/files\/2010\/07\/LogoJornadas1.jpg 585w, https:\/\/blog.espol.edu.ec\/creativa\/files\/2010\/07\/LogoJornadas1-300x112.jpg 300w\" sizes=\"auto, (max-width: 585px) 100vw, 585px\" \/><\/a><\/p>\n<form id=\"vozme_form_d41d8cd98f00b204e9800998ecf8427e\" method=\"post\" name=\"vozme_form_d41d8cd98f00b204e9800998ecf8427e\" target=\"d41d8cd98f00b204e9800998ecf8427e\" action=\"http:\/\/vozme.com\/text2voice.php\"><input name=\"text\" type=\"hidden\" value=\"Jornadas Internacionales de Creatividad. I Jornadas Internacionales de Creatividad &quot;creARTE&quot;\nEvento quer se realizar\u00e1 el Jueves 12 de agosto de 2010\nLa Creatividad es otra de las cualidades esenciales de los seres vivos. Todas las personas somos creativas en mayor \u00f3 menor medida, al igual que pasa con la inteligencia \u00f3 la belleza,\u00a0 abarca una amplia gama de destrezas y competencias diferentes, en estas Jornadas Internacionales de Creatividad &quot;creARTE&quot;, tendr\u00e1s la oportunidad de explorar las tuyas.\nOBJETIVO\nOfrecer una\u00a0visi\u00f3n sist\u00e9mica, te\u00f3rica y aplicada de la creatividad en sus diversas manifestaciones, con conferencias, talleres\u2026 de distintos protagonistas que est\u00e1n trabajando en el tema de la creatividad.\nDIRIGIDO:\nEmpresarios j\u00f3venes, estudiantes de universidad, en fin todas las personas que deseen explorara sus capacidades creativas,\u00a0 que deseen redefinir sus enfoques de la cotidianidad.\nSEA CREATIVO; CUANDO TODO PAREZCA PERDIDO, USE LA IMAGINACI\u00d3N\nJornadas Internacionales de Creatividad\nORGANIZA: Escuela de Dise\u00f1o y Comunicaci\u00f3n Visual, de la ESPOL\nFECHA: Jueves, 12 de agosto de 2010\nHORA: 08:00 a 18:00\nLUGAR: Aula Magna de la Espol, Malec\u00f3n 100 y Loja, Campus Las Pe\u00f1as\nCOSTO: GRATUITO\nCOORDINA: Jacqueline Mej\u00eda Luna, creativa@espol.edu.ec\n\n\" \/><input name=\"lang\" type=\"hidden\" value=\"en\" \/><input name=\"gn\" type=\"hidden\" value=\"ml\" \/><input type=\"hidden\" id=\"interface\" name=\"interface\" value=\"full\" \/>\n\t\t\t<div style=\"margin-left:40%;\">\n\t\t\t\n\t\t\t\t<input style=\"float:left;\" type=\"image\" width=\"40\" height=\"40\" src=\"http:\/\/blog.espol.edu.ec\/creativa\/wp-content\/plugins\/vozme\/img\/megaphone40x40w.gif\" alt=\"Hear this post\" onclick=\"window.open('', 'd41d8cd98f00b204e9800998ecf8427e', 'width=600,height=370,scrollbars=yes,location=yes,menubar=yes,resizable=yes,status=yes,toolbar=yes');\">\n\t\t\t\t<div style=\"margin-left:48px; text-align:left;\"><a style=\"font-size:12px;\" href=\"javascript:void(0);\" onclick=\"window.open('', 'd41d8cd98f00b204e9800998ecf8427e', 'width=600,height=370,scrollbars=yes,location=yes,menubar=yes,resizable=yes,status=yes,toolbar=yes'); document.getElementById('vozme_form_d41d8cd98f00b204e9800998ecf8427e').submit();\">Hear<br\/>this post<\/a><\/div>\n\t\t\t<\/div><\/form>","protected":false},"excerpt":{"rendered":"<p>I Jornadas Internacionales de Creatividad \"creARTE\" Evento quer se realizar\u00e1 el Jueves 12 de agosto de 2010 La Creatividad es otra de las cualidades esenciales de los seres vivos. Todas las personas somos creativas en mayor \u00f3 menor medida, al igual que pasa con la inteligencia \u00f3 la belleza,\u00a0 abarca una amplia gama de destrezas [&hellip;]<\/p>\n","protected":false},"author":5053,"featured_media":0,"parent":0,"menu_order":0,"comment_status":"open","ping_status":"open","template":"","meta":{"footnotes":""},"class_list":["post-2","page","type-page","status-publish","hentry"],"aioseo_notices":[],"_links":{"self":[{"href":"https:\/\/blog.espol.edu.ec\/creativa\/wp-json\/wp\/v2\/pages\/2","targetHints":{"allow":["GET"]}}],"collection":[{"href":"https:\/\/blog.espol.edu.ec\/creativa\/wp-json\/wp\/v2\/pages"}],"about":[{"href":"https:\/\/blog.espol.edu.ec\/creativa\/wp-json\/wp\/v2\/types\/page"}],"author":[{"embeddable":true,"href":"https:\/\/blog.espol.edu.ec\/creativa\/wp-json\/wp\/v2\/users\/5053"}],"replies":[{"embeddable":true,"href":"https:\/\/blog.espol.edu.ec\/creativa\/wp-json\/wp\/v2\/comments?post=2"}],"version-history":[{"count":5,"href":"https:\/\/blog.espol.edu.ec\/creativa\/wp-json\/wp\/v2\/pages\/2\/revisions"}],"predecessor-version":[{"id":38,"href":"https:\/\/blog.espol.edu.ec\/creativa\/wp-json\/wp\/v2\/pages\/2\/revisions\/38"}],"wp:attachment":[{"href":"https:\/\/blog.espol.edu.ec\/creativa\/wp-json\/wp\/v2\/media?parent=2"}],"curies":[{"name":"wp","href":"https:\/\/api.w.org\/{rel}","templated":true}]}}