{"id":23,"date":"2010-06-11T19:55:46","date_gmt":"2010-06-11T19:55:46","guid":{"rendered":"http:\/\/blog.espol.edu.ec\/creinoso\/?page_id=23"},"modified":"2010-06-11T19:58:00","modified_gmt":"2010-06-11T19:58:00","slug":"cine","status":"publish","type":"page","link":"https:\/\/blog.espol.edu.ec\/creinoso\/cine\/","title":{"rendered":"CINE"},"content":{"rendered":"<h2 style=\"text-align: center\">Sex and the City 2<\/h2>\n<h3 style=\"text-align: center\">(Sex and the City 2)<\/h3>\n<div><img loading=\"lazy\" decoding=\"async\" class=\"alignleft\" title=\"Sex and the City 2\" src=\"http:\/\/www.supercines.com\/ImageHandler.ashx?p=\/files\/Posters\/2010\/Abril_\/Sex-NY-2%20.jpg&amp;w=260&amp;h=388\" alt=\"Sex and the City 2\" width=\"260\" height=\"395\" \/><\/div>\n<h4>Sinopsis<\/h4>\n<div><img decoding=\"async\" title=\"VIP\" src=\"http:\/\/www.supercines.com\/ImageHandler.ashx?p=\/files\/Logos\/mirala-en-vip.png&amp;h=0&amp;w=45\" alt=\"VIP\" \/> <img decoding=\"async\" title=\"GT-MAX\" src=\"http:\/\/www.supercines.com\/ImageHandler.ashx?p=\/files\/Logos\/mirala-en-gtmax.png&amp;w=95&amp;h=0\" alt=\"GT-MAX\" \/><\/div>\n<p>En esta ocasi\u00f3n Carrie, Samantha, Miranda y Charlotte comparten una aventura glamorosa en uno de los lugares m\u00e1s lujosos y ex\u00f3ticos de la tierra, un lugar donde la fiesta nunca acaba. Es una hu\u00edda que llega en el momento oportuno para las cuatro amigas, que se encuentran inmersas entre los papeles tradicionales del matrimonio, la maternidad y todo lo dem\u00e1s. A fin de cuentas, a veces se necesita una escapada con las amigas<\/p>\n<p><strong>Idioma<\/strong>: Ingl\u00e9s Subtitulada al espa\u00f1ol<\/p>\n<p><strong>Duraci\u00f3n<\/strong>: 2h25min<\/p>\n<p><strong>Censura<\/strong>: 16 a\u00f1os<\/p>\n<p><a id=\"ctl06_ctl00_lnkWebSite\" href=\"http:\/\/www.sexandthecitymovie.org\/\" target=\"_blank\"><br \/>\n<\/a><\/p>\n","protected":false},"excerpt":{"rendered":"<p>Sex and the City 2 (Sex and the City 2) Sinopsis En esta ocasi\u00f3n Carrie, Samantha, Miranda y Charlotte comparten una aventura glamorosa en uno de los lugares m\u00e1s lujosos y ex\u00f3ticos de la tierra, un lugar donde la fiesta nunca acaba. Es una hu\u00edda que llega en el momento oportuno para las cuatro amigas, [&hellip;]<\/p>\n","protected":false},"author":4389,"featured_media":0,"parent":0,"menu_order":0,"comment_status":"open","ping_status":"open","template":"","meta":{"footnotes":""},"class_list":["post-23","page","type-page","status-publish","hentry"],"_links":{"self":[{"href":"https:\/\/blog.espol.edu.ec\/creinoso\/wp-json\/wp\/v2\/pages\/23","targetHints":{"allow":["GET"]}}],"collection":[{"href":"https:\/\/blog.espol.edu.ec\/creinoso\/wp-json\/wp\/v2\/pages"}],"about":[{"href":"https:\/\/blog.espol.edu.ec\/creinoso\/wp-json\/wp\/v2\/types\/page"}],"author":[{"embeddable":true,"href":"https:\/\/blog.espol.edu.ec\/creinoso\/wp-json\/wp\/v2\/users\/4389"}],"replies":[{"embeddable":true,"href":"https:\/\/blog.espol.edu.ec\/creinoso\/wp-json\/wp\/v2\/comments?post=23"}],"version-history":[{"count":3,"href":"https:\/\/blog.espol.edu.ec\/creinoso\/wp-json\/wp\/v2\/pages\/23\/revisions"}],"predecessor-version":[{"id":25,"href":"https:\/\/blog.espol.edu.ec\/creinoso\/wp-json\/wp\/v2\/pages\/23\/revisions\/25"}],"wp:attachment":[{"href":"https:\/\/blog.espol.edu.ec\/creinoso\/wp-json\/wp\/v2\/media?parent=23"}],"curies":[{"name":"wp","href":"https:\/\/api.w.org\/{rel}","templated":true}]}}