{"id":16,"date":"2009-01-19T09:48:39","date_gmt":"2009-01-19T14:48:39","guid":{"rendered":"http:\/\/blog.espol.edu.ec\/crialmen\/?page_id=16"},"modified":"2009-01-19T09:56:35","modified_gmt":"2009-01-19T14:56:35","slug":"articulos-adicionales","status":"publish","type":"page","link":"https:\/\/blog.espol.edu.ec\/crialmen\/articulos-adicionales\/","title":{"rendered":"Articulos Adicionales"},"content":{"rendered":"<p>\u00a0<\/p>\n<table class=\"MsoNormalTable\" style=\"width: 441.9pt\" border=\"0\" cellspacing=\"0\" cellpadding=\"0\" width=\"589\">\n<tbody>\n<tr>\n<td style=\"width: 425.85pt;border: #ece9d8;padding: 0cm\" width=\"568\">\n<p class=\"MsoNormal\" style=\"margin: 0cm 0cm 10pt;text-align: center\" align=\"center\"><strong><span style=\"font-size: 14pt;color: white;font-family: &quot;Arial&quot;,&quot;sans-serif&quot\">Los Errores m\u00e1s Comunes en Excel<\/span><\/strong><\/p>\n<p class=\"MsoNormal\" style=\"margin: 0cm 0cm 10pt;text-align: justify\"><strong><span style=\"font-size: 9pt;color: white;font-family: &quot;Arial&quot;,&quot;sans-serif&quot\">Corregir un error #NULO!<\/span><\/strong><span style=\"font-size: 9pt;color: white;font-family: &quot;Arial&quot;,&quot;sans-serif&quot\"> <\/span><\/p>\n<\/td>\n<td style=\"padding-right: 0cm;padding-left: 9pt;padding-bottom: 0cm;width: 16.05pt;padding-top: 0cm;border: #ece9d8\" width=\"21\">\n<p class=\"MsoNormal\" style=\"margin: 0cm 0cm 10pt;text-align: justify\"><span style=\"font-size: 9pt;color: yellow;font-family: &quot;Arial&quot;,&quot;sans-serif&quot\">\u00a0<\/span><\/p>\n<\/td>\n<\/tr>\n<tr>\n<td style=\"padding-right: 9pt;padding-left: 9pt;padding-bottom: 7.5pt;width: 441.9pt;padding-top: 7.5pt;border: #ece9d8\" colspan=\"2\" width=\"589\">\n<p class=\"MsoNormal\" style=\"margin: 0cm 0cm 10pt;text-align: justify\"><span style=\"font-size: 9pt;color: yellow;font-family: &quot;Arial&quot;,&quot;sans-serif&quot\">Este error se genera cuando se especifica una intersecci\u00f3n de dos \u00e1reas que no se intersecan. El operador de intersecci\u00f3n es un espacio entre referencias.<\/span><\/p>\n<\/td>\n<\/tr>\n<\/tbody>\n<\/table>\n<p class=\"MsoNormal\" style=\"margin: 0cm 0cm 0pt;text-align: justify\"><span style=\"font-size: 9pt;color: yellow;font-family: &quot;Arial&quot;,&quot;sans-serif&quot\">\u00a0<\/span><\/p>\n<table class=\"MsoNormalTable\" style=\"width: 100%\" border=\"0\" cellspacing=\"0\" cellpadding=\"0\" width=\"100%\">\n<tbody>\n<tr>\n<td style=\"width: 100%;border: #ece9d8;padding: 0cm\" width=\"100%\">\n<p class=\"MsoNormal\" style=\"margin: 0cm 0cm 0pt;text-align: justify\"><strong><span style=\"font-size: 9pt;color: white;font-family: &quot;Arial&quot;,&quot;sans-serif&quot\">Corregir un error #DIV\/0!<\/span><\/strong><span style=\"font-size: 9pt;color: white;font-family: &quot;Arial&quot;,&quot;sans-serif&quot\"> <\/span><\/p>\n<\/td>\n<td style=\"padding-right: 0cm;padding-left: 9pt;padding-bottom: 0cm;padding-top: 0cm;border: #ece9d8\">\n<p class=\"MsoNormal\" style=\"margin: 0cm 0cm 0pt;text-align: justify\"><span style=\"font-size: 9pt;color: yellow;font-family: &quot;Arial&quot;,&quot;sans-serif&quot\">\u00a0<\/span><\/p>\n<\/td>\n<\/tr>\n<tr>\n<td style=\"padding-right: 9pt;padding-left: 9pt;padding-bottom: 7.5pt;width: 100%;padding-top: 7.5pt;border: #ece9d8\" colspan=\"2\" width=\"100%\">\n<p class=\"MsoNormal\" style=\"margin: 0cm 0cm 0pt;text-align: justify\"><span style=\"font-size: 9pt;color: yellow;font-family: &quot;Arial&quot;,&quot;sans-serif&quot\">Se produce cuando se divide un n\u00famero por cero (0).<\/span><\/p>\n<\/td>\n<\/tr>\n<\/tbody>\n<\/table>\n<p class=\"MsoNormal\" style=\"margin: 0cm 0cm 10pt;text-align: justify\"><span style=\"font-size: 9pt;color: yellow;font-family: &quot;Arial&quot;,&quot;sans-serif&quot\">\u00a0<\/span><\/p>\n<table class=\"MsoNormalTable\" style=\"width: 100%\" border=\"0\" cellspacing=\"0\" cellpadding=\"0\" width=\"100%\">\n<tbody>\n<tr>\n<td style=\"width: 100%;border: #ece9d8;padding: 0cm\" width=\"100%\">\n<p class=\"MsoNormal\" style=\"margin: 0cm 0cm 0pt;text-align: justify\"><strong><span style=\"font-size: 9pt;color: white;font-family: &quot;Arial&quot;,&quot;sans-serif&quot\">Corregir un error #\u00a1VALOR!<\/span><\/strong><span style=\"font-size: 9pt;color: white;font-family: &quot;Arial&quot;,&quot;sans-serif&quot\"> <\/span><\/p>\n<\/td>\n<td style=\"padding-right: 0cm;padding-left: 9pt;padding-bottom: 0cm;padding-top: 0cm;border: #ece9d8\">\n<p class=\"MsoNormal\" style=\"margin: 0cm 0cm 0pt;text-align: justify\"><span style=\"font-size: 9pt;color: yellow;font-family: &quot;Arial&quot;,&quot;sans-serif&quot\">\u00a0<\/span><\/p>\n<\/td>\n<\/tr>\n<tr>\n<td style=\"padding-right: 9pt;padding-left: 9pt;padding-bottom: 7.5pt;width: 100%;padding-top: 7.5pt;border: #ece9d8\" colspan=\"2\" width=\"100%\">\n<p class=\"MsoNormal\" style=\"margin: 0cm 0cm 0pt;text-align: justify\"><span style=\"font-size: 9pt;color: yellow;font-family: &quot;Arial&quot;,&quot;sans-serif&quot\">Se produce cuando se utiliza un tipo de <a href=\"AppendPopup(this,'IDH_xldefArgument_1')\"><span style=\"color: yellow;text-decoration: none\">argumento\u00a0(argumento: valores que utiliza una funci\u00f3n para llevar a cabo operaciones o c\u00e1lculos. El tipo de argumento que utiliza una funci\u00f3n es espec\u00edfico de esa funci\u00f3n. Los argumentos m\u00e1s comunes que se utilizan en las funciones son n\u00fameros, texto, referencias de celda y nombres.)<\/span><\/a> o de <a href=\"AppendPopup(this,'IDH_xldefOperand_2')\"><span style=\"color: yellow;text-decoration: none\">operando\u00a0(operando: elementos de cualquiera de los lados de una f\u00f3rmula. En Excel, los operandos pueden ser valores, referencias de celda, nombres, r\u00f3tulos y funciones.)<\/span><\/a> incorrecto.<\/span><\/p>\n<\/td>\n<\/tr>\n<\/tbody>\n<\/table>\n<p class=\"MsoNormal\" style=\"margin: 0cm 0cm 10pt;text-align: justify\"><span style=\"font-size: 9pt;color: yellow;font-family: &quot;Arial&quot;,&quot;sans-serif&quot\">\u00a0<\/span><\/p>\n<p class=\"MsoNormal\" style=\"margin: 0cm 0cm 10pt;text-align: justify\"><span style=\"font-size: 9pt;color: yellow;font-family: &quot;Arial&quot;,&quot;sans-serif&quot\">\u00a0<\/span><\/p>\n<table class=\"MsoNormalTable\" style=\"width: 100%\" border=\"0\" cellspacing=\"0\" cellpadding=\"0\" width=\"100%\">\n<tbody>\n<tr>\n<td style=\"width: 100%;border: #ece9d8;padding: 0cm\" width=\"100%\">\n<p class=\"MsoNormal\" style=\"margin: 0cm 0cm 0pt;text-align: justify\"><strong><span style=\"font-size: 9pt;color: white;font-family: &quot;Arial&quot;,&quot;sans-serif&quot\">Corregir un error #REF!<\/span><\/strong><span style=\"font-size: 9pt;color: white;font-family: &quot;Arial&quot;,&quot;sans-serif&quot\"> <\/span><\/p>\n<\/td>\n<td style=\"padding-right: 0cm;padding-left: 9pt;padding-bottom: 0cm;padding-top: 0cm;border: #ece9d8\">\n<p class=\"MsoNormal\" style=\"margin: 0cm 0cm 0pt;text-align: justify\"><span style=\"font-size: 9pt;color: yellow;font-family: &quot;Arial&quot;,&quot;sans-serif&quot\">\u00a0<\/span><\/p>\n<\/td>\n<\/tr>\n<tr>\n<td style=\"padding-right: 9pt;padding-left: 9pt;padding-bottom: 7.5pt;width: 100%;padding-top: 7.5pt;border: #ece9d8\" colspan=\"2\" width=\"100%\">\n<p class=\"MsoNormal\" style=\"margin: 0cm 0cm 0pt;text-align: justify\"><span style=\"font-size: 9pt;color: yellow;font-family: &quot;Arial&quot;,&quot;sans-serif&quot\">Se produce cuando una <a href=\"AppendPopup(this,'xldefCellReference_1')\"><span style=\"color: yellow;text-decoration: none\">referencia de celda\u00a0(referencia de celda: conjunto de coordenadas que ocupa una celda en una hoja de c\u00e1lculo. Por ejemplo, la referencia de la celda que aparece en la intersecci\u00f3n de la columna B y la fila 3 es B3.)<\/span><\/a> no es v\u00e1lida.<\/span><\/p>\n<\/td>\n<\/tr>\n<\/tbody>\n<\/table>\n<p class=\"MsoNormal\" style=\"margin: 0cm 0cm 10pt;text-align: justify\"><span style=\"font-size: 9pt;color: yellow;font-family: &quot;Arial&quot;,&quot;sans-serif&quot\">\u00a0<\/span><\/p>\n<p class=\"MsoNormal\" style=\"margin: 0cm 0cm 10pt;text-align: justify\"><span style=\"font-size: 9pt;color: yellow;font-family: &quot;Arial&quot;,&quot;sans-serif&quot\">\u00a0<\/span><\/p>\n<table class=\"MsoNormalTable\" style=\"width: 100%\" border=\"0\" cellspacing=\"0\" cellpadding=\"0\" width=\"100%\">\n<tbody>\n<tr>\n<td style=\"width: 100%;border: #ece9d8;padding: 0cm\" width=\"100%\">\n<p class=\"MsoNormal\" style=\"margin: 0cm 0cm 0pt;text-align: justify\"><strong><span style=\"font-size: 9pt;color: white;font-family: &quot;Arial&quot;,&quot;sans-serif&quot\">Corregir un error #NOMBRE?<\/span><\/strong><span style=\"font-size: 9pt;color: white;font-family: &quot;Arial&quot;,&quot;sans-serif&quot\"> <\/span><\/p>\n<\/td>\n<td style=\"padding-right: 0cm;padding-left: 9pt;padding-bottom: 0cm;padding-top: 0cm;border: #ece9d8\">\n<p class=\"MsoNormal\" style=\"margin: 0cm 0cm 0pt;text-align: justify\"><span style=\"font-size: 9pt;color: yellow;font-family: &quot;Arial&quot;,&quot;sans-serif&quot\">\u00a0<\/span><\/p>\n<\/td>\n<\/tr>\n<tr>\n<td style=\"padding-right: 9pt;padding-left: 9pt;padding-bottom: 7.5pt;width: 100%;padding-top: 7.5pt;border: #ece9d8\" colspan=\"2\" width=\"100%\">\n<p class=\"MsoNormal\" style=\"margin: 0cm 0cm 0pt;text-align: justify\"><span style=\"font-size: 9pt;color: yellow;font-family: &quot;Arial&quot;,&quot;sans-serif&quot\">Se produce cuando Microsoft Excel no reconoce el texto de la f\u00f3rmula.<\/span><\/p>\n<\/td>\n<\/tr>\n<\/tbody>\n<\/table>\n<p class=\"MsoNormal\" style=\"margin: 0cm 0cm 10pt;text-align: justify\"><span style=\"font-size: 9pt;color: yellow;font-family: &quot;Arial&quot;,&quot;sans-serif&quot\">\u00a0<\/span><\/p>\n<p class=\"MsoNormal\" style=\"margin: 0cm 0cm 10pt;text-align: justify\"><span style=\"font-size: 9pt;color: yellow;font-family: &quot;Arial&quot;,&quot;sans-serif&quot\">\u00a0<\/span><\/p>\n<table class=\"MsoNormalTable\" style=\"width: 100%\" border=\"0\" cellspacing=\"0\" cellpadding=\"0\" width=\"100%\">\n<tbody>\n<tr>\n<td style=\"width: 100%;border: #ece9d8;padding: 0cm\" width=\"100%\">\n<p class=\"MsoNormal\" style=\"margin: 0cm 0cm 0pt;text-align: justify\"><strong><span style=\"font-size: 9pt;color: white;font-family: &quot;Arial&quot;,&quot;sans-serif&quot\">Corregir un error #NUM!<\/span><\/strong><span style=\"font-size: 9pt;color: white;font-family: &quot;Arial&quot;,&quot;sans-serif&quot\"> <\/span><\/p>\n<\/td>\n<td style=\"padding-right: 0cm;padding-left: 9pt;padding-bottom: 0cm;padding-top: 0cm;border: #ece9d8\">\n<p class=\"MsoNormal\" style=\"margin: 0cm 0cm 0pt;text-align: justify\"><span style=\"font-size: 9pt;color: yellow;font-family: &quot;Arial&quot;,&quot;sans-serif&quot\">\u00a0<\/span><\/p>\n<\/td>\n<\/tr>\n<tr>\n<td style=\"padding-right: 9pt;padding-left: 9pt;padding-bottom: 7.5pt;width: 100%;padding-top: 7.5pt;border: #ece9d8\" colspan=\"2\" width=\"100%\">\n<p class=\"MsoNormal\" style=\"margin: 0cm 0cm 0pt;text-align: justify\"><span style=\"font-size: 9pt;color: yellow;font-family: &quot;Arial&quot;,&quot;sans-serif&quot\">Se produce cuando se escriben valores num\u00e9ricos no v\u00e1lidos en una f\u00f3rmula o una funci\u00f3n.<\/span><\/p>\n<\/td>\n<\/tr>\n<\/tbody>\n<\/table>\n<p class=\"MsoNormal\" style=\"margin: 0cm 0cm 10pt;text-align: justify\"><span style=\"font-size: 9pt;color: yellow;font-family: &quot;Arial&quot;,&quot;sans-serif&quot\">\u00a0<\/span><\/p>\n<p class=\"MsoNormal\" style=\"margin: 0cm 0cm 10pt;text-align: justify\"><span style=\"font-size: 9pt;color: yellow;font-family: &quot;Arial&quot;,&quot;sans-serif&quot\">\u00a0<\/span><\/p>\n<table class=\"MsoNormalTable\" style=\"width: 100%\" border=\"0\" cellspacing=\"0\" cellpadding=\"0\" width=\"100%\">\n<tbody>\n<tr>\n<td style=\"padding-right: 0cm;padding-left: 9pt;padding-bottom: 0cm;padding-top: 0cm;border: #ece9d8\">\u00a0<\/td>\n<td style=\"width: 100%;border: #ece9d8;padding: 0cm\" width=\"100%\">\n<p class=\"MsoNormal\" style=\"margin: 0cm 0cm 0pt;text-align: justify\"><strong><span style=\"font-size: 9pt;color: white;font-family: &quot;Arial&quot;,&quot;sans-serif&quot\">Corregir un error #N\/A<\/span><\/strong><span style=\"font-size: 9pt;color: white;font-family: &quot;Arial&quot;,&quot;sans-serif&quot\"> <\/span><\/p>\n<\/td>\n<td style=\"padding-right: 0cm;padding-left: 9pt;padding-bottom: 0cm;padding-top: 0cm;border: #ece9d8\">\n<p class=\"MsoNormal\" style=\"margin: 0cm 0cm 0pt;text-align: justify\"><span style=\"font-size: 9pt;color: yellow;font-family: &quot;Arial&quot;,&quot;sans-serif&quot\">\u00a0<\/span><\/p>\n<\/td>\n<\/tr>\n<tr>\n<td style=\"padding-right: 9pt;padding-left: 9pt;padding-bottom: 7.5pt;width: 100%;padding-top: 7.5pt;border: #ece9d8\" colspan=\"3\" width=\"100%\">\n<p class=\"MsoNormal\" style=\"margin: 0cm 0cm 0pt;text-align: justify\"><span style=\"font-size: 9pt;color: yellow;font-family: &quot;Arial&quot;,&quot;sans-serif&quot\">Se produce cuando un valor no est\u00e1 disponible para una funci\u00f3n o una f\u00f3rmula<\/span><\/p>\n<\/td>\n<\/tr>\n<\/tbody>\n<\/table>\n<p class=\"MsoNormal\" style=\"margin: 0cm 0cm 10pt;text-align: justify\"><span style=\"font-size: 12pt;color: windowtext;font-family: &quot;Times New Roman&quot;,&quot;serif&quot\">\u00a0<\/span><\/p>\n<p class=\"MsoNormal\" style=\"margin: 0cm 0cm 10pt;text-align: justify\"><span style=\"font-size: 12pt;color: windowtext;font-family: &quot;Times New Roman&quot;,&quot;serif&quot\">\u00a0<\/span><\/p>\n<p class=\"MsoNormal\" style=\"margin: 0cm 0cm 10pt;text-align: justify\"><span style=\"font-size: 12pt;color: windowtext;font-family: &quot;Times New Roman&quot;,&quot;serif&quot\">\u00a0<\/span><\/p>\n<p class=\"MsoNormal\" style=\"margin: 0cm 0cm 10pt\"><span style=\"color: windowtext\" lang=\"ES-TRAD\"><span style=\"font-size: x-small;font-family: Book Antiqua\">\u00a0<\/span><\/span><\/p>\n","protected":false},"excerpt":{"rendered":"<p>\u00a0 Los Errores m\u00e1s Comunes en Excel Corregir un error #NULO! \u00a0 Este error se genera cuando se especifica una intersecci\u00f3n de dos \u00e1reas que no se intersecan. El operador de intersecci\u00f3n es un espacio entre referencias. \u00a0 Corregir un error #DIV\/0! \u00a0 Se produce cuando se divide un n\u00famero por cero (0). \u00a0 Corregir [&hellip;]<\/p>\n","protected":false},"author":809,"featured_media":0,"parent":0,"menu_order":0,"comment_status":"open","ping_status":"open","template":"","meta":{"footnotes":""},"class_list":["post-16","page","type-page","status-publish","hentry"],"_links":{"self":[{"href":"https:\/\/blog.espol.edu.ec\/crialmen\/wp-json\/wp\/v2\/pages\/16","targetHints":{"allow":["GET"]}}],"collection":[{"href":"https:\/\/blog.espol.edu.ec\/crialmen\/wp-json\/wp\/v2\/pages"}],"about":[{"href":"https:\/\/blog.espol.edu.ec\/crialmen\/wp-json\/wp\/v2\/types\/page"}],"author":[{"embeddable":true,"href":"https:\/\/blog.espol.edu.ec\/crialmen\/wp-json\/wp\/v2\/users\/809"}],"replies":[{"embeddable":true,"href":"https:\/\/blog.espol.edu.ec\/crialmen\/wp-json\/wp\/v2\/comments?post=16"}],"version-history":[{"count":5,"href":"https:\/\/blog.espol.edu.ec\/crialmen\/wp-json\/wp\/v2\/pages\/16\/revisions"}],"predecessor-version":[{"id":20,"href":"https:\/\/blog.espol.edu.ec\/crialmen\/wp-json\/wp\/v2\/pages\/16\/revisions\/20"}],"wp:attachment":[{"href":"https:\/\/blog.espol.edu.ec\/crialmen\/wp-json\/wp\/v2\/media?parent=16"}],"curies":[{"name":"wp","href":"https:\/\/api.w.org\/{rel}","templated":true}]}}