{"id":523,"date":"2013-12-20T10:51:50","date_gmt":"2013-12-20T15:51:50","guid":{"rendered":"http:\/\/blog.espol.edu.ec\/cricaurt\/?page_id=523"},"modified":"2013-12-20T11:45:48","modified_gmt":"2013-12-20T16:45:48","slug":"cooperacion-para-el-desarrollo","status":"publish","type":"page","link":"https:\/\/blog.espol.edu.ec\/cricaurt\/cooperacion-para-el-desarrollo\/","title":{"rendered":"Cooperaci\u00f3n para el desarrollo"},"content":{"rendered":"<p align=\"center\"><b>ESCUELA SUPERIOR POLIT\u00c9CNICA DEL LITORAL<\/b><\/p>\n<p align=\"center\"><i>LICENCIATURA EN TURISMO<\/i><\/p>\n<p align=\"center\"><b>SYLLABUS DEL CURSO <\/b><\/p>\n<p align=\"center\"><i>COOPERACI\u00d3N PARA EL DESARROLLO<\/i><\/p>\n<ul>\n<li><b>1.\u00a0\u00a0\u00a0\u00a0 <\/b><b>C\u00d3DIGO Y N\u00daMERO DE CR\u00c9DITOS<\/b><\/li>\n<\/ul>\n<p><b>\u00a0<\/b><\/p>\n<table width=\"405\" border=\"1\" cellspacing=\"0\" cellpadding=\"0\">\n<tbody>\n<tr>\n<td valign=\"top\" width=\"203\"><b>C\u00d3DIGO <\/b><\/td>\n<td colspan=\"2\" valign=\"top\" width=\"203\">FMAR05074<\/td>\n<\/tr>\n<\/tbody>\n<\/table>\n<p><b>\u00a0<\/b><b>N\u00daMERO DE CR\u00c9DITOS <\/b><b>Te\u00f3ricos:<\/b> 4<b><\/b><b>Pr\u00e1cticos:<\/b> 0<b><\/b><\/p>\n<p><b>\u00a0<\/b><\/p>\n<ul>\n<li><b>2.\u00a0\u00a0\u00a0\u00a0 <\/b><b>DESCRIPCI\u00d3N DEL CURSO <\/b><\/li>\n<\/ul>\n<p><b>\u00a0<\/b><\/p>\n<table width=\"405\" border=\"1\" cellspacing=\"0\" cellpadding=\"0\">\n<tbody>\n<tr>\n<td valign=\"top\" width=\"405\"><\/td>\n<\/tr>\n<\/tbody>\n<\/table>\n<p>El curso se desarrolla bajo el esquema de revisi\u00f3n de teor\u00edas y conceptos sociol\u00f3gicos que permiten comprender el concepto actual de Desarrollo, as\u00ed mismo comprende el estudio de casos de Cooperaci\u00f3n en diferentes niveles (gobiernos, ONG, comunidades, empresas privadas) y \u00e1mbitos (nacional e internacional).<\/p>\n<p><b>\u00a0<\/b><\/p>\n<p><b>\u00a0<\/b><\/p>\n<ul>\n<li><b>3.\u00a0\u00a0 <\/b><b>PRERREQUISITOS Y CORREQUISITOS. <\/b><\/li>\n<\/ul>\n<p><b>\u00a0<\/b><\/p>\n<table border=\"1\" cellspacing=\"0\" cellpadding=\"0\">\n<tbody>\n<tr>\n<td valign=\"top\" width=\"126\"><b>PREREQUISITOS <\/b><\/td>\n<td valign=\"top\" width=\"279\">27 materias aprobadas<\/td>\n<\/tr>\n<tr>\n<td valign=\"top\" width=\"126\"><b>CORREQUISITO<\/b><\/td>\n<td valign=\"top\" width=\"279\">Ninguno<\/td>\n<\/tr>\n<\/tbody>\n<\/table>\n<p>&nbsp;<\/p>\n<p><b>\u00a0<\/b><\/p>\n<ul>\n<li><b>4.\u00a0\u00a0\u00a0\u00a0 <\/b><b>TEXTO GUIA Y OTRAS REFERENCIAS REQUERIDAS PARA EL DICTADO DEL CURSO <\/b><\/li>\n<\/ul>\n<p><b>\u00a0<\/b><\/p>\n<table border=\"1\" cellspacing=\"0\" cellpadding=\"0\">\n<tbody>\n<tr>\n<td valign=\"top\" width=\"126\"><b>TEXTO GU\u00cdA<\/b><\/td>\n<\/tr>\n<\/tbody>\n<\/table>\n<p><b>\u00a0<\/b><\/p>\n<ul>\n<li>UNWTO &amp; SNV (2010) <i>Manual on Tourism and Poverty Alleviation. Practical Steps for Destinations. <\/i>Madrid: UNWTO &amp; SNV.<\/li>\n<\/ul>\n<p><b>REFERENCIAS <\/b><\/p>\n<p><b>\u00a0<\/b><\/p>\n<ol>\n<li>Desai, V. and Potter, R. (2001). The Companion to Development Studies. London: Oxford University Press.<\/li>\n<li>Mowforth, M. and Munt, I. (2003). Tourism and Sustainability. New tourism in the third world.<\/li>\n<li>Ayuda en Acci\u00f3n (2003). Sistematizaci\u00f3n de experiencias en Desarrollo Territorial Rural en Santa Elena, Ecuador. S\/c: AeA.<\/li>\n<li>OMT (2013). El turismo como inductor del desarrollo, de la inclusi\u00f3n social y de la integraci\u00f3n regional. Madrid: OMT.<\/li>\n<li>ANDER-EGG, Ezequiel (2002): Metodolog\u00eda y pr\u00e1ctica del desarrollo de la comunidad. Argentina: Grupo Editorial Lumen.<\/li>\n<\/ol>\n<ul>\n<li><b>5.\u00a0\u00a0\u00a0\u00a0 <\/b><b>RESULTADOS DE APRENDIZAJE DEL CURSO <\/b><\/li>\n<\/ul>\n<p><b>\u00a0<\/b><\/p>\n<table border=\"1\" cellspacing=\"0\" cellpadding=\"0\">\n<tbody>\n<tr>\n<td valign=\"top\" width=\"409\">El estudiante al finalizar el curso estar\u00e1 en capacidad de:<\/td>\n<\/tr>\n<\/tbody>\n<\/table>\n<ol>\n<li>Definir las estructuras sociales presentes en los diferentes \u00e1mbitos de la cooperaci\u00f3n.<\/li>\n<li>Reconocer a los diferentes actores: p\u00fablicos, privados, ONG, comunitarios, entre otros que intervienen en los procesos de cooperaci\u00f3n.<\/li>\n<li>Establecer el potencial de una comunidad para formar parte de procesos sostenibles de cooperaci\u00f3n para su desarrollo.<\/li>\n<li>Dise\u00f1ar planes de acci\u00f3n para integraci\u00f3n de comunidades en procesos de desarrollo.<\/li>\n<li>Aplicar procesos participativos de cooperaci\u00f3n para comunidades.<\/li>\n<\/ol>\n<p><b>\u00a0<\/b><\/p>\n<ul>\n<li><b>6.\u00a0\u00a0\u00a0\u00a0 <\/b><b>PROGRAMA DEL CURSO <\/b><\/li>\n<\/ul>\n<p><b>\u00a0<\/b><\/p>\n<table border=\"1\" cellspacing=\"0\" cellpadding=\"0\">\n<tbody>\n<tr>\n<td valign=\"top\" width=\"409\"><b><i>Cap\u00edtulo I:\u00a0 Perspectiva de la cooperaci\u00f3n para el desarrollo <\/i><\/b><i>1.1\u00a0\u00a0\u00a0 <\/i><i>Perspectiva hist\u00f3rica. <\/i><i>1.2\u00a0\u00a0\u00a0 <\/i><i>Teor\u00edas del desarrollo.<\/i><i>1.3\u00a0\u00a0\u00a0 <\/i><i>El desarrollo tur\u00edstico<\/i><\/p>\n<p><b><i>\u00a0<\/i><\/b><\/p>\n<p><b><i>Cap\u00edtulo II: Lineamientos de la cooperaci\u00f3n no gubernamental: <\/i><\/b><\/p>\n<p><i>2.1 Pol\u00edticas de cooperaci\u00f3n y ayuda internacional <\/i><\/p>\n<p><i>2.2 Organismos de cooperaci\u00f3n internacional y organizaciones no gubernamentales (ONGs). <\/i><\/p>\n<p><i>2.3 Pol\u00edticas de financiamiento.<\/i><\/p>\n<p><b><i>\u00a0<\/i><\/b><\/p>\n<p><b><i>Cap\u00edtulo III: Cooperaci\u00f3n no gubernamental en acci\u00f3n <\/i><\/b><\/p>\n<p><i>3.1 Selecci\u00f3n de comunidades a intervenir. Sociolog\u00eda de grupos<\/i><\/p>\n<p><i>3.2 Lineamientos interinstitucionales y actores sociales <\/i><\/p>\n<p><i>3.3 Problem\u00e1tica de la intervenci\u00f3n. <\/i><\/p>\n<p><i>3.4 Gobernanza, empoderamiento local y desarrollo humano <\/i><\/p>\n<p><i>3.5 Di\u00e1logo, negociaci\u00f3n y comunicaci\u00f3n incluyente.<\/i><\/p>\n<p><i>\u00a0<\/i><\/p>\n<p><b><i>Cap\u00edtulo IV: Dise\u00f1o y Evaluaci\u00f3n de Proyectos de Cooperaci\u00f3n<\/i><\/b><\/p>\n<p><i>4.1 Dise\u00f1o<\/i><\/p>\n<p><i>4.2 Planificaci\u00f3n de etapas<\/i><\/p>\n<p><i>4.3 Evaluaci\u00f3n <\/i><\/p>\n<p><i>4.4 Indicadores para el monitoreo y control de Resultados.<\/i><\/td>\n<\/tr>\n<\/tbody>\n<\/table>\n<p><b><i>\u00a0<\/i><\/b><\/p>\n<ul>\n<li><b>7.\u00a0\u00a0\u00a0\u00a0 <\/b><b>CARGA HORARIA: TEOR\u00cdA\/PR\u00c1CTICA <\/b><\/li>\n<\/ul>\n<p><b>\u00a0<\/b><\/p>\n<table border=\"1\" cellspacing=\"0\" cellpadding=\"0\">\n<tbody>\n<tr>\n<td valign=\"top\" width=\"409\"><b>\u00a0<\/b>14 semanas por semestre, 4 clases por semana de 60 minutos cada una.<b>\u00a0<\/b><b>\u00a0<\/b><\/td>\n<\/tr>\n<\/tbody>\n<\/table>\n<p><b>\u00a0<\/b><\/p>\n<ul>\n<li><b>8.\u00a0\u00a0\u00a0\u00a0 <\/b><b>CONTRIBUCI\u00d3N DEL CURSO EN LA FORMACI\u00d3N DEL ESTUDIANTE <\/b><\/li>\n<\/ul>\n<p><b>\u00a0<\/b><\/p>\n<table border=\"1\" cellspacing=\"0\" cellpadding=\"0\">\n<tbody>\n<tr>\n<td valign=\"top\" width=\"409\">Este curso genera una mayor conciencia sobre la problem\u00e1tica de la pobreza y facilita herramientas pr\u00e1cticas que el estudiante podr\u00e1 utilizar en su vida profesional, principalmente para la puesta en marcha de iniciativas de cooperaci\u00f3n para el desarrollo, tomando como eje dinamizador al turismo.<b>\u00a0<\/b><\/td>\n<\/tr>\n<\/tbody>\n<\/table>\n<p><b>\u00a0<\/b><\/p>\n<div align=\"center\">\n<table border=\"1\" cellspacing=\"0\" cellpadding=\"0\">\n<tbody>\n<tr>\n<td valign=\"top\" width=\"85\">\n<p align=\"center\">FORMACI\u00d3N B\u00c1SICA<\/p>\n<\/td>\n<td valign=\"top\" width=\"85\">\n<p align=\"center\">FORMACI\u00d3N PROFESIONAL<\/p>\n<\/td>\n<td valign=\"top\" width=\"85\">\n<p align=\"center\">FORMACI\u00d3N HUMANA<\/p>\n<\/td>\n<\/tr>\n<tr>\n<td valign=\"top\" width=\"85\"><\/td>\n<td valign=\"top\" width=\"85\">\n<p align=\"center\">x<\/p>\n<\/td>\n<td valign=\"top\" width=\"85\"><\/td>\n<\/tr>\n<\/tbody>\n<\/table>\n<\/div>\n<p><b>\u00a0<\/b><\/p>\n<ul>\n<li><b>9.\u00a0\u00a0\u00a0\u00a0 <\/b><b>RELACI\u00d3N DE LOS OBJETIVOS DE APRENDIZAJE DEL CURSO CON LOS RESULTADOS DE APRENDIZAJE DE LA CARRERA <\/b><\/li>\n<\/ul>\n<p><i>\u00a0<\/i><\/p>\n<table border=\"1\" cellspacing=\"0\" cellpadding=\"0\">\n<tbody>\n<tr>\n<td width=\"124\">\n<p align=\"center\"><b>RESULTADOS DE APRENDIZAJE DE LA CARRERA*<\/b><\/p>\n<\/td>\n<td width=\"71\">\n<p align=\"center\"><b>CONTRIBUCI\u00d3N (Alta, Media, Baja)<\/b><\/p>\n<\/td>\n<td width=\"64\">\n<p align=\"center\"><b>RESULTADOS\u00a0 DE APRENDIZAJEDEL CURSO**<\/b><\/p>\n<\/td>\n<td width=\"154\">\n<p align=\"center\"><b>EL ESTUDIANTE DEBE:<\/b><\/p>\n<\/td>\n<\/tr>\n<tr>\n<td valign=\"top\" width=\"124\">a)\u00a0\u00a0\u00a0\u00a0\u00a0 Tener la habilidad para trabajar como parte de un equipo multidisciplinario<\/td>\n<td valign=\"top\" width=\"71\">\n<p align=\"center\"><i>Bajo<\/i><\/p>\n<\/td>\n<td valign=\"top\" width=\"64\"><\/td>\n<td valign=\"top\" width=\"154\"><\/td>\n<\/tr>\n<tr>\n<td valign=\"top\" width=\"124\">b)\u00a0\u00a0\u00a0\u00a0\u00a0 Comprender la responsabilidad \u00e9tica y profesional<\/td>\n<td valign=\"top\" width=\"71\">\n<p align=\"center\"><i>Medio<\/i><\/p>\n<\/td>\n<td valign=\"top\" width=\"64\">\n<p align=\"center\">4<\/p>\n<\/td>\n<td valign=\"top\" width=\"154\">Dise\u00f1ar planes de sensibilizaci\u00f3n comunitaria para ejecutar acciones de cooperaci\u00f3n de forma \u00e9tica.<\/td>\n<\/tr>\n<tr>\n<td valign=\"top\" width=\"124\">c)\u00a0\u00a0\u00a0\u00a0\u00a0 Tener la habilidad para comunicarse efectivamente de forma oral y escrita en espa\u00f1ol<\/td>\n<td valign=\"top\" width=\"71\">\n<p align=\"center\"><i>Medio<\/i><\/p>\n<\/td>\n<td valign=\"top\" width=\"64\">\n<p align=\"center\">5<\/p>\n<\/td>\n<td valign=\"top\" width=\"154\">Desarrollar talleres participativos (comunitarios) con diferentes actores.<\/td>\n<\/tr>\n<tr>\n<td valign=\"top\" width=\"124\">d)\u00a0\u00a0\u00a0\u00a0\u00a0 Tener la habilidad para comunicarse en ingl\u00e9s<\/td>\n<td valign=\"top\" width=\"71\">\n<p align=\"center\"><i>N\/A<\/i><\/p>\n<\/td>\n<td valign=\"top\" width=\"64\"><\/td>\n<td valign=\"top\" width=\"154\"><\/td>\n<\/tr>\n<tr>\n<td valign=\"top\" width=\"124\">e)\u00a0\u00a0\u00a0\u00a0\u00a0 Tener una educaci\u00f3n amplia para comprender el impacto de las soluciones de su carrera profesional en el contexto global, econ\u00f3mico, ambiental y social<\/td>\n<td valign=\"top\" width=\"71\">\n<p align=\"center\"><i>Medio<\/i><\/p>\n<\/td>\n<td valign=\"top\" width=\"64\">\n<p align=\"center\">3<\/p>\n<\/td>\n<td valign=\"top\" width=\"154\">Identificar los beneficios socioculturales y econ\u00f3micos generados por acciones de cooperaci\u00f3n al desarrollo en el sector de turismo.<\/td>\n<\/tr>\n<tr>\n<td valign=\"top\" width=\"124\">f)\u00a0\u00a0\u00a0\u00a0\u00a0 Reconocer la necesidad de continuar aprendiendo a lo largo de la vida y tener la capacidad y actitud para hacerlo<\/td>\n<td valign=\"top\" width=\"71\">\n<p align=\"center\"><i>Bajo<\/i><\/p>\n<\/td>\n<td valign=\"top\" width=\"64\"><\/td>\n<td valign=\"top\" width=\"154\"><\/td>\n<\/tr>\n<tr>\n<td valign=\"top\" width=\"124\">g)\u00a0\u00a0\u00a0\u00a0\u00a0 Conocer temas contempor\u00e1neos<\/td>\n<td valign=\"top\" width=\"71\">\n<p align=\"center\"><i>Medio<\/i><\/p>\n<\/td>\n<td valign=\"top\" width=\"64\">\n<p align=\"center\">2<\/p>\n<\/td>\n<td valign=\"top\" width=\"154\">Investigar temas relacionados a la cooperaci\u00f3n para el desarrollo desde el punto de vista social, ambiental y econ\u00f3mico.<\/td>\n<\/tr>\n<tr>\n<td valign=\"top\" width=\"124\">h)\u00a0\u00a0\u00a0\u00a0\u00a0 Tener la capacidad para liderar y emprender<\/td>\n<td valign=\"top\" width=\"71\">\n<p align=\"center\"><i>Bajo<\/i><\/p>\n<\/td>\n<td valign=\"top\" width=\"64\"><\/td>\n<td valign=\"top\" width=\"154\"><\/td>\n<\/tr>\n<tr>\n<td valign=\"top\" width=\"124\">i)\u00a0\u00a0\u00a0\u00a0\u00a0\u00a0 Tener habilidad para entender y aplicar conocimientos fundamentales en las \u00e1reas human\u00edsticas como el manejo de idiomas nacional y extranjero; ambiental como la ecolog\u00eda y biodiversidad ecuatoriana; cultural como la historia y patrimonio del Ecuador;\u00a0 la teor\u00eda y t\u00e9cnica del Turismo; y, administrativo gerencial<\/td>\n<td valign=\"top\" width=\"71\">\n<p align=\"center\"><i>Alto<\/i><\/p>\n<\/td>\n<td valign=\"top\" width=\"64\">\n<p align=\"center\">1<\/p>\n<\/td>\n<td valign=\"top\" width=\"154\">Entender conceptos relacionados a la sociolog\u00eda y comportamiento de los individuos y grupos que permitan ejecutar acciones de cooperaci\u00f3n.<\/td>\n<\/tr>\n<tr>\n<td valign=\"top\" width=\"124\">j)\u00a0\u00a0\u00a0\u00a0\u00a0\u00a0 Tener habilidad para dise\u00f1ar y dirigir proyectos mediante el an\u00e1lisis e interpretaci\u00f3n cr\u00edtica de datos e informaci\u00f3n en m\u00e1s de una de las \u00e1reas de la carrera<\/td>\n<td valign=\"top\" width=\"71\">\n<p align=\"center\"><i>Media<\/i><\/p>\n<\/td>\n<td valign=\"top\" width=\"64\">\n<p align=\"center\">4<\/p>\n<\/td>\n<td valign=\"top\" width=\"154\">Manejar indicadores que permitan determinar la sostenibilidad de un proyecto de cooperaci\u00f3n.<\/td>\n<\/tr>\n<tr>\n<td valign=\"top\" width=\"124\">k)\u00a0\u00a0\u00a0\u00a0\u00a0 Tener habilidad para dise\u00f1ar actividades y productos tur\u00edsticos-recreativos, integrando procesos y utilizando experiencias pr\u00e1cticas<\/td>\n<td valign=\"top\" width=\"71\">\n<p align=\"center\"><i>Bajo<\/i><\/p>\n<\/td>\n<td valign=\"top\" width=\"64\"><b>\u00a0<\/b><\/td>\n<td valign=\"top\" width=\"154\"><\/td>\n<\/tr>\n<tr>\n<td valign=\"top\" width=\"124\">l)\u00a0\u00a0\u00a0\u00a0\u00a0\u00a0 Tener habilidad para identificar y resolver problemas de la actividad tur\u00edstica<\/td>\n<td valign=\"top\" width=\"71\">\n<p align=\"center\"><i>Bajo<\/i><\/p>\n<\/td>\n<td valign=\"top\" width=\"64\"><b>\u00a0<\/b><\/td>\n<td valign=\"top\" width=\"154\"><\/td>\n<\/tr>\n<tr>\n<td valign=\"top\" width=\"124\">m)\u00a0\u00a0\u00a0 Tener habilidad para usar t\u00e9cnicas modernas necesarias para la pr\u00e1ctica profesional<\/td>\n<td valign=\"top\" width=\"71\">\n<p align=\"center\"><i>Bajo<\/i><\/p>\n<\/td>\n<td valign=\"top\" width=\"64\"><b>\u00a0<\/b><\/td>\n<td valign=\"top\" width=\"154\"><\/td>\n<\/tr>\n<\/tbody>\n<\/table>\n<p><i><\/i><b>\u00a0<\/b><\/p>\n<ul>\n<li><b>10.\u00a0\u00a0 <\/b><b>EVALUACI\u00d3N DEL CURSO<\/b><\/li>\n<\/ul>\n<div align=\"center\">\n<table border=\"1\" cellspacing=\"0\" cellpadding=\"0\">\n<tbody>\n<tr>\n<td colspan=\"2\" valign=\"top\" width=\"162\">\n<p align=\"center\"><b>Actividades de Evaluaci\u00f3n<\/b><\/p>\n<\/td>\n<\/tr>\n<tr>\n<td width=\"98\">\n<p align=\"center\">Ex\u00e1menes<\/p>\n<\/td>\n<td width=\"64\">\n<p align=\"center\"><b>X<\/b><\/p>\n<\/td>\n<\/tr>\n<tr>\n<td width=\"98\">\n<p align=\"center\">Lecciones<\/p>\n<\/td>\n<td width=\"64\">\n<p align=\"center\"><b>X<\/b><\/p>\n<\/td>\n<\/tr>\n<tr>\n<td width=\"98\">\n<p align=\"center\">Tareas<\/p>\n<\/td>\n<td width=\"64\">\n<p align=\"center\"><b>X<\/b><\/p>\n<\/td>\n<\/tr>\n<tr>\n<td width=\"98\">\n<p align=\"center\">Proyectos<\/p>\n<\/td>\n<td width=\"64\">\n<p align=\"center\"><b>X<\/b><\/p>\n<\/td>\n<\/tr>\n<tr>\n<td width=\"98\">\n<p align=\"center\">Informes<\/p>\n<\/td>\n<td width=\"64\">\n<p align=\"center\"><b>\u00a0<\/b><\/p>\n<\/td>\n<\/tr>\n<tr>\n<td width=\"98\">\n<p align=\"center\">Participaci\u00f3n en Clase<\/p>\n<\/td>\n<td width=\"64\">\n<p align=\"center\"><b>X<\/b><\/p>\n<\/td>\n<\/tr>\n<tr>\n<td width=\"98\">\n<p align=\"center\">Talleres<\/p>\n<\/td>\n<td width=\"64\">\n<p align=\"center\"><b>X<\/b><\/p>\n<\/td>\n<\/tr>\n<\/tbody>\n<\/table>\n<\/div>\n<p><b>\u00a0<\/b><\/p>\n<p><b>\u00a0<\/b><\/p>\n<ul>\n<li><b>11.\u00a0\u00a0 <\/b><b>RESPONSABLE DE LA ELABORACI\u00d3N DEL SYLLABUS Y FECHA DE ELABORACI\u00d3N <\/b><\/li>\n<\/ul>\n<p><b>\u00a0<\/b><\/p>\n<table border=\"1\" cellspacing=\"0\" cellpadding=\"0\">\n<tbody>\n<tr>\n<td valign=\"top\" width=\"108\"><b>Elaborado por<\/b><\/td>\n<td valign=\"top\" width=\"175\"><\/td>\n<\/tr>\n<tr>\n<td valign=\"top\" width=\"108\"><b>Fecha<\/b><\/td>\n<td valign=\"top\" width=\"175\">Junio 2013<\/td>\n<\/tr>\n<\/tbody>\n<\/table>\n<p><b>\u00a0<\/b><\/p>\n<ul>\n<li><b>12.\u00a0\u00a0 <\/b><b>VISADO<\/b><\/li>\n<\/ul>\n<p><b>\u00a0<\/b><\/p>\n<div align=\"center\">\n<table width=\"423\" border=\"1\" cellspacing=\"0\" cellpadding=\"0\">\n<tbody>\n<tr>\n<td width=\"153\">\n<p align=\"center\"><b>SECRETARIO ACA<\/b><b>D\u00c9MICO DE LA UNIDAD ACAD\u00c9MICA <\/b><\/p>\n<\/td>\n<td valign=\"top\" width=\"135\">\n<p align=\"center\"><b>SECRETARIO DE LA COMISION ACADEMICA<\/b><\/p>\n<\/td>\n<td width=\"135\">\n<p align=\"center\"><b>SECRETARIO TECNICO ACADEMICO<\/b><b><\/b><\/p>\n<\/td>\n<\/tr>\n<tr>\n<td valign=\"top\" width=\"153\">NOMBRE:<\/td>\n<td valign=\"top\" width=\"135\">NOMBRE:<\/td>\n<td valign=\"top\" width=\"135\">NOMBRE:<\/td>\n<\/tr>\n<tr>\n<td valign=\"top\" width=\"153\">FIRMA:<\/td>\n<td valign=\"top\" width=\"135\">FIRMA:<\/td>\n<td valign=\"top\" width=\"135\">FIRMA:<\/td>\n<\/tr>\n<tr>\n<td valign=\"top\" width=\"153\">Fecha de aprobaci\u00f3n en el Consejo Directivo:<\/td>\n<td valign=\"top\" width=\"135\">Fecha de aprobaci\u00f3n en la Comisi\u00f3n Acad\u00e9mica:<\/td>\n<td valign=\"top\" width=\"135\">Fecha de certificaci\u00f3n:<\/td>\n<\/tr>\n<\/tbody>\n<\/table>\n<\/div>\n<p><b>\u00a0<\/b><\/p>\n<ul>\n<li><b>13.\u00a0\u00a0 <\/b><b>VIGENCIA DEL SYLLABUS<\/b><\/li>\n<\/ul>\n<p><b>\u00a0<\/b><\/p>\n<div align=\"center\">\n<table border=\"1\" cellspacing=\"0\" cellpadding=\"0\">\n<tbody>\n<tr>\n<td width=\"119\">COMISI\u00d3N DE DOCENCIA:<\/td>\n<td width=\"133\"><\/td>\n<\/tr>\n<tr>\n<td width=\"119\">FECHA:<\/td>\n<td width=\"133\"><\/td>\n<\/tr>\n<\/tbody>\n<\/table>\n<\/div>\n<p><b>\u00a0<\/b><\/p>\n<p><a href=\"http:\/\/blog.espol.edu.ec\/cricaurt\/files\/2013\/12\/COOPERACI\u00d3N-PARA-EL-DESARROLLO-espa\u00f1ol.docx\">COOPERACI\u00d3N PARA EL DESARROLLO espa\u00f1ol<\/a><\/p>\n","protected":false},"excerpt":{"rendered":"<p>ESCUELA SUPERIOR POLIT\u00c9CNICA DEL LITORAL LICENCIATURA EN TURISMO SYLLABUS DEL CURSO COOPERACI\u00d3N PARA EL DESARROLLO 1.\u00a0\u00a0\u00a0\u00a0 C\u00d3DIGO Y N\u00daMERO DE CR\u00c9DITOS \u00a0 C\u00d3DIGO FMAR05074 \u00a0N\u00daMERO DE CR\u00c9DITOS Te\u00f3ricos: 4Pr\u00e1cticos: 0 \u00a0 2.\u00a0\u00a0\u00a0\u00a0 DESCRIPCI\u00d3N DEL CURSO \u00a0 El curso se desarrolla bajo el esquema de revisi\u00f3n de teor\u00edas y conceptos sociol\u00f3gicos que permiten comprender el concepto [&hellip;]<\/p>\n","protected":false},"author":499,"featured_media":534,"parent":0,"menu_order":0,"comment_status":"open","ping_status":"closed","template":"","meta":{"footnotes":""},"class_list":["post-523","page","type-page","status-publish","has-post-thumbnail","hentry"],"_links":{"self":[{"href":"https:\/\/blog.espol.edu.ec\/cricaurt\/wp-json\/wp\/v2\/pages\/523","targetHints":{"allow":["GET"]}}],"collection":[{"href":"https:\/\/blog.espol.edu.ec\/cricaurt\/wp-json\/wp\/v2\/pages"}],"about":[{"href":"https:\/\/blog.espol.edu.ec\/cricaurt\/wp-json\/wp\/v2\/types\/page"}],"author":[{"embeddable":true,"href":"https:\/\/blog.espol.edu.ec\/cricaurt\/wp-json\/wp\/v2\/users\/499"}],"replies":[{"embeddable":true,"href":"https:\/\/blog.espol.edu.ec\/cricaurt\/wp-json\/wp\/v2\/comments?post=523"}],"version-history":[{"count":6,"href":"https:\/\/blog.espol.edu.ec\/cricaurt\/wp-json\/wp\/v2\/pages\/523\/revisions"}],"predecessor-version":[{"id":526,"href":"https:\/\/blog.espol.edu.ec\/cricaurt\/wp-json\/wp\/v2\/pages\/523\/revisions\/526"}],"wp:featuredmedia":[{"embeddable":true,"href":"https:\/\/blog.espol.edu.ec\/cricaurt\/wp-json\/wp\/v2\/media\/534"}],"wp:attachment":[{"href":"https:\/\/blog.espol.edu.ec\/cricaurt\/wp-json\/wp\/v2\/media?parent=523"}],"curies":[{"name":"wp","href":"https:\/\/api.w.org\/{rel}","templated":true}]}}