{"id":12,"date":"2011-05-22T00:34:51","date_gmt":"2011-05-22T00:34:51","guid":{"rendered":"http:\/\/blog.espol.edu.ec\/crimrome\/baloncesto\/"},"modified":"2011-06-10T08:34:10","modified_gmt":"2011-06-10T08:34:10","slug":"baloncesto","status":"publish","type":"page","link":"https:\/\/blog.espol.edu.ec\/crimrome\/baloncesto\/","title":{"rendered":"BALONCESTO"},"content":{"rendered":"<p><a href=\"http:\/\/blog.espol.edu.ec\/crimrome\/files\/2011\/05\/ball.jpg\"><img loading=\"lazy\" decoding=\"async\" src=\"http:\/\/blog.espol.edu.ec\/crimrome\/files\/2011\/05\/ball.jpg\" alt=\"\" title=\"ball\" width=\"297\" height=\"300\" class=\"aligncenter size-full wp-image-28\" \/><\/a><\/p>\n<p>El baloncesto, basquetball  es un deporte de equipo que se puede desarrollar tanto en pista cubierta como en descubierta, en el que dos conjuntos de cinco jugadores cada uno intentan anotar puntos, tambi\u00e9n llamados canastas o dobles introduciendo un bal\u00f3n en un aro colocado a 3,05 metros que cuelga una red, lo que le da un aspecto de cesta o canasta.Se intenta llegar a ella corriendo y empujando con una mano -derecha o izquierda en caso de ser el jugador zurdo- la pelota al piso.<\/p>\n<p>Es conocido por las Federaciones Nacionales como baloncesto en los pa\u00edses del Caribe y en Espa\u00f1a, como b\u00e1squetbol o basquetbol en la mayor\u00eda de pa\u00edses de Sudam\u00e9rica y M\u00e9xico, y como b\u00e1squet en la Argentina y Per\u00fa, por la castellanizaci\u00f3n de su nombre original en ingl\u00e9s: basketball.<\/p>\n<p><a href=\"http:\/\/blog.espol.edu.ec\/crimrome\/files\/2011\/05\/800px-Freethrow1.jpg\"><img loading=\"lazy\" decoding=\"async\" src=\"http:\/\/blog.espol.edu.ec\/crimrome\/files\/2011\/05\/800px-Freethrow1-300x225.jpg\" alt=\"\" title=\"800px-Freethrow\" width=\"300\" height=\"225\" class=\"aligncenter size-medium wp-image-32\" srcset=\"https:\/\/blog.espol.edu.ec\/crimrome\/files\/2011\/05\/800px-Freethrow1-300x225.jpg 300w, https:\/\/blog.espol.edu.ec\/crimrome\/files\/2011\/05\/800px-Freethrow1.jpg 800w\" sizes=\"auto, (max-width: 300px) 100vw, 300px\" \/><\/a><\/p>\n","protected":false},"excerpt":{"rendered":"<p>El baloncesto, basquetball es un deporte de equipo que se puede desarrollar tanto en pista cubierta como en descubierta, en el que dos conjuntos de cinco jugadores cada uno intentan anotar puntos, tambi\u00e9n llamados canastas o dobles introduciendo un bal\u00f3n en un aro colocado a 3,05 metros que cuelga una red, lo que le da [&hellip;]<\/p>\n","protected":false},"author":5795,"featured_media":0,"parent":0,"menu_order":0,"comment_status":"open","ping_status":"open","template":"","meta":{"footnotes":""},"class_list":["post-12","page","type-page","status-publish","hentry"],"_links":{"self":[{"href":"https:\/\/blog.espol.edu.ec\/crimrome\/wp-json\/wp\/v2\/pages\/12","targetHints":{"allow":["GET"]}}],"collection":[{"href":"https:\/\/blog.espol.edu.ec\/crimrome\/wp-json\/wp\/v2\/pages"}],"about":[{"href":"https:\/\/blog.espol.edu.ec\/crimrome\/wp-json\/wp\/v2\/types\/page"}],"author":[{"embeddable":true,"href":"https:\/\/blog.espol.edu.ec\/crimrome\/wp-json\/wp\/v2\/users\/5795"}],"replies":[{"embeddable":true,"href":"https:\/\/blog.espol.edu.ec\/crimrome\/wp-json\/wp\/v2\/comments?post=12"}],"version-history":[{"count":5,"href":"https:\/\/blog.espol.edu.ec\/crimrome\/wp-json\/wp\/v2\/pages\/12\/revisions"}],"predecessor-version":[{"id":83,"href":"https:\/\/blog.espol.edu.ec\/crimrome\/wp-json\/wp\/v2\/pages\/12\/revisions\/83"}],"wp:attachment":[{"href":"https:\/\/blog.espol.edu.ec\/crimrome\/wp-json\/wp\/v2\/media?parent=12"}],"curies":[{"name":"wp","href":"https:\/\/api.w.org\/{rel}","templated":true}]}}