{"id":102,"date":"2009-12-03T14:47:17","date_gmt":"2009-12-03T19:47:17","guid":{"rendered":"http:\/\/blog.espol.edu.ec\/cristinachiriboga\/?page_id=102"},"modified":"2009-12-03T14:49:44","modified_gmt":"2009-12-03T19:49:44","slug":"musiks-preferidas","status":"publish","type":"page","link":"https:\/\/blog.espol.edu.ec\/cristinachiriboga\/musiks-preferidas\/","title":{"rendered":"Musiks Preferidas!!!"},"content":{"rendered":"<p style=\"text-align: center\"><a href=\"http:\/\/vidds.net\/v\/es\/pienso-en-ti-jonathan-luna_J394C4A4H3E3K3V5X3S4A3.html\">http:\/\/vidds.net\/v\/es\/pienso-en-ti-jonathan-luna_J394C4A4H3E3K3V5X3S4A3.html<\/a><a href=\"http:\/\/blog.espol.edu.ec\/cristinachiriboga\/files\/2009\/12\/images.jpg\"><!--more--><img loading=\"lazy\" decoding=\"async\" class=\"size-full wp-image-103 aligncenter\" src=\"http:\/\/blog.espol.edu.ec\/cristinachiriboga\/files\/2009\/12\/images.jpg\" alt=\"images\" width=\"130\" height=\"109\" \/><\/a><\/p>\n<pre>PIENSO EN TI<\/pre>\n<pre>AUTOR: Jonathan Luna<\/pre>\n<pre>ntro: RE \u2013 LA \u2013 RE - LA\r\n                                I\r\nRE                                        LA\r\nHoy voy a mostrarme tal y como soy, con todo lo que siento,\r\n con estas palabras\r\nFA#\r\nSer\u00e1 f\u00e1cil decirlas, escribirlas\u2019 para ti en esta canci\u00f3n\r\n        RE                                           LA\r\nQue me ayuda a ser m\u00e1s fuerte, para decirte cosas , que yo no me atrevo\r\nsi te tengo frente a mi\r\nRE                                              LA\r\nHola como estas, que est\u00e1s haciendo ahora, me gustas\r\ncon tus pantalones negros\r\n                         FA#\r\nPienso en ti todas las horas \u2026\u2026\u2026.. y yo sigo aqu\u00ed\r\n\r\n                                           CORO\r\n         RE                                LA           FA#\r\nPienso en ti, llevo en mi mente tu fotograf\u00eda, estoy nervioso con tu\r\n    SIm\r\ncompa\u00f1\u00eda\r\n            MIm               SOL\r\nMe paso pensando, dormir a tu lado, como seria\u2026.\r\n          RE                       LA            FA#             SIm\r\nPienso en ti, vivo con esta locura m\u00eda, aunque parezca una tonter\u00eda\r\n               MIm                 SOL\r\nMe pongo al espejo, y me paso ensayando , que te dir\u00eda\r\n\r\n                                            II\r\n        SIm                                      LA\r\nMe eh vuelto un libro abierto, solo para ti, ya sabes mis ideas,\r\nte doy mi pensamiento\r\n                                                  FA#\r\nMe tienes en el blanco, podr\u00edas dispararme, y acabar con todo aqu\u00ed\u2026\r\n      RE                                        LA\r\nPero tu podr\u00e1s decirme, o no decirme nada, t\u00fa tienes el derecho\r\n de usar una palabra\r\n    RE                                         LA\r\nPorque esto es solo m\u00edo, podr\u00edas irte ahora, despu\u00e9s de lo que he dicho\r\nel resto ya no cambia\r\nFA#                              RE\r\n     Y te lo digo as\u00ed, pienso en ti\u2026.\r\n                                          CORO\r\n         RE                                LA           FA#\r\nPienso en ti, llevo en mi mente tu fotograf\u00eda, estoy nervioso con tu\r\n    SIm\r\ncompa\u00f1\u00eda\r\n            MIm               SOL\r\nMe paso pensando, dormir a tu lado, como seria\u2026.\r\n          RE                       LA            FA#             SIm\r\nPienso en ti, vivo con esta locura m\u00eda, aunque parezca una tonter\u00eda\r\n               MIm                 SOL             LA - SOL\r\nMe pongo al espejo, y me paso ensayando , que te dir\u00eda\r\n\r\n                                          III\r\nFA#                               SIm\r\nLuego me encierro en mi cuarto, pienso que estoy delirando\r\nMIm                                         LA - SOL\r\nNuestros encuentros de amor yo me paso inventando\r\nFA#                                 SIm\r\nLuego me abrazo a mi almohada, la aprieto y no duermo de rabia\r\nMIm                                        LA\r\nDe imaginar que es a otro a quien das tu calor\u2026\u2026.mientras yo\r\n                                          CORO\r\n         RE                                LA           FA#\r\nPienso en ti, llevo en mi mente tu fotograf\u00eda, estoy nervioso con tu\r\n    SIm\r\ncompa\u00f1\u00eda\r\n            MIm               SOL\r\nMe paso pensando, dormir a tu lado, como seria\u2026.\r\n          RE                       LA            FA#             SIm\r\nPienso en ti, vivo con esta locura m\u00eda, aunque parezca una tonter\u00eda\r\n               MIm                 SOL\r\nMe pongo al espejo, y me paso ensayando , que te dir\u00eda\r\n\r\n                                          FINAL\r\nRE \u2013 LA \u2013 FA# - Sim                                  RE\r\n                    Llevo en mi mente tu fotograf\u00eda, viviendo esta locura\r\nMIm              la         RE \u2013 LA \u2013 FA# - SIm \u2013 RE \u2013 MIm \u2013 LA\r\nm\u00eda de tenerte aqu\u00ed\u2026\u2026\u2026..<\/pre>\n<pre>LACUERDA (2009) \"Acordes de Musica Pienso en ti\" obtenido el 3 de diciembre del 2009 desde <a href=\"http:\/\/lacuerda.net\/tabs\/j\/jonathan_luna\/pienso_en_ti.shtml\">http:\/\/lacuerda.net\/tabs\/j\/jonathan_luna\/pienso_en_ti.shtml<\/a><\/pre>\n<pre>Guayaquil-Ecuador<\/pre>\n","protected":false},"excerpt":{"rendered":"<p>http:\/\/vidds.net\/v\/es\/pienso-en-ti-jonathan-luna_J394C4A4H3E3K3V5X3S4A3.html<\/p>\n","protected":false},"author":1885,"featured_media":0,"parent":0,"menu_order":0,"comment_status":"open","ping_status":"open","template":"","meta":{"footnotes":""},"class_list":["post-102","page","type-page","status-publish","hentry"],"_links":{"self":[{"href":"https:\/\/blog.espol.edu.ec\/cristinachiriboga\/wp-json\/wp\/v2\/pages\/102","targetHints":{"allow":["GET"]}}],"collection":[{"href":"https:\/\/blog.espol.edu.ec\/cristinachiriboga\/wp-json\/wp\/v2\/pages"}],"about":[{"href":"https:\/\/blog.espol.edu.ec\/cristinachiriboga\/wp-json\/wp\/v2\/types\/page"}],"author":[{"embeddable":true,"href":"https:\/\/blog.espol.edu.ec\/cristinachiriboga\/wp-json\/wp\/v2\/users\/1885"}],"replies":[{"embeddable":true,"href":"https:\/\/blog.espol.edu.ec\/cristinachiriboga\/wp-json\/wp\/v2\/comments?post=102"}],"version-history":[{"count":6,"href":"https:\/\/blog.espol.edu.ec\/cristinachiriboga\/wp-json\/wp\/v2\/pages\/102\/revisions"}],"predecessor-version":[{"id":108,"href":"https:\/\/blog.espol.edu.ec\/cristinachiriboga\/wp-json\/wp\/v2\/pages\/102\/revisions\/108"}],"wp:attachment":[{"href":"https:\/\/blog.espol.edu.ec\/cristinachiriboga\/wp-json\/wp\/v2\/media?parent=102"}],"curies":[{"name":"wp","href":"https:\/\/api.w.org\/{rel}","templated":true}]}}