{"id":27,"date":"2009-06-10T16:32:40","date_gmt":"2009-06-10T21:32:40","guid":{"rendered":"http:\/\/blog.espol.edu.ec\/cristinachiriboga\/?page_id=27"},"modified":"2009-08-12T16:35:56","modified_gmt":"2009-08-12T21:35:56","slug":"sobre-mi","status":"publish","type":"page","link":"https:\/\/blog.espol.edu.ec\/cristinachiriboga\/sobre-mi\/","title":{"rendered":"Acerca de m\u00ec"},"content":{"rendered":"<p style=\"text-align: center\"><strong>ABOUT ME<\/strong><\/p>\n<p><strong><\/strong><\/p>\n<p style=\"text-align: center\"><strong>NOMBRE:<\/strong><br \/>\nMar\u00eda Cristina Chiriboga Ayala<\/p>\n<p style=\"text-align: center\"><strong>\u00a0ESTUDIOS PRIMARIOS:<\/strong><br \/>\nEscuela Fiscal Mixta \u201cMar\u00eda Barquet de Isa\u00edas\u201d<br \/>\n<strong>ESTUDIOS SECUNDARIOS:<br \/>\n<\/strong>Colegio Particular \u201cSabidur\u00eda de Dios\u201d<br \/>\n<strong>ESTUDIO SUPERIOR:<\/strong><br \/>\n1er Semestre<br \/>\nEstudiante de Ing. Auditor\u00eda y Contadur\u00eda P\u00fablica<br \/>\nInstituto de Ciencias Matem\u00e1ticas ICM<br \/>\nEscuela Superior Polit\u00e9cnica del Litoral ESPOL<\/p>\n<p style=\"text-align: center\"><strong>MIS HOBBIES:<\/strong><br \/>\nEntonar el piano, Chatear con mis amigas y salir a pasear con ellas<\/p>\n<p style=\"text-align: center\"><strong>\u00a0Me gusta y me disgusta:<\/strong><br \/>\nTener amigos, conversar, que me digan siempre la verdad sea cual sea la verdad. Me gusta escuchar a la personas, cuando tienen problemas o cuando me pueden dar un consejo, me disguta la falta de respeto y no comparto los insultos o el maltrato. No tomo bebidas alcoh\u00f3licas, no fumo.<\/p>\n<p style=\"text-align: center\"><strong>MIS INTERESES:<\/strong><br \/>\nMe interesa mucho mis estudios, obtener tal vez no las mejores calificaciones pero si notas que reflejen esfuerzo y empe\u00f1o en mis estudios. Hacer amigos<\/p>\n<p style=\"text-align: center\"><strong>MI RELIGI\u00d3N:<\/strong><br \/>\nCristiana-Evang\u00e9lica<br \/>\nCreo firmemente que la clave de la felicidad y el \u00e9xito no est\u00e1 en obtener el mejor titulo, conseguir un grandioso empleo, comprar el carro m\u00e1s lujoso del mundo, o tener dinero, es verdad esto ayuda pero lo mejor que el hombre puede tener en su vida es Dios.<br \/>\nUn Dios real y vivo que no est\u00e1 viendo quien eres y lo que haces para juzgarte sino siempre dispuesto a ayudarte. No necesitas nada m\u00e1s que coraz\u00f3n y disposici\u00f3n para conocerlo.<\/p>\n<p style=\"text-align: center\"><strong>Cita biblica:<\/strong><br \/>\n\u201cSi tu dispones tu coraz\u00f3n, y tiendes hacia Dios las manos;<br \/>\nSi alguna iniquidad hay en tus manos, pero la apartas de ti,<br \/>\nY no consientes que more en tu casa la injusticia,<br \/>\nEntonces levantar\u00e1s tu rostro libre de mancha,<br \/>\nSer\u00e1s fuerte y nada temer\u00e1s<\/p>\n<p style=\"text-align: center\">Olvidar\u00e1s tu miseria o te acordar\u00e1s de ella como aguas que pasaron<br \/>\nLa vida te ser\u00e1 m\u00e1s clara que el medio d\u00eda;<br \/>\nTendr\u00e1s confianza porque hay esperanza;<br \/>\nMirar\u00e1s alrededor y dormir\u00e1s seguro<br \/>\nJob 11:13-18<\/p>\n<p style=\"text-align: center\"><strong>Direcciones:<\/strong><br \/>\n<strong>HOTMAIL:<\/strong> mariakristhyna@hotmail.com<br \/>\n<strong>CORREO ESPOL<\/strong> mcchirib@espol.edu.ec<br \/>\n<strong>CORREO GMAIL<\/strong> mariakristhyna@gmail.com<br \/>\n<strong>HI5<\/strong> kristhyna@hotmail.com<\/p>\n<p style=\"text-align: center\">Guayaquil \u2013 Ecuador<\/p>\n","protected":false},"excerpt":{"rendered":"<p>ABOUT ME NOMBRE: Mar\u00eda Cristina Chiriboga Ayala \u00a0ESTUDIOS PRIMARIOS: Escuela Fiscal Mixta \u201cMar\u00eda Barquet de Isa\u00edas\u201d ESTUDIOS SECUNDARIOS: Colegio Particular \u201cSabidur\u00eda de Dios\u201d ESTUDIO SUPERIOR: 1er Semestre Estudiante de Ing. Auditor\u00eda y Contadur\u00eda P\u00fablica Instituto de Ciencias Matem\u00e1ticas ICM Escuela Superior Polit\u00e9cnica del Litoral ESPOL MIS HOBBIES: Entonar el piano, Chatear con mis amigas y [&hellip;]<\/p>\n","protected":false},"author":1885,"featured_media":0,"parent":0,"menu_order":0,"comment_status":"open","ping_status":"open","template":"","meta":{"footnotes":""},"class_list":["post-27","page","type-page","status-publish","hentry"],"_links":{"self":[{"href":"https:\/\/blog.espol.edu.ec\/cristinachiriboga\/wp-json\/wp\/v2\/pages\/27","targetHints":{"allow":["GET"]}}],"collection":[{"href":"https:\/\/blog.espol.edu.ec\/cristinachiriboga\/wp-json\/wp\/v2\/pages"}],"about":[{"href":"https:\/\/blog.espol.edu.ec\/cristinachiriboga\/wp-json\/wp\/v2\/types\/page"}],"author":[{"embeddable":true,"href":"https:\/\/blog.espol.edu.ec\/cristinachiriboga\/wp-json\/wp\/v2\/users\/1885"}],"replies":[{"embeddable":true,"href":"https:\/\/blog.espol.edu.ec\/cristinachiriboga\/wp-json\/wp\/v2\/comments?post=27"}],"version-history":[{"count":6,"href":"https:\/\/blog.espol.edu.ec\/cristinachiriboga\/wp-json\/wp\/v2\/pages\/27\/revisions"}],"predecessor-version":[{"id":30,"href":"https:\/\/blog.espol.edu.ec\/cristinachiriboga\/wp-json\/wp\/v2\/pages\/27\/revisions\/30"}],"wp:attachment":[{"href":"https:\/\/blog.espol.edu.ec\/cristinachiriboga\/wp-json\/wp\/v2\/media?parent=27"}],"curies":[{"name":"wp","href":"https:\/\/api.w.org\/{rel}","templated":true}]}}