{"id":83,"date":"2009-08-12T11:44:57","date_gmt":"2009-08-12T16:44:57","guid":{"rendered":"http:\/\/blog.espol.edu.ec\/cristinachiriboga\/?page_id=83"},"modified":"2009-08-12T11:44:57","modified_gmt":"2009-08-12T16:44:57","slug":"revolucion-ciudadana","status":"publish","type":"page","link":"https:\/\/blog.espol.edu.ec\/cristinachiriboga\/revolucion-ciudadana\/","title":{"rendered":"Revoluci\u00f3n Ciudadana"},"content":{"rendered":"<p><strong>EL GOBIERNO DE LA REVOLUCI\u00d3N CIUDADANA<\/strong><\/p>\n<p>Quito, 10 ago (PL) El presidente ecuatoriano, Rafael Correa, inici\u00f3 hoy su mandato constitucional hasta el 2013 con la voluntad expresa de profundizar la Revoluci\u00f3n Ciudadana y la prioridad a favor de los pobres, los j\u00f3venes y los pueblos ancestrales.<\/p>\n<p>El mandatario de 46 a\u00f1os, con 31 meses como gobernante luego de un amplio triunfo popular en las elecciones de noviembre de 2006, inicia en la fecha del Bicentenario de la Independencia de Ecuador, una nueva etapa de cuatro a\u00f1os ganada en las urnas en abril pasado.<\/p>\n<p>\u00a0<\/p>\n<h3 style=\"text-align: center\">Se est\u00e1 generando el d\u00e9ficit de ciudadan\u00eda en la Revoluci\u00f3n Ciudadana, afirma Alberto Acosta<\/h3>\n<p style=\"text-align: justify\">El analista Alberto Acosta y ex titular de la Asamblea Constituyente manifest\u00f3 que el Gobierno debe abrir m\u00e1s espacios de di\u00e1logo con los ecuatorianos para que se produzca una participaci\u00f3n m\u00e1s activa, pues reconoci\u00f3 que el d\u00e9ficit en la Revoluci\u00f3n Ciudadana, que es promocionada por el actual r\u00e9gimen, necesita ser m\u00e1s participativo y horizontal en las discusiones que interesan a los habitantes de Ecuador.<\/p>\n<p style=\"text-align: justify\">\u201cA m\u00ed personalmente, me habr\u00eda gustado que no haya una reelecci\u00f3n inmediata a ninguna dignidad, ni posibilidad de saltar de concejal a Alcalde, o asamble\u00edsta o a presidente, que haya siempre un per\u00edodo de por medio para que la gente se refresque en la vida cotidiana, de la ciudadan\u00eda y se haga pol\u00edtica en las bases, eso se discuti\u00f3 y eso no pas\u00f3 dentro de Alianza PA\u00cdS\u201d, asegur\u00f3 Acosta.<\/p>\n<p>Por otra parte, consider\u00f3 que los temas trascendentales que aborda e incluye la nueva Carta Magna, fueron discutidos intensamente no s\u00f3lo dentro de la Asamblea sino, sobre todo, de una manera muy dura dentro del bloque de Acuerdo PA\u00cdS.<br \/>\n\u00a0<br \/>\nRespecto que el presidente de Ecuador no acepta cr\u00edticas a su Gobierno, el analista precis\u00f3: \u201cYo he manifestado tambi\u00e9n que es uno de los aspectos en d\u00f3nde deber\u00edamos esperar que cambie el Presidente de la Rep\u00fablica y presionar no s\u00f3lo desde Acuerdo PA\u00cdS sino de la sociedad para que este Gobierno sea mucho m\u00e1s participativo, un r\u00e9gimen mucho m\u00e1s horizontal, en d\u00f3nde, desde los or\u00edgenes mismos de las discusiones haya la intervenci\u00f3n de la ciudadan\u00eda\u201d.<\/p>\n<p>\u201cQue no tengamos leyes como de la miner\u00eda que pr\u00e1cticamente se impuso sin debate, sin discusi\u00f3n alguna, yo entiendo que est\u00e1 generando el d\u00e9ficit de ciudadan\u00eda en la Revoluci\u00f3n Ciudadana\u201d, asever\u00f3 en declaraciones para Ecuavisa.<\/p>\n<p>\u201cYo creo que si el proceso de construcci\u00f3n de una sociedad no es democr\u00e1tico el resultado no ser\u00e1 m\u00e1s democracia, sino menos democracia y menos desarrollo\u201d, puntualiz\u00f3.<\/p>\n<p style=\"text-align: left\">ECUADORINMEDIATO (2009), <em>\"Gobierno de la Revoluci\u00f3n Ciudadana\"<\/em> obtenido el 12 de agosto del 2009 desde \u00a0<a href=\"http:\/\/www.ecuadorinmediato.com\/Noticias\/news_user_view\/se_esta_generando_el_deficit_de_ciudadania_en_la_revolucion_ciudadana_afirma_alberto_acosta--110490\">http:\/\/www.ecuadorinmediato.com\/Noticias\/news_user_view\/se_esta_generando_el_deficit_de_ciudadania_en_la_revolucion_ciudadana_afirma_alberto_acosta--110490<\/a>\u00a0Guayaquil - Ecuador<\/p>\n","protected":false},"excerpt":{"rendered":"<p>EL GOBIERNO DE LA REVOLUCI\u00d3N CIUDADANA Quito, 10 ago (PL) El presidente ecuatoriano, Rafael Correa, inici\u00f3 hoy su mandato constitucional hasta el 2013 con la voluntad expresa de profundizar la Revoluci\u00f3n Ciudadana y la prioridad a favor de los pobres, los j\u00f3venes y los pueblos ancestrales. El mandatario de 46 a\u00f1os, con 31 meses como [&hellip;]<\/p>\n","protected":false},"author":1885,"featured_media":0,"parent":0,"menu_order":0,"comment_status":"open","ping_status":"open","template":"","meta":{"footnotes":""},"class_list":["post-83","page","type-page","status-publish","hentry"],"_links":{"self":[{"href":"https:\/\/blog.espol.edu.ec\/cristinachiriboga\/wp-json\/wp\/v2\/pages\/83","targetHints":{"allow":["GET"]}}],"collection":[{"href":"https:\/\/blog.espol.edu.ec\/cristinachiriboga\/wp-json\/wp\/v2\/pages"}],"about":[{"href":"https:\/\/blog.espol.edu.ec\/cristinachiriboga\/wp-json\/wp\/v2\/types\/page"}],"author":[{"embeddable":true,"href":"https:\/\/blog.espol.edu.ec\/cristinachiriboga\/wp-json\/wp\/v2\/users\/1885"}],"replies":[{"embeddable":true,"href":"https:\/\/blog.espol.edu.ec\/cristinachiriboga\/wp-json\/wp\/v2\/comments?post=83"}],"version-history":[{"count":1,"href":"https:\/\/blog.espol.edu.ec\/cristinachiriboga\/wp-json\/wp\/v2\/pages\/83\/revisions"}],"predecessor-version":[{"id":84,"href":"https:\/\/blog.espol.edu.ec\/cristinachiriboga\/wp-json\/wp\/v2\/pages\/83\/revisions\/84"}],"wp:attachment":[{"href":"https:\/\/blog.espol.edu.ec\/cristinachiriboga\/wp-json\/wp\/v2\/media?parent=83"}],"curies":[{"name":"wp","href":"https:\/\/api.w.org\/{rel}","templated":true}]}}