{"id":86,"date":"2009-08-14T16:56:45","date_gmt":"2009-08-14T21:56:45","guid":{"rendered":"http:\/\/blog.espol.edu.ec\/cristinachiriboga\/?page_id=86"},"modified":"2009-08-14T17:08:11","modified_gmt":"2009-08-14T22:08:11","slug":"poemas","status":"publish","type":"page","link":"https:\/\/blog.espol.edu.ec\/cristinachiriboga\/poemas\/","title":{"rendered":"POEMAS"},"content":{"rendered":"<p style=\"text-align: center\"><span style=\"color: #008000\">AYER SENTI <\/span><\/p>\n<p style=\"text-align: center\"><span style=\"color: #008080\">Ayer paso algo extra\u00f1o<br \/>\nsent\u00ed que te conoc\u00eda.<br \/>\nPor un segundo te tuve a mi lado<br \/>\ny a pesar de la distancia\u2026<br \/>\nte sent\u00ed tan cerca<br \/>\ncasi por un descuido,<br \/>\nd\u00edas atr\u00e1s en una charla,<br \/>\nte confieso que por ti escribo...<br \/>\nquer\u00eda decirlo pero no era el momento<br \/>\nquiz\u00e1s lo haga en alg\u00fan tiempo<br \/>\no quiz\u00e1s nunca te enteres.<br \/>\nEs cuesti\u00f3n de ver que pasa,<br \/>\nsi gana el miedo a perder tu amistad<br \/>\no si las ganas de ...<br \/>\nPueden m\u00e1s...<\/span><\/p>\n<p style=\"text-align: center\"><span style=\"color: #008080\">Escrito por Alvaro Moreno<\/span><\/p>\n<p style=\"text-align: left\">\u00a0<\/p>\n<p style=\"text-align: left\"><span style=\"color: #008080\">----o----o---o---o---o---o---o---o--o---o---o---o---o---o---o---o---o---o---o---o---o---o---o---o---o<\/span><\/p>\n<div><\/div>\n<p><span style=\"color: #008080\"><\/p>\n<p style=\"margin-left: 0px\" align=\"center\"><em><span style=\"font-size: small;color: #aa0055\"><strong>POEMA 15<\/strong><\/span><\/em><\/p>\n<p align=\"center\"><em><span style=\"font-size: small;color: #aa0055\">Me gustas cuando callas porque est\u00e1s como ausente,<br \/>\ny me oyes desde lejos, y mi voz no te toca.<br \/>\nParece que los ojos se te hubieran volado<br \/>\ny parece que un beso te cerrara la boca.<\/span><\/em><\/p>\n<p align=\"center\"><em><span style=\"font-size: small;color: #aa0055\">Como todas las cosas est\u00e1n llenas de mi alma<br \/>\nemerges de las cosas, llena del alma m\u00eda.<br \/>\nMariposa de sue\u00f1o, te pareces a mi alma,<br \/>\ny te pareces a la palabra melancol\u00eda.<\/span><\/em><\/p>\n<p align=\"center\"><em><span style=\"font-size: small;color: #aa0055\">Me gustas cuando callas y est\u00e1s como distante.<br \/>\nY est\u00e1s como quej\u00e1ndote, mariposa en arrullo.<br \/>\nY me oyes desde lejos, y mi voz no te alcanza:<br \/>\nd\u00e9jame que me calle con el silencio tuyo.<\/span><\/em><\/p>\n<p align=\"center\"><em><span style=\"font-size: small;color: #aa0055\">D\u00e9jame que te hable tambi\u00e9n con tu silencio<br \/>\nclaro como una l\u00e1mpara, simple como un anillo.<br \/>\nEres como la noche, callada y constelada.<br \/>\nTu silencio es de estrella, tan lejano y sencillo.<\/span><\/em><\/p>\n<p align=\"center\"><em><span style=\"font-size: small;color: #aa0055\">Me gustas cuando callas porque est\u00e1s como ausente.<br \/>\nDistante y dolorosa como si hubieras muerto.<br \/>\nUna palabra entonces, una sonrisa bastan.<br \/>\nY estoy alegre, alegre de que no sea cierto.<\/span><\/em><\/p>\n<p align=\"right\"><em><span style=\"font-size: xx-small\">Pablo Neruda, 1924 (Chileno)<\/span><\/em><\/p>\n<p style=\"text-align: left\">\u00a0INSTITUTO DE CIENCIAS MATEM\u00c1TICAS \u00a0(2009),\u00a0 \"<em>Poemas\"<\/em>, obtenido el 12 de agosto del 2009 desde <a href=\"http:\/\/www.icm.espol.edu.ec\/estudiantes\/2004\/200412617\/POESIA%20FAVORITA.htm\">http:\/\/www.icm.espol.edu.ec\/estudiantes\/2004\/200412617\/POESIA%20FAVORITA.htm<\/a>\u00a0Guayaquil - Ecuador<\/p>\n<p>\u00a0<\/p>\n<p><\/span><\/p>\n<p style=\"margin: 15px;text-align: center;padding: 0px\">\u00a0<\/p>\n","protected":false},"excerpt":{"rendered":"<p>AYER SENTI Ayer paso algo extra\u00f1o sent\u00ed que te conoc\u00eda. Por un segundo te tuve a mi lado y a pesar de la distancia\u2026 te sent\u00ed tan cerca casi por un descuido, d\u00edas atr\u00e1s en una charla, te confieso que por ti escribo... quer\u00eda decirlo pero no era el momento quiz\u00e1s lo haga en alg\u00fan [&hellip;]<\/p>\n","protected":false},"author":1885,"featured_media":0,"parent":0,"menu_order":0,"comment_status":"open","ping_status":"open","template":"","meta":{"footnotes":""},"class_list":["post-86","page","type-page","status-publish","hentry"],"_links":{"self":[{"href":"https:\/\/blog.espol.edu.ec\/cristinachiriboga\/wp-json\/wp\/v2\/pages\/86","targetHints":{"allow":["GET"]}}],"collection":[{"href":"https:\/\/blog.espol.edu.ec\/cristinachiriboga\/wp-json\/wp\/v2\/pages"}],"about":[{"href":"https:\/\/blog.espol.edu.ec\/cristinachiriboga\/wp-json\/wp\/v2\/types\/page"}],"author":[{"embeddable":true,"href":"https:\/\/blog.espol.edu.ec\/cristinachiriboga\/wp-json\/wp\/v2\/users\/1885"}],"replies":[{"embeddable":true,"href":"https:\/\/blog.espol.edu.ec\/cristinachiriboga\/wp-json\/wp\/v2\/comments?post=86"}],"version-history":[{"count":5,"href":"https:\/\/blog.espol.edu.ec\/cristinachiriboga\/wp-json\/wp\/v2\/pages\/86\/revisions"}],"predecessor-version":[{"id":88,"href":"https:\/\/blog.espol.edu.ec\/cristinachiriboga\/wp-json\/wp\/v2\/pages\/86\/revisions\/88"}],"wp:attachment":[{"href":"https:\/\/blog.espol.edu.ec\/cristinachiriboga\/wp-json\/wp\/v2\/media?parent=86"}],"curies":[{"name":"wp","href":"https:\/\/api.w.org\/{rel}","templated":true}]}}