{"id":1,"date":"2009-05-20T14:06:06","date_gmt":"2009-05-20T18:06:06","guid":{"rendered":""},"modified":"2009-06-15T13:18:12","modified_gmt":"2009-06-15T17:18:12","slug":"about-me","status":"publish","type":"page","link":"https:\/\/blog.espol.edu.ec\/cristy\/about-me\/","title":{"rendered":"About me"},"content":{"rendered":"<p><img loading=\"lazy\" decoding=\"async\" class=\"alignright size-thumbnail wp-image-89\" src=\"http:\/\/blog.espol.edu.ec\/cristy\/files\/2009\/05\/imagen1-150x150.jpg\" alt=\"imagen1\" width=\"111\" height=\"109\" \/><\/p>\n<p>\u00a0<\/p>\n<p>Datos personales<br \/>\nNombres: Cristina Zulema<br \/>\nApellidos: Mi\u00f1o Rodr\u00edguez<br \/>\nEdad: 17 a\u00f1os<br \/>\nFecha de nacimiento: 9 de abril de 1992<\/p>\n<p>Estudios<br \/>\nPrimarios: Dr. Gustavo Alberto P\u00e9rez Franco<br \/>\nGisel<br \/>\nSecundarios: Colegio Fiscal T\u00e9cnico Experimental de Comercio y Administraci\u00f3n Veintiocho de Mayo.<\/p>\n<p>Superiores: Escuela Superior Polit\u00e9cnica del Litoral<\/p>\n<p>Logros personales<\/p>\n<p>Acad\u00e9micos:<br \/>\nPrimaria<br \/>\nPortabandera de provincia<br \/>\nEscolta de la Bandera del Cant\u00f3n Dur\u00e1n<br \/>\nAbanderada del Pabell\u00f3n Nacional<\/p>\n<p>Secundaria<br \/>\nPortabandera de provincia<br \/>\nEscolta de la Bandera de Guayaquil<br \/>\nMejor Bachiller de mi especializaci\u00f3n<br \/>\nMejor Bachiller de mi colegio<\/p>\n<p>Especialidades:<br \/>\nContabilidad y Administraci\u00f3n, Estudiante de Ingenieria en Auditor\u00eda.<\/p>\n<p><a title=\"View Hoja de Vida on Scribd\" href=\"http:\/\/www.scribd.com\/doc\/16418191\/Hoja-de-Vida\">Hoja de Vida<\/a> <object width=\"1\" height=\"500\" data=\"http:\/\/d.scribd.com\/ScribdViewer.swf?document_id=16418191&amp;access_key=key-376c9alakvxfto1amue&amp;page=1&amp;version=1&amp;viewMode=\" type=\"application\/x-shockwave-flash\"><param name=\"quality\" value=\"high\" \/><param name=\"play\" value=\"true\" \/><param name=\"loop\" value=\"true\" \/><param name=\"scale\" value=\"showall\" \/><param name=\"wmode\" value=\"opaque\" \/><param name=\"devicefont\" value=\"false\" \/><param name=\"bgcolor\" value=\"#ffffff\" \/><param name=\"menu\" value=\"true\" \/><param name=\"allowFullScreen\" value=\"true\" \/><param name=\"allowScriptAccess\" value=\"always\" \/><param name=\"src\" value=\"http:\/\/d.scribd.com\/ScribdViewer.swf?document_id=16418191&amp;access_key=key-376c9alakvxfto1amue&amp;page=1&amp;version=1&amp;viewMode=\" \/><\/object><\/p>\n","protected":false},"excerpt":{"rendered":"<p>\u00a0 Datos personales Nombres: Cristina Zulema Apellidos: Mi\u00f1o Rodr\u00edguez Edad: 17 a\u00f1os Fecha de nacimiento: 9 de abril de 1992 Estudios Primarios: Dr. Gustavo Alberto P\u00e9rez Franco Gisel Secundarios: Colegio Fiscal T\u00e9cnico Experimental de Comercio y Administraci\u00f3n Veintiocho de Mayo. Superiores: Escuela Superior Polit\u00e9cnica del Litoral Logros personales Acad\u00e9micos: Primaria Portabandera de provincia Escolta de [&hellip;]<\/p>\n","protected":false},"author":1576,"featured_media":0,"parent":0,"menu_order":0,"comment_status":"open","ping_status":"open","template":"","meta":{"footnotes":""},"class_list":["post-1","page","type-page","status-publish","hentry"],"_links":{"self":[{"href":"https:\/\/blog.espol.edu.ec\/cristy\/wp-json\/wp\/v2\/pages\/1","targetHints":{"allow":["GET"]}}],"collection":[{"href":"https:\/\/blog.espol.edu.ec\/cristy\/wp-json\/wp\/v2\/pages"}],"about":[{"href":"https:\/\/blog.espol.edu.ec\/cristy\/wp-json\/wp\/v2\/types\/page"}],"author":[{"embeddable":true,"href":"https:\/\/blog.espol.edu.ec\/cristy\/wp-json\/wp\/v2\/users\/1576"}],"replies":[{"embeddable":true,"href":"https:\/\/blog.espol.edu.ec\/cristy\/wp-json\/wp\/v2\/comments?post=1"}],"version-history":[{"count":8,"href":"https:\/\/blog.espol.edu.ec\/cristy\/wp-json\/wp\/v2\/pages\/1\/revisions"}],"predecessor-version":[{"id":68,"href":"https:\/\/blog.espol.edu.ec\/cristy\/wp-json\/wp\/v2\/pages\/1\/revisions\/68"}],"wp:attachment":[{"href":"https:\/\/blog.espol.edu.ec\/cristy\/wp-json\/wp\/v2\/media?parent=1"}],"curies":[{"name":"wp","href":"https:\/\/api.w.org\/{rel}","templated":true}]}}