{"id":46,"date":"2009-06-01T14:09:42","date_gmt":"2009-06-01T18:09:42","guid":{"rendered":"http:\/\/blog.espol.edu.ec\/cristy\/?page_id=46"},"modified":"2009-09-17T15:29:25","modified_gmt":"2009-09-17T19:29:25","slug":"los-secretos-del-ecosistema","status":"publish","type":"page","link":"https:\/\/blog.espol.edu.ec\/cristy\/los-secretos-del-ecosistema\/","title":{"rendered":"Los secretos del ecosistema"},"content":{"rendered":"<p><object width=\"425\" height=\"344\" type=\"application\/x-shockwave-flash\" data=\"http:\/\/www.youtube.com\/v\/cXEZW_ZxT1Y&amp;hl=en&amp;fs=1&amp;\"><param name=\"allowFullScreen\" value=\"true\" \/><param name=\"allowscriptaccess\" value=\"always\" \/><param name=\"src\" value=\"http:\/\/www.youtube.com\/v\/cXEZW_ZxT1Y&amp;hl=en&amp;fs=1&amp;\" \/><\/object><\/p>\n<p>La naturaleza es lo mejor que existe, con los animalitos, las plantas, los r\u00edos, lagos, lagunas... nos provee de aire puro, alimentos, en fin bienestar, existen muchas plantas que son medicinales y que sanan al instante, conservemos nuestro medio ambiente, sembremos plantitas en nuestras casas, que aparte de que nos beneficien, estamos salvando al planeta.<\/p>\n<p>Dulcamara<\/p>\n<p>\u00a0<\/p>\n<h1 style=\"margin: auto 0in\"><span style=\"font-family: Times New Roman\"><span style=\"font-size: 12pt;color: windowtext\">Se suele utilizar en polvos, decocci\u00f3n, extracto fluido y tintura.<\/span><\/span><\/h1>\n<h1 style=\"margin: auto 0in\"><span style=\"font-family: Times New Roman\"><span style=\"font-size: 13.5pt;color: windowtext\">\u2022 <\/span><span style=\"font-size: 12pt;color: windowtext\">Contra la neumon\u00eda, <a href=\"http:\/\/www.espiritugaia.com\/RemediosB.htm\"><span style=\"color: windowtext\">bronquitis<\/span><\/a>, tos convulsiva. <\/span><\/span><\/h1>\n<h1 style=\"margin: auto 0in\"><span style=\"font-family: Times New Roman\"><span style=\"font-size: 13.5pt;color: windowtext\">\u2022 <\/span><span style=\"font-size: 12pt;color: windowtext\">Combate catarros intestinales.<\/span><\/span><\/h1>\n<h1 style=\"margin: auto 0in\"><span style=\"font-family: Times New Roman\"><span style=\"font-size: 13.5pt;color: windowtext\">\u2022 <\/span><span style=\"font-size: 12pt;color: windowtext\">La ictericia y las enfermedades ven\u00e9reas.<\/span><\/span><\/h1>\n<h1 style=\"margin: auto 0in\"><span style=\"font-family: Times New Roman\"><span style=\"font-size: 13.5pt;color: windowtext\">\u2022 <\/span><span style=\"font-size: 12pt;color: windowtext\">Se han logrado buenos resultados contra la celulitis, mediante cataplasmas de hojas verdes trituradas. <\/span><\/span><\/h1>\n<h1 style=\"margin: auto 0in\"><span style=\"font-family: Times New Roman\"><span style=\"font-size: 13.5pt;color: windowtext\">\u2022 <\/span><span style=\"font-size: 12pt;color: windowtext\">Contra la gota.<\/span><\/span><\/h1>\n<h1 style=\"margin: auto 0in\"><span style=\"font-family: Times New Roman\"><span style=\"font-size: 13.5pt;color: windowtext\">\u2022 <\/span><span style=\"font-size: 12pt;color: windowtext\">Dolores reum\u00e1ticos, mialgias, contracturas musculares (uso t\u00f3pico).<\/span><\/span><\/h1>\n<h1 style=\"margin: auto 0in\"><span style=\"font-family: Times New Roman\"><span style=\"font-size: 13.5pt;color: windowtext\">\u2022 <\/span><span style=\"font-size: 12pt;color: windowtext\">En inflamaciones osteoarticulares y contusiones sin heridas se han empleado bayas aplastadas con efecto antiinflamatorio.<\/span><\/span><\/h1>\n<h1 style=\"margin: auto 0in\"><span style=\"font-family: Times New Roman\"><span style=\"font-size: 13.5pt;color: windowtext\">\u2022 <\/span><span style=\"font-size: 12pt;color: windowtext\">Se hac\u00edan cocimientos que usaban en emplastos para aliviar las contusiones, los esguinces y las hemorroides.<\/span><\/span><\/h1>\n<h1 style=\"margin: auto 0in\"><span style=\"font-family: Times New Roman\"><span style=\"font-size: 13.5pt;color: windowtext\">\u2022 <\/span><span style=\"font-size: 12pt;color: windowtext\">Hipertensi\u00f3n arterial, edemas, sobrepeso acompa\u00f1ado de retenci\u00f3n de l\u00edquidos. <\/span><\/span><\/h1>\n<h1 style=\"margin: auto 0in\"><span style=\"font-family: Times New Roman\"><span style=\"font-size: 13.5pt;color: windowtext\">\u2022 <\/span><span style=\"font-size: 12pt;color: windowtext\">La decocci\u00f3n favorece los intercambios metab\u00f3licos y tonifica el organismo, tanto desde el punto de vista f\u00edsico como desde el mental.<\/span><\/span><\/h1>\n<h1 style=\"margin: auto 0in\"><span style=\"font-family: Times New Roman\"><span style=\"font-size: 13.5pt;color: windowtext\">\u2022 <\/span><span style=\"font-size: 12pt;color: windowtext\">Ligeramente narc\u00f3tica.<\/span><\/span><\/h1>\n<h1 style=\"margin: auto 0in\"><span style=\"font-family: Times New Roman\"><span style=\"font-size: 13.5pt;color: windowtext\">\u2022 <\/span><span style=\"font-size: 12pt;color: windowtext\">Depurativa en afecciones cut\u00e1neas, verrugas, eczemas, ulceraciones cut\u00e1neas, urticaria, psoriasis, costra l\u00e1ctea, coadyuvante en el tratamiento de dermatitis cr\u00f3nicas (uso t\u00f3pico en cataplasma de decocci\u00f3n o ba\u00f1os). Las bayas frescas no se deben aplicar sobre las mucosas ni en zonas cut\u00e1neas alteradas (heridas, \u00falceras, quemaduras, eczemas). <\/span><\/span><\/h1>\n<h1 style=\"margin: auto 0in\"><span style=\"font-family: Times New Roman\"><span style=\"font-size: 13.5pt;color: windowtext\">\u2022 <\/span><span style=\"font-size: 12pt;color: windowtext\">Los frutos de esta planta, restregados sobre las picaduras de las abejas y avispas, calman el dolor. <\/span><\/span><\/h1>\n<h1 style=\"margin: auto 0in\"><span style=\"font-family: Times New Roman\"><span style=\"font-size: 13.5pt;color: windowtext\">\u2022 <\/span><span style=\"font-size: 12pt;color: windowtext\">Actualmente se est\u00e1n estudiando sus efectos en oncolog\u00eda (tratamiento del c\u00e1ncer).<\/span><\/span><\/h1>\n<p class=\"MsoNormal\" style=\"margin: 0in 0in 0pt;text-align: center\"><span style=\"font-size: small;font-family: Times New Roman\">\u00a0<\/span><strong>Diversi\u00f3n con animalitos<\/strong><\/p>\n<p class=\"MsoNormal\" style=\"margin: 0in 0in 0pt\"><strong><\/strong><br \/>\n<object width=\"425\" height=\"344\" type=\"application\/x-shockwave-flash\" data=\"http:\/\/www.youtube.com\/v\/HJHPB_Y8GZE&amp;hl=es&amp;fs=1&amp;\"><param name=\"allowFullScreen\" value=\"true\" \/><param name=\"allowscriptaccess\" value=\"always\" \/><param name=\"src\" value=\"http:\/\/www.youtube.com\/v\/HJHPB_Y8GZE&amp;hl=es&amp;fs=1&amp;\" \/><param name=\"allowfullscreen\" value=\"true\" \/><\/object><\/p>\n<p class=\"MsoNormal\" style=\"margin: 0in 0in 0pt\">\u00a0<\/p>\n","protected":false},"excerpt":{"rendered":"<p>La naturaleza es lo mejor que existe, con los animalitos, las plantas, los r\u00edos, lagos, lagunas... nos provee de aire puro, alimentos, en fin bienestar, existen muchas plantas que son medicinales y que sanan al instante, conservemos nuestro medio ambiente, sembremos plantitas en nuestras casas, que aparte de que nos beneficien, estamos salvando al planeta. [&hellip;]<\/p>\n","protected":false},"author":1576,"featured_media":0,"parent":0,"menu_order":0,"comment_status":"open","ping_status":"open","template":"","meta":{"footnotes":""},"class_list":["post-46","page","type-page","status-publish","hentry"],"_links":{"self":[{"href":"https:\/\/blog.espol.edu.ec\/cristy\/wp-json\/wp\/v2\/pages\/46","targetHints":{"allow":["GET"]}}],"collection":[{"href":"https:\/\/blog.espol.edu.ec\/cristy\/wp-json\/wp\/v2\/pages"}],"about":[{"href":"https:\/\/blog.espol.edu.ec\/cristy\/wp-json\/wp\/v2\/types\/page"}],"author":[{"embeddable":true,"href":"https:\/\/blog.espol.edu.ec\/cristy\/wp-json\/wp\/v2\/users\/1576"}],"replies":[{"embeddable":true,"href":"https:\/\/blog.espol.edu.ec\/cristy\/wp-json\/wp\/v2\/comments?post=46"}],"version-history":[{"count":9,"href":"https:\/\/blog.espol.edu.ec\/cristy\/wp-json\/wp\/v2\/pages\/46\/revisions"}],"predecessor-version":[{"id":202,"href":"https:\/\/blog.espol.edu.ec\/cristy\/wp-json\/wp\/v2\/pages\/46\/revisions\/202"}],"wp:attachment":[{"href":"https:\/\/blog.espol.edu.ec\/cristy\/wp-json\/wp\/v2\/media?parent=46"}],"curies":[{"name":"wp","href":"https:\/\/api.w.org\/{rel}","templated":true}]}}